{"id":80,"date":"2022-07-19T21:19:33","date_gmt":"2022-07-19T21:19:33","guid":{"rendered":"https:\/\/derecho.udd.cl\/doctorado\/?page_id=80"},"modified":"2022-08-04T20:26:17","modified_gmt":"2022-08-04T20:26:17","slug":"linea-responsabilidad","status":"publish","type":"page","link":"https:\/\/derecho.udd.cl\/doctorado\/linea-responsabilidad\/","title":{"rendered":"L\u00ednea Responsabilidad"},"content":{"rendered":"\n<figure class=\"wp-block-image size-large is-resized\"><img loading=\"lazy\" decoding=\"async\" src=\"https:\/\/derecho.udd.cl\/doctorado\/files\/2022\/07\/confident-professional-adult-businesspeople-meeting-outdoors-content-business-man-and-woman-in-suit-listening-boss-and-smiling-teamwork-negotiation-and-partnership-concept-1024x683.jpg\" alt=\"\" class=\"wp-image-191\" width=\"768\" height=\"512\" srcset=\"https:\/\/derecho.udd.cl\/doctorado\/files\/2022\/07\/confident-professional-adult-businesspeople-meeting-outdoors-content-business-man-and-woman-in-suit-listening-boss-and-smiling-teamwork-negotiation-and-partnership-concept-1024x683.jpg 1024w, https:\/\/derecho.udd.cl\/doctorado\/files\/2022\/07\/confident-professional-adult-businesspeople-meeting-outdoors-content-business-man-and-woman-in-suit-listening-boss-and-smiling-teamwork-negotiation-and-partnership-concept-300x200.jpg 300w, https:\/\/derecho.udd.cl\/doctorado\/files\/2022\/07\/confident-professional-adult-businesspeople-meeting-outdoors-content-business-man-and-woman-in-suit-listening-boss-and-smiling-teamwork-negotiation-and-partnership-concept-768x512.jpg 768w, https:\/\/derecho.udd.cl\/doctorado\/files\/2022\/07\/confident-professional-adult-businesspeople-meeting-outdoors-content-business-man-and-woman-in-suit-listening-boss-and-smiling-teamwork-negotiation-and-partnership-concept-1536x1024.jpg 1536w, https:\/\/derecho.udd.cl\/doctorado\/files\/2022\/07\/confident-professional-adult-businesspeople-meeting-outdoors-content-business-man-and-woman-in-suit-listening-boss-and-smiling-teamwork-negotiation-and-partnership-concept-2048x1366.jpg 2048w\" sizes=\"auto, (max-width: 768px) 100vw, 768px\" \/><\/figure>\n\n\n\n<p>Esta l\u00ednea estudia la responsabilidad en cuanto instituci\u00f3n jur\u00eddica trascendental que convoca a m\u00faltiples ramas del Derecho (responsabilidad civil, penal, ambiental, administrativa, pol\u00edtica, internacional, etc.). Algunas de sus diversas manifestaciones son los da\u00f1os derivados de nuevas tecnolog\u00edas, la vulneraci\u00f3n de los derechos del consumidor o del paciente y las sanciones administrativas.<\/p>\n","protected":false},"excerpt":{"rendered":"<p>Esta l\u00ednea estudia la responsabilidad en cuanto instituci\u00f3n jur\u00eddica trascendental que convoca a m\u00faltiples ramas del Derecho (responsabilidad civil, penal, ambiental, administrativa, pol\u00edtica, internacional, etc.). Algunas de sus diversas manifestaciones son los da\u00f1os derivados de nuevas tecnolog\u00edas, la vulneraci\u00f3n de los derechos del consumidor o del paciente y las sanciones administrativas.<\/p>\n","protected":false},"author":70,"featured_media":0,"parent":0,"menu_order":0,"comment_status":"closed","ping_status":"closed","template":"","meta":{"footnotes":""},"class_list":["post-80","page","type-page","status-publish","hentry"],"yoast_head":"<!-- This site is optimized with the Yoast SEO plugin v26.9 - https:\/\/yoast.com\/product\/yoast-seo-wordpress\/ -->\n<title>L\u00ednea Responsabilidad - DOCTORADO EN DERECHO<\/title>\n<meta name=\"robots\" content=\"index, follow, max-snippet:-1, max-image-preview:large, max-video-preview:-1\" \/>\n<link rel=\"canonical\" href=\"https:\/\/derecho.udd.cl\/doctorado\/linea-responsabilidad\/\" \/>\n<meta property=\"og:locale\" content=\"es_ES\" \/>\n<meta property=\"og:type\" content=\"article\" \/>\n<meta property=\"og:title\" content=\"L\u00ednea Responsabilidad - DOCTORADO EN DERECHO\" \/>\n<meta property=\"og:description\" content=\"Esta l\u00ednea estudia la responsabilidad en cuanto instituci\u00f3n jur\u00eddica trascendental que convoca a m\u00faltiples ramas del Derecho (responsabilidad civil, penal, ambiental, administrativa, pol\u00edtica, internacional, etc.). Algunas de sus diversas manifestaciones son los da\u00f1os derivados de nuevas tecnolog\u00edas, la vulneraci\u00f3n de los derechos del consumidor o del paciente y las sanciones administrativas.\" \/>\n<meta property=\"og:url\" content=\"https:\/\/derecho.udd.cl\/doctorado\/linea-responsabilidad\/\" \/>\n<meta property=\"og:site_name\" content=\"DOCTORADO EN DERECHO\" \/>\n<meta property=\"article:modified_time\" content=\"2022-08-04T20:26:17+00:00\" \/>\n<meta property=\"og:image\" content=\"https:\/\/derecho.udd.cl\/doctorado\/files\/2022\/07\/confident-professional-adult-businesspeople-meeting-outdoors-content-business-man-and-woman-in-suit-listening-boss-and-smiling-teamwork-negotiation-and-partnership-concept-1024x683.jpg\" \/>\n<meta name=\"twitter:card\" content=\"summary_large_image\" \/>\n<script type=\"application\/ld+json\" class=\"yoast-schema-graph\">{\"@context\":\"https:\/\/schema.org\",\"@graph\":[{\"@type\":\"WebPage\",\"@id\":\"https:\/\/derecho.udd.cl\/doctorado\/linea-responsabilidad\/\",\"url\":\"https:\/\/derecho.udd.cl\/doctorado\/linea-responsabilidad\/\",\"name\":\"L\u00ednea Responsabilidad - DOCTORADO EN DERECHO\",\"isPartOf\":{\"@id\":\"https:\/\/derecho.udd.cl\/doctorado\/#website\"},\"primaryImageOfPage\":{\"@id\":\"https:\/\/derecho.udd.cl\/doctorado\/linea-responsabilidad\/#primaryimage\"},\"image\":{\"@id\":\"https:\/\/derecho.udd.cl\/doctorado\/linea-responsabilidad\/#primaryimage\"},\"thumbnailUrl\":\"https:\/\/derecho.udd.cl\/doctorado\/files\/2022\/07\/confident-professional-adult-businesspeople-meeting-outdoors-content-business-man-and-woman-in-suit-listening-boss-and-smiling-teamwork-negotiation-and-partnership-concept-1024x683.jpg\",\"datePublished\":\"2022-07-19T21:19:33+00:00\",\"dateModified\":\"2022-08-04T20:26:17+00:00\",\"breadcrumb\":{\"@id\":\"https:\/\/derecho.udd.cl\/doctorado\/linea-responsabilidad\/#breadcrumb\"},\"inLanguage\":\"es\",\"potentialAction\":[{\"@type\":\"ReadAction\",\"target\":[\"https:\/\/derecho.udd.cl\/doctorado\/linea-responsabilidad\/\"]}]},{\"@type\":\"ImageObject\",\"inLanguage\":\"es\",\"@id\":\"https:\/\/derecho.udd.cl\/doctorado\/linea-responsabilidad\/#primaryimage\",\"url\":\"https:\/\/derecho.udd.cl\/doctorado\/files\/2022\/07\/confident-professional-adult-businesspeople-meeting-outdoors-content-business-man-and-woman-in-suit-listening-boss-and-smiling-teamwork-negotiation-and-partnership-concept-1024x683.jpg\",\"contentUrl\":\"https:\/\/derecho.udd.cl\/doctorado\/files\/2022\/07\/confident-professional-adult-businesspeople-meeting-outdoors-content-business-man-and-woman-in-suit-listening-boss-and-smiling-teamwork-negotiation-and-partnership-concept-1024x683.jpg\"},{\"@type\":\"BreadcrumbList\",\"@id\":\"https:\/\/derecho.udd.cl\/doctorado\/linea-responsabilidad\/#breadcrumb\",\"itemListElement\":[{\"@type\":\"ListItem\",\"position\":1,\"name\":\"Portada\",\"item\":\"https:\/\/derecho.udd.cl\/doctorado\/\"},{\"@type\":\"ListItem\",\"position\":2,\"name\":\"L\u00ednea Responsabilidad\"}]},{\"@type\":\"WebSite\",\"@id\":\"https:\/\/derecho.udd.cl\/doctorado\/#website\",\"url\":\"https:\/\/derecho.udd.cl\/doctorado\/\",\"name\":\"DOCTORADO EN DERECHO\",\"description\":\"Facultad de Derecho UDD\",\"inLanguage\":\"es\"}]}<\/script>\n<!-- \/ Yoast SEO plugin. -->","yoast_head_json":{"title":"L\u00ednea Responsabilidad - DOCTORADO EN DERECHO","robots":{"index":"index","follow":"follow","max-snippet":"max-snippet:-1","max-image-preview":"max-image-preview:large","max-video-preview":"max-video-preview:-1"},"canonical":"https:\/\/derecho.udd.cl\/doctorado\/linea-responsabilidad\/","og_locale":"es_ES","og_type":"article","og_title":"L\u00ednea Responsabilidad - DOCTORADO EN DERECHO","og_description":"Esta l\u00ednea estudia la responsabilidad en cuanto instituci\u00f3n jur\u00eddica trascendental que convoca a m\u00faltiples ramas del Derecho (responsabilidad civil, penal, ambiental, administrativa, pol\u00edtica, internacional, etc.). Algunas de sus diversas manifestaciones son los da\u00f1os derivados de nuevas tecnolog\u00edas, la vulneraci\u00f3n de los derechos del consumidor o del paciente y las sanciones administrativas.","og_url":"https:\/\/derecho.udd.cl\/doctorado\/linea-responsabilidad\/","og_site_name":"DOCTORADO EN DERECHO","article_modified_time":"2022-08-04T20:26:17+00:00","og_image":[{"url":"https:\/\/derecho.udd.cl\/doctorado\/files\/2022\/07\/confident-professional-adult-businesspeople-meeting-outdoors-content-business-man-and-woman-in-suit-listening-boss-and-smiling-teamwork-negotiation-and-partnership-concept-1024x683.jpg","type":"","width":"","height":""}],"twitter_card":"summary_large_image","schema":{"@context":"https:\/\/schema.org","@graph":[{"@type":"WebPage","@id":"https:\/\/derecho.udd.cl\/doctorado\/linea-responsabilidad\/","url":"https:\/\/derecho.udd.cl\/doctorado\/linea-responsabilidad\/","name":"L\u00ednea Responsabilidad - DOCTORADO EN DERECHO","isPartOf":{"@id":"https:\/\/derecho.udd.cl\/doctorado\/#website"},"primaryImageOfPage":{"@id":"https:\/\/derecho.udd.cl\/doctorado\/linea-responsabilidad\/#primaryimage"},"image":{"@id":"https:\/\/derecho.udd.cl\/doctorado\/linea-responsabilidad\/#primaryimage"},"thumbnailUrl":"https:\/\/derecho.udd.cl\/doctorado\/files\/2022\/07\/confident-professional-adult-businesspeople-meeting-outdoors-content-business-man-and-woman-in-suit-listening-boss-and-smiling-teamwork-negotiation-and-partnership-concept-1024x683.jpg","datePublished":"2022-07-19T21:19:33+00:00","dateModified":"2022-08-04T20:26:17+00:00","breadcrumb":{"@id":"https:\/\/derecho.udd.cl\/doctorado\/linea-responsabilidad\/#breadcrumb"},"inLanguage":"es","potentialAction":[{"@type":"ReadAction","target":["https:\/\/derecho.udd.cl\/doctorado\/linea-responsabilidad\/"]}]},{"@type":"ImageObject","inLanguage":"es","@id":"https:\/\/derecho.udd.cl\/doctorado\/linea-responsabilidad\/#primaryimage","url":"https:\/\/derecho.udd.cl\/doctorado\/files\/2022\/07\/confident-professional-adult-businesspeople-meeting-outdoors-content-business-man-and-woman-in-suit-listening-boss-and-smiling-teamwork-negotiation-and-partnership-concept-1024x683.jpg","contentUrl":"https:\/\/derecho.udd.cl\/doctorado\/files\/2022\/07\/confident-professional-adult-businesspeople-meeting-outdoors-content-business-man-and-woman-in-suit-listening-boss-and-smiling-teamwork-negotiation-and-partnership-concept-1024x683.jpg"},{"@type":"BreadcrumbList","@id":"https:\/\/derecho.udd.cl\/doctorado\/linea-responsabilidad\/#breadcrumb","itemListElement":[{"@type":"ListItem","position":1,"name":"Portada","item":"https:\/\/derecho.udd.cl\/doctorado\/"},{"@type":"ListItem","position":2,"name":"L\u00ednea Responsabilidad"}]},{"@type":"WebSite","@id":"https:\/\/derecho.udd.cl\/doctorado\/#website","url":"https:\/\/derecho.udd.cl\/doctorado\/","name":"DOCTORADO EN DERECHO","description":"Facultad de Derecho UDD","inLanguage":"es"}]}},"_links":{"self":[{"href":"https:\/\/derecho.udd.cl\/doctorado\/wp-json\/wp\/v2\/pages\/80","targetHints":{"allow":["GET"]}}],"collection":[{"href":"https:\/\/derecho.udd.cl\/doctorado\/wp-json\/wp\/v2\/pages"}],"about":[{"href":"https:\/\/derecho.udd.cl\/doctorado\/wp-json\/wp\/v2\/types\/page"}],"author":[{"embeddable":true,"href":"https:\/\/derecho.udd.cl\/doctorado\/wp-json\/wp\/v2\/users\/70"}],"replies":[{"embeddable":true,"href":"https:\/\/derecho.udd.cl\/doctorado\/wp-json\/wp\/v2\/comments?post=80"}],"version-history":[{"count":5,"href":"https:\/\/derecho.udd.cl\/doctorado\/wp-json\/wp\/v2\/pages\/80\/revisions"}],"predecessor-version":[{"id":396,"href":"https:\/\/derecho.udd.cl\/doctorado\/wp-json\/wp\/v2\/pages\/80\/revisions\/396"}],"wp:attachment":[{"href":"https:\/\/derecho.udd.cl\/doctorado\/wp-json\/wp\/v2\/media?parent=80"}],"curies":[{"name":"wp","href":"https:\/\/api.w.org\/{rel}","templated":true}]}}