{"id":77,"date":"2022-07-19T21:17:15","date_gmt":"2022-07-19T21:17:15","guid":{"rendered":"https:\/\/derecho.udd.cl\/doctorado\/?page_id=77"},"modified":"2022-08-04T20:50:31","modified_gmt":"2022-08-04T20:50:31","slug":"linea-derecho-de-la-empresa-y-regulatorio","status":"publish","type":"page","link":"https:\/\/derecho.udd.cl\/doctorado\/linea-derecho-de-la-empresa-y-regulatorio\/","title":{"rendered":"L\u00ednea Derecho de la Empresa y Regulatorio"},"content":{"rendered":"\n<figure class=\"wp-block-image size-large is-resized\"><img loading=\"lazy\" decoding=\"async\" src=\"https:\/\/derecho.udd.cl\/doctorado\/files\/2022\/08\/business-people-sitting-at-office-desk-working-on-project-1-1024x683.jpg\" alt=\"\" class=\"wp-image-401\" width=\"768\" height=\"512\" srcset=\"https:\/\/derecho.udd.cl\/doctorado\/files\/2022\/08\/business-people-sitting-at-office-desk-working-on-project-1-1024x683.jpg 1024w, https:\/\/derecho.udd.cl\/doctorado\/files\/2022\/08\/business-people-sitting-at-office-desk-working-on-project-1-300x200.jpg 300w, https:\/\/derecho.udd.cl\/doctorado\/files\/2022\/08\/business-people-sitting-at-office-desk-working-on-project-1-768x513.jpg 768w, https:\/\/derecho.udd.cl\/doctorado\/files\/2022\/08\/business-people-sitting-at-office-desk-working-on-project-1-1536x1025.jpg 1536w, https:\/\/derecho.udd.cl\/doctorado\/files\/2022\/08\/business-people-sitting-at-office-desk-working-on-project-1-2048x1367.jpg 2048w\" sizes=\"auto, (max-width: 768px) 100vw, 768px\" \/><\/figure>\n\n\n\n<p>Esta l\u00ednea se aproxima a la empresa y la regulaci\u00f3n de forma hol\u00edstica, reconociendo que en ellas se entrelazan un conjunto de disciplinas. Entre ellas destacan el Derecho Comercial, el Derecho Ambiental y de Recursos Naturales, el Derecho Tributario, el Derecho a la Libre Competencia, el Derecho Penal Econ\u00f3mico, el Derecho Regulatorio, Derecho Laboral, entre otros. Estas materias son tambi\u00e9n abordadas por el Centro de Derecho Regulatorio y Empresa, que pretenden contribuir en la reflexi\u00f3n de una cultura jur\u00eddica que vincule la actividad empresarial y su rol social, desarrollando investigaci\u00f3n jur\u00eddica de inter\u00e9s cient\u00edfico, con consecuencias en la comunidad. <\/p>\n","protected":false},"excerpt":{"rendered":"<p>Esta l\u00ednea se aproxima a la empresa y la regulaci\u00f3n de forma hol\u00edstica, reconociendo que en ellas se entrelazan un conjunto de disciplinas. Entre ellas destacan el Derecho Comercial, el Derecho Ambiental y de Recursos Naturales, el Derecho Tributario, el Derecho a la Libre Competencia, el Derecho Penal Econ\u00f3mico, el Derecho Regulatorio, Derecho Laboral, entre [&hellip;]<\/p>\n","protected":false},"author":70,"featured_media":0,"parent":0,"menu_order":0,"comment_status":"closed","ping_status":"closed","template":"","meta":{"footnotes":""},"class_list":["post-77","page","type-page","status-publish","hentry"],"yoast_head":"<!-- This site is optimized with the Yoast SEO plugin v26.9 - https:\/\/yoast.com\/product\/yoast-seo-wordpress\/ -->\n<title>L\u00ednea Derecho de la Empresa y Regulatorio - DOCTORADO EN DERECHO<\/title>\n<meta name=\"robots\" content=\"index, follow, max-snippet:-1, max-image-preview:large, max-video-preview:-1\" \/>\n<link rel=\"canonical\" href=\"https:\/\/derecho.udd.cl\/doctorado\/linea-derecho-de-la-empresa-y-regulatorio\/\" \/>\n<meta property=\"og:locale\" content=\"es_ES\" \/>\n<meta property=\"og:type\" content=\"article\" \/>\n<meta property=\"og:title\" content=\"L\u00ednea Derecho de la Empresa y Regulatorio - DOCTORADO EN DERECHO\" \/>\n<meta property=\"og:description\" content=\"Esta l\u00ednea se aproxima a la empresa y la regulaci\u00f3n de forma hol\u00edstica, reconociendo que en ellas se entrelazan un conjunto de disciplinas. Entre ellas destacan el Derecho Comercial, el Derecho Ambiental y de Recursos Naturales, el Derecho Tributario, el Derecho a la Libre Competencia, el Derecho Penal Econ\u00f3mico, el Derecho Regulatorio, Derecho Laboral, entre [&hellip;]\" \/>\n<meta property=\"og:url\" content=\"https:\/\/derecho.udd.cl\/doctorado\/linea-derecho-de-la-empresa-y-regulatorio\/\" \/>\n<meta property=\"og:site_name\" content=\"DOCTORADO EN DERECHO\" \/>\n<meta property=\"article:modified_time\" content=\"2022-08-04T20:50:31+00:00\" \/>\n<meta property=\"og:image\" content=\"https:\/\/derecho.udd.cl\/doctorado\/files\/2022\/08\/business-people-sitting-at-office-desk-working-on-project-1-1024x683.jpg\" \/>\n<meta name=\"twitter:card\" content=\"summary_large_image\" \/>\n<meta name=\"twitter:label1\" content=\"Tiempo de lectura\" \/>\n\t<meta name=\"twitter:data1\" content=\"1 minuto\" \/>\n<script type=\"application\/ld+json\" class=\"yoast-schema-graph\">{\"@context\":\"https:\/\/schema.org\",\"@graph\":[{\"@type\":\"WebPage\",\"@id\":\"https:\/\/derecho.udd.cl\/doctorado\/linea-derecho-de-la-empresa-y-regulatorio\/\",\"url\":\"https:\/\/derecho.udd.cl\/doctorado\/linea-derecho-de-la-empresa-y-regulatorio\/\",\"name\":\"L\u00ednea Derecho de la Empresa y Regulatorio - DOCTORADO EN DERECHO\",\"isPartOf\":{\"@id\":\"https:\/\/derecho.udd.cl\/doctorado\/#website\"},\"primaryImageOfPage\":{\"@id\":\"https:\/\/derecho.udd.cl\/doctorado\/linea-derecho-de-la-empresa-y-regulatorio\/#primaryimage\"},\"image\":{\"@id\":\"https:\/\/derecho.udd.cl\/doctorado\/linea-derecho-de-la-empresa-y-regulatorio\/#primaryimage\"},\"thumbnailUrl\":\"https:\/\/derecho.udd.cl\/doctorado\/files\/2022\/08\/business-people-sitting-at-office-desk-working-on-project-1-1024x683.jpg\",\"datePublished\":\"2022-07-19T21:17:15+00:00\",\"dateModified\":\"2022-08-04T20:50:31+00:00\",\"breadcrumb\":{\"@id\":\"https:\/\/derecho.udd.cl\/doctorado\/linea-derecho-de-la-empresa-y-regulatorio\/#breadcrumb\"},\"inLanguage\":\"es\",\"potentialAction\":[{\"@type\":\"ReadAction\",\"target\":[\"https:\/\/derecho.udd.cl\/doctorado\/linea-derecho-de-la-empresa-y-regulatorio\/\"]}]},{\"@type\":\"ImageObject\",\"inLanguage\":\"es\",\"@id\":\"https:\/\/derecho.udd.cl\/doctorado\/linea-derecho-de-la-empresa-y-regulatorio\/#primaryimage\",\"url\":\"https:\/\/derecho.udd.cl\/doctorado\/files\/2022\/08\/business-people-sitting-at-office-desk-working-on-project-1-1024x683.jpg\",\"contentUrl\":\"https:\/\/derecho.udd.cl\/doctorado\/files\/2022\/08\/business-people-sitting-at-office-desk-working-on-project-1-1024x683.jpg\"},{\"@type\":\"BreadcrumbList\",\"@id\":\"https:\/\/derecho.udd.cl\/doctorado\/linea-derecho-de-la-empresa-y-regulatorio\/#breadcrumb\",\"itemListElement\":[{\"@type\":\"ListItem\",\"position\":1,\"name\":\"Portada\",\"item\":\"https:\/\/derecho.udd.cl\/doctorado\/\"},{\"@type\":\"ListItem\",\"position\":2,\"name\":\"L\u00ednea Derecho de la Empresa y Regulatorio\"}]},{\"@type\":\"WebSite\",\"@id\":\"https:\/\/derecho.udd.cl\/doctorado\/#website\",\"url\":\"https:\/\/derecho.udd.cl\/doctorado\/\",\"name\":\"DOCTORADO EN DERECHO\",\"description\":\"Facultad de Derecho UDD\",\"inLanguage\":\"es\"}]}<\/script>\n<!-- \/ Yoast SEO plugin. -->","yoast_head_json":{"title":"L\u00ednea Derecho de la Empresa y Regulatorio - DOCTORADO EN DERECHO","robots":{"index":"index","follow":"follow","max-snippet":"max-snippet:-1","max-image-preview":"max-image-preview:large","max-video-preview":"max-video-preview:-1"},"canonical":"https:\/\/derecho.udd.cl\/doctorado\/linea-derecho-de-la-empresa-y-regulatorio\/","og_locale":"es_ES","og_type":"article","og_title":"L\u00ednea Derecho de la Empresa y Regulatorio - DOCTORADO EN DERECHO","og_description":"Esta l\u00ednea se aproxima a la empresa y la regulaci\u00f3n de forma hol\u00edstica, reconociendo que en ellas se entrelazan un conjunto de disciplinas. Entre ellas destacan el Derecho Comercial, el Derecho Ambiental y de Recursos Naturales, el Derecho Tributario, el Derecho a la Libre Competencia, el Derecho Penal Econ\u00f3mico, el Derecho Regulatorio, Derecho Laboral, entre [&hellip;]","og_url":"https:\/\/derecho.udd.cl\/doctorado\/linea-derecho-de-la-empresa-y-regulatorio\/","og_site_name":"DOCTORADO EN DERECHO","article_modified_time":"2022-08-04T20:50:31+00:00","og_image":[{"url":"https:\/\/derecho.udd.cl\/doctorado\/files\/2022\/08\/business-people-sitting-at-office-desk-working-on-project-1-1024x683.jpg","type":"","width":"","height":""}],"twitter_card":"summary_large_image","twitter_misc":{"Tiempo de lectura":"1 minuto"},"schema":{"@context":"https:\/\/schema.org","@graph":[{"@type":"WebPage","@id":"https:\/\/derecho.udd.cl\/doctorado\/linea-derecho-de-la-empresa-y-regulatorio\/","url":"https:\/\/derecho.udd.cl\/doctorado\/linea-derecho-de-la-empresa-y-regulatorio\/","name":"L\u00ednea Derecho de la Empresa y Regulatorio - DOCTORADO EN DERECHO","isPartOf":{"@id":"https:\/\/derecho.udd.cl\/doctorado\/#website"},"primaryImageOfPage":{"@id":"https:\/\/derecho.udd.cl\/doctorado\/linea-derecho-de-la-empresa-y-regulatorio\/#primaryimage"},"image":{"@id":"https:\/\/derecho.udd.cl\/doctorado\/linea-derecho-de-la-empresa-y-regulatorio\/#primaryimage"},"thumbnailUrl":"https:\/\/derecho.udd.cl\/doctorado\/files\/2022\/08\/business-people-sitting-at-office-desk-working-on-project-1-1024x683.jpg","datePublished":"2022-07-19T21:17:15+00:00","dateModified":"2022-08-04T20:50:31+00:00","breadcrumb":{"@id":"https:\/\/derecho.udd.cl\/doctorado\/linea-derecho-de-la-empresa-y-regulatorio\/#breadcrumb"},"inLanguage":"es","potentialAction":[{"@type":"ReadAction","target":["https:\/\/derecho.udd.cl\/doctorado\/linea-derecho-de-la-empresa-y-regulatorio\/"]}]},{"@type":"ImageObject","inLanguage":"es","@id":"https:\/\/derecho.udd.cl\/doctorado\/linea-derecho-de-la-empresa-y-regulatorio\/#primaryimage","url":"https:\/\/derecho.udd.cl\/doctorado\/files\/2022\/08\/business-people-sitting-at-office-desk-working-on-project-1-1024x683.jpg","contentUrl":"https:\/\/derecho.udd.cl\/doctorado\/files\/2022\/08\/business-people-sitting-at-office-desk-working-on-project-1-1024x683.jpg"},{"@type":"BreadcrumbList","@id":"https:\/\/derecho.udd.cl\/doctorado\/linea-derecho-de-la-empresa-y-regulatorio\/#breadcrumb","itemListElement":[{"@type":"ListItem","position":1,"name":"Portada","item":"https:\/\/derecho.udd.cl\/doctorado\/"},{"@type":"ListItem","position":2,"name":"L\u00ednea Derecho de la Empresa y Regulatorio"}]},{"@type":"WebSite","@id":"https:\/\/derecho.udd.cl\/doctorado\/#website","url":"https:\/\/derecho.udd.cl\/doctorado\/","name":"DOCTORADO EN DERECHO","description":"Facultad de Derecho UDD","inLanguage":"es"}]}},"_links":{"self":[{"href":"https:\/\/derecho.udd.cl\/doctorado\/wp-json\/wp\/v2\/pages\/77","targetHints":{"allow":["GET"]}}],"collection":[{"href":"https:\/\/derecho.udd.cl\/doctorado\/wp-json\/wp\/v2\/pages"}],"about":[{"href":"https:\/\/derecho.udd.cl\/doctorado\/wp-json\/wp\/v2\/types\/page"}],"author":[{"embeddable":true,"href":"https:\/\/derecho.udd.cl\/doctorado\/wp-json\/wp\/v2\/users\/70"}],"replies":[{"embeddable":true,"href":"https:\/\/derecho.udd.cl\/doctorado\/wp-json\/wp\/v2\/comments?post=77"}],"version-history":[{"count":3,"href":"https:\/\/derecho.udd.cl\/doctorado\/wp-json\/wp\/v2\/pages\/77\/revisions"}],"predecessor-version":[{"id":402,"href":"https:\/\/derecho.udd.cl\/doctorado\/wp-json\/wp\/v2\/pages\/77\/revisions\/402"}],"wp:attachment":[{"href":"https:\/\/derecho.udd.cl\/doctorado\/wp-json\/wp\/v2\/media?parent=77"}],"curies":[{"name":"wp","href":"https:\/\/api.w.org\/{rel}","templated":true}]}}