{"id":163,"date":"2022-07-21T20:15:12","date_gmt":"2022-07-21T20:15:12","guid":{"rendered":"https:\/\/derecho.udd.cl\/doctorado\/?page_id=163"},"modified":"2026-04-17T11:41:21","modified_gmt":"2026-04-17T15:41:21","slug":"perfil-de-egreso","status":"publish","type":"page","link":"https:\/\/derecho.udd.cl\/doctorado\/perfil-de-egreso\/","title":{"rendered":"PERFIL DE EGRESO"},"content":{"rendered":"<section\n\tclass=\"wp-block-udd-text-row block--bg-gray\"\n\t\t>\n\t<div class=\"text-row\">\n\t\t<div class=\"text-row__content\">\n\t\t\t<div class=\"text-row__content-inner text\">\n\t\t\t\t\t\t\t\t\n<p>El Doctor en Derecho de la Universidad del Desarrollo est\u00e1 habilitado para elaborar y desarrollar proyectos de investigaci\u00f3n cient\u00edfica de forma aut\u00f3noma, que se orienten a la producci\u00f3n de conocimiento original, bas\u00e1ndose en est\u00e1ndares \u00e9ticos y con \u00e9nfasis en la soluci\u00f3n de problemas de transcendencia cient\u00edfica, nacional o internacional. Comunica resultados y participa en discusiones cient\u00edficas y acad\u00e9micas en diversos contextos.<\/p>\n\t\t\t<\/div>\n\t\t<\/div>\n\t\t<div class=\"text-row__media\">\n\t\t\t<img loading=\"lazy\" decoding=\"async\" width=\"952\" height=\"534\" src=\"https:\/\/derecho.udd.cl\/doctorado\/files\/2022\/08\/biblio3-conce-1-680x382.png\" class=\"text-row__media-image lazyload\" alt=\"\" sizes=\"auto, (max-width: 952px) 100vw, 952px\" data-src=\"https:\/\/derecho.udd.cl\/doctorado\/files\/2022\/08\/biblio3-conce-1-952x534.png\" data-srcset=\"https:\/\/derecho.udd.cl\/doctorado\/files\/2022\/08\/biblio3-conce-1-952x534.png 952w, https:\/\/derecho.udd.cl\/doctorado\/files\/2022\/08\/biblio3-conce-1-1366x768.png 1366w, https:\/\/derecho.udd.cl\/doctorado\/files\/2022\/08\/biblio3-conce-1-680x382.png 680w\" \/>\t\t<\/div>\n\t<\/div>\n<\/section>\n\n\n\n<h3 class=\"wp-block-heading\">Las competencias espec\u00edficas son:<\/h3>\n\n\n<!-- WP Block: UDD - Cards Alternate -->\n<section class=\"wp-block-udd-access-cards\">\n\t<div class=\"container\">\n\t\t\t\t<div class=\"block__content\">\n\t\t\t<div class=\"access-cards\">\n\t\t\t\t\t\t\t<div class=\"access-card-wrapper\">\n\t\t\t\t\t\t\t\t\t\t<div class=\"access-card\">\n\t\t\t\t\t\t<h3 class=\"access-card__title\">Investigaci\u00f3n<\/h3>\n\t\t\t\t\t\t<p class=\"access-card__description\">\n\t\t\t\t\t\t\tEs competente en el an\u00e1lisis de problem\u00e1ticas en el campo del Derecho, sea inserto en un entorno nacional como internacional. Plantea nuevas hip\u00f3tesis de investigaci\u00f3n, dise\u00f1ando y construyendo investigaciones a partir de la recolecci\u00f3n datos y fuentes, de la articulaci\u00f3n con otras investigaciones en el \u00e1rea y el manejo riguroso de los distintos m\u00e9todos y t\u00e9cnicas de la investigaci\u00f3n jur\u00eddica.\t\t\t\t\t\t<\/p>\n\t\t\t\t\t\t\t\t\t\t\t\t\t\t\t\t<\/div>\n\t\t\t\t<\/div>\n\t\t\t\t\t\t\t<div class=\"access-card-wrapper\">\n\t\t\t\t\t\t\t\t\t\t<div class=\"access-card\">\n\t\t\t\t\t\t<h3 class=\"access-card__title\">Comunicaci\u00f3n acad\u00e9mica y cient\u00edfica<\/h3>\n\t\t\t\t\t\t<p class=\"access-card__description\">\n\t\t\t\t\t\t\tEs competente en la divulgaci\u00f3n del conocimiento cient\u00edfico en publicaciones referenciadas a nivel nacional y\/o internacional. Comunica de manera efectiva y para diversas audiencias o destinatarios, los resultados y alcances de las investigaciones realizadas, as\u00ed como el dominio disciplinar del \u00e1rea del Derecho en que ha investigado.\u00a0<br><br>\u00a0\t\t\t\t\t\t<\/p>\n\t\t\t\t\t\t\t\t\t\t\t\t\t\t\t\t<\/div>\n\t\t\t\t<\/div>\n\t\t\t\t\t\t\t<div class=\"access-card-wrapper\">\n\t\t\t\t\t\t\t\t\t\t<div class=\"access-card\">\n\t\t\t\t\t\t<h3 class=\"access-card__title\">B\u00fasqueda en la soluci\u00f3n de problemas<\/h3>\n\t\t\t\t\t\t<p class=\"access-card__description\">\n\t\t\t\t\t\t\tEs competente en la elaboraci\u00f3n de proyectos de investigaci\u00f3n en el \u00e1mbito del Derecho que entreguen soluciones originales a problemas jur\u00eddicos, que impacten a la sociedad y adquieran, por tanto, trascendencia cient\u00edfica a nivel nacional o internacional.\u00a0<br><br>\u00a0\t\t\t\t\t\t<\/p>\n\t\t\t\t\t\t\t\t\t\t\t\t\t\t\t\t<\/div>\n\t\t\t\t<\/div>\n\t\t\t\t\t\t\t<div class=\"access-card-wrapper\">\n\t\t\t\t\t\t\t\t\t\t<div class=\"access-card\">\n\t\t\t\t\t\t<h3 class=\"access-card__title\">Integraci\u00f3n y s\u00edntesis de conocimiento<\/h3>\n\t\t\t\t\t\t<p class=\"access-card__description\">\n\t\t\t\t\t\t\tEs competente en la integraci\u00f3n de conocimientos disciplinares y cient\u00edficos, utiliz\u00e1ndolos para formular juicios v\u00e1lidos y pertinentes, incluso con informaci\u00f3n limitada. Est\u00e1 capacitado para tomar decisiones a partir de un an\u00e1lisis cr\u00edtico de evaluaci\u00f3n y s\u00edntesis de ideas nuevas y complejas.<br><br>\t\t\t\t\t\t<\/p>\n\t\t\t\t\t\t\t\t\t\t\t\t\t\t\t\t<\/div>\n\t\t\t\t<\/div>\n\t\t\t\t\t\t<\/div>\n\t\t<\/div>\n\t<\/div>\n<\/section>\n\n\n\n<h3 class=\"wp-block-heading\"><\/h3>\n\n\n<section\n\tclass=\"wp-block-udd-text-row\"\n\t\t>\n\t<div class=\"text-row\">\n\t\t<div class=\"text-row__content\">\n\t\t\t<div class=\"text-row__content-inner text\">\n\t\t\t\t\t\t\t\t<h2>EXPECTATIVAS OCUPACIONALES<\/h2>\n\t\t\t\t\t\t\t\t\n<p>El campo ocupacional de un Doctor en Derecho de la Universidad del Desarrollo es:<\/p>\n\n<p>1. La investigaci\u00f3n jur\u00eddica en una universidad chilena o extranjera, en calidad de profesor investigador.<\/p>\n\n<p>2. La docencia universitaria a tiempo completo o part time.<\/p>\n\n<p>3. La investigaci\u00f3n jur\u00eddica en instituciones p\u00fablicas o privadas no universitarias o que colaboren en la elaboraci\u00f3n de las pol\u00edticas p\u00fablicas de un Estado.<\/p>\n\n<p>4. El desempe\u00f1o profesional en estudio jur\u00eddico que exija un alto est\u00e1ndar de investigaci\u00f3n jur\u00eddica cient\u00edfica.<br><\/p>\n\t\t\t<\/div>\n\t\t<\/div>\n\t\t<div class=\"text-row__media\">\n\t\t\t<img loading=\"lazy\" decoding=\"async\" width=\"952\" height=\"534\" src=\"https:\/\/derecho.udd.cl\/doctorado\/files\/2022\/07\/talking-to-audience-680x382.jpg\" class=\"text-row__media-image lazyload\" alt=\"\" sizes=\"auto, (max-width: 952px) 100vw, 952px\" data-src=\"https:\/\/derecho.udd.cl\/doctorado\/files\/2022\/07\/talking-to-audience-952x534.jpg\" data-srcset=\"https:\/\/derecho.udd.cl\/doctorado\/files\/2022\/07\/talking-to-audience-952x534.jpg 952w, https:\/\/derecho.udd.cl\/doctorado\/files\/2022\/07\/talking-to-audience-1366x768.jpg 1366w, https:\/\/derecho.udd.cl\/doctorado\/files\/2022\/07\/talking-to-audience-680x382.jpg 680w\" \/>\t\t<\/div>\n\t<\/div>\n<\/section>\n\n\n<!-- WP Block: UDD - Banner -->\n<section class=\"wp-block-udd-banner is-style-compact \">\n\t<div class=\"container\">\n\t<div class=\"banner banner--fullwidth\">\n\t\t\t\t\t<img loading=\"lazy\" decoding=\"async\" width=\"1920\" height=\"1080\" src=\"https:\/\/derecho.udd.cl\/doctorado\/files\/2022\/07\/cropped-cropped-businessman-working-analysis-business-information-scaled-2-300x169.jpeg\" class=\"banner__image lazyload\" alt=\"\" sizes=\"auto, (max-width: 1920px) 100vw, 1920px\" data-src=\"https:\/\/derecho.udd.cl\/doctorado\/files\/2022\/07\/cropped-cropped-businessman-working-analysis-business-information-scaled-2.jpeg\" data-srcset=\"https:\/\/derecho.udd.cl\/doctorado\/files\/2022\/07\/cropped-cropped-businessman-working-analysis-business-information-scaled-2.jpeg 1920w, https:\/\/derecho.udd.cl\/doctorado\/files\/2022\/07\/cropped-cropped-businessman-working-analysis-business-information-scaled-2-300x169.jpeg 300w, https:\/\/derecho.udd.cl\/doctorado\/files\/2022\/07\/cropped-cropped-businessman-working-analysis-business-information-scaled-2-1024x576.jpeg 1024w, https:\/\/derecho.udd.cl\/doctorado\/files\/2022\/07\/cropped-cropped-businessman-working-analysis-business-information-scaled-2-768x432.jpeg 768w, https:\/\/derecho.udd.cl\/doctorado\/files\/2022\/07\/cropped-cropped-businessman-working-analysis-business-information-scaled-2-1536x864.jpeg 1536w, https:\/\/derecho.udd.cl\/doctorado\/files\/2022\/07\/cropped-cropped-businessman-working-analysis-business-information-scaled-2-1366x768.jpeg 1366w, https:\/\/derecho.udd.cl\/doctorado\/files\/2022\/07\/cropped-cropped-businessman-working-analysis-business-information-scaled-2-680x382.jpeg 680w\" \/>\t\t\t\t<div class=\"banner__content\">\n\t\t\t<div class=\"banner-info\">\n\t\t\t\t<span class=\"banner__title\">Postulaciones admisi\u00f3n 2026<\/span>\n\t\t\t\t\t\t\t\t<span class=\"banner__description\">1 de julio al 15 de octubre 2025 &#8211; Cerrada<\/span>\n\t\t\t\t\t\t\t<\/div>\n\t\t\t\t\t\t\t<a\n\t\t\t\t\tclass=\"btn btn-primary\"\n\t\t\t\t\thref=\"https:\/\/airtable.com\/app9qnu5QFCUnzm1R\/shrDDedixGTQ3Y6Mk\"\n\t\t\t\t>POSTULA AQU\u00cd<\/a>\n\t\t\t\t\t<\/div>\n\t<\/div>\n<\/div>\n<\/section>\n\n\n<section\n\tclass=\"wp-block-udd-contacts\"\n\t\t>\n\t\t<div class=\"block__bg\">\n\t\t\t<\/div>\n\t\t<div class=\"container\">\n\t\t<header class=\"block__header\">\n\t\t\t<h2 class=\"block__title\">CONTACTO<\/h2>\n\t\t<\/header>\n\t\t<div class=\"block__content\">\n\t\t\t<ul class=\"contacts\">\n\t\t\t\t\t\t\t<li class=\"contact\">\n\t\t\t\t\t<div class=\"person-contact\">\n\t\t\t\t\t\t\t\t\t\t\t\t<h3 class=\"person-contact__name\">Francisca Von Unger Pinto<\/h3>\n\t\t\t\t\t\t\t\t\t\t\t\t\t\t\t\t\t\t<span class=\"person-contact__job-title\">Coordinadora de Doctorado<\/span>\n\t\t\t\t\t\t\t\t\t\t\t\t\t\t\t\t\t\t\t\t\t\t\t\t\t<span class=\"person-contact__phone\">Tel\u00e9fono: <a href=\"tel:+56 2 2 3279996\">+56 2 2 3279996<\/a><\/span>\n\t\t\t\t\t\t\t\t\t\t\t\t\t\t\t\t\t\t\t<span class=\"person-contact__email\">Email: <a href=\"mailto:&#100;&#111;&#099;t&#111;&#114;a&#100;&#111;ende&#114;&#101;&#099;ho&#064;u&#100;d.&#099;l\">d&#111;&#099;tor&#097;&#100;o&#101;n&#100;e&#114;e&#099;&#104;o&#064;&#117;dd&#046;&#099;&#108;<\/a><\/span>\n\t\t\t\t\t\t\t\t\t\t\t<\/div>\n\t\t\t\t<\/li>\n\t\t\t\t\t\t<\/ul>\n\t\t<\/div>\n\t<\/div>\n<\/section>\n","protected":false},"excerpt":{"rendered":"<p>Las competencias espec\u00edficas son:<\/p>\n","protected":false},"author":70,"featured_media":0,"parent":0,"menu_order":0,"comment_status":"closed","ping_status":"closed","template":"","meta":{"footnotes":""},"class_list":["post-163","page","type-page","status-publish","hentry"],"yoast_head":"<!-- This site is optimized with the Yoast SEO plugin v26.9 - https:\/\/yoast.com\/product\/yoast-seo-wordpress\/ -->\n<title>PERFIL DE EGRESO - DOCTORADO EN DERECHO<\/title>\n<meta name=\"robots\" content=\"index, follow, max-snippet:-1, max-image-preview:large, max-video-preview:-1\" \/>\n<link rel=\"canonical\" href=\"https:\/\/derecho.udd.cl\/doctorado\/perfil-de-egreso\/\" \/>\n<meta property=\"og:locale\" content=\"es_ES\" \/>\n<meta property=\"og:type\" content=\"article\" \/>\n<meta property=\"og:title\" content=\"PERFIL DE EGRESO - DOCTORADO EN DERECHO\" \/>\n<meta property=\"og:description\" content=\"Las competencias espec\u00edficas son:\" \/>\n<meta property=\"og:url\" content=\"https:\/\/derecho.udd.cl\/doctorado\/perfil-de-egreso\/\" \/>\n<meta property=\"og:site_name\" content=\"DOCTORADO EN DERECHO\" \/>\n<meta property=\"article:modified_time\" content=\"2026-04-17T15:41:21+00:00\" \/>\n<meta property=\"og:image\" content=\"https:\/\/derecho.udd.cl\/doctorado\/files\/2022\/08\/biblio3-conce-1.png\" \/>\n<meta name=\"twitter:card\" content=\"summary_large_image\" \/>\n<meta name=\"twitter:label1\" content=\"Tiempo de lectura\" \/>\n\t<meta name=\"twitter:data1\" content=\"2 minutos\" \/>\n<script type=\"application\/ld+json\" class=\"yoast-schema-graph\">{\"@context\":\"https:\/\/schema.org\",\"@graph\":[{\"@type\":\"WebPage\",\"@id\":\"https:\/\/derecho.udd.cl\/doctorado\/perfil-de-egreso\/\",\"url\":\"https:\/\/derecho.udd.cl\/doctorado\/perfil-de-egreso\/\",\"name\":\"PERFIL DE EGRESO - DOCTORADO EN DERECHO\",\"isPartOf\":{\"@id\":\"https:\/\/derecho.udd.cl\/doctorado\/#website\"},\"primaryImageOfPage\":{\"@id\":\"https:\/\/derecho.udd.cl\/doctorado\/perfil-de-egreso\/#primaryimage\"},\"image\":{\"@id\":\"https:\/\/derecho.udd.cl\/doctorado\/perfil-de-egreso\/#primaryimage\"},\"thumbnailUrl\":\"https:\/\/derecho.udd.cl\/doctorado\/files\/2022\/08\/biblio3-conce-1.png\",\"datePublished\":\"2022-07-21T20:15:12+00:00\",\"dateModified\":\"2026-04-17T15:41:21+00:00\",\"breadcrumb\":{\"@id\":\"https:\/\/derecho.udd.cl\/doctorado\/perfil-de-egreso\/#breadcrumb\"},\"inLanguage\":\"es\",\"potentialAction\":[{\"@type\":\"ReadAction\",\"target\":[\"https:\/\/derecho.udd.cl\/doctorado\/perfil-de-egreso\/\"]}]},{\"@type\":\"ImageObject\",\"inLanguage\":\"es\",\"@id\":\"https:\/\/derecho.udd.cl\/doctorado\/perfil-de-egreso\/#primaryimage\",\"url\":\"https:\/\/derecho.udd.cl\/doctorado\/files\/2022\/08\/biblio3-conce-1.png\",\"contentUrl\":\"https:\/\/derecho.udd.cl\/doctorado\/files\/2022\/08\/biblio3-conce-1.png\",\"width\":2000,\"height\":1320},{\"@type\":\"BreadcrumbList\",\"@id\":\"https:\/\/derecho.udd.cl\/doctorado\/perfil-de-egreso\/#breadcrumb\",\"itemListElement\":[{\"@type\":\"ListItem\",\"position\":1,\"name\":\"Portada\",\"item\":\"https:\/\/derecho.udd.cl\/doctorado\/\"},{\"@type\":\"ListItem\",\"position\":2,\"name\":\"PERFIL DE EGRESO\"}]},{\"@type\":\"WebSite\",\"@id\":\"https:\/\/derecho.udd.cl\/doctorado\/#website\",\"url\":\"https:\/\/derecho.udd.cl\/doctorado\/\",\"name\":\"DOCTORADO EN DERECHO\",\"description\":\"Facultad de Derecho UDD\",\"inLanguage\":\"es\"}]}<\/script>\n<!-- \/ Yoast SEO plugin. -->","yoast_head_json":{"title":"PERFIL DE EGRESO - DOCTORADO EN DERECHO","robots":{"index":"index","follow":"follow","max-snippet":"max-snippet:-1","max-image-preview":"max-image-preview:large","max-video-preview":"max-video-preview:-1"},"canonical":"https:\/\/derecho.udd.cl\/doctorado\/perfil-de-egreso\/","og_locale":"es_ES","og_type":"article","og_title":"PERFIL DE EGRESO - DOCTORADO EN DERECHO","og_description":"Las competencias espec\u00edficas son:","og_url":"https:\/\/derecho.udd.cl\/doctorado\/perfil-de-egreso\/","og_site_name":"DOCTORADO EN DERECHO","article_modified_time":"2026-04-17T15:41:21+00:00","og_image":[{"url":"https:\/\/derecho.udd.cl\/doctorado\/files\/2022\/08\/biblio3-conce-1.png","type":"","width":"","height":""}],"twitter_card":"summary_large_image","twitter_misc":{"Tiempo de lectura":"2 minutos"},"schema":{"@context":"https:\/\/schema.org","@graph":[{"@type":"WebPage","@id":"https:\/\/derecho.udd.cl\/doctorado\/perfil-de-egreso\/","url":"https:\/\/derecho.udd.cl\/doctorado\/perfil-de-egreso\/","name":"PERFIL DE EGRESO - DOCTORADO EN DERECHO","isPartOf":{"@id":"https:\/\/derecho.udd.cl\/doctorado\/#website"},"primaryImageOfPage":{"@id":"https:\/\/derecho.udd.cl\/doctorado\/perfil-de-egreso\/#primaryimage"},"image":{"@id":"https:\/\/derecho.udd.cl\/doctorado\/perfil-de-egreso\/#primaryimage"},"thumbnailUrl":"https:\/\/derecho.udd.cl\/doctorado\/files\/2022\/08\/biblio3-conce-1.png","datePublished":"2022-07-21T20:15:12+00:00","dateModified":"2026-04-17T15:41:21+00:00","breadcrumb":{"@id":"https:\/\/derecho.udd.cl\/doctorado\/perfil-de-egreso\/#breadcrumb"},"inLanguage":"es","potentialAction":[{"@type":"ReadAction","target":["https:\/\/derecho.udd.cl\/doctorado\/perfil-de-egreso\/"]}]},{"@type":"ImageObject","inLanguage":"es","@id":"https:\/\/derecho.udd.cl\/doctorado\/perfil-de-egreso\/#primaryimage","url":"https:\/\/derecho.udd.cl\/doctorado\/files\/2022\/08\/biblio3-conce-1.png","contentUrl":"https:\/\/derecho.udd.cl\/doctorado\/files\/2022\/08\/biblio3-conce-1.png","width":2000,"height":1320},{"@type":"BreadcrumbList","@id":"https:\/\/derecho.udd.cl\/doctorado\/perfil-de-egreso\/#breadcrumb","itemListElement":[{"@type":"ListItem","position":1,"name":"Portada","item":"https:\/\/derecho.udd.cl\/doctorado\/"},{"@type":"ListItem","position":2,"name":"PERFIL DE EGRESO"}]},{"@type":"WebSite","@id":"https:\/\/derecho.udd.cl\/doctorado\/#website","url":"https:\/\/derecho.udd.cl\/doctorado\/","name":"DOCTORADO EN DERECHO","description":"Facultad de Derecho UDD","inLanguage":"es"}]}},"_links":{"self":[{"href":"https:\/\/derecho.udd.cl\/doctorado\/wp-json\/wp\/v2\/pages\/163","targetHints":{"allow":["GET"]}}],"collection":[{"href":"https:\/\/derecho.udd.cl\/doctorado\/wp-json\/wp\/v2\/pages"}],"about":[{"href":"https:\/\/derecho.udd.cl\/doctorado\/wp-json\/wp\/v2\/types\/page"}],"author":[{"embeddable":true,"href":"https:\/\/derecho.udd.cl\/doctorado\/wp-json\/wp\/v2\/users\/70"}],"replies":[{"embeddable":true,"href":"https:\/\/derecho.udd.cl\/doctorado\/wp-json\/wp\/v2\/comments?post=163"}],"version-history":[{"count":24,"href":"https:\/\/derecho.udd.cl\/doctorado\/wp-json\/wp\/v2\/pages\/163\/revisions"}],"predecessor-version":[{"id":1272,"href":"https:\/\/derecho.udd.cl\/doctorado\/wp-json\/wp\/v2\/pages\/163\/revisions\/1272"}],"wp:attachment":[{"href":"https:\/\/derecho.udd.cl\/doctorado\/wp-json\/wp\/v2\/media?parent=163"}],"curies":[{"name":"wp","href":"https:\/\/api.w.org\/{rel}","templated":true}]}}