{"id":162,"date":"2022-07-21T20:15:11","date_gmt":"2022-07-21T20:15:11","guid":{"rendered":"https:\/\/derecho.udd.cl\/doctorado\/?page_id=162"},"modified":"2026-01-14T16:44:32","modified_gmt":"2026-01-14T19:44:32","slug":"admision","status":"publish","type":"page","link":"https:\/\/derecho.udd.cl\/doctorado\/admision\/","title":{"rendered":"ADMISI\u00d3N"},"content":{"rendered":"\n<h2 class=\"wp-block-heading\"><\/h2>\n\n\n<!-- WP Block: UDD - Banner -->\n<section class=\"wp-block-udd-banner is-style-compact \">\n\t<div class=\"container\">\n\t<div class=\"banner banner--fullwidth\">\n\t\t\t\t\t<img loading=\"lazy\" decoding=\"async\" width=\"1920\" height=\"1080\" src=\"https:\/\/derecho.udd.cl\/doctorado\/files\/2022\/07\/cropped-cropped-businessman-working-analysis-business-information-scaled-2-300x169.jpeg\" class=\"banner__image lazyload\" alt=\"\" sizes=\"auto, (max-width: 1920px) 100vw, 1920px\" data-src=\"https:\/\/derecho.udd.cl\/doctorado\/files\/2022\/07\/cropped-cropped-businessman-working-analysis-business-information-scaled-2.jpeg\" data-srcset=\"https:\/\/derecho.udd.cl\/doctorado\/files\/2022\/07\/cropped-cropped-businessman-working-analysis-business-information-scaled-2.jpeg 1920w, https:\/\/derecho.udd.cl\/doctorado\/files\/2022\/07\/cropped-cropped-businessman-working-analysis-business-information-scaled-2-300x169.jpeg 300w, https:\/\/derecho.udd.cl\/doctorado\/files\/2022\/07\/cropped-cropped-businessman-working-analysis-business-information-scaled-2-1024x576.jpeg 1024w, https:\/\/derecho.udd.cl\/doctorado\/files\/2022\/07\/cropped-cropped-businessman-working-analysis-business-information-scaled-2-768x432.jpeg 768w, https:\/\/derecho.udd.cl\/doctorado\/files\/2022\/07\/cropped-cropped-businessman-working-analysis-business-information-scaled-2-1536x864.jpeg 1536w, https:\/\/derecho.udd.cl\/doctorado\/files\/2022\/07\/cropped-cropped-businessman-working-analysis-business-information-scaled-2-1366x768.jpeg 1366w, https:\/\/derecho.udd.cl\/doctorado\/files\/2022\/07\/cropped-cropped-businessman-working-analysis-business-information-scaled-2-680x382.jpeg 680w\" \/>\t\t\t\t<div class=\"banner__content\">\n\t\t\t<div class=\"banner-info\">\n\t\t\t\t<span class=\"banner__title\">Postulaciones admisi\u00f3n 2026<\/span>\n\t\t\t\t\t\t\t\t<span class=\"banner__description\">1 de julio al 15 de octubre 2025 &#8211; Cerrada<\/span>\n\t\t\t\t\t\t\t<\/div>\n\t\t\t\t\t\t\t<a\n\t\t\t\t\tclass=\"btn btn-primary\"\n\t\t\t\t\thref=\"https:\/\/airtable.com\/app9qnu5QFCUnzm1R\/shrDDedixGTQ3Y6Mk\"\n\t\t\t\t>POSTULA AQU\u00cd<\/a>\n\t\t\t\t\t<\/div>\n\t<\/div>\n<\/div>\n<\/section>\n\n\n<div id=\"udd-accordion--1\" class=\"js-accordion accordion active\">\n\t<div class=\"accordion__header\">\n\t\t<h3 class=\"accordion__title\">\n\t\t\t<a href=\"#udd-accordion--1__content\" class=\"js-accordion-collapse\" aria-expanded=\"false\" aria-controls=\"#udd-accordion--1\">\n\t\t\t\tREQUISITOS DE INGRESO\t\t\t<\/a>\n\t\t<\/h3>\n\t<\/div>\n\t<div id=\"udd-accordion--1__content\" class=\"accordion__content text js-accordion-content\">\n\t\t<p>Son requisitos para postular al programa los siguientes:<\/p>\n<p>1. Poseer el grado de licenciado en derecho, en ciencias jur\u00eddicas o designaci\u00f3n equivalente, otorgado por una universidad nacional o extranjera, reconocida oficialmente.<\/p>\n<p>2. Adjuntar copia de sus publicaciones u otros antecedentes que permitan constatar una competencia suficiente para adscribirse al Programa de Doctorado.<\/p>\n<p>3. Participar en las entrevistas correspondientes.<\/p>\n<p>4. Adjuntar formulario de postulaci\u00f3n y el Curr\u00edculum Vitae.<\/p>\n<p>5. Dos cartas de recomendaci\u00f3n confidenciales que deben ser enviadas por el recomendador al correo de Doctorado en Derecho (En la postulaci\u00f3n deber\u00e1 se\u00f1alar los nombres y correo de los recomendadores para que el Programa los contacte).<\/p>\n<p>6. Elaborar una propuesta tentativa de investigaci\u00f3n de m\u00e1ximo 3 p\u00e1ginas que sea coherente con las l\u00edneas de investigaci\u00f3n que declara el Programa.<\/p>\n<p><em>Excepcionalmente, podr\u00e1 ser admitido al Programa de Doctorado el postulante que no cuente con licenciatura en derecho o en ciencias jur\u00eddicas, siempre que posea una licenciatura en otras disciplinas de las ciencias sociales, y en la medida que correspondan a una carrera de al menos cinco a\u00f1os de estudio. En tal caso, el postulante deber\u00e1 acreditar que tiene conocimientos y habilidades suficientes para desarrollar una tesis doctoral en derecho. <\/em><\/p>\n\t<\/div>\n<\/div>\n\n\n<div id=\"udd-accordion--2\" class=\"js-accordion accordion\">\n\t<div class=\"accordion__header\">\n\t\t<h3 class=\"accordion__title\">\n\t\t\t<a href=\"#udd-accordion--2__content\" class=\"js-accordion-collapse\" aria-expanded=\"false\" aria-controls=\"#udd-accordion--2\">\n\t\t\t\tDOCUMENTOS ADICIONALES\t\t\t<\/a>\n\t\t<\/h3>\n\t<\/div>\n\t<div id=\"udd-accordion--2__content\" class=\"accordion__content text js-accordion-content\">\n\t\t<p>1. Copia de certificados de grado. Si el postulante obtuvo sus grados acad\u00e9micos en el extranjero sus certificados deben estar apostillados por el organismo correspondiente a su pa\u00eds de origen.<\/p>\n<p>2. Certificado de concentraci\u00f3n de notas de estudios universitarios de pregrado y postgrado y ranking de egreso. De igual forma, si el postulante obtuvo sus grados en el extranjero, los certificados deben estar apostillados por el organismo correspondiente al pa\u00eds de origen.<\/p>\n<p>3. Carta de motivaci\u00f3n personal, en la que se describa la formaci\u00f3n previa que lo ha preparado para postular a este Programa de Doctorado, as\u00ed como sus motivaciones para emprender estudios doctorales.<\/p>\n<p>4. Fotocopia de c\u00e9dula de identidad por ambos lados o pasaporte para estudiantes extranjeros.<\/p>\n\t<\/div>\n<\/div>\n\n\n<div id=\"udd-accordion--3\" class=\"js-accordion accordion\">\n\t<div class=\"accordion__header\">\n\t\t<h3 class=\"accordion__title\">\n\t\t\t<a href=\"#udd-accordion--3__content\" class=\"js-accordion-collapse\" aria-expanded=\"false\" aria-controls=\"#udd-accordion--3\">\n\t\t\t\tPROCESO DE SELECCI\u00d3N\t\t\t<\/a>\n\t\t<\/h3>\n\t<\/div>\n\t<div id=\"udd-accordion--3__content\" class=\"accordion__content text js-accordion-content\">\n\t\t<p>Todos los documentos solicitados deben ser enviados en formato digital a doctoradoenderecho@udd.cl.<\/p>\n<p>El proceso de selecci\u00f3n estar\u00e1 a cargo del Comit\u00e9 Acad\u00e9mico del Programa de Doctorado.<\/p>\n<p>Los documentos indicados deben ser enviados en su totalidad, indicando tipo de documento y nombre del postulante. Aquellos que no env\u00eden la informaci\u00f3n completa no ser\u00e1n entrevistados.<\/p>\n<p>Se otorga beca 100% matr\u00edcula y arancel, m\u00e1s manutenci\u00f3n.<\/p>\n<p><em>El Comit\u00e9 Acad\u00e9mico del programa evaluar\u00e1 los antecedentes presentados por los postulantes y har\u00e1 una preselecci\u00f3n para determinar cu\u00e1les ser\u00e1n entrevistados. No ser\u00e1n entrevistados aquellos que no presenten todos los antecedentes mencionados y aquellos cuya propuesta de investigaci\u00f3n no pueda ser asumida por los profesores del Claustro.<\/em><\/p><\/p>\n\t<\/div>\n<\/div>\n\n\n<!-- WP Block: UDD - People -->\n<section class=\"wp-block-udd-contacts\">\n\t\t<div class=\"block__bg\">\n\t\t\t<\/div>\n\t\t<div class=\"container\">\n\t\t<header class=\"block__header\">\n\t\t\t<h2 class=\"block__title\">Contacto<\/h2>\n\t\t<\/header>\n\t\t<div class=\"block__content\">\n\t\t\t<ul class=\"contacts\">\n\t\t\t\t\t\t\t<li class=\"contact\">\n\t\t\t\t\t<div class=\"person-contact\">\n\t\t\t\t\t\t\t\t\t\t\t\t<h3 class=\"person-contact__name\">Alejandro Lolas Bardessi<\/h3>\n\t\t\t\t\t\t\t\t\t\t\t\t\t\t\t\t\t\t<span class=\"person-contact__job-title\">Coordinador de Doctorado<\/span>\n\t\t\t\t\t\t\t\t\t\t\t\t\t\t\t\t\t\t\t\t\t\t\t\t\t<span class=\"person-contact__phone\">Tel\u00e9fono: <a href=\"tel:+ 56 2 2 327 9996\">+ 56 2 2 327 9996<\/a><\/span>\n\t\t\t\t\t\t\t\t\t\t\t\t\t\t\t\t\t\t\t<span class=\"person-contact__email\">Email: <a href=\"mailto:do&#99;to&#114;ado&#101;&#110;&#100;e&#114;&#101;&#99;&#104;o&#64;&#117;&#100;&#100;.cl\">&#100;o&#99;&#116;&#111;rad&#111;e&#110;&#100;&#101;&#114;ec&#104;&#111;&#64;&#117;&#100;&#100;.&#99;l<\/a><\/span>\n\t\t\t\t\t\t\t\t\t\t\t<\/div>\n\t\t\t\t<\/li>\n\t\t\t\t\t\t<\/ul>\n\t\t<\/div>\n\t<\/div>\n<\/section>\n","protected":false},"excerpt":{"rendered":"","protected":false},"author":70,"featured_media":0,"parent":0,"menu_order":0,"comment_status":"closed","ping_status":"closed","template":"","meta":{"footnotes":""},"class_list":["post-162","page","type-page","status-publish","hentry"],"yoast_head":"<!-- This site is optimized with the Yoast SEO plugin v26.9 - https:\/\/yoast.com\/product\/yoast-seo-wordpress\/ -->\n<title>ADMISI\u00d3N - DOCTORADO EN DERECHO<\/title>\n<meta name=\"robots\" content=\"index, follow, max-snippet:-1, max-image-preview:large, max-video-preview:-1\" \/>\n<link rel=\"canonical\" href=\"https:\/\/derecho.udd.cl\/doctorado\/admision\/\" \/>\n<meta property=\"og:locale\" content=\"es_ES\" \/>\n<meta property=\"og:type\" content=\"article\" \/>\n<meta property=\"og:title\" content=\"ADMISI\u00d3N - DOCTORADO EN DERECHO\" \/>\n<meta property=\"og:url\" content=\"https:\/\/derecho.udd.cl\/doctorado\/admision\/\" \/>\n<meta property=\"og:site_name\" content=\"DOCTORADO EN DERECHO\" \/>\n<meta property=\"article:modified_time\" content=\"2026-01-14T19:44:32+00:00\" \/>\n<meta name=\"twitter:card\" content=\"summary_large_image\" \/>\n<script type=\"application\/ld+json\" class=\"yoast-schema-graph\">{\"@context\":\"https:\/\/schema.org\",\"@graph\":[{\"@type\":\"WebPage\",\"@id\":\"https:\/\/derecho.udd.cl\/doctorado\/admision\/\",\"url\":\"https:\/\/derecho.udd.cl\/doctorado\/admision\/\",\"name\":\"ADMISI\u00d3N - DOCTORADO EN DERECHO\",\"isPartOf\":{\"@id\":\"https:\/\/derecho.udd.cl\/doctorado\/#website\"},\"datePublished\":\"2022-07-21T20:15:11+00:00\",\"dateModified\":\"2026-01-14T19:44:32+00:00\",\"breadcrumb\":{\"@id\":\"https:\/\/derecho.udd.cl\/doctorado\/admision\/#breadcrumb\"},\"inLanguage\":\"es\",\"potentialAction\":[{\"@type\":\"ReadAction\",\"target\":[\"https:\/\/derecho.udd.cl\/doctorado\/admision\/\"]}]},{\"@type\":\"BreadcrumbList\",\"@id\":\"https:\/\/derecho.udd.cl\/doctorado\/admision\/#breadcrumb\",\"itemListElement\":[{\"@type\":\"ListItem\",\"position\":1,\"name\":\"Portada\",\"item\":\"https:\/\/derecho.udd.cl\/doctorado\/\"},{\"@type\":\"ListItem\",\"position\":2,\"name\":\"ADMISI\u00d3N\"}]},{\"@type\":\"WebSite\",\"@id\":\"https:\/\/derecho.udd.cl\/doctorado\/#website\",\"url\":\"https:\/\/derecho.udd.cl\/doctorado\/\",\"name\":\"DOCTORADO EN DERECHO\",\"description\":\"Facultad de Derecho UDD\",\"inLanguage\":\"es\"}]}<\/script>\n<!-- \/ Yoast SEO plugin. -->","yoast_head_json":{"title":"ADMISI\u00d3N - DOCTORADO EN DERECHO","robots":{"index":"index","follow":"follow","max-snippet":"max-snippet:-1","max-image-preview":"max-image-preview:large","max-video-preview":"max-video-preview:-1"},"canonical":"https:\/\/derecho.udd.cl\/doctorado\/admision\/","og_locale":"es_ES","og_type":"article","og_title":"ADMISI\u00d3N - DOCTORADO EN DERECHO","og_url":"https:\/\/derecho.udd.cl\/doctorado\/admision\/","og_site_name":"DOCTORADO EN DERECHO","article_modified_time":"2026-01-14T19:44:32+00:00","twitter_card":"summary_large_image","schema":{"@context":"https:\/\/schema.org","@graph":[{"@type":"WebPage","@id":"https:\/\/derecho.udd.cl\/doctorado\/admision\/","url":"https:\/\/derecho.udd.cl\/doctorado\/admision\/","name":"ADMISI\u00d3N - DOCTORADO EN DERECHO","isPartOf":{"@id":"https:\/\/derecho.udd.cl\/doctorado\/#website"},"datePublished":"2022-07-21T20:15:11+00:00","dateModified":"2026-01-14T19:44:32+00:00","breadcrumb":{"@id":"https:\/\/derecho.udd.cl\/doctorado\/admision\/#breadcrumb"},"inLanguage":"es","potentialAction":[{"@type":"ReadAction","target":["https:\/\/derecho.udd.cl\/doctorado\/admision\/"]}]},{"@type":"BreadcrumbList","@id":"https:\/\/derecho.udd.cl\/doctorado\/admision\/#breadcrumb","itemListElement":[{"@type":"ListItem","position":1,"name":"Portada","item":"https:\/\/derecho.udd.cl\/doctorado\/"},{"@type":"ListItem","position":2,"name":"ADMISI\u00d3N"}]},{"@type":"WebSite","@id":"https:\/\/derecho.udd.cl\/doctorado\/#website","url":"https:\/\/derecho.udd.cl\/doctorado\/","name":"DOCTORADO EN DERECHO","description":"Facultad de Derecho UDD","inLanguage":"es"}]}},"_links":{"self":[{"href":"https:\/\/derecho.udd.cl\/doctorado\/wp-json\/wp\/v2\/pages\/162","targetHints":{"allow":["GET"]}}],"collection":[{"href":"https:\/\/derecho.udd.cl\/doctorado\/wp-json\/wp\/v2\/pages"}],"about":[{"href":"https:\/\/derecho.udd.cl\/doctorado\/wp-json\/wp\/v2\/types\/page"}],"author":[{"embeddable":true,"href":"https:\/\/derecho.udd.cl\/doctorado\/wp-json\/wp\/v2\/users\/70"}],"replies":[{"embeddable":true,"href":"https:\/\/derecho.udd.cl\/doctorado\/wp-json\/wp\/v2\/comments?post=162"}],"version-history":[{"count":49,"href":"https:\/\/derecho.udd.cl\/doctorado\/wp-json\/wp\/v2\/pages\/162\/revisions"}],"predecessor-version":[{"id":1173,"href":"https:\/\/derecho.udd.cl\/doctorado\/wp-json\/wp\/v2\/pages\/162\/revisions\/1173"}],"wp:attachment":[{"href":"https:\/\/derecho.udd.cl\/doctorado\/wp-json\/wp\/v2\/media?parent=162"}],"curies":[{"name":"wp","href":"https:\/\/api.w.org\/{rel}","templated":true}]}}