{"id":148,"date":"2022-07-21T19:32:12","date_gmt":"2022-07-21T19:32:12","guid":{"rendered":"https:\/\/derecho.udd.cl\/doctorado\/?page_id=148"},"modified":"2024-07-23T11:08:00","modified_gmt":"2024-07-23T15:08:00","slug":"areas-y-lineas-de-investigacion-del-programa","status":"publish","type":"page","link":"https:\/\/derecho.udd.cl\/doctorado\/areas-y-lineas-de-investigacion-del-programa\/","title":{"rendered":"\u00c1REAS Y L\u00cdNEAS DE INVESTIGACI\u00d3N DEL PROGRAMA"},"content":{"rendered":"<section class=\"wp-block-udd-text-row block--bg-gray\">\n\t<div class=\"text-row\">\n\t\t<div class=\"text-row__content\">\n\t\t\t<div class=\"text-row__content-inner text\">\n\t\t\t\t\t\t\t\t\n<p>Las l\u00edneas de investigaci\u00f3n del nuevo Programa de Doctorado son tres: Derechos Fundamentales e Instituciones Pol\u00edticas, Derecho de la Empresa y Regulatorio, y Responsabilidad. Todas ellas derivan de la investigaci\u00f3n que vienen realizando los profesores de la Facultad de Derecho de la Universidad del Desarrollo desde hace m\u00e1s de veinte a\u00f1os.<\/p>\n\t\t\t<\/div>\n\t\t<\/div>\n\t\t<div class=\"text-row__media\">\n\t\t\t<img loading=\"lazy\" decoding=\"async\" width=\"952\" height=\"534\" src=\"https:\/\/derecho.udd.cl\/doctorado\/files\/2022\/08\/IMG_5360-680x382.jpg\" class=\"text-row__media-image lazyload\" alt=\"\" sizes=\"auto, (max-width: 952px) 100vw, 952px\" data-src=\"https:\/\/derecho.udd.cl\/doctorado\/files\/2022\/08\/IMG_5360-952x534.jpg\" data-srcset=\"https:\/\/derecho.udd.cl\/doctorado\/files\/2022\/08\/IMG_5360-952x534.jpg 952w, https:\/\/derecho.udd.cl\/doctorado\/files\/2022\/08\/IMG_5360-1366x768.jpg 1366w, https:\/\/derecho.udd.cl\/doctorado\/files\/2022\/08\/IMG_5360-680x382.jpg 680w\" \/>\t\t<\/div>\n\t<\/div>\n<\/section>\n\n\n<!-- WP Block: UDD - Banner -->\n<section class=\"wp-block-udd-banner is-style-default \">\n\t\n<a href=\"https:\/\/derecho.udd.cl\/noticias\/2025\/08\/doctorado-en-derecho-udd-obtiene-acreditacion-por-tres-ano\/\" class=\"banner banner--fullwidth\" data-url=\"https:\/\/derecho.udd.cl\/noticias\/2025\/08\/doctorado-en-derecho-udd-obtiene-acreditacion-por-tres-ano\/\">\n\t\t\t<img loading=\"lazy\" decoding=\"async\" width=\"1920\" height=\"1080\" src=\"https:\/\/derecho.udd.cl\/doctorado\/files\/2025\/08\/doctorado_foto-2-680x382.png\" class=\"banner__image lazyload\" alt=\"\" sizes=\"auto, (max-width: 1920px) 100vw, 1920px\" data-src=\"https:\/\/derecho.udd.cl\/doctorado\/files\/2025\/08\/doctorado_foto-2-1920x1080.png\" data-srcset=\"https:\/\/derecho.udd.cl\/doctorado\/files\/2025\/08\/doctorado_foto-2-1920x1080.png 1920w, https:\/\/derecho.udd.cl\/doctorado\/files\/2025\/08\/doctorado_foto-2-1366x768.png 1366w, https:\/\/derecho.udd.cl\/doctorado\/files\/2025\/08\/doctorado_foto-2-680x382.png 680w\" \/>\t\t<div class=\"banner__content\">\n\t\t<span class=\"banner__title\">ACREDITADO POR TRES A\u00d1OS<\/span>\n\t\t<span class=\"banner__description\">El Doctorado en Derecho de la Universidad del Desarrollo, impartido en sus sedes en Santiago y Concepci\u00f3n, ha sido acreditado con el m\u00e1ximo de a\u00f1os, por la Comisi\u00f3n Nacional de Acreditaci\u00f3n (CNA). El reconocimiento fue otorgado por unanimidad, lo que refleja la solidez acad\u00e9mica, el compromiso con la investigaci\u00f3n y la formaci\u00f3n de excelencia que caracterizan a este programa.<\/span>\n\t<\/div>\n<\/a>\n<\/section>\n\n\n<!-- WP Block: UDD - Access Cards -->\n<section\n\tid=\"udd-access-cards--1\"\n\tclass=\"wp-block-udd-access-cards\n\t\tis-style-blue-bg\"\n\t\tstyle=\"\n\t\t--udd-blocks-has-columns-number: 3\t\t\"\n\t>\n\t<div class=\"container\">\n\t\t\t\t\t<header class=\"header__innerblock block__header\">\n\t\t\t<h2 class=\"block__title\">\u00c1REAS Y L\u00cdNEAS DE INVESTIGACI\u00d3N DEL PROGRAMA<\/h2>\n\t\n\t\n\t<\/header>\n\t\t\t\t<div class=\"block__content\">\n\t\t\t<div\n\t\t\t\tclass=\"udd-access-cards\"\n\t\t\t\t\t\t\t>\n\t\t\t<div\n\tdata-index=\"1\"\n\tclass=\"udd-access-card-wrapper udd-access-card-wrapper--has-description\"\n\t>\n\t<a href=\"https:\/\/derecho.udd.cl\/doctorado\/linea-derechos-fundamentales-e-instituciones-politicas\/\" class=\"access-card access-card--profile\" data-url=\"https:\/\/derecho.udd.cl\/doctorado\/linea-derechos-fundamentales-e-instituciones-politicas\/\">\n\t\t\t\t\t\t<h3\n\t\t\tdata-index=\"1\"\n\t\t\tclass=\"access-card__title\"\n\t\t>\n\t\t\tDerechos Fundamentales e Instituciones Pol\u00edticas\t\t<\/h3>\n\t\t\t\t<p class=\"access-card__description\">\n\t\t\tEsta l\u00ednea se enfoca en el Derecho P\u00fablico.\t\t<\/p>\n\t\t\t\t<div class=\"access-card__link\">\n\t\t\t<span class=\"access-card__link-text\">Conocer m\u00e1s<\/span>\n\t\t<\/div>\n\t<\/a>\n<\/div>\n<div\n\tdata-index=\"2\"\n\tclass=\"udd-access-card-wrapper udd-access-card-wrapper--has-description\"\n\t>\n\t<a href=\"https:\/\/derecho.udd.cl\/doctorado\/linea-derecho-de-la-empresa-y-regulatorio\/\" class=\"access-card access-card--profile\" data-url=\"https:\/\/derecho.udd.cl\/doctorado\/linea-derecho-de-la-empresa-y-regulatorio\/\">\n\t\t\t\t\t\t<h3\n\t\t\tdata-index=\"2\"\n\t\t\tclass=\"access-card__title\"\n\t\t>\n\t\t\tDerecho de la Empresa y Regulatorio\t\t<\/h3>\n\t\t\t\t<p class=\"access-card__description\">\n\t\t\tEsta l\u00ednea se aproxima a la empresa y la regulaci\u00f3n de forma hol\u00edstica, reconociendo que en ellas se entrelazan un conjunto de disciplinas.\t\t<\/p>\n\t\t\t\t<div class=\"access-card__link\">\n\t\t\t<span class=\"access-card__link-text\">Conocer m\u00e1s<\/span>\n\t\t<\/div>\n\t<\/a>\n<\/div>\n<div\n\tdata-index=\"3\"\n\tclass=\"udd-access-card-wrapper udd-access-card-wrapper--has-description\"\n\t>\n\t<a href=\"https:\/\/derecho.udd.cl\/doctorado\/linea-responsabilidad\/\" class=\"access-card access-card--profile\" data-url=\"https:\/\/derecho.udd.cl\/doctorado\/linea-responsabilidad\/\">\n\t\t\t\t\t\t<h3\n\t\t\tdata-index=\"3\"\n\t\t\tclass=\"access-card__title\"\n\t\t>\n\t\t\tResponsabilidad\t\t<\/h3>\n\t\t\t\t<p class=\"access-card__description\">\n\t\t\tEsta l\u00ednea estudia la responsabilidad en cuanto instituci\u00f3n jur\u00eddica trascendental que convoca a m\u00faltiples ramas del Derecho.\t\t<\/p>\n\t\t\t\t<div class=\"access-card__link\">\n\t\t\t<span class=\"access-card__link-text\">Conocer m\u00e1s<\/span>\n\t\t<\/div>\n\t<\/a>\n<\/div>\n\t\t\t<\/div>\n\t\t<\/div>\n\t<\/div>\n<\/section>\n\n\n<!-- WP Block: UDD - Banner -->\n<section class=\"wp-block-udd-banner is-style-compact \">\n\t<div class=\"container\">\n\t<div class=\"banner banner--fullwidth\">\n\t\t\t\t\t<img loading=\"lazy\" decoding=\"async\" width=\"1920\" height=\"1080\" src=\"https:\/\/derecho.udd.cl\/doctorado\/files\/2022\/07\/cropped-cropped-businessman-working-analysis-business-information-scaled-2-300x169.jpeg\" class=\"banner__image lazyload\" alt=\"\" sizes=\"auto, (max-width: 1920px) 100vw, 1920px\" data-src=\"https:\/\/derecho.udd.cl\/doctorado\/files\/2022\/07\/cropped-cropped-businessman-working-analysis-business-information-scaled-2.jpeg\" data-srcset=\"https:\/\/derecho.udd.cl\/doctorado\/files\/2022\/07\/cropped-cropped-businessman-working-analysis-business-information-scaled-2.jpeg 1920w, https:\/\/derecho.udd.cl\/doctorado\/files\/2022\/07\/cropped-cropped-businessman-working-analysis-business-information-scaled-2-300x169.jpeg 300w, https:\/\/derecho.udd.cl\/doctorado\/files\/2022\/07\/cropped-cropped-businessman-working-analysis-business-information-scaled-2-1024x576.jpeg 1024w, https:\/\/derecho.udd.cl\/doctorado\/files\/2022\/07\/cropped-cropped-businessman-working-analysis-business-information-scaled-2-768x432.jpeg 768w, https:\/\/derecho.udd.cl\/doctorado\/files\/2022\/07\/cropped-cropped-businessman-working-analysis-business-information-scaled-2-1536x864.jpeg 1536w, https:\/\/derecho.udd.cl\/doctorado\/files\/2022\/07\/cropped-cropped-businessman-working-analysis-business-information-scaled-2-1366x768.jpeg 1366w, https:\/\/derecho.udd.cl\/doctorado\/files\/2022\/07\/cropped-cropped-businessman-working-analysis-business-information-scaled-2-680x382.jpeg 680w\" \/>\t\t\t\t<div class=\"banner__content\">\n\t\t\t<div class=\"banner-info\">\n\t\t\t\t<span class=\"banner__title\">Postulaciones admisi\u00f3n 2026<\/span>\n\t\t\t\t\t\t\t\t<span class=\"banner__description\">1 de julio al 15 de octubre 2025 &#8211; Cerrada<\/span>\n\t\t\t\t\t\t\t<\/div>\n\t\t\t\t\t\t\t<a\n\t\t\t\t\tclass=\"btn btn-primary\"\n\t\t\t\t\thref=\"https:\/\/airtable.com\/app9qnu5QFCUnzm1R\/shrDDedixGTQ3Y6Mk\"\n\t\t\t\t>POSTULA AQU\u00cd<\/a>\n\t\t\t\t\t<\/div>\n\t<\/div>\n<\/div>\n<\/section>\n\n\n<!-- WP Block: UDD - People -->\n<section class=\"wp-block-udd-contacts\">\n\t\t<div class=\"block__bg\">\n\t\t\t<\/div>\n\t\t<div class=\"container\">\n\t\t<header class=\"block__header\">\n\t\t\t<h2 class=\"block__title\">CONTACTO<\/h2>\n\t\t<\/header>\n\t\t<div class=\"block__content\">\n\t\t\t<ul class=\"contacts\">\n\t\t\t\t\t\t\t<li class=\"contact\">\n\t\t\t\t\t<div class=\"person-contact\">\n\t\t\t\t\t\t\t\t\t\t\t\t<h3 class=\"person-contact__name\">Alejandro Lolas Bardessi<\/h3>\n\t\t\t\t\t\t\t\t\t\t\t\t\t\t\t\t\t\t<span class=\"person-contact__job-title\">Coordinadora de Doctorado<\/span>\n\t\t\t\t\t\t\t\t\t\t\t\t\t\t\t\t\t\t\t\t\t\t\t\t\t<span class=\"person-contact__phone\">Tel\u00e9fono: <a href=\"tel:+ 56 2 2 327 9996\">+ 56 2 2 327 9996<\/a><\/span>\n\t\t\t\t\t\t\t\t\t\t\t\t\t\t\t\t\t\t\t<span class=\"person-contact__email\">Email: <a href=\"mailto:&#100;&#111;c&#116;&#111;&#114;&#97;doen&#100;&#101;r&#101;&#99;ho&#64;u&#100;&#100;.&#99;l\">d&#111;&#99;&#116;&#111;r&#97;d&#111;&#101;n&#100;&#101;r&#101;&#99;&#104;o&#64;&#117;d&#100;.cl<\/a><\/span>\n\t\t\t\t\t\t\t\t\t\t\t<\/div>\n\t\t\t\t<\/li>\n\t\t\t\t\t\t<\/ul>\n\t\t<\/div>\n\t<\/div>\n<\/section>\n","protected":false},"excerpt":{"rendered":"","protected":false},"author":70,"featured_media":0,"parent":0,"menu_order":0,"comment_status":"closed","ping_status":"closed","template":"","meta":{"footnotes":""},"class_list":["post-148","page","type-page","status-publish","hentry"],"yoast_head":"<!-- This site is optimized with the Yoast SEO plugin v26.9 - https:\/\/yoast.com\/product\/yoast-seo-wordpress\/ -->\n<title>\u00c1REAS Y L\u00cdNEAS DE INVESTIGACI\u00d3N DEL PROGRAMA - DOCTORADO EN DERECHO<\/title>\n<meta name=\"robots\" content=\"index, follow, max-snippet:-1, max-image-preview:large, max-video-preview:-1\" \/>\n<link rel=\"canonical\" href=\"https:\/\/derecho.udd.cl\/doctorado\/areas-y-lineas-de-investigacion-del-programa\/\" \/>\n<meta property=\"og:locale\" content=\"es_ES\" \/>\n<meta property=\"og:type\" content=\"article\" \/>\n<meta property=\"og:title\" content=\"\u00c1REAS Y L\u00cdNEAS DE INVESTIGACI\u00d3N DEL PROGRAMA - DOCTORADO EN DERECHO\" \/>\n<meta property=\"og:url\" content=\"https:\/\/derecho.udd.cl\/doctorado\/areas-y-lineas-de-investigacion-del-programa\/\" \/>\n<meta property=\"og:site_name\" content=\"DOCTORADO EN DERECHO\" \/>\n<meta property=\"article:modified_time\" content=\"2024-07-23T15:08:00+00:00\" \/>\n<meta property=\"og:image\" content=\"https:\/\/derecho.udd.cl\/doctorado\/files\/2022\/08\/IMG_5360-scaled.jpg\" \/>\n<meta name=\"twitter:card\" content=\"summary_large_image\" \/>\n<meta name=\"twitter:label1\" content=\"Tiempo de lectura\" \/>\n\t<meta name=\"twitter:data1\" content=\"1 minuto\" \/>\n<script type=\"application\/ld+json\" class=\"yoast-schema-graph\">{\"@context\":\"https:\/\/schema.org\",\"@graph\":[{\"@type\":\"WebPage\",\"@id\":\"https:\/\/derecho.udd.cl\/doctorado\/areas-y-lineas-de-investigacion-del-programa\/\",\"url\":\"https:\/\/derecho.udd.cl\/doctorado\/areas-y-lineas-de-investigacion-del-programa\/\",\"name\":\"\u00c1REAS Y L\u00cdNEAS DE INVESTIGACI\u00d3N DEL PROGRAMA - DOCTORADO EN DERECHO\",\"isPartOf\":{\"@id\":\"https:\/\/derecho.udd.cl\/doctorado\/#website\"},\"primaryImageOfPage\":{\"@id\":\"https:\/\/derecho.udd.cl\/doctorado\/areas-y-lineas-de-investigacion-del-programa\/#primaryimage\"},\"image\":{\"@id\":\"https:\/\/derecho.udd.cl\/doctorado\/areas-y-lineas-de-investigacion-del-programa\/#primaryimage\"},\"thumbnailUrl\":\"https:\/\/derecho.udd.cl\/doctorado\/files\/2022\/08\/IMG_5360-scaled.jpg\",\"datePublished\":\"2022-07-21T19:32:12+00:00\",\"dateModified\":\"2024-07-23T15:08:00+00:00\",\"breadcrumb\":{\"@id\":\"https:\/\/derecho.udd.cl\/doctorado\/areas-y-lineas-de-investigacion-del-programa\/#breadcrumb\"},\"inLanguage\":\"es\",\"potentialAction\":[{\"@type\":\"ReadAction\",\"target\":[\"https:\/\/derecho.udd.cl\/doctorado\/areas-y-lineas-de-investigacion-del-programa\/\"]}]},{\"@type\":\"ImageObject\",\"inLanguage\":\"es\",\"@id\":\"https:\/\/derecho.udd.cl\/doctorado\/areas-y-lineas-de-investigacion-del-programa\/#primaryimage\",\"url\":\"https:\/\/derecho.udd.cl\/doctorado\/files\/2022\/08\/IMG_5360-scaled.jpg\",\"contentUrl\":\"https:\/\/derecho.udd.cl\/doctorado\/files\/2022\/08\/IMG_5360-scaled.jpg\",\"width\":2560,\"height\":1707},{\"@type\":\"BreadcrumbList\",\"@id\":\"https:\/\/derecho.udd.cl\/doctorado\/areas-y-lineas-de-investigacion-del-programa\/#breadcrumb\",\"itemListElement\":[{\"@type\":\"ListItem\",\"position\":1,\"name\":\"Portada\",\"item\":\"https:\/\/derecho.udd.cl\/doctorado\/\"},{\"@type\":\"ListItem\",\"position\":2,\"name\":\"\u00c1REAS Y L\u00cdNEAS DE INVESTIGACI\u00d3N DEL PROGRAMA\"}]},{\"@type\":\"WebSite\",\"@id\":\"https:\/\/derecho.udd.cl\/doctorado\/#website\",\"url\":\"https:\/\/derecho.udd.cl\/doctorado\/\",\"name\":\"DOCTORADO EN DERECHO\",\"description\":\"Facultad de Derecho UDD\",\"inLanguage\":\"es\"}]}<\/script>\n<!-- \/ Yoast SEO plugin. -->","yoast_head_json":{"title":"\u00c1REAS Y L\u00cdNEAS DE INVESTIGACI\u00d3N DEL PROGRAMA - DOCTORADO EN DERECHO","robots":{"index":"index","follow":"follow","max-snippet":"max-snippet:-1","max-image-preview":"max-image-preview:large","max-video-preview":"max-video-preview:-1"},"canonical":"https:\/\/derecho.udd.cl\/doctorado\/areas-y-lineas-de-investigacion-del-programa\/","og_locale":"es_ES","og_type":"article","og_title":"\u00c1REAS Y L\u00cdNEAS DE INVESTIGACI\u00d3N DEL PROGRAMA - DOCTORADO EN DERECHO","og_url":"https:\/\/derecho.udd.cl\/doctorado\/areas-y-lineas-de-investigacion-del-programa\/","og_site_name":"DOCTORADO EN DERECHO","article_modified_time":"2024-07-23T15:08:00+00:00","og_image":[{"url":"https:\/\/derecho.udd.cl\/doctorado\/files\/2022\/08\/IMG_5360-scaled.jpg","type":"","width":"","height":""}],"twitter_card":"summary_large_image","twitter_misc":{"Tiempo de lectura":"1 minuto"},"schema":{"@context":"https:\/\/schema.org","@graph":[{"@type":"WebPage","@id":"https:\/\/derecho.udd.cl\/doctorado\/areas-y-lineas-de-investigacion-del-programa\/","url":"https:\/\/derecho.udd.cl\/doctorado\/areas-y-lineas-de-investigacion-del-programa\/","name":"\u00c1REAS Y L\u00cdNEAS DE INVESTIGACI\u00d3N DEL PROGRAMA - DOCTORADO EN DERECHO","isPartOf":{"@id":"https:\/\/derecho.udd.cl\/doctorado\/#website"},"primaryImageOfPage":{"@id":"https:\/\/derecho.udd.cl\/doctorado\/areas-y-lineas-de-investigacion-del-programa\/#primaryimage"},"image":{"@id":"https:\/\/derecho.udd.cl\/doctorado\/areas-y-lineas-de-investigacion-del-programa\/#primaryimage"},"thumbnailUrl":"https:\/\/derecho.udd.cl\/doctorado\/files\/2022\/08\/IMG_5360-scaled.jpg","datePublished":"2022-07-21T19:32:12+00:00","dateModified":"2024-07-23T15:08:00+00:00","breadcrumb":{"@id":"https:\/\/derecho.udd.cl\/doctorado\/areas-y-lineas-de-investigacion-del-programa\/#breadcrumb"},"inLanguage":"es","potentialAction":[{"@type":"ReadAction","target":["https:\/\/derecho.udd.cl\/doctorado\/areas-y-lineas-de-investigacion-del-programa\/"]}]},{"@type":"ImageObject","inLanguage":"es","@id":"https:\/\/derecho.udd.cl\/doctorado\/areas-y-lineas-de-investigacion-del-programa\/#primaryimage","url":"https:\/\/derecho.udd.cl\/doctorado\/files\/2022\/08\/IMG_5360-scaled.jpg","contentUrl":"https:\/\/derecho.udd.cl\/doctorado\/files\/2022\/08\/IMG_5360-scaled.jpg","width":2560,"height":1707},{"@type":"BreadcrumbList","@id":"https:\/\/derecho.udd.cl\/doctorado\/areas-y-lineas-de-investigacion-del-programa\/#breadcrumb","itemListElement":[{"@type":"ListItem","position":1,"name":"Portada","item":"https:\/\/derecho.udd.cl\/doctorado\/"},{"@type":"ListItem","position":2,"name":"\u00c1REAS Y L\u00cdNEAS DE INVESTIGACI\u00d3N DEL PROGRAMA"}]},{"@type":"WebSite","@id":"https:\/\/derecho.udd.cl\/doctorado\/#website","url":"https:\/\/derecho.udd.cl\/doctorado\/","name":"DOCTORADO EN DERECHO","description":"Facultad de Derecho UDD","inLanguage":"es"}]}},"_links":{"self":[{"href":"https:\/\/derecho.udd.cl\/doctorado\/wp-json\/wp\/v2\/pages\/148","targetHints":{"allow":["GET"]}}],"collection":[{"href":"https:\/\/derecho.udd.cl\/doctorado\/wp-json\/wp\/v2\/pages"}],"about":[{"href":"https:\/\/derecho.udd.cl\/doctorado\/wp-json\/wp\/v2\/types\/page"}],"author":[{"embeddable":true,"href":"https:\/\/derecho.udd.cl\/doctorado\/wp-json\/wp\/v2\/users\/70"}],"replies":[{"embeddable":true,"href":"https:\/\/derecho.udd.cl\/doctorado\/wp-json\/wp\/v2\/comments?post=148"}],"version-history":[{"count":15,"href":"https:\/\/derecho.udd.cl\/doctorado\/wp-json\/wp\/v2\/pages\/148\/revisions"}],"predecessor-version":[{"id":1090,"href":"https:\/\/derecho.udd.cl\/doctorado\/wp-json\/wp\/v2\/pages\/148\/revisions\/1090"}],"wp:attachment":[{"href":"https:\/\/derecho.udd.cl\/doctorado\/wp-json\/wp\/v2\/media?parent=148"}],"curies":[{"name":"wp","href":"https:\/\/api.w.org\/{rel}","templated":true}]}}