{"id":639,"date":"2021-07-09T16:06:06","date_gmt":"2021-07-09T16:06:06","guid":{"rendered":"http:\/\/derecho.udd.cl\/clinica-juridica-santiago\/?page_id=639"},"modified":"2025-01-22T11:15:43","modified_gmt":"2025-01-22T14:15:43","slug":"convenios","status":"publish","type":"page","link":"https:\/\/derecho.udd.cl\/clinica-juridica-santiago\/convenios\/","title":{"rendered":"Convenios"},"content":{"rendered":"\n<figure class=\"wp-block-table\"><table><tbody><tr><td>Asociaci\u00f3n de Emprendedores de Chile (ASECH)<\/td><\/tr><tr><td>Ilustre Municipalidad de Renca &#8211; Cl\u00ednica Jur\u00eddica.<\/td><\/tr><tr><td>Ilustre Municipalidad de Renca &#8211; Establece colaboraci\u00f3n entre el Municipio y la Universidad del Desarrollo en beneficio de la comunidad de Renca.<\/td><\/tr><tr><td>Fundaci\u00f3n Independ\u00edzate<\/td><\/tr><tr><td>Ilustre Municipalidad de Las Condes<\/td><\/tr><tr><td>Organizaci\u00f3n Comunitaria Funcional Lo Barnechea Servicios<\/td><\/tr><tr><td>Fundaci\u00f3n Sim\u00f3n de Cirene<\/td><\/tr><tr><td>Servicio Nacional del Consumidor (SERNAC)<\/td><\/tr><tr><td>Ilustre Municipalidad de Lo Barnechea<\/td><\/tr><tr><td>Red Mentores por Chile<\/td><\/tr><tr><td>Ilustre Municipalidad de Paine<\/td><\/tr><\/tbody><\/table><\/figure>\n\n\n<p class=\"wp-block-udd-button text-center\"><a class=\"btn btn-primary \" href=\"http:\/\/derecho.udd.cl\/clinica-juridica-santiago\/files\/2025\/01\/convenios-clinica-juridica-scl-2024.pdf\" data-url=\"http:\/\/derecho.udd.cl\/clinica-juridica-santiago\/files\/2025\/01\/convenios-clinica-juridica-scl-2024.pdf\"><svg class=\"svg-download-dims\"><use xlink:href='https:\/\/derecho.udd.cl\/clinica-juridica-santiago\/wp-content\/themes\/facultades-2018\/assets\/img\/svg\/dist\/main.svg?version=1695853099#download'><\/use><\/svg> DESCARGA LOS CONVENIOS DE LA C\u00cdNICA JUR\u00cdDICA SANTIAGO, VIGENTES A DICIEMBRE 2024 <\/a><\/p>\n","protected":false},"excerpt":{"rendered":"<p>Asociaci\u00f3n de Emprendedores de Chile (ASECH) Ilustre Municipalidad de Renca &#8211; Cl\u00ednica Jur\u00eddica. Ilustre Municipalidad de Renca &#8211; Establece colaboraci\u00f3n entre el Municipio y la Universidad del Desarrollo en beneficio de la comunidad de Renca. Fundaci\u00f3n Independ\u00edzate Ilustre Municipalidad de Las Condes Organizaci\u00f3n Comunitaria Funcional Lo Barnechea Servicios Fundaci\u00f3n Sim\u00f3n de Cirene Servicio Nacional del [&hellip;]<\/p>\n","protected":false},"author":40,"featured_media":0,"parent":0,"menu_order":0,"comment_status":"closed","ping_status":"closed","template":"","meta":{"footnotes":""},"class_list":["post-639","page","type-page","status-publish","hentry"],"_links":{"self":[{"href":"https:\/\/derecho.udd.cl\/clinica-juridica-santiago\/wp-json\/wp\/v2\/pages\/639","targetHints":{"allow":["GET"]}}],"collection":[{"href":"https:\/\/derecho.udd.cl\/clinica-juridica-santiago\/wp-json\/wp\/v2\/pages"}],"about":[{"href":"https:\/\/derecho.udd.cl\/clinica-juridica-santiago\/wp-json\/wp\/v2\/types\/page"}],"author":[{"embeddable":true,"href":"https:\/\/derecho.udd.cl\/clinica-juridica-santiago\/wp-json\/wp\/v2\/users\/40"}],"replies":[{"embeddable":true,"href":"https:\/\/derecho.udd.cl\/clinica-juridica-santiago\/wp-json\/wp\/v2\/comments?post=639"}],"version-history":[{"count":5,"href":"https:\/\/derecho.udd.cl\/clinica-juridica-santiago\/wp-json\/wp\/v2\/pages\/639\/revisions"}],"predecessor-version":[{"id":1555,"href":"https:\/\/derecho.udd.cl\/clinica-juridica-santiago\/wp-json\/wp\/v2\/pages\/639\/revisions\/1555"}],"wp:attachment":[{"href":"https:\/\/derecho.udd.cl\/clinica-juridica-santiago\/wp-json\/wp\/v2\/media?parent=639"}],"curies":[{"name":"wp","href":"https:\/\/api.w.org\/{rel}","templated":true}]}}