{"id":61,"date":"2014-05-29T21:55:38","date_gmt":"2014-05-29T21:55:38","guid":{"rendered":"http:\/\/derecho-scl.udd.cl\/clinica-juridica\/?page_id=61"},"modified":"2021-07-09T20:23:42","modified_gmt":"2021-07-09T20:23:42","slug":"requisitos","status":"publish","type":"page","link":"https:\/\/derecho.udd.cl\/clinica-juridica-santiago\/requisitos\/","title":{"rendered":"Condiciones de Atenci\u00f3n"},"content":{"rendered":"\n<p>Para que podamos ayudarlo con su problema legal, usted debe saber:<\/p>\n\n\n\n<ul class=\"wp-block-list\"><li>Si usted requiere un abogado para iniciar un juicio o defensa en \u00e9l, realizar un contrato, etc., deber\u00e1 acreditar sus ingresos.<\/li><li>Si trabaja como dependiente debe traer las tres \u00faltimas liquidaciones de sueldo.<\/li><li>Si est\u00e1 pensionado: su liquidaci\u00f3n de pensi\u00f3n o jubilaci\u00f3n.<\/li><li>Si es independiente: tres \u00faltimas boletas de honorarios.<\/li><li>Si no tiene como acreditar sus ingresos: declaraci\u00f3n notarial de ingresos.<\/li><\/ul>\n\n\n<!-- WP Block: UDD - Access Cards -->\n<section\n\tid=\"udd-access-cards--1\"\n\tclass=\"wp-block-udd-access-cards\n\t\tis-style-default\"\n\t\tstyle=\"\n\t\t--udd-blocks-has-columns-number: 3\t\t\"\n\t>\n\t<div class=\"container\">\n\t\t\t\t\t<header class=\"header__innerblock block__header\">\n\t\t\t<h2 class=\"block__title\">Temas de inter\u00e9s<\/h2>\n\t\n\t\n\t<\/header>\n\t\t\t\t<div class=\"block__content\">\n\t\t\t<div\n\t\t\t\tclass=\"udd-access-cards\"\n\t\t\t\t\t\t\t>\n\t\t\t<div\n\tdata-index=\"1\"\n\tclass=\"udd-access-card-wrapper\"\n\t>\n\t<a href=\"https:\/\/derecho.udd.cl\/clinica-juridica-santiago\/files\/2018\/10\/Informacio%CC%81n-tercerias.pdf\" class=\"access-card access-card--profile\" data-url=\"https:\/\/derecho.udd.cl\/clinica-juridica-santiago\/files\/2018\/10\/Informacio%CC%81n-tercerias.pdf\">\n\t\t\t\t\t\t<h3\n\t\t\tdata-index=\"1\"\n\t\t\tclass=\"access-card__title\"\n\t\t>\n\t\t\tTercer\u00edas \u00bfQu\u00e9 son? \u00bfPara qu\u00e9 sirven?\t\t<\/h3>\n\t\t\t\t<div class=\"access-card__link\">\n\t\t\t<span class=\"access-card__link-text\">Leer informacio\u0301n sobre Tercer\u00edas<\/span>\n\t\t<\/div>\n\t<\/a>\n<\/div>\n<div\n\tdata-index=\"2\"\n\tclass=\"udd-access-card-wrapper\"\n\t>\n\t<a href=\"https:\/\/derecho.udd.cl\/clinica-juridica-santiago\/files\/2019\/03\/Informacio%CC%81n-Juicio-de-Arriendo.pdf\" class=\"access-card access-card--profile\" data-url=\"https:\/\/derecho.udd.cl\/clinica-juridica-santiago\/files\/2019\/03\/Informacio%CC%81n-Juicio-de-Arriendo.pdf\">\n\t\t\t\t\t\t<h3\n\t\t\tdata-index=\"2\"\n\t\t\tclass=\"access-card__title\"\n\t\t>\n\t\t\tJuicio de Arrendamiento \u00bfQu\u00e9 es? \u00bfC\u00f3mo se aplica?\t\t<\/h3>\n\t\t\t\t<div class=\"access-card__link\">\n\t\t\t<span class=\"access-card__link-text\">Leer informacio\u0301n sobre Juicio de Arriendo<\/span>\n\t\t<\/div>\n\t<\/a>\n<\/div>\n<div\n\tdata-index=\"3\"\n\tclass=\"udd-access-card-wrapper\"\n\t>\n\t<a href=\"https:\/\/derecho.udd.cl\/clinica-juridica-santiago\/files\/2021\/07\/registro-de-patente-.pdf\" class=\"access-card access-card--profile\" data-url=\"https:\/\/derecho.udd.cl\/clinica-juridica-santiago\/files\/2021\/07\/registro-de-patente-.pdf\">\n\t\t\t\t\t\t<h3\n\t\t\tdata-index=\"3\"\n\t\t\tclass=\"access-card__title\"\n\t\t>\n\t\t\tC\u00f3mo Registrar una Patente en Chile\t\t<\/h3>\n\t\t\t\t<div class=\"access-card__link\">\n\t\t\t<span class=\"access-card__link-text\">Leer informacio\u0301n sobre la inscripci\u00f3n de Patentes en Chile<\/span>\n\t\t<\/div>\n\t<\/a>\n<\/div>\n\t\t\t<\/div>\n\t\t<\/div>\n\t<\/div>\n<\/section>\n","protected":false},"excerpt":{"rendered":"<p>Para que podamos ayudarlo con su problema legal, usted debe saber: Si usted requiere un abogado para iniciar un juicio o defensa en \u00e9l, realizar un contrato, etc., deber\u00e1 acreditar sus ingresos. Si trabaja como dependiente debe traer las tres \u00faltimas liquidaciones de sueldo. Si est\u00e1 pensionado: su liquidaci\u00f3n de pensi\u00f3n o jubilaci\u00f3n. Si es [&hellip;]<\/p>\n","protected":false},"author":15,"featured_media":0,"parent":0,"menu_order":0,"comment_status":"open","ping_status":"open","template":"","meta":{"footnotes":""},"class_list":["post-61","page","type-page","status-publish","hentry"],"_links":{"self":[{"href":"https:\/\/derecho.udd.cl\/clinica-juridica-santiago\/wp-json\/wp\/v2\/pages\/61","targetHints":{"allow":["GET"]}}],"collection":[{"href":"https:\/\/derecho.udd.cl\/clinica-juridica-santiago\/wp-json\/wp\/v2\/pages"}],"about":[{"href":"https:\/\/derecho.udd.cl\/clinica-juridica-santiago\/wp-json\/wp\/v2\/types\/page"}],"author":[{"embeddable":true,"href":"https:\/\/derecho.udd.cl\/clinica-juridica-santiago\/wp-json\/wp\/v2\/users\/15"}],"replies":[{"embeddable":true,"href":"https:\/\/derecho.udd.cl\/clinica-juridica-santiago\/wp-json\/wp\/v2\/comments?post=61"}],"version-history":[{"count":7,"href":"https:\/\/derecho.udd.cl\/clinica-juridica-santiago\/wp-json\/wp\/v2\/pages\/61\/revisions"}],"predecessor-version":[{"id":637,"href":"https:\/\/derecho.udd.cl\/clinica-juridica-santiago\/wp-json\/wp\/v2\/pages\/61\/revisions\/637"}],"wp:attachment":[{"href":"https:\/\/derecho.udd.cl\/clinica-juridica-santiago\/wp-json\/wp\/v2\/media?parent=61"}],"curies":[{"name":"wp","href":"https:\/\/api.w.org\/{rel}","templated":true}]}}