{"id":607,"date":"2021-06-30T22:07:29","date_gmt":"2021-06-30T22:07:29","guid":{"rendered":"http:\/\/derecho.udd.cl\/clinica-juridica-santiago\/?page_id=607"},"modified":"2025-04-03T16:30:25","modified_gmt":"2025-04-03T19:30:25","slug":"inicio","status":"publish","type":"page","link":"https:\/\/derecho.udd.cl\/clinica-juridica-santiago\/","title":{"rendered":"Inicio"},"content":{"rendered":"<section class=\"wp-block-udd-text-row block--bg-gray\">\n\t<div class=\"text-row\">\n\t\t<div class=\"text-row__content\">\n\t\t\t<div class=\"text-row__content-inner text\">\n\t\t\t\t\t\t\t\t<h2>CL\u00cdNICA JUR\u00cdDICA DERECHO SANTIAGO<\/h2>\n\t\t\t\t\t\t\t\t\n<p>La Cl\u00ednica Jur\u00eddica es una actividad educativa inserta como asignatura en la malla curricular<br> de la carrera de Derecho y que sirve de campo cl\u00ednico para <strong>desarrollar habilidades y<br> competencias <\/strong>con el fin de que alumnos que cursen la asignatura, puedan tener conocimiento<br> temprano de las exigencias y situaciones pr\u00e1cticas que enfrentar\u00e1n como abogados a futuro y a<br> su vez permitir el <strong>ejercicio de la responsabilidad p\u00fablica, a trav\u00e9s de la participaci\u00f3n y<br> colaboraci\u00f3n <\/strong>en la atenci\u00f3n de casos y causas que conozca la Cl\u00ednica Jur\u00eddica.<\/p>\n\n<p><\/p>\n<p class=\"wp-block-udd-button text-left js-show-in-modal\"><a class=\"btn btn-primary \" href=\"https:\/\/derecho.udd.cl\/clinica-juridica-santiago\/formulario-de-atencion-online-clinica-juridica-udd\/\" data-url=\"https:\/\/derecho.udd.cl\/clinica-juridica-santiago\/formulario-de-atencion-online-clinica-juridica-udd\/\"> Solicitar atenci\u00f3n online <\/a><\/p>\n\t\t\t<\/div>\n\t\t<\/div>\n\t\t<div class=\"text-row__media\">\n\t\t\t<img loading=\"lazy\" decoding=\"async\" width=\"401\" height=\"534\" src=\"https:\/\/derecho.udd.cl\/clinica-juridica-santiago\/files\/2018\/10\/IMG-4324-e1539809172858-800x450.jpg\" class=\"text-row__media-image lazyload\" alt=\"\" sizes=\"auto, (max-width: 401px) 100vw, 401px\" data-src=\"https:\/\/derecho.udd.cl\/clinica-juridica-santiago\/files\/2018\/10\/IMG-4324-e1539809172858.jpg\" data-srcset=\"https:\/\/derecho.udd.cl\/clinica-juridica-santiago\/files\/2018\/10\/IMG-4324-e1539809172858.jpg 3024w, https:\/\/derecho.udd.cl\/clinica-juridica-santiago\/files\/2018\/10\/IMG-4324-e1539809172858-225x300.jpg 225w, https:\/\/derecho.udd.cl\/clinica-juridica-santiago\/files\/2018\/10\/IMG-4324-e1539809172858-768x1024.jpg 768w, https:\/\/derecho.udd.cl\/clinica-juridica-santiago\/files\/2018\/10\/IMG-4324-e1539809172858-720x960.jpg 720w\" \/>\t\t<\/div>\n\t<\/div>\n<\/section>\n\n\n<section class=\"wp-block-udd-fullwidth-cards\">\n\t<div class=\"container\">\n\t\t<header class=\"block__header\">\n\t\t\t<h2 class=\"block__title\">Noticias<\/h2>\n\t\t\t\t\t\t<a target=\"_blank\" rel=\"noreferer noopener\" href=\"https:\/\/derecho.udd.cl\/categoria\/clinica-juridica-santiago\/\" class=\"block__view-more\">Ver m\u00e1s<\/a>\n\t\t\t\t\t<\/header>\n\t\t<div class=\"block__content\">\n\t\t\t<div class=\"fullwidth-cards\">\n\t\t\t\t\t\t\t<div class=\"fullwidth-card-wrapper\">\n\t\t\t\t\t<a href=\"https:\/\/derecho.udd.cl\/noticias\/2026\/03\/clinica-juridica-udd-santiago-inicia-sus-actividades-academicas-2026-con-jornadas-de-induccion-para-estudiantes\/\" class=\"fullwidth-card fullwidth-card--linkable\">\n\t\t\t\t\t\t<img class=\"fullwidth-card__image wp-post-image\" decoding=\"async\" loading=\"lazy\" width=\"500\" height=\"500\" src=\"https:\/\/derecho.udd.cl\/files\/2026\/03\/whatsapp-image-2026-03-09-at-15-50-25-n_ximena-del-carmen-me-1-500x500.jpeg\" alt=\"\" srcset=\"https:\/\/derecho.udd.cl\/files\/2026\/03\/whatsapp-image-2026-03-09-at-15-50-25-n_ximena-del-carmen-me-1-150x150.jpeg 150w, https:\/\/derecho.udd.cl\/files\/2026\/03\/whatsapp-image-2026-03-09-at-15-50-25-n_ximena-del-carmen-me-1-62x62.jpeg 62w, https:\/\/derecho.udd.cl\/files\/2026\/03\/whatsapp-image-2026-03-09-at-15-50-25-n_ximena-del-carmen-me-1-750x750.jpeg 750w, https:\/\/derecho.udd.cl\/files\/2026\/03\/whatsapp-image-2026-03-09-at-15-50-25-n_ximena-del-carmen-me-1-500x500.jpeg 500w, https:\/\/derecho.udd.cl\/files\/2026\/03\/whatsapp-image-2026-03-09-at-15-50-25-n_ximena-del-carmen-me-1-250x250.jpeg 250w, https:\/\/derecho.udd.cl\/files\/2026\/03\/whatsapp-image-2026-03-09-at-15-50-25-n_ximena-del-carmen-me-1-126x126.jpeg 126w\" sizes=\"auto, (max-width: 500px) 100vw, 500px\" >\t\t\t\t\t\t<div class=\"fullwidth-card__content\">\n\t\t\t\t\t\t\t<span class=\"fullwidth-card__date\">9 de marzo 2026<\/span>\n\t\t\t\t\t\t\t<h3 class=\"fullwidth-card__title\">Cl\u00ednica Jur\u00eddica UDD Santiago inicia sus actividades acad\u00e9micas 2026 con jornadas de inducci\u00f3n para estudiantes<\/h3>\n\t\t\t\t\t\t\t<span class=\"fullwidth-card__link\">Conocer m\u00e1s<\/span>\n\t\t\t\t\t\t<\/div>\n\t\t\t\t\t<\/a>\n\t\t\t\t<\/div>\n\t\t\t\t\t\t\t<div class=\"fullwidth-card-wrapper\">\n\t\t\t\t\t<a href=\"https:\/\/derecho.udd.cl\/noticias\/2026\/01\/estudiantes-de-derecho-udd-participan-en-nueva-edicion-del-voluntariado-sonrie-udd\/\" class=\"fullwidth-card fullwidth-card--linkable\">\n\t\t\t\t\t\t<img class=\"fullwidth-card__image wp-post-image\" decoding=\"async\" loading=\"lazy\" width=\"500\" height=\"500\" src=\"https:\/\/derecho.udd.cl\/files\/2026\/01\/sonrie-udd-ccp-2026-1-500x500.jpg\" alt=\"\" srcset=\"https:\/\/derecho.udd.cl\/files\/2026\/01\/sonrie-udd-ccp-2026-1-150x150.jpg 150w, https:\/\/derecho.udd.cl\/files\/2026\/01\/sonrie-udd-ccp-2026-1-62x62.jpg 62w, https:\/\/derecho.udd.cl\/files\/2026\/01\/sonrie-udd-ccp-2026-1-750x750.jpg 750w, https:\/\/derecho.udd.cl\/files\/2026\/01\/sonrie-udd-ccp-2026-1-500x500.jpg 500w, https:\/\/derecho.udd.cl\/files\/2026\/01\/sonrie-udd-ccp-2026-1-250x250.jpg 250w, https:\/\/derecho.udd.cl\/files\/2026\/01\/sonrie-udd-ccp-2026-1-126x126.jpg 126w\" sizes=\"auto, (max-width: 500px) 100vw, 500px\" >\t\t\t\t\t\t<div class=\"fullwidth-card__content\">\n\t\t\t\t\t\t\t<span class=\"fullwidth-card__date\">15 de enero 2026<\/span>\n\t\t\t\t\t\t\t<h3 class=\"fullwidth-card__title\">Estudiantes de Derecho UDD participan en nueva edici\u00f3n del voluntariado \u201cSonr\u00ede UDD\u201d<\/h3>\n\t\t\t\t\t\t\t<span class=\"fullwidth-card__link\">Conocer m\u00e1s<\/span>\n\t\t\t\t\t\t<\/div>\n\t\t\t\t\t<\/a>\n\t\t\t\t<\/div>\n\t\t\t\t\t\t\t<div class=\"fullwidth-card-wrapper\">\n\t\t\t\t\t<a href=\"https:\/\/derecho.udd.cl\/noticias\/2025\/12\/derecho-udd-realizo-su-tradicional-celebracion-de-navidad-en-la-clinica-juridica-udd-en-renca\/\" class=\"fullwidth-card fullwidth-card--linkable\">\n\t\t\t\t\t\t<img class=\"fullwidth-card__image wp-post-image\" decoding=\"async\" loading=\"lazy\" width=\"500\" height=\"500\" src=\"https:\/\/derecho.udd.cl\/files\/2025\/12\/20251213_135421-1-500x500.jpg\" alt=\"\" srcset=\"https:\/\/derecho.udd.cl\/files\/2025\/12\/20251213_135421-1-150x150.jpg 150w, https:\/\/derecho.udd.cl\/files\/2025\/12\/20251213_135421-1-62x62.jpg 62w, https:\/\/derecho.udd.cl\/files\/2025\/12\/20251213_135421-1-750x750.jpg 750w, https:\/\/derecho.udd.cl\/files\/2025\/12\/20251213_135421-1-500x500.jpg 500w, https:\/\/derecho.udd.cl\/files\/2025\/12\/20251213_135421-1-250x250.jpg 250w, https:\/\/derecho.udd.cl\/files\/2025\/12\/20251213_135421-1-126x126.jpg 126w\" sizes=\"auto, (max-width: 500px) 100vw, 500px\" >\t\t\t\t\t\t<div class=\"fullwidth-card__content\">\n\t\t\t\t\t\t\t<span class=\"fullwidth-card__date\">15 de diciembre 2025<\/span>\n\t\t\t\t\t\t\t<h3 class=\"fullwidth-card__title\">Derecho UDD realiz\u00f3 su tradicional celebraci\u00f3n de Navidad en la Cl\u00ednica Jur\u00eddica UDD en Renca<\/h3>\n\t\t\t\t\t\t\t<span class=\"fullwidth-card__link\">Conocer m\u00e1s<\/span>\n\t\t\t\t\t\t<\/div>\n\t\t\t\t\t<\/a>\n\t\t\t\t<\/div>\n\t\t\t\t\t\t\t<div class=\"fullwidth-card-wrapper\">\n\t\t\t\t\t<a href=\"https:\/\/derecho.udd.cl\/noticias\/2025\/10\/seminario-abordo-los-desafios-del-e-commerce-y-la-proteccion-del-consumidor-en-tiempos-de-inteligencia-artificial\/\" class=\"fullwidth-card fullwidth-card--linkable\">\n\t\t\t\t\t\t<img class=\"fullwidth-card__image wp-post-image\" decoding=\"async\" loading=\"lazy\" width=\"500\" height=\"500\" src=\"https:\/\/derecho.udd.cl\/files\/2025\/10\/seminario-e-comerce-y-consumo_cab-500x500.jpg\" alt=\"\" srcset=\"https:\/\/derecho.udd.cl\/files\/2025\/10\/seminario-e-comerce-y-consumo_cab-150x150.jpg 150w, https:\/\/derecho.udd.cl\/files\/2025\/10\/seminario-e-comerce-y-consumo_cab-62x62.jpg 62w, https:\/\/derecho.udd.cl\/files\/2025\/10\/seminario-e-comerce-y-consumo_cab-750x750.jpg 750w, https:\/\/derecho.udd.cl\/files\/2025\/10\/seminario-e-comerce-y-consumo_cab-500x500.jpg 500w, https:\/\/derecho.udd.cl\/files\/2025\/10\/seminario-e-comerce-y-consumo_cab-250x250.jpg 250w, https:\/\/derecho.udd.cl\/files\/2025\/10\/seminario-e-comerce-y-consumo_cab-126x126.jpg 126w\" sizes=\"auto, (max-width: 500px) 100vw, 500px\" >\t\t\t\t\t\t<div class=\"fullwidth-card__content\">\n\t\t\t\t\t\t\t<span class=\"fullwidth-card__date\">17 de octubre 2025<\/span>\n\t\t\t\t\t\t\t<h3 class=\"fullwidth-card__title\">Seminario abord\u00f3 los desaf\u00edos del e-commerce y la protecci\u00f3n del consumidor en tiempos de Inteligencia Artificial<\/h3>\n\t\t\t\t\t\t\t<span class=\"fullwidth-card__link\">Conocer m\u00e1s<\/span>\n\t\t\t\t\t\t<\/div>\n\t\t\t\t\t<\/a>\n\t\t\t\t<\/div>\n\t\t\t\t\t\t\t<div class=\"fullwidth-card-wrapper\">\n\t\t\t\t\t<a href=\"https:\/\/derecho.udd.cl\/noticias\/2025\/10\/clinica-juridica-santiago-realiza-charla-sobre-aspectos-legales-para-el-emprendimiento-junto-a-incuba-udd\/\" class=\"fullwidth-card fullwidth-card--linkable\">\n\t\t\t\t\t\t<img class=\"fullwidth-card__image wp-post-image\" decoding=\"async\" loading=\"lazy\" width=\"500\" height=\"500\" src=\"https:\/\/derecho.udd.cl\/files\/2025\/12\/imagen-de-whatsapp-2025-10-01-a-las-14-57-53__ximena-del-carmen-me-1-500x500.jpg\" alt=\"\" srcset=\"https:\/\/derecho.udd.cl\/files\/2025\/12\/imagen-de-whatsapp-2025-10-01-a-las-14-57-53__ximena-del-carmen-me-1-150x150.jpg 150w, https:\/\/derecho.udd.cl\/files\/2025\/12\/imagen-de-whatsapp-2025-10-01-a-las-14-57-53__ximena-del-carmen-me-1-62x62.jpg 62w, https:\/\/derecho.udd.cl\/files\/2025\/12\/imagen-de-whatsapp-2025-10-01-a-las-14-57-53__ximena-del-carmen-me-1-750x750.jpg 750w, https:\/\/derecho.udd.cl\/files\/2025\/12\/imagen-de-whatsapp-2025-10-01-a-las-14-57-53__ximena-del-carmen-me-1-500x500.jpg 500w, https:\/\/derecho.udd.cl\/files\/2025\/12\/imagen-de-whatsapp-2025-10-01-a-las-14-57-53__ximena-del-carmen-me-1-250x250.jpg 250w, https:\/\/derecho.udd.cl\/files\/2025\/12\/imagen-de-whatsapp-2025-10-01-a-las-14-57-53__ximena-del-carmen-me-1-126x126.jpg 126w\" sizes=\"auto, (max-width: 500px) 100vw, 500px\" >\t\t\t\t\t\t<div class=\"fullwidth-card__content\">\n\t\t\t\t\t\t\t<span class=\"fullwidth-card__date\">2 de octubre 2025<\/span>\n\t\t\t\t\t\t\t<h3 class=\"fullwidth-card__title\">Cl\u00ednica Jur\u00eddica Santiago realiza charla sobre aspectos legales para el emprendimiento junto a Incuba UDD<\/h3>\n\t\t\t\t\t\t\t<span class=\"fullwidth-card__link\">Conocer m\u00e1s<\/span>\n\t\t\t\t\t\t<\/div>\n\t\t\t\t\t<\/a>\n\t\t\t\t<\/div>\n\t\t\t\t\t\t<\/div>\n\t\t<\/div>\n\t<\/div>\n<\/section>\n\n","protected":false},"excerpt":{"rendered":"","protected":false},"author":51,"featured_media":0,"parent":0,"menu_order":0,"comment_status":"closed","ping_status":"closed","template":"","meta":{"footnotes":""},"class_list":["post-607","page","type-page","status-publish","hentry"],"_links":{"self":[{"href":"https:\/\/derecho.udd.cl\/clinica-juridica-santiago\/wp-json\/wp\/v2\/pages\/607","targetHints":{"allow":["GET"]}}],"collection":[{"href":"https:\/\/derecho.udd.cl\/clinica-juridica-santiago\/wp-json\/wp\/v2\/pages"}],"about":[{"href":"https:\/\/derecho.udd.cl\/clinica-juridica-santiago\/wp-json\/wp\/v2\/types\/page"}],"author":[{"embeddable":true,"href":"https:\/\/derecho.udd.cl\/clinica-juridica-santiago\/wp-json\/wp\/v2\/users\/51"}],"replies":[{"embeddable":true,"href":"https:\/\/derecho.udd.cl\/clinica-juridica-santiago\/wp-json\/wp\/v2\/comments?post=607"}],"version-history":[{"count":4,"href":"https:\/\/derecho.udd.cl\/clinica-juridica-santiago\/wp-json\/wp\/v2\/pages\/607\/revisions"}],"predecessor-version":[{"id":1591,"href":"https:\/\/derecho.udd.cl\/clinica-juridica-santiago\/wp-json\/wp\/v2\/pages\/607\/revisions\/1591"}],"wp:attachment":[{"href":"https:\/\/derecho.udd.cl\/clinica-juridica-santiago\/wp-json\/wp\/v2\/media?parent=607"}],"curies":[{"name":"wp","href":"https:\/\/api.w.org\/{rel}","templated":true}]}}