{"id":50,"date":"2014-05-29T19:21:45","date_gmt":"2014-05-29T19:21:45","guid":{"rendered":"http:\/\/derecho-scl.udd.cl\/clinica-juridica\/?page_id=50"},"modified":"2021-06-30T21:27:49","modified_gmt":"2021-06-30T21:27:49","slug":"vision-y-mision","status":"publish","type":"page","link":"https:\/\/derecho.udd.cl\/clinica-juridica-santiago\/sobre-la-clinica-juridica\/vision-y-mision\/","title":{"rendered":"Visi\u00f3n y Misi\u00f3n"},"content":{"rendered":"\n<h2 class=\"wp-block-heading\">Visi\u00f3n<\/h2>\n\n\n\n<p>La Cl\u00ednica Jur\u00eddica, tiene como visi\u00f3n, entregar a las personas, de escasos recursos que no pueden financiar un abogado particular, un trabajo jur\u00eddico bien hecho, desarrollando la responsabilidad p\u00fablica en el \u00e1mbito de lo jur\u00eddico, &nbsp;unido a un actuar \u00e9tico por parte de los profesionales y estudiantes de la Universidad del Desarrollo, y espec\u00edficamente, los de la Facultad de Derecho, que se desempe\u00f1an en ella.<\/p>\n\n\n\n<h2 class=\"wp-block-heading\">Misi\u00f3n<\/h2>\n\n\n\n<p>La Cl\u00ednica Jur\u00eddica tiene como misi\u00f3n otorgar un servicio jur\u00eddico gratuito y de calidad a las personas de escasos recursos, que no pueden financiar un abogado particular.<\/p>\n\n\n\n<p>Para ello, cuenta con abogados que otorgan una atenci\u00f3n personalizada, en instalaciones f\u00edsicas de alto est\u00e1ndar, de manera que nuestros usuarios sientan que se les est\u00e1 entregando un acceso a la justicia adecuado.<\/p>\n","protected":false},"excerpt":{"rendered":"<p>Visi\u00f3n La Cl\u00ednica Jur\u00eddica, tiene como visi\u00f3n, entregar a las personas, de escasos recursos que no pueden financiar un abogado particular, un trabajo jur\u00eddico bien hecho, desarrollando la responsabilidad p\u00fablica en el \u00e1mbito de lo jur\u00eddico, &nbsp;unido a un actuar \u00e9tico por parte de los profesionales y estudiantes de la Universidad del Desarrollo, y espec\u00edficamente, [&hellip;]<\/p>\n","protected":false},"author":15,"featured_media":0,"parent":47,"menu_order":0,"comment_status":"open","ping_status":"open","template":"","meta":{"footnotes":""},"class_list":["post-50","page","type-page","status-publish","hentry"],"_links":{"self":[{"href":"https:\/\/derecho.udd.cl\/clinica-juridica-santiago\/wp-json\/wp\/v2\/pages\/50","targetHints":{"allow":["GET"]}}],"collection":[{"href":"https:\/\/derecho.udd.cl\/clinica-juridica-santiago\/wp-json\/wp\/v2\/pages"}],"about":[{"href":"https:\/\/derecho.udd.cl\/clinica-juridica-santiago\/wp-json\/wp\/v2\/types\/page"}],"author":[{"embeddable":true,"href":"https:\/\/derecho.udd.cl\/clinica-juridica-santiago\/wp-json\/wp\/v2\/users\/15"}],"replies":[{"embeddable":true,"href":"https:\/\/derecho.udd.cl\/clinica-juridica-santiago\/wp-json\/wp\/v2\/comments?post=50"}],"version-history":[{"count":2,"href":"https:\/\/derecho.udd.cl\/clinica-juridica-santiago\/wp-json\/wp\/v2\/pages\/50\/revisions"}],"predecessor-version":[{"id":593,"href":"https:\/\/derecho.udd.cl\/clinica-juridica-santiago\/wp-json\/wp\/v2\/pages\/50\/revisions\/593"}],"up":[{"embeddable":true,"href":"https:\/\/derecho.udd.cl\/clinica-juridica-santiago\/wp-json\/wp\/v2\/pages\/47"}],"wp:attachment":[{"href":"https:\/\/derecho.udd.cl\/clinica-juridica-santiago\/wp-json\/wp\/v2\/media?parent=50"}],"curies":[{"name":"wp","href":"https:\/\/api.w.org\/{rel}","templated":true}]}}