{"id":48,"date":"2014-05-29T19:20:58","date_gmt":"2014-05-29T19:20:58","guid":{"rendered":"http:\/\/derecho-scl.udd.cl\/clinica-juridica\/?page_id=48"},"modified":"2021-06-30T21:30:30","modified_gmt":"2021-06-30T21:30:30","slug":"que-es-la-clinica-juridica","status":"publish","type":"page","link":"https:\/\/derecho.udd.cl\/clinica-juridica-santiago\/sobre-la-clinica-juridica\/que-es-la-clinica-juridica\/","title":{"rendered":"\u00bfQu\u00e9 es la Cl\u00ednica Jur\u00eddica?"},"content":{"rendered":"\n<h2 class=\"wp-block-heading\">Sobre la cl\u00ednica<\/h2>\n\n\n\n<p>La Cl\u00ednica Jur\u00eddica de la Universidad del Desarrollo, sede Santiago, otorga un servicio de ayuda gratuita a la comunidad, <strong>facilitando el acceso a la justicia<\/strong> de las personas que requieran asistencia jur\u00eddica, y a la vez, permite el <strong>aprendizaje experiencial de los estudiantes<\/strong> de la carrera de Derecho en la aplicaci\u00f3n pr\u00e1ctica del mismo.<\/p>\n\n\n\n<p>El servicio de facilitar el acceso a la justicia, especialmente a las personas de escasos recursos que no pueden costear un abogado particular, implica la<strong> orientaci\u00f3n en temas de Derecho; y la representaci\u00f3n judicial y extrajudicial de sus patrocinados<\/strong> ante los Tribunales de Justicia.<\/p>\n\n\n\n<p>Adicionalmente entrega asesor\u00eda jur\u00eddica a peque\u00f1os emprendedores, quienes reciben orientaci\u00f3n y ayuda jur\u00eddica para la<strong> formalizaci\u00f3n legal de su emprendimiento<\/strong> y dem\u00e1s necesidades jur\u00eddicas b\u00e1sicas.<\/p>\n\n\n\n<p>Asimismo asesora en la <strong>defensa de los derechos del consumidor <\/strong>ante los Juzgados de Polic\u00eda Local de Renca, Santiago, Lo Barnechea y Las Condes.<\/p>\n\n\n\n<p>Lo anterior significa que la Cl\u00ednica Jur\u00eddica, tiene abierta sus puertas a la comunidad para:<\/p>\n\n\n\n<ul class=\"wp-block-list\"><li>La <strong>orientaci\u00f3n jur\u00eddica a personas que necesiten asesor\u00edas<\/strong> en problem\u00e1ticas relacionadas con temas de <strong>derecho civil, laboral, polic\u00eda local, entre otros.<\/strong><\/li><li>La <strong>representaci\u00f3n judicial,<\/strong> a personas de escasos recursos que no pueden costear un abogado particular, especialmente en<strong> juicios seguidos ante Tribunales Civiles de Santiago<\/strong>. Lo anterior implica la intervenci\u00f3n en juicios de t\u00e9rmino de contrato de arriendo, nulidades de contratos, juicios de nombramiento de juez partidor, tercer\u00edas de posesi\u00f3n, declaraci\u00f3n de interdicci\u00f3n, prescripciones, cambios de nombre o rectificaci\u00f3n de partidas de nacimiento, posesiones efectivas, muerte presunta, entre otros.<\/li><li>La <strong>representaci\u00f3n extrajudicial,<\/strong> a personas de escasos recursos, consiste en la <strong>asesor\u00eda en elaboraci\u00f3n de contratos, <\/strong>tales como, contratos de compraventa, cesi\u00f3n de derechos hereditarios, testamentos, entre otros.<\/li><li>La <strong>orientaci\u00f3n y asesor\u00eda en el \u00e1rea de emprendimiento, <\/strong>lo que implica elaboraci\u00f3n de escrituras de sociedad, modificaci\u00f3n y terminaci\u00f3n de las mismas, elaboraci\u00f3n de contratos de trabajo y de prestaci\u00f3n de servicios, entre otros.<\/li><li>La <strong>orientaci\u00f3n y asesor\u00eda en el \u00e1rea defensa de los derechos del consumidor <\/strong>ante los Juzgados de Polic\u00eda Local de Renca, Santiago, Lo Barnechea y Las Condes.<\/li><\/ul>\n\n\n\n<p>Por su parte, la ense\u00f1anza pr\u00e1ctica del Derecho, est\u00e1 <strong>orientada a los estudiantes que cursan el ramo de Cl\u00ednica Jur\u00eddica,<\/strong> en la Universidad del Desarrollo, sede Santiago, los que se desempe\u00f1an en ella, durante tres semestres, de acuerdo a su malla curricular, dando <strong>continuidad a las tareas de asistencia judicial y extrajudicial, <\/strong>logrando con ello un aprendizaje pr\u00e1ctico del Derecho y el ejercicio de la responsabilidad p\u00fablica. Esta actividad se realiza bajo la <strong>supervisi\u00f3n y control de un cuerpo docente de alta calidad,<\/strong> formado por abogados con una vasta trayectoria en tramitaci\u00f3n judicial y extrajudicial, quienes se encuentran especialmente encargados del <strong>desempe\u00f1o y direcci\u00f3n de los estudiantes.<\/strong><\/p>\n","protected":false},"excerpt":{"rendered":"<p>Sobre la cl\u00ednica La Cl\u00ednica Jur\u00eddica de la Universidad del Desarrollo, sede Santiago, otorga un servicio de ayuda gratuita a la comunidad, facilitando el acceso a la justicia de las personas que requieran asistencia jur\u00eddica, y a la vez, permite el aprendizaje experiencial de los estudiantes de la carrera de Derecho en la aplicaci\u00f3n pr\u00e1ctica [&hellip;]<\/p>\n","protected":false},"author":15,"featured_media":0,"parent":47,"menu_order":0,"comment_status":"open","ping_status":"open","template":"","meta":{"footnotes":""},"class_list":["post-48","page","type-page","status-publish","hentry"],"_links":{"self":[{"href":"https:\/\/derecho.udd.cl\/clinica-juridica-santiago\/wp-json\/wp\/v2\/pages\/48","targetHints":{"allow":["GET"]}}],"collection":[{"href":"https:\/\/derecho.udd.cl\/clinica-juridica-santiago\/wp-json\/wp\/v2\/pages"}],"about":[{"href":"https:\/\/derecho.udd.cl\/clinica-juridica-santiago\/wp-json\/wp\/v2\/types\/page"}],"author":[{"embeddable":true,"href":"https:\/\/derecho.udd.cl\/clinica-juridica-santiago\/wp-json\/wp\/v2\/users\/15"}],"replies":[{"embeddable":true,"href":"https:\/\/derecho.udd.cl\/clinica-juridica-santiago\/wp-json\/wp\/v2\/comments?post=48"}],"version-history":[{"count":6,"href":"https:\/\/derecho.udd.cl\/clinica-juridica-santiago\/wp-json\/wp\/v2\/pages\/48\/revisions"}],"predecessor-version":[{"id":589,"href":"https:\/\/derecho.udd.cl\/clinica-juridica-santiago\/wp-json\/wp\/v2\/pages\/48\/revisions\/589"}],"up":[{"embeddable":true,"href":"https:\/\/derecho.udd.cl\/clinica-juridica-santiago\/wp-json\/wp\/v2\/pages\/47"}],"wp:attachment":[{"href":"https:\/\/derecho.udd.cl\/clinica-juridica-santiago\/wp-json\/wp\/v2\/media?parent=48"}],"curies":[{"name":"wp","href":"https:\/\/api.w.org\/{rel}","templated":true}]}}