{"id":332,"date":"2020-05-07T23:17:17","date_gmt":"2020-05-07T23:17:17","guid":{"rendered":"http:\/\/derecho.udd.cl\/clinica-juridica-santiago\/?page_id=332"},"modified":"2020-05-08T13:31:47","modified_gmt":"2020-05-08T13:31:47","slug":"formulario-de-atencion-online-clinica-juridica-udd","status":"publish","type":"page","link":"https:\/\/derecho.udd.cl\/clinica-juridica-santiago\/formulario-de-atencion-online-clinica-juridica-udd\/","title":{"rendered":"Formulario de atenci\u00f3n online Cl\u00ednica Jur\u00eddica UDD"},"content":{"rendered":"<div id='wufoo-z5t0q219ca126'>\nFill out my <a href='https:\/\/udesarrollo.wufoo.com\/forms\/z5t0q219ca126'>online form<\/a>.\n<\/div>\n<script type='text\/javascript'>var z5t0q219ca126;(function(d, t) {\nvar s = d.createElement(t), options = {\n'userName'      : 'udesarrollo',    \n'formHash'      : 'z5t0q219ca126',    \n'autoResize'    :  true,   \n'height'        : '741',      \n'async'         :  true,          \n'header'        : 'show',      \n'host'          : 'wufoo.com',    \n'entSource'     : 'wordpress',   \n'defaultValues' : ''     \n,'ssl'          :  1           };\ns.src = ('https:' == d.location.protocol ? 'https:\/\/' : 'http:\/\/') + 'secure.wufoo.com\/scripts\/embed\/form.js';\ns.onload = s.onreadystatechange = function() {\nvar rs = this.readyState; if (rs) if (rs != 'complete') if (rs != 'loaded') return;\ntry { z5t0q219ca126 = new WufooForm();z5t0q219ca126.initialize(options);z5t0q219ca126.display(); } catch (e) {}}\nvar scr = d.getElementsByTagName(t)[0], par = scr.parentNode; par.insertBefore(s, scr);\n})(document, 'script');<\/script> <noscript> <iframe height=\"741\" allowTransparency=\"true\" sandbox=\"allow-top-navigation allow-scripts allow-popups allow-forms allow-same-origin allow-popups-to-escape-sandbox\" frameborder=\"0\" scrolling=\"no\" style=\"width:100%;border:none;\"src=\"https:\/\/udesarrollo.wufoo.com\/embed\/z5t0q219ca126?entsource=wordpress\"><a href=\"https:\/\/udesarrollo.wufoo.com\/forms\/z5t0q219ca126?entsource=wordpress\" rel=\"nofollow\">Fill out my Wufoo form!<\/a><\/iframe> <\/noscript>\n<p>La atenci\u00f3n de los casos quedar\u00e1 sujeta a la disponibilidad de la <strong>Cl\u00ednica Jur\u00eddica<\/strong> en relaci\u00f3n con su capacidad de atenci\u00f3n y el volumen de los casos en tramitaci\u00f3n.<\/p>\n<p>La <strong>Cl\u00ednica Jur\u00eddica<\/strong> se reserva el derecho a no atender aquellos casos que, por cualquier causa o motivo, resulten incompatibles con los principios o intereses de la instituci\u00f3n.<\/p>\n<p><a href=\"https:\/\/derecho.udd.cl\/clinica-juridica-santiago\/files\/2020\/05\/condiciones-de-atenci\u00f3n-CJ-Santiago-1.pdf\" class=\"btn btn-primary\" target=\"_blank\" rel=\"noopener noreferrer\">Ver condiciones de atenci\u00f3n<\/a><\/p>\n\n\n<p><\/p>\n","protected":false},"excerpt":{"rendered":"<p>La atenci\u00f3n de los casos quedar\u00e1 sujeta a la disponibilidad de la Cl\u00ednica Jur\u00eddica en relaci\u00f3n con su capacidad de atenci\u00f3n y el volumen de los casos en tramitaci\u00f3n. La Cl\u00ednica Jur\u00eddica se reserva el derecho a no atender aquellos casos que, por cualquier causa o motivo, resulten incompatibles con los principios o intereses de [&hellip;]<\/p>\n","protected":false},"author":44,"featured_media":0,"parent":0,"menu_order":0,"comment_status":"closed","ping_status":"closed","template":"template-wide-content.php","meta":{"footnotes":""},"class_list":["post-332","page","type-page","status-publish","hentry"],"_links":{"self":[{"href":"https:\/\/derecho.udd.cl\/clinica-juridica-santiago\/wp-json\/wp\/v2\/pages\/332","targetHints":{"allow":["GET"]}}],"collection":[{"href":"https:\/\/derecho.udd.cl\/clinica-juridica-santiago\/wp-json\/wp\/v2\/pages"}],"about":[{"href":"https:\/\/derecho.udd.cl\/clinica-juridica-santiago\/wp-json\/wp\/v2\/types\/page"}],"author":[{"embeddable":true,"href":"https:\/\/derecho.udd.cl\/clinica-juridica-santiago\/wp-json\/wp\/v2\/users\/44"}],"replies":[{"embeddable":true,"href":"https:\/\/derecho.udd.cl\/clinica-juridica-santiago\/wp-json\/wp\/v2\/comments?post=332"}],"version-history":[{"count":8,"href":"https:\/\/derecho.udd.cl\/clinica-juridica-santiago\/wp-json\/wp\/v2\/pages\/332\/revisions"}],"predecessor-version":[{"id":352,"href":"https:\/\/derecho.udd.cl\/clinica-juridica-santiago\/wp-json\/wp\/v2\/pages\/332\/revisions\/352"}],"wp:attachment":[{"href":"https:\/\/derecho.udd.cl\/clinica-juridica-santiago\/wp-json\/wp\/v2\/media?parent=332"}],"curies":[{"name":"wp","href":"https:\/\/api.w.org\/{rel}","templated":true}]}}