{"id":8,"date":"2013-01-14T19:21:05","date_gmt":"2013-01-14T19:21:05","guid":{"rendered":"http:\/\/derecho-ccp.udd.cl\/clinica-juridica\/sobre-el-centro\/mision\/"},"modified":"2021-07-09T20:22:34","modified_gmt":"2021-07-09T20:22:34","slug":"mision","status":"publish","type":"page","link":"https:\/\/derecho.udd.cl\/clinica-juridica-concepcion\/sobre-el-centro\/mision\/","title":{"rendered":"Descripci\u00f3n"},"content":{"rendered":"\n<p>La Cl\u00ednica Jur\u00eddica de la Facultad de Derecho de la UDD, Concepci\u00f3n, forma parte de la &nbsp;malla curricular y se encuentra funcionando desde marzo de 2013,&nbsp; respondiendo a la visi\u00f3n y misi\u00f3n de la UDD y de la Facultad de Derecho, en cuanto a trav\u00e9s de ella se concreta el apoyo y fomento al emprendimiento y a la responsabilidad p\u00fablica, logrando una vinculaci\u00f3n efectiva de nuestros alumnos con el medio en una actitud de cooperaci\u00f3n y de integraci\u00f3n en sus \u00e1reas de pr\u00e1ctica como lo es el \u00e1rea de Emprendimiento, el \u00e1rea de Derecho del Consumidor y el \u00e1rea de Tramitaci\u00f3n Civil.<\/p>\n\n\n\n<p>Esta Cl\u00ednica Jur\u00eddica tiene por finalidad contribuir a la formaci\u00f3n de los alumnos de la Facultad de Derecho, a trav\u00e9s del conocimiento temprano de los problemas y necesidades que les tocar\u00e1 enfrentar en el ejercicio de la profesi\u00f3n, a trav\u00e9s de un aprendizaje experiencial.<\/p>\n\n\n\n<p>As\u00ed, mediante la aplicaci\u00f3n pr\u00e1ctica de los conocimientos te\u00f3ricos adquiridos por los alumnos en la primera etapa de su ciclo de estudios y el desarrollo de las habilidades y competencias que son propias del ejercicio de la profesi\u00f3n, con un sentido \u00e9tico y de responsabilidad p\u00fablica, se potencia el sello de la Facultad vinculado al Derecho de la Empresa, logrando adem\u00e1s para los usuarios un real apoyo en sus necesidades jur\u00eddicas vinculadas a las \u00e1reas de Emprendimiento, del Derecho del Consumidor y de Tramitaci\u00f3n Civil.<\/p>\n\n\n\n<p>Asimismo, como una forma de aprovechar las nuevas tecnolog\u00edas, la Cl\u00ednica Jur\u00eddica implement\u00f3 el proyecto Atenci\u00f3n Jur\u00eddica online, que funciona desde Mayo de 2020 y que permite a usuarios solicitar orientaci\u00f3n y asesor\u00eda jur\u00eddica en las materias de las distintas \u00e1reas de pr\u00e1ctica de la Cl\u00ednica Jur\u00eddica, a trav\u00e9s de un simple procedimiento electr\u00f3nico.<\/p>\n\n\n\n<figure class=\"wp-block-gallery columns-2 is-cropped wp-block-gallery-1 is-layout-flex wp-block-gallery-is-layout-flex\"><ul class=\"blocks-gallery-grid\"><li class=\"blocks-gallery-item\"><figure><img loading=\"lazy\" decoding=\"async\" width=\"1024\" height=\"512\" src=\"https:\/\/derecho.udd.cl\/clinica-juridica-concepcion\/files\/2021\/07\/IMG_20190312_104424-1024x512.jpg\" alt=\"\" data-id=\"1235\" data-full-url=\"https:\/\/derecho.udd.cl\/clinica-juridica-concepcion\/files\/2021\/07\/IMG_20190312_104424-scaled.jpg\" data-link=\"https:\/\/derecho.udd.cl\/clinica-juridica-concepcion\/sobre-el-centro\/mision\/rhdr\/\" class=\"wp-image-1235\" srcset=\"https:\/\/derecho.udd.cl\/clinica-juridica-concepcion\/files\/2021\/07\/IMG_20190312_104424-1024x512.jpg 1024w, https:\/\/derecho.udd.cl\/clinica-juridica-concepcion\/files\/2021\/07\/IMG_20190312_104424-300x150.jpg 300w, https:\/\/derecho.udd.cl\/clinica-juridica-concepcion\/files\/2021\/07\/IMG_20190312_104424-768x384.jpg 768w, https:\/\/derecho.udd.cl\/clinica-juridica-concepcion\/files\/2021\/07\/IMG_20190312_104424-1536x768.jpg 1536w, https:\/\/derecho.udd.cl\/clinica-juridica-concepcion\/files\/2021\/07\/IMG_20190312_104424-2048x1024.jpg 2048w\" sizes=\"auto, (max-width: 1024px) 100vw, 1024px\" \/><\/figure><\/li><li class=\"blocks-gallery-item\"><figure><img loading=\"lazy\" decoding=\"async\" width=\"1024\" height=\"512\" src=\"https:\/\/derecho.udd.cl\/clinica-juridica-concepcion\/files\/2021\/07\/IMG_20190312_110101-1024x512.jpg\" alt=\"\" data-id=\"1236\" data-full-url=\"https:\/\/derecho.udd.cl\/clinica-juridica-concepcion\/files\/2021\/07\/IMG_20190312_110101-scaled.jpg\" data-link=\"https:\/\/derecho.udd.cl\/clinica-juridica-concepcion\/sobre-el-centro\/mision\/rhdr-2\/\" class=\"wp-image-1236\" srcset=\"https:\/\/derecho.udd.cl\/clinica-juridica-concepcion\/files\/2021\/07\/IMG_20190312_110101-1024x512.jpg 1024w, https:\/\/derecho.udd.cl\/clinica-juridica-concepcion\/files\/2021\/07\/IMG_20190312_110101-300x150.jpg 300w, https:\/\/derecho.udd.cl\/clinica-juridica-concepcion\/files\/2021\/07\/IMG_20190312_110101-768x384.jpg 768w, https:\/\/derecho.udd.cl\/clinica-juridica-concepcion\/files\/2021\/07\/IMG_20190312_110101-1536x768.jpg 1536w, https:\/\/derecho.udd.cl\/clinica-juridica-concepcion\/files\/2021\/07\/IMG_20190312_110101-2048x1024.jpg 2048w\" sizes=\"auto, (max-width: 1024px) 100vw, 1024px\" \/><\/figure><\/li><li class=\"blocks-gallery-item\"><figure><img loading=\"lazy\" decoding=\"async\" width=\"1024\" height=\"512\" src=\"https:\/\/derecho.udd.cl\/clinica-juridica-concepcion\/files\/2021\/07\/IMG_20190312_110308-1024x512.jpg\" alt=\"\" data-id=\"1239\" data-full-url=\"https:\/\/derecho.udd.cl\/clinica-juridica-concepcion\/files\/2021\/07\/IMG_20190312_110308-scaled.jpg\" data-link=\"https:\/\/derecho.udd.cl\/clinica-juridica-concepcion\/sobre-el-centro\/mision\/dav-2\/\" class=\"wp-image-1239\" srcset=\"https:\/\/derecho.udd.cl\/clinica-juridica-concepcion\/files\/2021\/07\/IMG_20190312_110308-1024x512.jpg 1024w, https:\/\/derecho.udd.cl\/clinica-juridica-concepcion\/files\/2021\/07\/IMG_20190312_110308-300x150.jpg 300w, https:\/\/derecho.udd.cl\/clinica-juridica-concepcion\/files\/2021\/07\/IMG_20190312_110308-768x384.jpg 768w, https:\/\/derecho.udd.cl\/clinica-juridica-concepcion\/files\/2021\/07\/IMG_20190312_110308-1536x768.jpg 1536w, https:\/\/derecho.udd.cl\/clinica-juridica-concepcion\/files\/2021\/07\/IMG_20190312_110308-2048x1024.jpg 2048w\" sizes=\"auto, (max-width: 1024px) 100vw, 1024px\" \/><\/figure><\/li><li class=\"blocks-gallery-item\"><figure><img loading=\"lazy\" decoding=\"async\" width=\"1024\" height=\"512\" src=\"https:\/\/derecho.udd.cl\/clinica-juridica-concepcion\/files\/2021\/07\/IMG_20190312_114835-1024x512.jpg\" alt=\"\" data-id=\"1245\" data-full-url=\"https:\/\/derecho.udd.cl\/clinica-juridica-concepcion\/files\/2021\/07\/IMG_20190312_114835-scaled.jpg\" data-link=\"https:\/\/derecho.udd.cl\/clinica-juridica-concepcion\/sobre-el-centro\/mision\/cof-14\/\" class=\"wp-image-1245\" srcset=\"https:\/\/derecho.udd.cl\/clinica-juridica-concepcion\/files\/2021\/07\/IMG_20190312_114835-1024x512.jpg 1024w, https:\/\/derecho.udd.cl\/clinica-juridica-concepcion\/files\/2021\/07\/IMG_20190312_114835-300x150.jpg 300w, https:\/\/derecho.udd.cl\/clinica-juridica-concepcion\/files\/2021\/07\/IMG_20190312_114835-768x384.jpg 768w, https:\/\/derecho.udd.cl\/clinica-juridica-concepcion\/files\/2021\/07\/IMG_20190312_114835-1536x768.jpg 1536w, https:\/\/derecho.udd.cl\/clinica-juridica-concepcion\/files\/2021\/07\/IMG_20190312_114835-2048x1024.jpg 2048w\" sizes=\"auto, (max-width: 1024px) 100vw, 1024px\" \/><\/figure><\/li><li class=\"blocks-gallery-item\"><figure><img loading=\"lazy\" decoding=\"async\" width=\"1024\" height=\"512\" src=\"https:\/\/derecho.udd.cl\/clinica-juridica-concepcion\/files\/2021\/07\/IMG_20190312_110120_1-1024x512.jpg\" alt=\"\" data-id=\"1237\" data-full-url=\"https:\/\/derecho.udd.cl\/clinica-juridica-concepcion\/files\/2021\/07\/IMG_20190312_110120_1-scaled.jpg\" data-link=\"https:\/\/derecho.udd.cl\/clinica-juridica-concepcion\/sobre-el-centro\/mision\/dav\/\" class=\"wp-image-1237\" srcset=\"https:\/\/derecho.udd.cl\/clinica-juridica-concepcion\/files\/2021\/07\/IMG_20190312_110120_1-1024x512.jpg 1024w, https:\/\/derecho.udd.cl\/clinica-juridica-concepcion\/files\/2021\/07\/IMG_20190312_110120_1-300x150.jpg 300w, https:\/\/derecho.udd.cl\/clinica-juridica-concepcion\/files\/2021\/07\/IMG_20190312_110120_1-768x384.jpg 768w, https:\/\/derecho.udd.cl\/clinica-juridica-concepcion\/files\/2021\/07\/IMG_20190312_110120_1-1536x768.jpg 1536w, https:\/\/derecho.udd.cl\/clinica-juridica-concepcion\/files\/2021\/07\/IMG_20190312_110120_1-2048x1024.jpg 2048w\" sizes=\"auto, (max-width: 1024px) 100vw, 1024px\" \/><\/figure><\/li><li class=\"blocks-gallery-item\"><figure><img loading=\"lazy\" decoding=\"async\" width=\"1024\" height=\"512\" src=\"https:\/\/derecho.udd.cl\/clinica-juridica-concepcion\/files\/2021\/07\/IMG_20190312_110316-copia-1024x512.jpg\" alt=\"\" data-id=\"1240\" data-full-url=\"https:\/\/derecho.udd.cl\/clinica-juridica-concepcion\/files\/2021\/07\/IMG_20190312_110316-copia-scaled.jpg\" data-link=\"https:\/\/derecho.udd.cl\/clinica-juridica-concepcion\/sobre-el-centro\/mision\/dav-3\/\" class=\"wp-image-1240\" srcset=\"https:\/\/derecho.udd.cl\/clinica-juridica-concepcion\/files\/2021\/07\/IMG_20190312_110316-copia-1024x512.jpg 1024w, https:\/\/derecho.udd.cl\/clinica-juridica-concepcion\/files\/2021\/07\/IMG_20190312_110316-copia-300x150.jpg 300w, https:\/\/derecho.udd.cl\/clinica-juridica-concepcion\/files\/2021\/07\/IMG_20190312_110316-copia-768x384.jpg 768w, https:\/\/derecho.udd.cl\/clinica-juridica-concepcion\/files\/2021\/07\/IMG_20190312_110316-copia-1536x768.jpg 1536w, https:\/\/derecho.udd.cl\/clinica-juridica-concepcion\/files\/2021\/07\/IMG_20190312_110316-copia-2048x1024.jpg 2048w\" sizes=\"auto, (max-width: 1024px) 100vw, 1024px\" \/><\/figure><\/li><li class=\"blocks-gallery-item\"><figure><img loading=\"lazy\" decoding=\"async\" width=\"1024\" height=\"512\" src=\"https:\/\/derecho.udd.cl\/clinica-juridica-concepcion\/files\/2021\/07\/IMG_20190312_110324-1024x512.jpg\" alt=\"\" data-id=\"1242\" data-full-url=\"https:\/\/derecho.udd.cl\/clinica-juridica-concepcion\/files\/2021\/07\/IMG_20190312_110324-scaled.jpg\" data-link=\"https:\/\/derecho.udd.cl\/clinica-juridica-concepcion\/sobre-el-centro\/mision\/dav-5\/\" class=\"wp-image-1242\" srcset=\"https:\/\/derecho.udd.cl\/clinica-juridica-concepcion\/files\/2021\/07\/IMG_20190312_110324-1024x512.jpg 1024w, https:\/\/derecho.udd.cl\/clinica-juridica-concepcion\/files\/2021\/07\/IMG_20190312_110324-300x150.jpg 300w, https:\/\/derecho.udd.cl\/clinica-juridica-concepcion\/files\/2021\/07\/IMG_20190312_110324-768x384.jpg 768w, https:\/\/derecho.udd.cl\/clinica-juridica-concepcion\/files\/2021\/07\/IMG_20190312_110324-1536x768.jpg 1536w, https:\/\/derecho.udd.cl\/clinica-juridica-concepcion\/files\/2021\/07\/IMG_20190312_110324-2048x1024.jpg 2048w\" sizes=\"auto, (max-width: 1024px) 100vw, 1024px\" \/><\/figure><\/li><li class=\"blocks-gallery-item\"><figure><img loading=\"lazy\" decoding=\"async\" width=\"1024\" height=\"512\" src=\"https:\/\/derecho.udd.cl\/clinica-juridica-concepcion\/files\/2021\/07\/IMG_20190312_114744-1024x512.jpg\" alt=\"\" data-id=\"1243\" data-full-url=\"https:\/\/derecho.udd.cl\/clinica-juridica-concepcion\/files\/2021\/07\/IMG_20190312_114744-scaled.jpg\" data-link=\"https:\/\/derecho.udd.cl\/clinica-juridica-concepcion\/sobre-el-centro\/mision\/cof-12\/\" class=\"wp-image-1243\" srcset=\"https:\/\/derecho.udd.cl\/clinica-juridica-concepcion\/files\/2021\/07\/IMG_20190312_114744-1024x512.jpg 1024w, https:\/\/derecho.udd.cl\/clinica-juridica-concepcion\/files\/2021\/07\/IMG_20190312_114744-300x150.jpg 300w, https:\/\/derecho.udd.cl\/clinica-juridica-concepcion\/files\/2021\/07\/IMG_20190312_114744-768x384.jpg 768w, https:\/\/derecho.udd.cl\/clinica-juridica-concepcion\/files\/2021\/07\/IMG_20190312_114744-1536x768.jpg 1536w, https:\/\/derecho.udd.cl\/clinica-juridica-concepcion\/files\/2021\/07\/IMG_20190312_114744-2048x1024.jpg 2048w\" sizes=\"auto, (max-width: 1024px) 100vw, 1024px\" \/><\/figure><\/li><li class=\"blocks-gallery-item\"><figure><img loading=\"lazy\" decoding=\"async\" width=\"1024\" height=\"512\" src=\"https:\/\/derecho.udd.cl\/clinica-juridica-concepcion\/files\/2021\/07\/IMG_20190312_110144-1024x512.jpg\" alt=\"\" data-id=\"1238\" data-full-url=\"https:\/\/derecho.udd.cl\/clinica-juridica-concepcion\/files\/2021\/07\/IMG_20190312_110144-scaled.jpg\" data-link=\"https:\/\/derecho.udd.cl\/clinica-juridica-concepcion\/sobre-el-centro\/mision\/mde\/\" class=\"wp-image-1238\" srcset=\"https:\/\/derecho.udd.cl\/clinica-juridica-concepcion\/files\/2021\/07\/IMG_20190312_110144-1024x512.jpg 1024w, https:\/\/derecho.udd.cl\/clinica-juridica-concepcion\/files\/2021\/07\/IMG_20190312_110144-300x150.jpg 300w, https:\/\/derecho.udd.cl\/clinica-juridica-concepcion\/files\/2021\/07\/IMG_20190312_110144-768x384.jpg 768w, https:\/\/derecho.udd.cl\/clinica-juridica-concepcion\/files\/2021\/07\/IMG_20190312_110144-1536x768.jpg 1536w, https:\/\/derecho.udd.cl\/clinica-juridica-concepcion\/files\/2021\/07\/IMG_20190312_110144-2048x1024.jpg 2048w\" sizes=\"auto, (max-width: 1024px) 100vw, 1024px\" \/><\/figure><\/li><\/ul><\/figure>\n","protected":false},"excerpt":{"rendered":"<p>Cl\u00ednica Jur\u00eddica Facultad de Derecho &#8211; Concepci\u00f3n<\/p>\n","protected":false},"author":1,"featured_media":0,"parent":7,"menu_order":1,"comment_status":"closed","ping_status":"closed","template":"","meta":{"footnotes":""},"class_list":["post-8","page","type-page","status-publish","hentry"],"_links":{"self":[{"href":"https:\/\/derecho.udd.cl\/clinica-juridica-concepcion\/wp-json\/wp\/v2\/pages\/8","targetHints":{"allow":["GET"]}}],"collection":[{"href":"https:\/\/derecho.udd.cl\/clinica-juridica-concepcion\/wp-json\/wp\/v2\/pages"}],"about":[{"href":"https:\/\/derecho.udd.cl\/clinica-juridica-concepcion\/wp-json\/wp\/v2\/types\/page"}],"author":[{"embeddable":true,"href":"https:\/\/derecho.udd.cl\/clinica-juridica-concepcion\/wp-json\/wp\/v2\/users\/1"}],"replies":[{"embeddable":true,"href":"https:\/\/derecho.udd.cl\/clinica-juridica-concepcion\/wp-json\/wp\/v2\/comments?post=8"}],"version-history":[{"count":4,"href":"https:\/\/derecho.udd.cl\/clinica-juridica-concepcion\/wp-json\/wp\/v2\/pages\/8\/revisions"}],"predecessor-version":[{"id":1246,"href":"https:\/\/derecho.udd.cl\/clinica-juridica-concepcion\/wp-json\/wp\/v2\/pages\/8\/revisions\/1246"}],"up":[{"embeddable":true,"href":"https:\/\/derecho.udd.cl\/clinica-juridica-concepcion\/wp-json\/wp\/v2\/pages\/7"}],"wp:attachment":[{"href":"https:\/\/derecho.udd.cl\/clinica-juridica-concepcion\/wp-json\/wp\/v2\/media?parent=8"}],"curies":[{"name":"wp","href":"https:\/\/api.w.org\/{rel}","templated":true}]}}