{"id":6,"date":"2013-01-14T19:21:05","date_gmt":"2013-01-14T19:21:05","guid":{"rendered":"http:\/\/derecho-ccp.udd.cl\/clinica-juridica\/fondos-concursables\/"},"modified":"2021-05-16T21:22:59","modified_gmt":"2021-05-16T21:22:59","slug":"fondos-concursables","status":"publish","type":"page","link":"https:\/\/derecho.udd.cl\/clinica-juridica-concepcion\/fondos-concursables\/","title":{"rendered":"Convenios"},"content":{"rendered":"\n<p><strong>CONVENIOS\nCL\u00cdNICA JUR\u00cdDICA CONCEPCI\u00d3N A MAYO 2021.<\/strong><\/p>\n\n\n\n<figure class=\"wp-block-table\"><table class=\"\"><tbody><tr><td>\n  &nbsp;\n  <\/td><td>\n  &nbsp;\n  <\/td><td>\n  &nbsp;\n  <\/td><td>\n  &nbsp;\n  <\/td><td>\n  &nbsp;\n  <\/td><\/tr><tr><td>\n  <strong>Fecha<\/strong>\n  <\/td><td>\n  <strong>Sede<\/strong>\n  <\/td><td>\n  <strong>Instituci\u00f3n&nbsp;<\/strong>\n  <\/td><td>\n  <strong>Materia<\/strong>\n  <\/td><td>\n  <strong>Duracci\u00f3n\n  o vigencia&nbsp;<\/strong>\n  <\/td><\/tr><tr><td>\n  1.- 06.12.2012\n  <\/td><td>\n  Concepci\u00f3n\n  <\/td><td>\n  <strong>ACCION\n  EMPRENDEDORA<\/strong>\n  <\/td><td>\n  Orientaci\u00f3n y asesor\u00eda a emprendedores derivados\n  por esta ONG \n  <\/td><td>\n  Desde el 15.03.2013. Renovaci\u00f3n t\u00e1cita y sucesiva\n  por per\u00edodos de un a\u00f1o\n  <\/td><\/tr><tr><td>\n  2.- 27.12.2012\n  <\/td><td>\n  Concepci\u00f3n\n  <\/td><td>\n  <strong>COMIT\u00c9\n  FONDO DE INNOVACI\u00d3N TECNOL\u00d3GICA DE LA REGION DEL BIOBIO<\/strong>&#8211;<strong>INNOVA\n  BIO BIO.<\/strong>&nbsp; \n  <\/td><td>\n  Orientaci\u00f3n y asesor\u00eda a\n  emprendedores\n  <\/td><td>\n  &nbsp;Desde el 15.03.2013, Renovaci\u00f3n t\u00e1cita y sucesiva\n  por per\u00edodos de un a\u00f1o.\n  <\/td><\/tr><tr><td>\n  3.- \n  <\/td><td>\n  Concepci\u00f3n\n  <\/td><td>\n  <strong>CORPORACION\n  DE ASISTENCIA JUDICIAL, REGION DEL BIOBIO.<\/strong>\n  <\/td><td>\n  Convenio de colaboraci\u00f3n y pasant\u00edas\n  individuales, que permite la asistencia de los alumnos a consultorios de la\n  Corporaci\u00f3n en Penco y la asistencia a audiencias en Tribunales de Familia.\n  &nbsp;\n  <\/td><td>\n  &nbsp;Desde el\n  15.03-2013 Renovaci\u00f3n t\u00e1cita y sucesiva por per\u00edodo de un a\u00f1o.\n  <\/td><\/tr><tr><td>\n  4.- 27.12.2012\n  <\/td><td>\n  Concepci\u00f3n\n  <\/td><td>\n  <strong>FUNDACION\n  TRABAJO PARA UN HERMANO. <\/strong>\n  <\/td><td>\n  Orientaci\u00f3n y asesor\u00eda&nbsp; para emprendedores derivados por esta\n  Fundaci\u00f3n dedicada al apoyo al emprendimiento.\n  &nbsp;\n  <\/td><td>\n  &nbsp;Desde el\n  15.03.2013 Renovaci\u00f3n t\u00e1cita y sucesiva por per\u00edodo de un a\u00f1o\n  <\/td><\/tr><tr><td>\n  5.- \n  27.09.\n  2013\n  <\/td><td>\n  Concepci\u00f3n\n  <\/td><td>\n  <strong>UDD\n  VENTURES S.A.&nbsp; <\/strong>\n  <\/td><td>\n  Orientaci\u00f3n y asesor\u00eda para emprendedores\n  derivados.\n  Potencia emprendimientos innovadores\n  en etapas de desarrollo tempranas.\n  &nbsp;\n  <\/td><td>\n  &nbsp; Desde el\n  01.10.2013. Renovaci\u00f3n t\u00e1cita y sucesiva., por per\u00edodos de un a\u00f1o\n  <\/td><\/tr><tr><td>\n  6.- 01.06.2015\n  <\/td><td>\n  Concepci\u00f3n\n  <\/td><td>\n  <strong>ASOCIACION\n  REGIONAL DE CONSUMIDORES ADULTOS MAYORES, regi\u00f3n del BIOBIO, ARCAM.<\/strong>\n  <\/td><td>\n  Orientaci\u00f3n y asesor\u00eda para\n  consumidores que estimen vulnerados sus derechos derivados por esta\n  asociaci\u00f3n de consumidores que tiene entre sus principales objetivos\n  proteger, educar e informar a los consumidores y consumidoras de la regi\u00f3n.\n  <\/td><td>\n  Renovaci\u00f3n t\u00e1cita y sucesiva, por per\u00edodos de un\n  a\u00f1o.\n  <\/td><\/tr><tr><td>\n  7.- 01.12.2015\n  <\/td><td>\n  Concepci\u00f3n\n  <\/td><td>\n  <strong>-ONG\n  DE DESARROLLO MUJERES EMPRENDEDORAS DE CHILE. <\/strong>\n  <\/td><td>\n  Orientaci\u00f3n y asesor\u00eda para\n  emprendedoras derivadas por esta Organizaci\u00f3n no gubernamental,&nbsp; promueve el desarrollo de las personas ,\n  familias, grupos y comunidades que viven en condiciones de pobreza y\/o\n  marginalidad \n  &nbsp;\n  <\/td><td>\n  Renovaci\u00f3n t\u00e1cita y sucesiva por per\u00edodos de un\n  a\u00f1o.\n  <\/td><\/tr><tr><td>\n  8.- 30.03.2016\n  <\/td><td>\n  Concepci\u00f3n\n  <\/td><td>\n  <strong>ASOCIACION\n  DE FORMADORES DE ORGANIZACIONES JUVENILES DE CONSUMIDORES Y CONSUMIDORAS,\n  FOJUCC.<\/strong>\n  <\/td><td>\n  Orientaci\u00f3n y asesor\u00eda para\n  consumidores que estimen vulnerados sus derechos derivados por esta\n  Asociaci\u00f3n de consumidores y que\n  tiene por objeto proteger, informar, representar y educar a sus consumidores\n  y asumir la representaci\u00f3n de sus afiliados y consumidores si as\u00ed lo\n  solicitan\n  <\/td><td>\n  Renovaci\u00f3n t\u00e1cita y sucesiva por per\u00edodos de un\n  a\u00f1o.\n  <\/td><\/tr><tr><td>\n  9.- 12.05.2016\n  <\/td><td>\n  Concepci\u00f3n\n  <\/td><td>\n  <strong>ASOCIACION\n  DE EMPRENDEDORES DE CHILE- ASECH.<\/strong>\n  <\/td><td>\n  Orientaci\u00f3n y asesor\u00eda para emprendedores\n  derivados por DEFEM que la unidad de defensa del emprendedor de ASECH, la\n  mayor organizaci\u00f3n a nivel nacional que agrupa a los emprendedores chilenos y\n  tiene entre su principal funci\u00f3n, defender la libertad para emprender\n  entregando informaci\u00f3n legal y herramientas de prevenci\u00f3n a los emprendedores\n  <\/td><td>\n  Renovaci\u00f3n t\u00e1cita y sucesiva, por per\u00edodos de un\n  a\u00f1o.\n  <\/td><\/tr><tr><td>\n  10.-18.08.2016\n  <\/td><td>\n  Concepci\u00f3n\n  <\/td><td>\n  <strong>SUPERINTENDENCIA\n  DE INSOLVENCIA Y REEMPRENDIMIENTO<\/strong>\n  <\/td><td>\n  &nbsp;Orientaci\u00f3n y asesor\u00eda a emprendedores\n  insolventes derivados por la Coordinaci\u00f3n Regional de la Superintendencia de\n  Insolvencia y Reemprendimiento. Esta Superintendencia, facilita acuerdos en\n  el procedimiento de renegociaci\u00f3n de la persona natural y orienta a los\n  emprendedores que han ca\u00eddo en dificultades econ\u00f3micas, a obtener informaci\u00f3n\n  oportuna para acogerse a un procedimiento concursal\n  &nbsp;\n  <\/td><td>\n  Duraci\u00f3n indefinida, con cl\u00e1usula de salida.\n  <\/td><\/tr><tr><td>\n  11.- 24.04.2017\n  <\/td><td>\n  Concepci\u00f3n\n  <\/td><td>\n  <strong>ILUSTRE\n  MUNICIPALIDAD DE CONCEPCION<\/strong>\n  <\/td><td>\n  Orientaci\u00f3n y asesor\u00eda a\n  emprendedores y consumidores derivados por los respectivos departamentos\n  municipales.\n  <\/td><td>\n  Renovaci\u00f3n t\u00e1cita y sucesiva por per\u00edodos de un\n  a\u00f1o\n  <\/td><\/tr><tr><td>\n  12.- 01.06.2017\n  <\/td><td>\n  Concepci\u00f3n\n  <\/td><td>\n  <strong>FUNDACI\u00d3N\n  TECHNOSERVE CHILE-CENTRO DE DESARROLLO DE NEGOCIOS Concepci\u00f3n<\/strong>\n  <\/td><td>\n  &nbsp;Orientaci\u00f3n y asesor\u00eda a emprendedores\n  derivados&nbsp; por esta Corporaci\u00f3n que\n  lleva a cabo proyectos de desarrollo de negocios a personas emprendedoras a\n  nivel nacional, actualmente a cargo del Centro de Desarrollo de Negocios de\n  SERCOTEC_ Concepci\u00f3n\n  &nbsp;\n  <\/td><td>\n  Renovaci\u00f3n t\u00e1cita y sucesiva por per\u00edodo de un\n  a\u00f1o.\n  <\/td><\/tr><tr><td>\n  13.- 12.10.2017\n  <\/td><td>\n  Concepci\u00f3n\n  <\/td><td>\n  <strong>FUNDACI\u00d3N\n  NOVO MILLENIO del Arzobispado de Concepci\u00f3n.<\/strong>\n  <\/td><td>\n  &nbsp;Orientaci\u00f3n y asesor\u00eda a emprendedores\n  derivados A trav\u00e9s del proyecto denominado Social B Cowork, como plataforma\n  para el emprendimiento.\n  <\/td><td>\n  Renovaci\u00f3n t\u00e1cita y sucesiva por per\u00edodo de un\n  a\u00f1o.\n  <\/td><\/tr><tr><td>\n  14.- 25.07.2018\n  <\/td><td>\n  Concepci\u00f3n\n  <\/td><td>\n  <strong>FONDO\n  ESPERANZA SpA.<\/strong>\n  <\/td><td>\n  Orientaci\u00f3n y asesor\u00eda&nbsp; para emprendedores derivados de esta\n  Instituci\u00f3n de desarrollo social que\n  apoya el emprendimiento de mujeres y hombres emprendedores de sectores\n  vulnerables a trav\u00e9s de servicios microfinancieros productivos, capacitaci\u00f3n\n  y promoci\u00f3n de redes.\n  <\/td><td>\n  Renovaci\u00f3n t\u00e1cita y sucesiva por per\u00edodos de\n  un&nbsp; a\u00f1o.\n  <\/td><\/tr><tr><td>\n  15.- 19.03.2019\n  <\/td><td>\n  Concepci\u00f3n\n  <\/td><td>\n  <strong>SERVICIO\n  NACIONAL DEL CONSUMIDOR; Direcci\u00f3n Regional, SERNAC.<\/strong>\n  <\/td><td>\n  &nbsp;Actualizaci\u00f3n de Convenio anterior suscrito\n  el 27.12.2013. Mediante este convenio, SERNAC, deriva a todos los\n  consumidores quienes han presentado reclamo en esa instituci\u00f3n por infracci\u00f3n\n  a la normas de la Ley de Protecci\u00f3n de los Derechos del Consumidor y cuya\n  mediaci\u00f3n no obligatoria ha fracasado, quedando como alternativa la v\u00eda\n  judicial.\n  <\/td><td>\n  &nbsp;Renovaci\u00f3n\n  t\u00e1cita y sucesiva por per\u00edodos de&nbsp; un\n  a\u00f1o.\n  <\/td><\/tr><tr><td>\n  16.- 20.08.2019\n  <\/td><td>\n  Concepci\u00f3n\n  <\/td><td>\n  <strong>ONG\n  DE DESARROLLO SIMON DE CIRENE.<\/strong>\n  <\/td><td>\n  Orientaci\u00f3n y asesor\u00eda para\n  emprendedores derivados por esta ONG de apoyo al emprendimiento y gesti\u00f3n social.\n  Convenio abarca Cl\u00ednicas de Concepci\u00f3n y Santiago.\n  <\/td><td>\n  Renovaci\u00f3n t\u00e1cita y sucesiva por per\u00edodos&nbsp; de un a\u00f1o.\n  <\/td><\/tr><tr><td>\n  17.-30.09.2020\n  <\/td><td>\n  Concepci\u00f3n\n  <\/td><td>\n  <strong>I.\n  MUNICIPALIDAD DE SAN PEDRO DE LA PAZ<\/strong>\n  <\/td><td>\n  &nbsp;Orientaci\u00f3n y apoyo a emprendedores\n  derivados por la Direcci\u00f3n de Desarrollo Comunal de&nbsp; San Pedro de la Paz.\n  <\/td><td>\n  Renovaci\u00f3n t\u00e1cita y sucesiva por per\u00edodos de un\n  a\u00f1o.\n  <\/td><\/tr><\/tbody><\/table><\/figure>\n\n\n\n<p><strong>ADEMAS SE ENCUENTRAN\nEN PROCESO DE NEGOCIACION CONVENIOS DE COLABORACI\u00d3N CON_<\/strong><\/p>\n\n\n\n<p><strong>-I. MUNICIPALIDAD DE\nCA\u00d1ETE<\/strong><\/p>\n\n\n\n<p><strong>-ASECH-BIOBIO<\/strong><\/p>\n\n\n\n<p><strong>-SERNAMEG<\/strong><\/p>\n\n\n\n<p><strong>-MUNICIPALIDAD DE\nHUALPEN<\/strong><\/p>\n","protected":false},"excerpt":{"rendered":"<p>CONVENIOS CL\u00cdNICA JUR\u00cdDICA CONCEPCI\u00d3N A MAYO 2021. &nbsp; &nbsp; &nbsp; &nbsp; &nbsp; Fecha Sede Instituci\u00f3n&nbsp; Materia Duracci\u00f3n o vigencia&nbsp; 1.- 06.12.2012 Concepci\u00f3n ACCION EMPRENDEDORA Orientaci\u00f3n y asesor\u00eda a emprendedores derivados por esta ONG Desde el 15.03.2013. Renovaci\u00f3n t\u00e1cita y sucesiva por per\u00edodos de un a\u00f1o 2.- 27.12.2012 Concepci\u00f3n COMIT\u00c9 FONDO DE INNOVACI\u00d3N TECNOL\u00d3GICA DE LA [&hellip;]<\/p>\n","protected":false},"author":1,"featured_media":0,"parent":0,"menu_order":30,"comment_status":"closed","ping_status":"closed","template":"template-indice.php","meta":{"footnotes":""},"class_list":["post-6","page","type-page","status-publish","hentry"],"_links":{"self":[{"href":"https:\/\/derecho.udd.cl\/clinica-juridica-concepcion\/wp-json\/wp\/v2\/pages\/6","targetHints":{"allow":["GET"]}}],"collection":[{"href":"https:\/\/derecho.udd.cl\/clinica-juridica-concepcion\/wp-json\/wp\/v2\/pages"}],"about":[{"href":"https:\/\/derecho.udd.cl\/clinica-juridica-concepcion\/wp-json\/wp\/v2\/types\/page"}],"author":[{"embeddable":true,"href":"https:\/\/derecho.udd.cl\/clinica-juridica-concepcion\/wp-json\/wp\/v2\/users\/1"}],"replies":[{"embeddable":true,"href":"https:\/\/derecho.udd.cl\/clinica-juridica-concepcion\/wp-json\/wp\/v2\/comments?post=6"}],"version-history":[{"count":1,"href":"https:\/\/derecho.udd.cl\/clinica-juridica-concepcion\/wp-json\/wp\/v2\/pages\/6\/revisions"}],"predecessor-version":[{"id":1137,"href":"https:\/\/derecho.udd.cl\/clinica-juridica-concepcion\/wp-json\/wp\/v2\/pages\/6\/revisions\/1137"}],"wp:attachment":[{"href":"https:\/\/derecho.udd.cl\/clinica-juridica-concepcion\/wp-json\/wp\/v2\/media?parent=6"}],"curies":[{"name":"wp","href":"https:\/\/api.w.org\/{rel}","templated":true}]}}