{"id":555,"date":"2013-01-14T19:21:05","date_gmt":"2013-01-14T19:21:05","guid":{"rendered":"http:\/\/derecho-ccp.udd.cl\/clinica-juridica\/?page_id=2"},"modified":"2013-01-14T19:21:05","modified_gmt":"2013-01-14T19:21:05","slug":"acerca-de","status":"publish","type":"page","link":"https:\/\/derecho.udd.cl\/clinica-juridica-concepcion\/acerca-de\/","title":{"rendered":"Acerca de"},"content":{"rendered":"<p>Esto es un ejemplo de p\u00e1gina de WordPress, puedes editarla para mostrar informaci\u00f3n acerca de ti o tu sitio; as\u00ed, los lectores sabr\u00e1n a qu\u00e9 atenerse. Puedes crear tantas p\u00e1ginas o sub-p\u00e1ginas cuantas quieras y organizar su contenido dentro de WordPress.<\/p>\n","protected":false},"excerpt":{"rendered":"<p>Esto es un ejemplo de p\u00e1gina de WordPress, puedes editarla para mostrar informaci\u00f3n acerca de ti o tu sitio; as\u00ed, los lectores sabr\u00e1n a qu\u00e9 atenerse. Puedes crear tantas p\u00e1ginas o sub-p\u00e1ginas cuantas quieras y organizar su contenido dentro de WordPress.<\/p>\n","protected":false},"author":1,"featured_media":0,"parent":0,"menu_order":0,"comment_status":"open","ping_status":"open","template":"","meta":{"footnotes":""},"class_list":["post-555","page","type-page","status-publish","hentry"],"_links":{"self":[{"href":"https:\/\/derecho.udd.cl\/clinica-juridica-concepcion\/wp-json\/wp\/v2\/pages\/555","targetHints":{"allow":["GET"]}}],"collection":[{"href":"https:\/\/derecho.udd.cl\/clinica-juridica-concepcion\/wp-json\/wp\/v2\/pages"}],"about":[{"href":"https:\/\/derecho.udd.cl\/clinica-juridica-concepcion\/wp-json\/wp\/v2\/types\/page"}],"author":[{"embeddable":true,"href":"https:\/\/derecho.udd.cl\/clinica-juridica-concepcion\/wp-json\/wp\/v2\/users\/1"}],"replies":[{"embeddable":true,"href":"https:\/\/derecho.udd.cl\/clinica-juridica-concepcion\/wp-json\/wp\/v2\/comments?post=555"}],"version-history":[{"count":0,"href":"https:\/\/derecho.udd.cl\/clinica-juridica-concepcion\/wp-json\/wp\/v2\/pages\/555\/revisions"}],"wp:attachment":[{"href":"https:\/\/derecho.udd.cl\/clinica-juridica-concepcion\/wp-json\/wp\/v2\/media?parent=555"}],"curies":[{"name":"wp","href":"https:\/\/api.w.org\/{rel}","templated":true}]}}