{"id":41,"date":"2013-01-18T10:56:55","date_gmt":"2013-01-18T13:56:55","guid":{"rendered":"http:\/\/derecho-ccp.udd.cl\/clinica-juridica\/"},"modified":"2018-10-09T19:29:23","modified_gmt":"2018-10-09T19:29:23","slug":"objetivos","status":"publish","type":"page","link":"https:\/\/derecho.udd.cl\/clinica-juridica-concepcion\/sobre-el-centro\/objetivos\/","title":{"rendered":"Objetivos"},"content":{"rendered":"<p style=\"text-align: justify\">Los objetivos de la Cl\u00ednica Jur\u00eddica son:<\/p>\n<p>1.-Orientar y asesorar a emprendedores y peque\u00f1os empresarios en\u00a0las necesidades jur\u00eddicas de sus proyectos, tales como constituci\u00f3n, modificaci\u00f3n o terminaci\u00f3n de sociedades, contratos de prestaci\u00f3n de servicios, en materia de propiedad intelectual y en otros aspectos relacionados con el emprendimiento.<\/p>\n<p>2.- Asesor\u00eda y orientaci\u00f3n a consumidores en la redacci\u00f3n y tramitaci\u00f3n de querellas y demandas de indemnizaci\u00f3n de perjuicios por infracci\u00f3n a la Ley de Protecci\u00f3n de los Derechos del Consumidor.<\/p>\n<p>3.-Realizaci\u00f3n de pasant\u00edas por parte de los alumnos para el conocimiento de los sistemas de litigaci\u00f3n oral, con especial enfoque en el Derecho de Familia.<\/p>\n<p>Para el cumplimiento del primer objetivo, la Universidad ha suscrito convenios de colaboraci\u00f3n con\u00a0diversas instituciones destinadas al apoyo al emprendimiento tales como\u00a0 Acci\u00f3n Emprendedora, \u00a0Corfo Innova Bio Bio;\u00a0 Fundaci\u00f3n Trabajo para un Hermano, UDD Ventures, ONG Mujeres Emprendedoras de Chile, Asociaci\u00f3n de Emprendedores de Chile, ASECH- DEFEM, Superintendencia de Insolvencia y Reemprendimiento, Centro de Desarrollo de Negocios de Concepci\u00f3n, Fundaci\u00f3n Novo Milenio, Fondo\u00a0 Esperanza SpA,\u00a0 sin perjuicio del apoyo que se pueda brindar a otras instituciones dedicadas al fomento del emprendimiento o, incluso de lo que directamente pueda requerirse, en casos calificados.<\/p>\n<p>Para lograr los objetivos descritos en\u00a0 los n\u00fameros 2 y 3 la Universidad ha suscrito convenios con la Corporaci\u00f3n de Asistencia Judicial, regi\u00f3n del Bio Bio, con el Servicio Nacional del Consumidor, SERNAC, con la Asociaci\u00f3n Regional de Consumidores Adultos Mayores, regi\u00f3n del BIOBIO, ARCAM, la Asociaci\u00f3n de Consumidores, Formadores de Organizaciones Juveniles de Consumidores y Consumidoras, FOJUCC, con la Municipalidad de Concepci\u00f3n y su Oficina Comunal de Informaci\u00f3n al Consumidor y otros, con el\u00a0 fin de que los alumnos, a trav\u00e9s de pasant\u00edas; en el primer caso; puedan conocer el funcionamiento del sistema de litigaci\u00f3n oral, mediante el seguimiento de causas de Derecho de Familia y en el caso del segundo objetivo, puedan conocer el sistema de litigaci\u00f3n escrita ante los Juzgados de Polic\u00eda Local, mediante la presentaci\u00f3n y tramitaci\u00f3n de querellas infraccionales y demandas \u00a0civiles de indemnizaci\u00f3n de perjuicios relativas a la protecci\u00f3n del consumidor.<\/p>\n<p>Esta innovadora iniciativa acad\u00e9mica, pionera en la regi\u00f3n, ayudar a una completa y profunda formaci\u00f3n de nuestros alumnos a trav\u00e9s del aprendizaje experiencial y al mismo tiempo, contribuye a acentuar\u00a0 el perfil de la Facultad de Derecho vinculado al mundo del Derecho de la empresa, colaborando al desarrollo regional, prestando a la comunidad interesada una orientaci\u00f3n y asesor\u00eda gratuita en estas materias.<\/p>\n<p style=\"text-align: justify\">\n","protected":false},"excerpt":{"rendered":"<p>Objetivos de la Cl\u00ednica<\/p>\n","protected":false},"author":1,"featured_media":0,"parent":7,"menu_order":2,"comment_status":"closed","ping_status":"closed","template":"","meta":{"footnotes":""},"class_list":["post-41","page","type-page","status-publish","hentry"],"_links":{"self":[{"href":"https:\/\/derecho.udd.cl\/clinica-juridica-concepcion\/wp-json\/wp\/v2\/pages\/41","targetHints":{"allow":["GET"]}}],"collection":[{"href":"https:\/\/derecho.udd.cl\/clinica-juridica-concepcion\/wp-json\/wp\/v2\/pages"}],"about":[{"href":"https:\/\/derecho.udd.cl\/clinica-juridica-concepcion\/wp-json\/wp\/v2\/types\/page"}],"author":[{"embeddable":true,"href":"https:\/\/derecho.udd.cl\/clinica-juridica-concepcion\/wp-json\/wp\/v2\/users\/1"}],"replies":[{"embeddable":true,"href":"https:\/\/derecho.udd.cl\/clinica-juridica-concepcion\/wp-json\/wp\/v2\/comments?post=41"}],"version-history":[{"count":1,"href":"https:\/\/derecho.udd.cl\/clinica-juridica-concepcion\/wp-json\/wp\/v2\/pages\/41\/revisions"}],"predecessor-version":[{"id":739,"href":"https:\/\/derecho.udd.cl\/clinica-juridica-concepcion\/wp-json\/wp\/v2\/pages\/41\/revisions\/739"}],"up":[{"embeddable":true,"href":"https:\/\/derecho.udd.cl\/clinica-juridica-concepcion\/wp-json\/wp\/v2\/pages\/7"}],"wp:attachment":[{"href":"https:\/\/derecho.udd.cl\/clinica-juridica-concepcion\/wp-json\/wp\/v2\/media?parent=41"}],"curies":[{"name":"wp","href":"https:\/\/api.w.org\/{rel}","templated":true}]}}