{"id":32,"date":"2013-01-16T11:18:54","date_gmt":"2013-01-16T14:18:54","guid":{"rendered":"http:\/\/derecho-ccp.udd.cl\/clinica-juridica\/"},"modified":"2018-10-09T19:50:03","modified_gmt":"2018-10-09T19:50:03","slug":"areas-de-derecho-de-familia-y-derecho-del-consumidor","status":"publish","type":"page","link":"https:\/\/derecho.udd.cl\/clinica-juridica-concepcion\/fondos-concursables\/areas-de-derecho-de-familia-y-derecho-del-consumidor\/","title":{"rendered":"Areas de Derecho de Familia y Derecho del Consumidor"},"content":{"rendered":"<p style=\"text-align: justify\">Dado que la pretensi\u00f3n de la Cl\u00ednica Jur\u00eddica es que los alumnos tengan un acercamiento al mundo del trabajo desde una perspectiva polivalente, que d\u00e9 cabida a \u00a0las diversas visiones de la actividad profesional, es tambi\u00e9n \u00a0importante que los estudiantes adquieran las competencias necesarias para desempe\u00f1arse en el mundo del ejercicio\u00a0 ante los Tribunales de Justicia.<\/p>\n<p><strong>\u00c1REA DERECHO DEL CONSUMIDOR<\/strong><\/p>\n<p style=\"text-align: justify\"><strong>SERVICIO NACIONAL DEL CONSUMIDOR<\/strong>; <em>Direcci\u00f3n Regional, SERNAC, convenio de colaboraci\u00f3n que se encuentra vigente a partir del 15 de marzo de 2013.<\/em><\/p>\n<p>Mediante este convenio, SERNAC, deriva a todos los consumidores que han presentado reclamo\u00a0 ante esa instituci\u00f3n por infracci\u00f3n a las normas de la Ley de Protecci\u00f3n de los Derechos del Consumidor y cuya mediaci\u00f3n no obligatoria ha fracasado, quedando como alternativa la v\u00eda judicial.<\/p>\n<p><strong>ASOCIACION REGIONAL DE CONSUMIDORES ADULTOS MAYORES<\/strong>, r<em>egi\u00f3n del BIOBIO, ARCAM, convenio de colaboraci\u00f3n vigente desde el 01 de junio del 2015.<\/em><\/p>\n<p>ARCAM es una asociaci\u00f3n de consumidores que tiene entre sus principales objetivos proteger, educar e informar a los consumidores y consumidoras de la regi\u00f3n.<\/p>\n<p><strong>ASOCIACION DE FORMADORES DE ORGANIZACIONES JUVENILES DE CONSUMIDORES Y CONSUMIDORAS, FOJUCC<\/strong>, c<em>onvenio de colaboraci\u00f3n vigente desde el 30 de marzo 2016.<\/em><\/p>\n<p>FOJUCC es una asociaci\u00f3n de consumidores constituida de acuerdo a lo dispuesto en la ley 19.496 y que tiene por objeto proteger, informar, representar y educar a sus consumidores y asumir la representaci\u00f3n de sus afiliados y consumidores si as\u00ed lo solicitan<\/p>\n<p><strong>MUNICIPALIDAD DE CONCEPCION- OFICINA COMUNAL DE INFORMACI\u00d3N AL CONSUMIDOR, OCIC,<\/strong>\u00a0c<em>onvenio de colaboraci\u00f3n vigente desde el 24 de abril de 2017.<\/em><\/p>\n<p>Este convenio tiene por objetivo atenci\u00f3n de consumidores derivados por OCIC y de emprendedores derivados por OMIL.<\/p>\n<p><strong>\u00a0<\/strong><\/p>\n<p><strong>\u00c1REA PROCEDIMIENTOS DE DERECHO DE FAMILIA<\/strong>.<\/p>\n<p>Esta \u00e1rea de pr\u00e1ctica tiene por misi\u00f3n que los alumnos puedan conocer y escuchar consultas de tipo civil, preferentemente de Derecho de Familia y presenciar audiencias en Tribunales de Familia, para lo cual existe el siguiente convenio:<\/p>\n<p><strong>CORPORACION DE ASISTENCIA JUDICIAL, REGION DEL BIOBIO,<\/strong><em> convenio de colaboraci\u00f3n y pasant\u00edas individuales vigente a partir del 15 de marzo de 2013.<\/em><\/p>\n<p>Este convenio \u00a0permite la asistencia de los alumnos de la Cl\u00ednica Jur\u00eddica a consultorios de la Corporaci\u00f3n en la intercomuna de Concepci\u00f3n y la asistencia a audiencias en Juzgados de Familia.<\/p>\n<p>&nbsp;<\/p>\n","protected":false},"excerpt":{"rendered":"<p>Convenio de Colaboraci\u00f3n con Corporaci\u00f3n de Asistencia Judicial y Servicio Nacional del Consumidor.<\/p>\n","protected":false},"author":1,"featured_media":0,"parent":6,"menu_order":2,"comment_status":"closed","ping_status":"closed","template":"","meta":{"footnotes":""},"class_list":["post-32","page","type-page","status-publish","hentry"],"_links":{"self":[{"href":"https:\/\/derecho.udd.cl\/clinica-juridica-concepcion\/wp-json\/wp\/v2\/pages\/32","targetHints":{"allow":["GET"]}}],"collection":[{"href":"https:\/\/derecho.udd.cl\/clinica-juridica-concepcion\/wp-json\/wp\/v2\/pages"}],"about":[{"href":"https:\/\/derecho.udd.cl\/clinica-juridica-concepcion\/wp-json\/wp\/v2\/types\/page"}],"author":[{"embeddable":true,"href":"https:\/\/derecho.udd.cl\/clinica-juridica-concepcion\/wp-json\/wp\/v2\/users\/1"}],"replies":[{"embeddable":true,"href":"https:\/\/derecho.udd.cl\/clinica-juridica-concepcion\/wp-json\/wp\/v2\/comments?post=32"}],"version-history":[{"count":2,"href":"https:\/\/derecho.udd.cl\/clinica-juridica-concepcion\/wp-json\/wp\/v2\/pages\/32\/revisions"}],"predecessor-version":[{"id":742,"href":"https:\/\/derecho.udd.cl\/clinica-juridica-concepcion\/wp-json\/wp\/v2\/pages\/32\/revisions\/742"}],"up":[{"embeddable":true,"href":"https:\/\/derecho.udd.cl\/clinica-juridica-concepcion\/wp-json\/wp\/v2\/pages\/6"}],"wp:attachment":[{"href":"https:\/\/derecho.udd.cl\/clinica-juridica-concepcion\/wp-json\/wp\/v2\/media?parent=32"}],"curies":[{"name":"wp","href":"https:\/\/api.w.org\/{rel}","templated":true}]}}