{"id":30,"date":"2013-01-16T11:17:46","date_gmt":"2013-01-16T14:17:46","guid":{"rendered":"http:\/\/derecho-ccp.udd.cl\/clinica-juridica\/"},"modified":"2018-10-09T19:46:41","modified_gmt":"2018-10-09T19:46:41","slug":"area-de-emprendimiento-y-derecho-de-la-empresa","status":"publish","type":"page","link":"https:\/\/derecho.udd.cl\/clinica-juridica-concepcion\/fondos-concursables\/area-de-emprendimiento-y-derecho-de-la-empresa\/","title":{"rendered":"Area de Emprendimiento y Derecho de la Empresa"},"content":{"rendered":"<p style=\"text-align: justify\">Dado que uno de los objetivos de la Cl\u00ednica Jur\u00eddica es la orientaci\u00f3n y\/o asesor\u00eda a emprendedores micro y peque\u00f1os empresarios, se han suscrito convenios de colaboraci\u00f3n con instituciones de la regi\u00f3n que representan a importantes sectores productivos, los que proporcionar\u00e1n a la Cl\u00ednica los casos de trabajo, de modo de hacer efectiva la vinculaci\u00f3n de los alumnos con el medio y a la vez apoyar el emprendimiento regional.<\/p>\n<p><strong>ACCION EMPRENDEDORA<\/strong>.\u00a0\u00a0 <em>Convenio vigente a partir del 15 de marzo de 2013.<\/em><\/p>\n<p>Acci\u00f3n Emprendedora es un organismo sin fines de lucro, dedicada al apoyo de calidad de emprendedores y microempresarios vulnerables, a trav\u00e9s de formaci\u00f3n emprendedora, asesor\u00eda directa, incubaci\u00f3n de negocios y apoyo en la obtenci\u00f3n de financiamiento.<\/p>\n<p><strong>FUNDACION TRABAJO PARA UN HERMANO.<\/strong> <em>Convenio vigente a partir del 15 de marzo de 2013.<\/em><\/p>\n<p>Trabajo para un Hermano es un organismo no gubernamental de derecho privado sin fines de lucro, orientada al fomento de emprendimientos sociales y econ\u00f3micos.<\/p>\n<p><strong>COMIT\u00c9 FONDO DE INNOVACI\u00d3N TECNOL\u00d3GICA DE LA REGION DEL BIOBIO<\/strong>&#8211;<strong>INNOVA BIO BIO.<\/strong> <em>Convenio vigente a partir del 15 de marzo de 2013.<\/em><\/p>\n<p>Este organismo que promueve la innovaci\u00f3n, la transferencia y las capacidades tecnol\u00f3gicas en la Regi\u00f3n del Biob\u00edo.<\/p>\n<p><strong>UDD VENTURES S.A<\/strong>. <em>Convenio vigente a partir el 30 de octubre de 2013.<\/em><\/p>\n<p>UDD Ventures potencia emprendimientos innovadores en etapas de desarrollo tempranas y se presta\u00a0 orientaci\u00f3n y asesor\u00eda jur\u00eddica a emprendedores ligados con ella.<\/p>\n<p><strong>ONG DE DESARROLLO MUJERES EMPRENDEDORAS DE CHILE.<\/strong> <em>Convenio vigente a partir del 01 de diciembre de 2015.<\/em><\/p>\n<p>A trav\u00e9s de este convenio con esta organizaci\u00f3n no gubernamental, sin fines de lucro que promueve el desarrollo de las personas, familias, grupos y comunidades que viven en condiciones de pobreza y\/o marginalidad \u00a0se presta asesor\u00eda a mujeres emprendedoras derivadas por esta ONG.<\/p>\n<p><strong>ASOCIACION DE EMPRENDEDORES DE CHILE- ASECH.<\/strong>\u00a0C<em>onvenio suscrito con fecha 12 de mayo de 2016 y su unidad Defensa del Emprendedor DEFEM.<\/em><\/p>\n<p>ASECH, es la mayor organizaci\u00f3n a nivel nacional que agrupa a los emprendedores chilenos y tiene entre su principal funci\u00f3n, defender la libertad para emprender entregando informaci\u00f3n legal y herramientas de prevenci\u00f3n a los emprendedores.<\/p>\n<p><strong>SUPERINTENDENCIA DE INSOLVENCIA Y REEMPRENDIMIENTO.<\/strong>\u00a0<em>Convenio suscrito con fecha 18 de agosto de 2016.<\/em><\/p>\n<p>Esta Superintendencia tiene por misi\u00f3n fiscalizar y regular las actuaciones de los entes que intervienen en los procedimientos concursales y adem\u00e1s, facilita acuerdos en el procedimiento de renegociaci\u00f3n de la persona natural y orienta a los emprendedores que han ca\u00eddo en dificultades econ\u00f3micas, a obtener informaci\u00f3n oportuna para acogerse a un procedimiento concursal.<\/p>\n<p><strong>FUNDACI\u00d3N TECHNOSERVE-CHILE CENTRO DE DESARROLLO DE NEGOCIOS<\/strong> <strong>DE CONCEPCION.<\/strong>\u00a0<em>Convenio firmado con fecha 01 de junio de 2017.<\/em><\/p>\n<p>Fundaci\u00f3n Technoserve Chile es una corporaci\u00f3n norteamericana, sin fines de lucro que lleva a cabo proyectos de desarrollo de negocios a personas emprendedoras a nivel nacional y que est\u00e1 a cargo del proyecto SERCOTEC Centro de Desarrollo de Negocios de Concepci\u00f3n.<\/p>\n<p><strong>FUNDACI\u00d3N NOVO MILLENIO del Arzobispado de Concepci\u00f3n.<\/strong>\u00a0<em>Convenio suscrito con fecha 12 de octubre de 2017. <\/em><\/p>\n<p>A trav\u00e9s del proyecto denominado Social B Cowork, como plataforma para el emprendimiento.<\/p>\n<p>A trav\u00e9s de este convenio se presta asesor\u00eda a emprendedores y consumidores derivados por Social B.<\/p>\n<p><strong>FONDO ESPERANZA SpA.<\/strong>\u00a0<em>Convenio firmado con fecha 25 de julio de 2018.<\/em><\/p>\n<p>El convenio tiene por objeto prestar orientaci\u00f3n a personas relacionadas con esta instituci\u00f3n de desarrollo social que apoya el emprendimiento de mujeres y hombres de sectores vulnerables a trav\u00e9s de servicios microfinancieros productivos, capacitaci\u00f3n y promoci\u00f3n de redes.<\/p>\n","protected":false},"excerpt":{"rendered":"<p>Convenios de Colaboraci\u00f3n con Innova B\u00edo B\u00edo, Fundaci\u00f3n Trabajo para un Hermano y ONG Corporaci\u00f3n Acci\u00f3n Emprendedora.<\/p>\n","protected":false},"author":1,"featured_media":0,"parent":6,"menu_order":0,"comment_status":"closed","ping_status":"closed","template":"","meta":{"footnotes":""},"class_list":["post-30","page","type-page","status-publish","hentry"],"_links":{"self":[{"href":"https:\/\/derecho.udd.cl\/clinica-juridica-concepcion\/wp-json\/wp\/v2\/pages\/30","targetHints":{"allow":["GET"]}}],"collection":[{"href":"https:\/\/derecho.udd.cl\/clinica-juridica-concepcion\/wp-json\/wp\/v2\/pages"}],"about":[{"href":"https:\/\/derecho.udd.cl\/clinica-juridica-concepcion\/wp-json\/wp\/v2\/types\/page"}],"author":[{"embeddable":true,"href":"https:\/\/derecho.udd.cl\/clinica-juridica-concepcion\/wp-json\/wp\/v2\/users\/1"}],"replies":[{"embeddable":true,"href":"https:\/\/derecho.udd.cl\/clinica-juridica-concepcion\/wp-json\/wp\/v2\/comments?post=30"}],"version-history":[{"count":2,"href":"https:\/\/derecho.udd.cl\/clinica-juridica-concepcion\/wp-json\/wp\/v2\/pages\/30\/revisions"}],"predecessor-version":[{"id":741,"href":"https:\/\/derecho.udd.cl\/clinica-juridica-concepcion\/wp-json\/wp\/v2\/pages\/30\/revisions\/741"}],"up":[{"embeddable":true,"href":"https:\/\/derecho.udd.cl\/clinica-juridica-concepcion\/wp-json\/wp\/v2\/pages\/6"}],"wp:attachment":[{"href":"https:\/\/derecho.udd.cl\/clinica-juridica-concepcion\/wp-json\/wp\/v2\/media?parent=30"}],"curies":[{"name":"wp","href":"https:\/\/api.w.org\/{rel}","templated":true}]}}