{"id":1160,"date":"2021-06-30T15:01:33","date_gmt":"2021-06-30T15:01:33","guid":{"rendered":"http:\/\/derecho.udd.cl\/clinica-juridica-concepcion\/?page_id=1160"},"modified":"2026-03-06T11:01:39","modified_gmt":"2026-03-06T14:01:39","slug":"inicio","status":"publish","type":"page","link":"https:\/\/derecho.udd.cl\/clinica-juridica-concepcion\/","title":{"rendered":"Inicio"},"content":{"rendered":"<section class=\"wp-block-udd-text-row block--bg-gray\">\n\t<div class=\"text-row\">\n\t\t<div class=\"text-row__content\">\n\t\t\t<div class=\"text-row__content-inner text\">\n\t\t\t\t\t\t\t\t<h2>Cl\u00ednica Jur\u00eddica Derecho Concepcion<\/h2>\n\t\t\t\t\t\t\t\t\n<p>Esta Cl\u00ednica Jur\u00eddica tiene por finalidad contribuir a la formaci\u00f3n de los alumnos de la Facultad de Derecho, a trav\u00e9s del conocimiento temprano de los problemas y necesidades que les tocar\u00e1 enfrentar en el ejercicio de la profesi\u00f3n.<\/p>\n<p class=\"wp-block-udd-button text-left js-show-in-modal\"><a class=\"btn btn-primary \" href=\"https:\/\/derecho.udd.cl\/clinica-juridica-concepcion\/formulario-de-atencion-online-clinica-juridica-udd\/\" data-url=\"https:\/\/derecho.udd.cl\/clinica-juridica-concepcion\/formulario-de-atencion-online-clinica-juridica-udd\/\"> Solicita atenci\u00f3n online <\/a><\/p>\n\t\t\t<\/div>\n\t\t<\/div>\n\t\t<div class=\"text-row__media\">\n\t\t\t<img loading=\"lazy\" decoding=\"async\" width=\"952\" height=\"534\" src=\"https:\/\/derecho.udd.cl\/clinica-juridica-concepcion\/files\/2022\/05\/clinicajuridicaWeb2022-300x169.png\" class=\"text-row__media-image lazyload\" alt=\"\" sizes=\"auto, (max-width: 952px) 100vw, 952px\" data-src=\"https:\/\/derecho.udd.cl\/clinica-juridica-concepcion\/files\/2022\/05\/clinicajuridicaWeb2022-952x534.png\" data-srcset=\"https:\/\/derecho.udd.cl\/clinica-juridica-concepcion\/files\/2022\/05\/clinicajuridicaWeb2022-952x534.png 952w, https:\/\/derecho.udd.cl\/clinica-juridica-concepcion\/files\/2022\/05\/clinicajuridicaWeb2022-300x169.png 300w, https:\/\/derecho.udd.cl\/clinica-juridica-concepcion\/files\/2022\/05\/clinicajuridicaWeb2022-680x382.png 680w\" \/>\t\t<\/div>\n\t<\/div>\n<\/section>\n\n\n<section class=\"wp-block-udd-fullwidth-cards\">\n\t<div class=\"container\">\n\t\t<header class=\"block__header\">\n\t\t\t<h2 class=\"block__title\">Noticias<\/h2>\n\t\t\t\t\t\t<a target=\"_blank\" rel=\"noreferer noopener\" href=\"https:\/\/derecho.udd.cl\/categoria\/clinica-juridica-concepcion\/\" class=\"block__view-more\">Ver m\u00e1s<\/a>\n\t\t\t\t\t<\/header>\n\t\t<div class=\"block__content\">\n\t\t\t<div class=\"fullwidth-cards\">\n\t\t\t\t\t\t\t<div class=\"fullwidth-card-wrapper\">\n\t\t\t\t\t<a href=\"https:\/\/derecho.udd.cl\/noticias\/2026\/03\/estudiantes-de-clinica-juridica-i-realizan-visitas-pedagogicas-a-juzgados-de-policia-local-de-concepcion-y-presentan-querellas-por-fraude-bancario\/\" class=\"fullwidth-card fullwidth-card--linkable\">\n\t\t\t\t\t\t<img class=\"fullwidth-card__image wp-post-image\" decoding=\"async\" loading=\"lazy\" width=\"500\" height=\"500\" src=\"https:\/\/derecho.udd.cl\/files\/2026\/03\/jpl-viernes-1-500x500.jpeg\" alt=\"\" srcset=\"https:\/\/derecho.udd.cl\/files\/2026\/03\/jpl-viernes-1-150x150.jpeg 150w, https:\/\/derecho.udd.cl\/files\/2026\/03\/jpl-viernes-1-62x62.jpeg 62w, https:\/\/derecho.udd.cl\/files\/2026\/03\/jpl-viernes-1-750x750.jpeg 750w, https:\/\/derecho.udd.cl\/files\/2026\/03\/jpl-viernes-1-500x500.jpeg 500w, https:\/\/derecho.udd.cl\/files\/2026\/03\/jpl-viernes-1-250x250.jpeg 250w, https:\/\/derecho.udd.cl\/files\/2026\/03\/jpl-viernes-1-126x126.jpeg 126w\" sizes=\"auto, (max-width: 500px) 100vw, 500px\" >\t\t\t\t\t\t<div class=\"fullwidth-card__content\">\n\t\t\t\t\t\t\t<span class=\"fullwidth-card__date\">30 de marzo 2026<\/span>\n\t\t\t\t\t\t\t<h3 class=\"fullwidth-card__title\">Estudiantes de Cl\u00ednica Jur\u00eddica I realizan visitas pedag\u00f3gicas a Juzgados de Polic\u00eda Local de Concepci\u00f3n y presentan querellas por fraude bancario<\/h3>\n\t\t\t\t\t\t\t<span class=\"fullwidth-card__link\">Conocer m\u00e1s<\/span>\n\t\t\t\t\t\t<\/div>\n\t\t\t\t\t<\/a>\n\t\t\t\t<\/div>\n\t\t\t\t\t\t\t<div class=\"fullwidth-card-wrapper\">\n\t\t\t\t\t<a href=\"https:\/\/derecho.udd.cl\/noticias\/2026\/03\/charla-experto-sobre-tramitacion-ante-juzgados-de-policia-local-a-estudiantes-de-clinica-juridica-i\/\" class=\"fullwidth-card fullwidth-card--linkable\">\n\t\t\t\t\t\t<img class=\"fullwidth-card__image wp-post-image\" decoding=\"async\" loading=\"lazy\" width=\"500\" height=\"500\" src=\"https:\/\/derecho.udd.cl\/files\/2026\/03\/charla-jpl-2026-1-500x500.jpeg\" alt=\"\" srcset=\"https:\/\/derecho.udd.cl\/files\/2026\/03\/charla-jpl-2026-1-150x150.jpeg 150w, https:\/\/derecho.udd.cl\/files\/2026\/03\/charla-jpl-2026-1-62x62.jpeg 62w, https:\/\/derecho.udd.cl\/files\/2026\/03\/charla-jpl-2026-1-750x750.jpeg 750w, https:\/\/derecho.udd.cl\/files\/2026\/03\/charla-jpl-2026-1-500x500.jpeg 500w, https:\/\/derecho.udd.cl\/files\/2026\/03\/charla-jpl-2026-1-250x250.jpeg 250w, https:\/\/derecho.udd.cl\/files\/2026\/03\/charla-jpl-2026-1-126x126.jpeg 126w\" sizes=\"auto, (max-width: 500px) 100vw, 500px\" >\t\t\t\t\t\t<div class=\"fullwidth-card__content\">\n\t\t\t\t\t\t\t<span class=\"fullwidth-card__date\">10 de marzo 2026<\/span>\n\t\t\t\t\t\t\t<h3 class=\"fullwidth-card__title\">Charla experto sobre tramitaci\u00f3n ante Juzgados de Polic\u00eda Local a estudiantes de Cl\u00ednica Jur\u00eddica I<\/h3>\n\t\t\t\t\t\t\t<span class=\"fullwidth-card__link\">Conocer m\u00e1s<\/span>\n\t\t\t\t\t\t<\/div>\n\t\t\t\t\t<\/a>\n\t\t\t\t<\/div>\n\t\t\t\t\t\t\t<div class=\"fullwidth-card-wrapper\">\n\t\t\t\t\t<a href=\"https:\/\/derecho.udd.cl\/noticias\/2026\/03\/clinica-juridica-udd-concepcion-inicia-sus-actividades-academicas-2026\/\" class=\"fullwidth-card fullwidth-card--linkable\">\n\t\t\t\t\t\t<img class=\"fullwidth-card__image wp-post-image\" decoding=\"async\" loading=\"lazy\" width=\"500\" height=\"500\" src=\"https:\/\/derecho.udd.cl\/files\/2026\/03\/induccion-2026-1-500x500.jpeg\" alt=\"\" srcset=\"https:\/\/derecho.udd.cl\/files\/2026\/03\/induccion-2026-1-150x150.jpeg 150w, https:\/\/derecho.udd.cl\/files\/2026\/03\/induccion-2026-1-62x62.jpeg 62w, https:\/\/derecho.udd.cl\/files\/2026\/03\/induccion-2026-1-500x500.jpeg 500w, https:\/\/derecho.udd.cl\/files\/2026\/03\/induccion-2026-1-250x250.jpeg 250w, https:\/\/derecho.udd.cl\/files\/2026\/03\/induccion-2026-1-126x126.jpeg 126w\" sizes=\"auto, (max-width: 500px) 100vw, 500px\" >\t\t\t\t\t\t<div class=\"fullwidth-card__content\">\n\t\t\t\t\t\t\t<span class=\"fullwidth-card__date\">5 de marzo 2026<\/span>\n\t\t\t\t\t\t\t<h3 class=\"fullwidth-card__title\">Cl\u00ednica Jur\u00eddica UDD Concepci\u00f3n inicia sus actividades acad\u00e9micas 2026<\/h3>\n\t\t\t\t\t\t\t<span class=\"fullwidth-card__link\">Conocer m\u00e1s<\/span>\n\t\t\t\t\t\t<\/div>\n\t\t\t\t\t<\/a>\n\t\t\t\t<\/div>\n\t\t\t\t\t\t\t<div class=\"fullwidth-card-wrapper\">\n\t\t\t\t\t<a href=\"https:\/\/derecho.udd.cl\/noticias\/2026\/03\/profesores-de-derecho-udd-concepcion-son-nombrados-abogados-integrantes-de-la-corte-de-apelaciones\/\" class=\"fullwidth-card fullwidth-card--linkable\">\n\t\t\t\t\t\t<img class=\"fullwidth-card__image wp-post-image\" decoding=\"async\" loading=\"lazy\" width=\"500\" height=\"500\" src=\"https:\/\/derecho.udd.cl\/files\/2026\/03\/whatsapp-image-2026-03-02-at-14-01-59-1-500x500.jpeg\" alt=\"\" srcset=\"https:\/\/derecho.udd.cl\/files\/2026\/03\/whatsapp-image-2026-03-02-at-14-01-59-1-150x150.jpeg 150w, https:\/\/derecho.udd.cl\/files\/2026\/03\/whatsapp-image-2026-03-02-at-14-01-59-1-62x62.jpeg 62w, https:\/\/derecho.udd.cl\/files\/2026\/03\/whatsapp-image-2026-03-02-at-14-01-59-1-750x750.jpeg 750w, https:\/\/derecho.udd.cl\/files\/2026\/03\/whatsapp-image-2026-03-02-at-14-01-59-1-500x500.jpeg 500w, https:\/\/derecho.udd.cl\/files\/2026\/03\/whatsapp-image-2026-03-02-at-14-01-59-1-250x250.jpeg 250w, https:\/\/derecho.udd.cl\/files\/2026\/03\/whatsapp-image-2026-03-02-at-14-01-59-1-126x126.jpeg 126w\" sizes=\"auto, (max-width: 500px) 100vw, 500px\" >\t\t\t\t\t\t<div class=\"fullwidth-card__content\">\n\t\t\t\t\t\t\t<span class=\"fullwidth-card__date\">2 de marzo 2026<\/span>\n\t\t\t\t\t\t\t<h3 class=\"fullwidth-card__title\">Profesores de Derecho UDD Concepci\u00f3n son nombrados abogados integrantes de la Corte de Apelaciones<\/h3>\n\t\t\t\t\t\t\t<span class=\"fullwidth-card__link\">Conocer m\u00e1s<\/span>\n\t\t\t\t\t\t<\/div>\n\t\t\t\t\t<\/a>\n\t\t\t\t<\/div>\n\t\t\t\t\t\t\t<div class=\"fullwidth-card-wrapper\">\n\t\t\t\t\t<a href=\"https:\/\/derecho.udd.cl\/noticias\/2026\/01\/estudiantes-de-derecho-udd-participan-en-nueva-edicion-del-voluntariado-sonrie-udd\/\" class=\"fullwidth-card fullwidth-card--linkable\">\n\t\t\t\t\t\t<img class=\"fullwidth-card__image wp-post-image\" decoding=\"async\" loading=\"lazy\" width=\"500\" height=\"500\" src=\"https:\/\/derecho.udd.cl\/files\/2026\/01\/sonrie-udd-ccp-2026-1-500x500.jpg\" alt=\"\" srcset=\"https:\/\/derecho.udd.cl\/files\/2026\/01\/sonrie-udd-ccp-2026-1-150x150.jpg 150w, https:\/\/derecho.udd.cl\/files\/2026\/01\/sonrie-udd-ccp-2026-1-62x62.jpg 62w, https:\/\/derecho.udd.cl\/files\/2026\/01\/sonrie-udd-ccp-2026-1-750x750.jpg 750w, https:\/\/derecho.udd.cl\/files\/2026\/01\/sonrie-udd-ccp-2026-1-500x500.jpg 500w, https:\/\/derecho.udd.cl\/files\/2026\/01\/sonrie-udd-ccp-2026-1-250x250.jpg 250w, https:\/\/derecho.udd.cl\/files\/2026\/01\/sonrie-udd-ccp-2026-1-126x126.jpg 126w\" sizes=\"auto, (max-width: 500px) 100vw, 500px\" >\t\t\t\t\t\t<div class=\"fullwidth-card__content\">\n\t\t\t\t\t\t\t<span class=\"fullwidth-card__date\">15 de enero 2026<\/span>\n\t\t\t\t\t\t\t<h3 class=\"fullwidth-card__title\">Estudiantes de Derecho UDD participan en nueva edici\u00f3n del voluntariado \u201cSonr\u00ede UDD\u201d<\/h3>\n\t\t\t\t\t\t\t<span class=\"fullwidth-card__link\">Conocer m\u00e1s<\/span>\n\t\t\t\t\t\t<\/div>\n\t\t\t\t\t<\/a>\n\t\t\t\t<\/div>\n\t\t\t\t\t\t<\/div>\n\t\t<\/div>\n\t<\/div>\n<\/section>\n\n\n\n<section class=\"wp-block-udd-locations\">\n\t<div class=\"container\">\n\t\t\t\t<div class=\"block__content\">\n\t\t\t<div class=\"access-cards\">\n\t\t\t\t\t\t\t<div class=\"access-card-wrapper\">\n\t\t\t\t\t<div class=\"access-card\" itemscope itemtype=\"http:\/\/schema.org\/Place\">\n\t\t\t\t\t\t\t\t\t\t\t\t<h3 class=\"locations__title\" itemprop=\"name\">Cl\u00ednica Jur\u00eddica UDD, Concepci\u00f3n<\/h3>\n\t\t\t\t\t\t\t\t\t\t\t\t\t\t\t\t\t\t<div class=\"locations__content\">\n\t\t\t\t\t\t\t\t\t\t\t\t\t\t<h4 class=\"locations__name\">Lunes a Viernes<\/h4>\n\t\t\t\t\t\t\t\t\t\t\t\t\t\t\t\t\t\t\t\t\t<span>08:30 &#8211; 13:00hrs.<\/span>\n\t\t\t\t\t\t\t\t\t\t\t\t\t<\/div>\n\t\t\t\t\t\t\t\t\t\t\t\t\t\t\t\t\t\t<div class=\"locations__content\">\n\t\t\t\t\t\t\t<h4 class=\"locations__name\">Tel\u00e9fono<\/h4>\n\t\t\t\t\t\t\t<span itemprop=\"telephone\">41 268 6338<br \/>\nWhatsapp +56933838926<\/span>\n\t\t\t\t\t\t<\/div>\n\t\t\t\t\t\t\t\t\t\t\t\t\t\t\t\t\t\t<div class=\"locations__content\">\n\t\t\t\t\t\t\t<h4 class=\"locations__name\">Direcci\u00f3n<\/h4>\n\t\t\t\t\t\t\t<span itemprop=\"address\">Maip\u00fa 1622, Concepci\u00f3n<\/span>\n\t\t\t\t\t\t<\/div>\n\t\t\t\t\t\t\t\t\t\t\t\t\t\t\t\t\t\t<div class=\"access-card__link\">\n\t\t\t\t\t\t\t<a href=\"https:\/\/share.google\/HIChyr7zgLgPmM76G\" target=\"_blank\" rel=\"noreferrer noopener\" class=\"access-card__link-text\">Abrir en mapa<\/a>\n\t\t\t\t\t\t<\/div>\n\t\t\t\t\t\t\t\t\t\t\t<\/div>\n\t\t\t\t<\/div>\n\t\t\t\t\t\t<\/div>\n\t\t<\/div>\n\t<\/div>\n<\/section>\n","protected":false},"excerpt":{"rendered":"","protected":false},"author":51,"featured_media":0,"parent":0,"menu_order":0,"comment_status":"closed","ping_status":"closed","template":"","meta":{"footnotes":""},"class_list":["post-1160","page","type-page","status-publish","hentry"],"_links":{"self":[{"href":"https:\/\/derecho.udd.cl\/clinica-juridica-concepcion\/wp-json\/wp\/v2\/pages\/1160","targetHints":{"allow":["GET"]}}],"collection":[{"href":"https:\/\/derecho.udd.cl\/clinica-juridica-concepcion\/wp-json\/wp\/v2\/pages"}],"about":[{"href":"https:\/\/derecho.udd.cl\/clinica-juridica-concepcion\/wp-json\/wp\/v2\/types\/page"}],"author":[{"embeddable":true,"href":"https:\/\/derecho.udd.cl\/clinica-juridica-concepcion\/wp-json\/wp\/v2\/users\/51"}],"replies":[{"embeddable":true,"href":"https:\/\/derecho.udd.cl\/clinica-juridica-concepcion\/wp-json\/wp\/v2\/comments?post=1160"}],"version-history":[{"count":19,"href":"https:\/\/derecho.udd.cl\/clinica-juridica-concepcion\/wp-json\/wp\/v2\/pages\/1160\/revisions"}],"predecessor-version":[{"id":1933,"href":"https:\/\/derecho.udd.cl\/clinica-juridica-concepcion\/wp-json\/wp\/v2\/pages\/1160\/revisions\/1933"}],"wp:attachment":[{"href":"https:\/\/derecho.udd.cl\/clinica-juridica-concepcion\/wp-json\/wp\/v2\/media?parent=1160"}],"curies":[{"name":"wp","href":"https:\/\/api.w.org\/{rel}","templated":true}]}}