{"id":1138,"date":"2021-05-16T21:25:18","date_gmt":"2021-05-16T21:25:18","guid":{"rendered":"http:\/\/derecho.udd.cl\/clinica-juridica-concepcion\/?page_id=1138"},"modified":"2024-07-03T10:01:38","modified_gmt":"2024-07-03T14:01:38","slug":"convenios","status":"publish","type":"page","link":"https:\/\/derecho.udd.cl\/clinica-juridica-concepcion\/convenios\/","title":{"rendered":"Convenios"},"content":{"rendered":"\n<figure class=\"wp-block-table\"><table><tbody><tr><td><strong>ACCI\u00d3N EMPRENDEDORA<\/strong><\/td><\/tr><tr><td><strong>COMIT\u00c9 FONDO DE INNOVACI\u00d3N TECNOL\u00d3GICA DE LA REGI\u00d3N DEL BIOBIO-INNOVA BIOBIO<\/strong><\/td><\/tr><tr><td><strong>CORPORACION DE&nbsp;&nbsp; ASISTENCIA JUDICIAL, REGI\u00d3N DEL BIOBIO.<\/strong><\/td><\/tr><tr><td><strong>FUNDACI\u00d3N TRABAJO PARA UN HERMANO.<\/strong><\/td><\/tr><tr><td><strong>UDD VENTURES S.A<\/strong><\/td><\/tr><tr><td><strong>ASOCIACI\u00d3N REGIONAL DE CONSUMIDORES ADULTOS MAYORES,<\/strong> <strong>regi\u00f3n del BIOBIO, ARCAM.<\/strong><\/td><\/tr><tr><td><strong>ASOCIACION DE FORMADORES DE ORGANIZACIONES JUVENILES DE CONSUMIDORES Y CONSUMIDORAS, FOJUCC.<\/strong><\/td><\/tr><tr><td><strong>ASOCIACION DE EMPRENDEDORES DE CHILE- ASECH.<\/strong> <strong>&nbsp;<\/strong> <strong>&nbsp;<\/strong><\/td><\/tr><tr><td><strong>SUPERINTENDENCIA DE INSOLVENCIA Y REEMPRENDIMIENTO<\/strong><\/td><\/tr><tr><td><strong>ILUSTRE MUNICIPALIDAD DE CONCEPCI\u00d3N<\/strong><\/td><\/tr><tr><td><strong>FUNDACI\u00d3N NOVO MILLENIO del<\/strong> <strong>Arzobispado de Concepci\u00f3n.<\/strong><\/td><\/tr><tr><td><strong>FONDO ESPERANZA SpA.<\/strong><\/td><\/tr><tr><td><strong>SERVICIO NACIONAL DEL CONSUMIDOR;<\/strong> <strong>DIRECCI\u00d3N REGIONAL, SERNAC.<\/strong><\/td><\/tr><tr><td><strong>ONG DE DESARROLLO SIMON DE CIRENE.<\/strong><\/td><\/tr><tr><td><strong>ILUSTRE &nbsp;MUNICIPALIDAD DE SAN PEDRO DE LA PAZ<\/strong><\/td><\/tr><tr><td><strong>MENTORES POR CHILE<\/strong><\/td><\/tr><tr><td><strong>ILUSTRE MUNICIPALIDAD DE HUALP\u00c9N<\/strong><\/td><\/tr><tr><td><strong>SERVICIO NACIONAL DE LA MUJER Y LA EQUIDAD DE G\u00c9NERO, DIRECCI\u00d3N REGIONAL DEL BIOBIO<\/strong><\/td><\/tr><tr><td><strong>ILUSTRE CORTE DE APELACIONES DE CONCEPCI\u00d3N<\/strong><\/td><\/tr><tr><td><strong>SANTIAGO INNOVA<\/strong><\/td><\/tr><tr><td><strong>CAMARA DE COMERCIO Y SERVICIOS Y TURISMO DE LOS ANGELES A.G.<\/strong><\/td><\/tr><\/tbody><\/table><\/figure>\n\n\n\n<p><\/p>\n\n\n<p class=\"wp-block-udd-button text-center\"><a class=\"btn btn-primary \" href=\"http:\/\/derecho.udd.cl\/clinica-juridica-concepcion\/files\/2024\/07\/convenios-clinica-juridica-concepcion-al-31-diciembre-2023.pdf\" data-url=\"http:\/\/derecho.udd.cl\/clinica-juridica-concepcion\/files\/2024\/07\/convenios-clinica-juridica-concepcion-al-31-diciembre-2023.pdf\"><svg class=\"svg-download-dims\"><use xlink:href='https:\/\/derecho.udd.cl\/clinica-juridica-concepcion\/wp-content\/themes\/facultades-2018\/assets\/img\/svg\/dist\/main.svg?version=1695853099#download'><\/use><\/svg> Descarga los Convenios de la Cl\u00ednica Jur\u00eddica Concepci\u00f3n, Vigentes a Enero 2024 <\/a><\/p>\n","protected":false},"excerpt":{"rendered":"<p>ACCI\u00d3N EMPRENDEDORA COMIT\u00c9 FONDO DE INNOVACI\u00d3N TECNOL\u00d3GICA DE LA REGI\u00d3N DEL BIOBIO-INNOVA BIOBIO CORPORACION DE&nbsp;&nbsp; ASISTENCIA JUDICIAL, REGI\u00d3N DEL BIOBIO. FUNDACI\u00d3N TRABAJO PARA UN HERMANO. UDD VENTURES S.A ASOCIACI\u00d3N REGIONAL DE CONSUMIDORES ADULTOS MAYORES, regi\u00f3n del BIOBIO, ARCAM. ASOCIACION DE FORMADORES DE ORGANIZACIONES JUVENILES DE CONSUMIDORES Y CONSUMIDORAS, FOJUCC. ASOCIACION DE EMPRENDEDORES DE CHILE- ASECH. [&hellip;]<\/p>\n","protected":false},"author":40,"featured_media":0,"parent":0,"menu_order":0,"comment_status":"closed","ping_status":"closed","template":"","meta":{"footnotes":""},"class_list":["post-1138","page","type-page","status-publish","hentry"],"_links":{"self":[{"href":"https:\/\/derecho.udd.cl\/clinica-juridica-concepcion\/wp-json\/wp\/v2\/pages\/1138","targetHints":{"allow":["GET"]}}],"collection":[{"href":"https:\/\/derecho.udd.cl\/clinica-juridica-concepcion\/wp-json\/wp\/v2\/pages"}],"about":[{"href":"https:\/\/derecho.udd.cl\/clinica-juridica-concepcion\/wp-json\/wp\/v2\/types\/page"}],"author":[{"embeddable":true,"href":"https:\/\/derecho.udd.cl\/clinica-juridica-concepcion\/wp-json\/wp\/v2\/users\/40"}],"replies":[{"embeddable":true,"href":"https:\/\/derecho.udd.cl\/clinica-juridica-concepcion\/wp-json\/wp\/v2\/comments?post=1138"}],"version-history":[{"count":8,"href":"https:\/\/derecho.udd.cl\/clinica-juridica-concepcion\/wp-json\/wp\/v2\/pages\/1138\/revisions"}],"predecessor-version":[{"id":1807,"href":"https:\/\/derecho.udd.cl\/clinica-juridica-concepcion\/wp-json\/wp\/v2\/pages\/1138\/revisions\/1807"}],"wp:attachment":[{"href":"https:\/\/derecho.udd.cl\/clinica-juridica-concepcion\/wp-json\/wp\/v2\/media?parent=1138"}],"curies":[{"name":"wp","href":"https:\/\/api.w.org\/{rel}","templated":true}]}}