{"id":7357,"date":"2025-03-06T14:36:08","date_gmt":"2025-03-06T17:36:08","guid":{"rendered":"https:\/\/derecho.udd.cl\/centro-justicia-constitucional\/?page_id=7357"},"modified":"2026-03-20T12:06:24","modified_gmt":"2026-03-20T15:06:24","slug":"concurso-ayudante-de-investigacion-cjc","status":"publish","type":"page","link":"https:\/\/derecho.udd.cl\/centro-justicia-constitucional\/concurso-ayudante-de-investigacion-cjc\/","title":{"rendered":"Concurso ayudante de investigaci\u00f3n CJC\u00a0"},"content":{"rendered":"\n<p><strong>Los invitamos a participar de una nueva convocatoria de ayudantes de investigaci\u00f3n para el primer semestre del a\u00f1o 2026.<\/strong>\u00a0<\/p>\n\n\n\n<p><strong>Requisitos para ser ayudante de investigaci\u00f3n<\/strong>:<\/p>\n\n\n\n<ol start=\"1\" class=\"wp-block-list\">\n<li>Ser alumno regular (4\u00b0 &#8211; 5\u00b0 a\u00f1o) o egresado de la carrera de Derecho de la Universidad del Desarrollo&nbsp;<\/li>\n<\/ol>\n\n\n\n<ol start=\"2\" class=\"wp-block-list\">\n<li>Haber cursado los primeros seis semestres de la carrera de Derecho en el caso de los egresados de la carrera de Derecho, no tener un plazo de egreso mayor a tres a\u00f1os. <\/li>\n<\/ol>\n\n\n\n<ol start=\"3\" class=\"wp-block-list\">\n<li>Haber aprobado todos los cursos m\u00ednimos del Ciclo de Derecho Pol\u00edtico y Derecho Constitucional. &nbsp;<\/li>\n<\/ol>\n\n\n\n<ol start=\"4\" class=\"wp-block-list\">\n<li>Tener un promedio ponderado acumulado sobre 5,5.&nbsp;<\/li>\n<\/ol>\n\n\n\n<ol start=\"5\" class=\"wp-block-list\">\n<li>Tener una carga acad\u00e9mica compatible con las responsabilidades que corresponden al ayudante. &nbsp;<\/li>\n<\/ol>\n\n\n\n<ol start=\"6\" class=\"wp-block-list\">\n<li>No haber reprobado el examen de grado. &nbsp;<\/li>\n<\/ol>\n\n\n\n<ol start=\"7\" class=\"wp-block-list\">\n<li>Compromiso para efectuar labores investigativas basales, como exploraci\u00f3n, b\u00fasqueda y recolecci\u00f3n de doctrina y jurisprudencia, revisi\u00f3n bibliogr\u00e1fica, trabajo de campo y otras an\u00e1logas requeridas por el director del centro o investigadores. &nbsp;<\/li>\n<\/ol>\n\n\n\n<ol start=\"8\" class=\"wp-block-list\">\n<li>Compromiso para aportar material doctrinario, jurisprudencial y medi\u00e1tico. &nbsp;<\/li>\n<\/ol>\n\n\n\n<ol start=\"9\" class=\"wp-block-list\">\n<li>Dominio de lectura en ingl\u00e9s. &nbsp;<\/li>\n<\/ol>\n\n\n\n<p><strong>\u00bfQu\u00e9 investigadores buscan ayudante?<\/strong>&nbsp;<\/p>\n\n\n\n<figure class=\"wp-block-table\"><table><tbody><tr><td><strong>Investigadores<\/strong>&nbsp;<\/td><td><strong>\u00c1rea de investigaci\u00f3n<\/strong>&nbsp;<\/td><td><strong>Requisitos espec\u00edficos<\/strong>&nbsp;<\/td><\/tr><tr><td>Marisol Pe\u00f1a<\/td><td>Derecho Constitucional&nbsp;<\/td><td>Haber completado el ciclo de Derecho Constitucional<\/td><\/tr><\/tbody><\/table><\/figure>\n\n\n\n<p><strong>\u00bfC\u00f3mo postular?<\/strong>&nbsp;<\/p>\n\n\n\n<p>Los interesados deben enviar sus antecedentes <strong>(carta de intenci\u00f3n, curr\u00edculum y ficha curricular con concentraci\u00f3n de notas)<\/strong> v\u00eda e-mail a\u00a0<a href=\"mailto:cjc@udd.cl\" target=\"_blank\" rel=\"noreferrer noopener\"><strong>cjc@udd.cl<\/strong><\/a><strong>\u00a0y <a href=\"mailto:marisolpena@udd.cl\">marisolpena@udd.cl<\/a><\/strong> <strong>con el asunto \u00abAyudante de investigaci\u00f3n + nombre del investigador al que postula\u00bb<\/strong>, <strong>hasta las 18:00 hrs. del viernes 27 de marzo de 2026<\/strong>.\u00a0<\/p>\n","protected":false},"excerpt":{"rendered":"<p>Los invitamos a participar de una nueva convocatoria de ayudantes de investigaci\u00f3n para el primer semestre del a\u00f1o 2026.\u00a0 Requisitos para ser ayudante de investigaci\u00f3n: \u00bfQu\u00e9 investigadores buscan ayudante?&nbsp; Investigadores&nbsp; \u00c1rea de investigaci\u00f3n&nbsp; Requisitos espec\u00edficos&nbsp; Marisol Pe\u00f1a Derecho Constitucional&nbsp; Haber completado el ciclo de Derecho Constitucional \u00bfC\u00f3mo postular?&nbsp; Los interesados deben enviar sus antecedentes (carta [&hellip;]<\/p>\n","protected":false},"author":98,"featured_media":3559,"parent":0,"menu_order":0,"comment_status":"closed","ping_status":"closed","template":"","meta":{"footnotes":""},"class_list":["post-7357","page","type-page","status-publish","has-post-thumbnail","hentry"],"_links":{"self":[{"href":"https:\/\/derecho.udd.cl\/centro-justicia-constitucional\/wp-json\/wp\/v2\/pages\/7357","targetHints":{"allow":["GET"]}}],"collection":[{"href":"https:\/\/derecho.udd.cl\/centro-justicia-constitucional\/wp-json\/wp\/v2\/pages"}],"about":[{"href":"https:\/\/derecho.udd.cl\/centro-justicia-constitucional\/wp-json\/wp\/v2\/types\/page"}],"author":[{"embeddable":true,"href":"https:\/\/derecho.udd.cl\/centro-justicia-constitucional\/wp-json\/wp\/v2\/users\/98"}],"replies":[{"embeddable":true,"href":"https:\/\/derecho.udd.cl\/centro-justicia-constitucional\/wp-json\/wp\/v2\/comments?post=7357"}],"version-history":[{"count":3,"href":"https:\/\/derecho.udd.cl\/centro-justicia-constitucional\/wp-json\/wp\/v2\/pages\/7357\/revisions"}],"predecessor-version":[{"id":7446,"href":"https:\/\/derecho.udd.cl\/centro-justicia-constitucional\/wp-json\/wp\/v2\/pages\/7357\/revisions\/7446"}],"wp:featuredmedia":[{"embeddable":true,"href":"https:\/\/derecho.udd.cl\/centro-justicia-constitucional\/wp-json\/wp\/v2\/media\/3559"}],"wp:attachment":[{"href":"https:\/\/derecho.udd.cl\/centro-justicia-constitucional\/wp-json\/wp\/v2\/media?parent=7357"}],"curies":[{"name":"wp","href":"https:\/\/api.w.org\/{rel}","templated":true}]}}