{"id":4899,"date":"2022-05-19T15:37:00","date_gmt":"2022-05-19T15:37:00","guid":{"rendered":"https:\/\/derecho.udd.cl\/centro-justicia-constitucional\/?page_id=4899"},"modified":"2022-05-24T17:31:16","modified_gmt":"2022-05-24T17:31:16","slug":"participa-en-el-proximo-numero-de-la-revista-de-derecho-publico-iberoamericano","status":"publish","type":"page","link":"https:\/\/derecho.udd.cl\/centro-justicia-constitucional\/participa-en-el-proximo-numero-de-la-revista-de-derecho-publico-iberoamericano\/","title":{"rendered":"Participa en el pr\u00f3ximo N\u00famero de la Revista de Derecho P\u00fablico Iberoamericano"},"content":{"rendered":"\n<p>La Revista de Derecho P\u00fablico Iberoamericano es una revista bimestral, de car\u00e1cter acad\u00e9mico-cient\u00edfico, dependiente del Centro de Justicia Constitucional de la Facultad de Derecho de la Universidad del Desarrollo, con casi diez a\u00f1os de historia, y part\u00edcipe de diversas indexaciones nacionales como internacionales; la cual ya abri\u00f3 su \u00faltima convocatoria para la recepci\u00f3n de art\u00edculos, los que ser\u00e1n recibidos hasta el <strong>viernes 5 de agosto de 2022<\/strong>.<\/p>\n\n\n\n<p>En esta oportunidad los escritos deber\u00e1n ser un\u00a0an\u00e1lisis sobre la\u00a0 problem\u00e1tica de la Convenci\u00f3n Constitucional chilena, pero tambi\u00e9n\u00a0se recibir\u00e1n trabajos sobre temas miscel\u00e1neos, y su publicaci\u00f3n se realizar\u00e1 durante el mes de octubre del presente a\u00f1o.<\/p>\n\n\n\n<p>Los trabajos deber\u00e1n ser enviados a&nbsp;<a rel=\"noreferrer noopener\" href=\"mailto:rdpi@udd.cl\" target=\"_blank\"><strong>rdpi@udd.cl<\/strong><\/a><\/p>\n\n\n\n<p>Revisa <a href=\"https:\/\/revistas.udd.cl\/index.php\/RDPI\/about\/submissions\">aqu\u00ed<\/a> todos los detalles y requisitos de env\u00edo. <\/p>\n\n\n\n<div class=\"wp-block-image\"><figure class=\"alignleft size-large is-resized\"><img loading=\"lazy\" decoding=\"async\" src=\"https:\/\/derecho.udd.cl\/centro-justicia-constitucional\/files\/2022\/05\/POSTconvocatoria-1-1024x1024.png\" alt=\"\" class=\"wp-image-4900\" width=\"481\" height=\"481\" srcset=\"https:\/\/derecho.udd.cl\/centro-justicia-constitucional\/files\/2022\/05\/POSTconvocatoria-1-1024x1024.png 1024w, https:\/\/derecho.udd.cl\/centro-justicia-constitucional\/files\/2022\/05\/POSTconvocatoria-1-300x300.png 300w, https:\/\/derecho.udd.cl\/centro-justicia-constitucional\/files\/2022\/05\/POSTconvocatoria-1-150x150.png 150w, https:\/\/derecho.udd.cl\/centro-justicia-constitucional\/files\/2022\/05\/POSTconvocatoria-1-768x768.png 768w, https:\/\/derecho.udd.cl\/centro-justicia-constitucional\/files\/2022\/05\/POSTconvocatoria-1-62x62.png 62w, https:\/\/derecho.udd.cl\/centro-justicia-constitucional\/files\/2022\/05\/POSTconvocatoria-1-750x750.png 750w, https:\/\/derecho.udd.cl\/centro-justicia-constitucional\/files\/2022\/05\/POSTconvocatoria-1-500x500.png 500w, https:\/\/derecho.udd.cl\/centro-justicia-constitucional\/files\/2022\/05\/POSTconvocatoria-1-250x250.png 250w, https:\/\/derecho.udd.cl\/centro-justicia-constitucional\/files\/2022\/05\/POSTconvocatoria-1-126x126.png 126w, https:\/\/derecho.udd.cl\/centro-justicia-constitucional\/files\/2022\/05\/POSTconvocatoria-1.png 1200w\" sizes=\"auto, (max-width: 481px) 100vw, 481px\" \/><\/figure><\/div>\n","protected":false},"excerpt":{"rendered":"<p>La Revista de Derecho P\u00fablico Iberoamericano es una revista bimestral, de car\u00e1cter acad\u00e9mico-cient\u00edfico, dependiente del Centro de Justicia Constitucional de la Facultad de Derecho de la Universidad del Desarrollo, con casi diez a\u00f1os de historia, y part\u00edcipe de diversas indexaciones nacionales como internacionales; la cual ya abri\u00f3 su \u00faltima convocatoria para la recepci\u00f3n de art\u00edculos, [&hellip;]<\/p>\n","protected":false},"author":61,"featured_media":0,"parent":0,"menu_order":0,"comment_status":"closed","ping_status":"closed","template":"","meta":{"footnotes":""},"class_list":["post-4899","page","type-page","status-publish","hentry"],"_links":{"self":[{"href":"https:\/\/derecho.udd.cl\/centro-justicia-constitucional\/wp-json\/wp\/v2\/pages\/4899","targetHints":{"allow":["GET"]}}],"collection":[{"href":"https:\/\/derecho.udd.cl\/centro-justicia-constitucional\/wp-json\/wp\/v2\/pages"}],"about":[{"href":"https:\/\/derecho.udd.cl\/centro-justicia-constitucional\/wp-json\/wp\/v2\/types\/page"}],"author":[{"embeddable":true,"href":"https:\/\/derecho.udd.cl\/centro-justicia-constitucional\/wp-json\/wp\/v2\/users\/61"}],"replies":[{"embeddable":true,"href":"https:\/\/derecho.udd.cl\/centro-justicia-constitucional\/wp-json\/wp\/v2\/comments?post=4899"}],"version-history":[{"count":4,"href":"https:\/\/derecho.udd.cl\/centro-justicia-constitucional\/wp-json\/wp\/v2\/pages\/4899\/revisions"}],"predecessor-version":[{"id":4953,"href":"https:\/\/derecho.udd.cl\/centro-justicia-constitucional\/wp-json\/wp\/v2\/pages\/4899\/revisions\/4953"}],"wp:attachment":[{"href":"https:\/\/derecho.udd.cl\/centro-justicia-constitucional\/wp-json\/wp\/v2\/media?parent=4899"}],"curies":[{"name":"wp","href":"https:\/\/api.w.org\/{rel}","templated":true}]}}