{"id":4893,"date":"2022-05-19T15:31:16","date_gmt":"2022-05-19T15:31:16","guid":{"rendered":"https:\/\/derecho.udd.cl\/centro-justicia-constitucional\/?page_id=4893"},"modified":"2022-05-24T17:29:07","modified_gmt":"2022-05-24T17:29:07","slug":"convocatoria-abierta-viii-encuentros-nacionales-de-jovenes-profesores-de-derecho-constitucional","status":"publish","type":"page","link":"https:\/\/derecho.udd.cl\/centro-justicia-constitucional\/convocatoria-abierta-viii-encuentros-nacionales-de-jovenes-profesores-de-derecho-constitucional\/","title":{"rendered":"Convocatoria abierta: VIII Encuentros Nacionales de J\u00f3venes Profesores de Derecho Constitucional"},"content":{"rendered":"\n<p>El Centro de Justicia Constitucional de la Facultad de Derecho de la Universidad del Desarrollo y la Asociaci\u00f3n Chilena de Derecho Constitucional tienen el agrado de invitarlos a participar del pr\u00f3ximo Encuentro Nacional de J\u00f3venes Profesores de Derecho Constitucional, dirigido para<strong>  profesoras y profesores de Derecho Constitucional de las Universidades chilenas que est\u00e9n en proceso de formaci\u00f3n acad\u00e9mica o que se encuentren dentro de los cinco a\u00f1os siguientes a la obtenci\u00f3n de su Doctorado.<\/strong><\/p>\n\n\n\n<p>En esta VIII edici\u00f3n, el tema a tratar ser\u00e1 \u201c<strong>Cambio Constitucional Chileno: Debates y Desaf\u00edos para los Pr\u00f3ximos A\u00f1os<\/strong>\u201d. Es en raz\u00f3n de ello que se proponen los siguientes temas a las expositoras y expositores, s\u00f3lo como referencia y sin exclusi\u00f3n de otros que sean pertinentes al eje tem\u00e1tico:<\/p>\n\n\n\n<p>\u00b7&nbsp;&nbsp;&nbsp;&nbsp;&nbsp;&nbsp;&nbsp;Nueva forma de Gobierno: De los poderes del Presidente, del Congreso y las relaciones entre ellos.<\/p>\n\n\n\n<p>\u00b7&nbsp;&nbsp;&nbsp;&nbsp;&nbsp;&nbsp;&nbsp;Nueva Constituci\u00f3n y principios ecol\u00f3gicos y medioambientales.<\/p>\n\n\n\n<p>\u00b7&nbsp;&nbsp;&nbsp;&nbsp;&nbsp;&nbsp;&nbsp;Nueva forma de Estado: Las regiones y dem\u00e1s entidades aut\u00f3nomas en la nueva Constituci\u00f3n.<\/p>\n\n\n\n<p>\u00b7&nbsp;&nbsp;&nbsp;&nbsp;&nbsp;&nbsp;&nbsp;Constituci\u00f3n con perspectiva de g\u00e9nero.<\/p>\n\n\n\n<p>\u00b7&nbsp;&nbsp;&nbsp;&nbsp;&nbsp;&nbsp;&nbsp;Sistema de controles: Los pesos y contrapesos de la nueva Constituci\u00f3n.<\/p>\n\n\n\n<p>\u00b7&nbsp;&nbsp;&nbsp;&nbsp;&nbsp;&nbsp;&nbsp;Sistemas de Justicia y pluralismo jur\u00eddico.<\/p>\n\n\n\n<p>\u00b7&nbsp;&nbsp;&nbsp;&nbsp;&nbsp;&nbsp;&nbsp;Desaf\u00edos para los Derechos Fundamentales en un Estado social y democr\u00e1tico de Derecho.<\/p>\n\n\n\n<p>Revisa <a href=\"https:\/\/derecho.udd.cl\/convocatoria-viii-encuentro-nacional-de-jovenes-profesores-de-derecho-constitucional\/\">aqu\u00ed<\/a> las bases y requisitos de la convocatoria.<\/p>\n\n\n\n<div class=\"wp-block-image\"><figure class=\"alignleft size-large is-resized\"><img loading=\"lazy\" decoding=\"async\" src=\"https:\/\/derecho.udd.cl\/centro-justicia-constitucional\/files\/2022\/05\/POST-JORNADAS-DERECHO-CONSTITUCIONAL-1024x1024.png\" alt=\"\" class=\"wp-image-4895\" width=\"631\" height=\"631\" srcset=\"https:\/\/derecho.udd.cl\/centro-justicia-constitucional\/files\/2022\/05\/POST-JORNADAS-DERECHO-CONSTITUCIONAL-1024x1024.png 1024w, https:\/\/derecho.udd.cl\/centro-justicia-constitucional\/files\/2022\/05\/POST-JORNADAS-DERECHO-CONSTITUCIONAL-300x300.png 300w, https:\/\/derecho.udd.cl\/centro-justicia-constitucional\/files\/2022\/05\/POST-JORNADAS-DERECHO-CONSTITUCIONAL-150x150.png 150w, https:\/\/derecho.udd.cl\/centro-justicia-constitucional\/files\/2022\/05\/POST-JORNADAS-DERECHO-CONSTITUCIONAL-768x768.png 768w, https:\/\/derecho.udd.cl\/centro-justicia-constitucional\/files\/2022\/05\/POST-JORNADAS-DERECHO-CONSTITUCIONAL-62x62.png 62w, https:\/\/derecho.udd.cl\/centro-justicia-constitucional\/files\/2022\/05\/POST-JORNADAS-DERECHO-CONSTITUCIONAL-750x750.png 750w, https:\/\/derecho.udd.cl\/centro-justicia-constitucional\/files\/2022\/05\/POST-JORNADAS-DERECHO-CONSTITUCIONAL-500x500.png 500w, https:\/\/derecho.udd.cl\/centro-justicia-constitucional\/files\/2022\/05\/POST-JORNADAS-DERECHO-CONSTITUCIONAL-250x250.png 250w, https:\/\/derecho.udd.cl\/centro-justicia-constitucional\/files\/2022\/05\/POST-JORNADAS-DERECHO-CONSTITUCIONAL-126x126.png 126w, https:\/\/derecho.udd.cl\/centro-justicia-constitucional\/files\/2022\/05\/POST-JORNADAS-DERECHO-CONSTITUCIONAL.png 1200w\" sizes=\"auto, (max-width: 631px) 100vw, 631px\" \/><\/figure><\/div>\n","protected":false},"excerpt":{"rendered":"<p>El Centro de Justicia Constitucional de la Facultad de Derecho de la Universidad del Desarrollo y la Asociaci\u00f3n Chilena de Derecho Constitucional tienen el agrado de invitarlos a participar del pr\u00f3ximo Encuentro Nacional de J\u00f3venes Profesores de Derecho Constitucional, dirigido para profesoras y profesores de Derecho Constitucional de las Universidades chilenas que est\u00e9n en proceso [&hellip;]<\/p>\n","protected":false},"author":61,"featured_media":0,"parent":0,"menu_order":0,"comment_status":"closed","ping_status":"closed","template":"","meta":{"footnotes":""},"class_list":["post-4893","page","type-page","status-publish","hentry"],"_links":{"self":[{"href":"https:\/\/derecho.udd.cl\/centro-justicia-constitucional\/wp-json\/wp\/v2\/pages\/4893","targetHints":{"allow":["GET"]}}],"collection":[{"href":"https:\/\/derecho.udd.cl\/centro-justicia-constitucional\/wp-json\/wp\/v2\/pages"}],"about":[{"href":"https:\/\/derecho.udd.cl\/centro-justicia-constitucional\/wp-json\/wp\/v2\/types\/page"}],"author":[{"embeddable":true,"href":"https:\/\/derecho.udd.cl\/centro-justicia-constitucional\/wp-json\/wp\/v2\/users\/61"}],"replies":[{"embeddable":true,"href":"https:\/\/derecho.udd.cl\/centro-justicia-constitucional\/wp-json\/wp\/v2\/comments?post=4893"}],"version-history":[{"count":8,"href":"https:\/\/derecho.udd.cl\/centro-justicia-constitucional\/wp-json\/wp\/v2\/pages\/4893\/revisions"}],"predecessor-version":[{"id":4950,"href":"https:\/\/derecho.udd.cl\/centro-justicia-constitucional\/wp-json\/wp\/v2\/pages\/4893\/revisions\/4950"}],"wp:attachment":[{"href":"https:\/\/derecho.udd.cl\/centro-justicia-constitucional\/wp-json\/wp\/v2\/media?parent=4893"}],"curies":[{"name":"wp","href":"https:\/\/api.w.org\/{rel}","templated":true}]}}