{"id":4437,"date":"2021-12-06T13:46:18","date_gmt":"2021-12-06T13:46:18","guid":{"rendered":"https:\/\/derecho.udd.cl\/centro-justicia-constitucional\/?page_id=4437"},"modified":"2021-12-13T16:03:17","modified_gmt":"2021-12-13T16:03:17","slug":"ciclo-pulso-constitucional-udd","status":"publish","type":"page","link":"https:\/\/derecho.udd.cl\/centro-justicia-constitucional\/ciclo-pulso-constitucional-udd\/","title":{"rendered":"CICLO PULSO CONSTITUCIONAL UDD &#8211; EMOLTV"},"content":{"rendered":"<!-- WP Block: UDD - Banners Multiple -->\n<section class=\"wp-block-udd-banners-multiple \">\n\t<div class=\"container\">\n\t\t\t\t<div class=\"block__content\">\n\t\t\t<div id=\"udd-banners-multiple--1\"\n\t\t\t\t\t\t\t\t>\n\t\t\t\t\t\t\t\t<div class=\"banners\">\n\t\t\t\t\t\t\t\t\t<div class=\"banner-col\n\t\t\t\t\t active\t\t\t\t\t\">\n\t\t\t\t\t\t<a href=\"https:\/\/derecho.udd.cl\/centro-justicia-constitucional\/2021\/11\/22\/cjc-en-ciclo-pulso-constitucional-udd-la-justicia-constitucional-en-la-futura-constitucion\/\" class=\"banner banner--multiple\" data-url=\"https:\/\/derecho.udd.cl\/centro-justicia-constitucional\/2021\/11\/22\/cjc-en-ciclo-pulso-constitucional-udd-la-justicia-constitucional-en-la-futura-constitucion\/\">\n\t\t\t\t\t\t\t\t\t\t\t\t\t<img loading=\"lazy\" decoding=\"async\" width=\"300\" height=\"325\" src=\"https:\/\/derecho.udd.cl\/centro-justicia-constitucional\/files\/2021\/07\/Catalina_Salem_-_charlista.jpg\" class=\"banner__image lazyload\" alt=\"\" sizes=\"auto, (max-width: 300px) 100vw, 300px\" data-src=\"https:\/\/derecho.udd.cl\/centro-justicia-constitucional\/files\/2021\/07\/Catalina_Salem_-_charlista.jpg\" data-srcset=\"https:\/\/derecho.udd.cl\/centro-justicia-constitucional\/files\/2021\/07\/Catalina_Salem_-_charlista.jpg 300w, https:\/\/derecho.udd.cl\/centro-justicia-constitucional\/files\/2021\/07\/Catalina_Salem_-_charlista-277x300.jpg 277w\" \/>\t\t\t\t\t\t\t\t\t\t\t\t\t<div class=\"banner__content\">\n\t\t\t\t\t\t\t\t<span class=\"banner__title\">La justicia constitucional en la futura Constituci\u00f3n<\/span>\n\t\t\t\t\t\t\t\t\t\t\t\t\t\t\t\t\t\t\t\t\t\t\t\t\t<span class=\"banner__action\">Ver m\u00e1s<\/span>\n\t\t\t\t\t\t\t\t\t\t\t\t\t\t\t<\/div>\n\t\t\t\t\t\t<\/a>\n\t\t\t\t\t<\/div>\n\t\t\t\t\t\t\t\t\t<div class=\"banner-col\n\t\t\t\t\t\t\t\t\t\t\">\n\t\t\t\t\t\t<a href=\"https:\/\/derecho.udd.cl\/cdre\/2021\/11\/30\/cdre-en-ciclo-pulso-constitucional-udd-recursos-hidricos-y-proteccion-ambiental-en-la-constitucion\/\" class=\"banner banner--multiple\" data-url=\"https:\/\/derecho.udd.cl\/cdre\/2021\/11\/30\/cdre-en-ciclo-pulso-constitucional-udd-recursos-hidricos-y-proteccion-ambiental-en-la-constitucion\/\">\n\t\t\t\t\t\t\t\t\t\t\t\t\t<img loading=\"lazy\" decoding=\"async\" width=\"952\" height=\"534\" src=\"https:\/\/derecho.udd.cl\/centro-justicia-constitucional\/files\/2021\/10\/IMG_3461-1024x768-1-680x382.jpg\" class=\"banner__image lazyload\" alt=\"\" sizes=\"auto, (max-width: 952px) 100vw, 952px\" data-src=\"https:\/\/derecho.udd.cl\/centro-justicia-constitucional\/files\/2021\/10\/IMG_3461-1024x768-1-952x534.jpg\" data-srcset=\"https:\/\/derecho.udd.cl\/centro-justicia-constitucional\/files\/2021\/10\/IMG_3461-1024x768-1-952x534.jpg 952w, https:\/\/derecho.udd.cl\/centro-justicia-constitucional\/files\/2021\/10\/IMG_3461-1024x768-1-680x382.jpg 680w\" \/>\t\t\t\t\t\t\t\t\t\t\t\t\t<div class=\"banner__content\">\n\t\t\t\t\t\t\t\t<span class=\"banner__title\">Recursos H\u00eddricos y Protecci\u00f3n Ambiental en la Constituci\u00f3n<\/span>\n\t\t\t\t\t\t\t\t\t\t\t\t\t\t\t\t\t\t\t\t\t\t\t\t\t<span class=\"banner__action\">Ver m\u00e1s<\/span>\n\t\t\t\t\t\t\t\t\t\t\t\t\t\t\t<\/div>\n\t\t\t\t\t\t<\/a>\n\t\t\t\t\t<\/div>\n\t\t\t\t\t\t\t\t\t<div class=\"banner-col\n\t\t\t\t\t\t\t\t\t\t\">\n\t\t\t\t\t\t<a href=\"https:\/\/derecho.udd.cl\/cdre\/2021\/12\/13\/cdre-en-ciclo-pulso-constitucional-udd-regimen-tributario-y-discusion-constitucional\/\" class=\"banner banner--multiple\" data-url=\"https:\/\/derecho.udd.cl\/cdre\/2021\/12\/13\/cdre-en-ciclo-pulso-constitucional-udd-regimen-tributario-y-discusion-constitucional\/\">\n\t\t\t\t\t\t\t\t\t\t\t\t\t<img loading=\"lazy\" decoding=\"async\" width=\"479\" height=\"310\" src=\"https:\/\/derecho.udd.cl\/centro-justicia-constitucional\/files\/2021\/10\/matias_pascuali-copia-1.jpg\" class=\"banner__image lazyload\" alt=\"\" sizes=\"auto, (max-width: 479px) 100vw, 479px\" data-src=\"https:\/\/derecho.udd.cl\/centro-justicia-constitucional\/files\/2021\/10\/matias_pascuali-copia-1.jpg\" data-srcset=\"https:\/\/derecho.udd.cl\/centro-justicia-constitucional\/files\/2021\/10\/matias_pascuali-copia-1.jpg 479w, https:\/\/derecho.udd.cl\/centro-justicia-constitucional\/files\/2021\/10\/matias_pascuali-copia-1-300x194.jpg 300w\" \/>\t\t\t\t\t\t\t\t\t\t\t\t\t<div class=\"banner__content\">\n\t\t\t\t\t\t\t\t<span class=\"banner__title\">R\u00c9GIMEN TRIBUTARIO Y DISCUSI\u00d3N CONSTITUCIONAL<\/span>\n\t\t\t\t\t\t\t\t\t\t\t\t\t\t\t\t\t\t\t\t\t\t\t\t\t<span class=\"banner__action\">Ver m\u00e1s<\/span>\n\t\t\t\t\t\t\t\t\t\t\t\t\t\t\t<\/div>\n\t\t\t\t\t\t<\/a>\n\t\t\t\t\t<\/div>\n\t\t\t\t\t\t\t\t<\/div>\n\t\t\t<\/div>\n\t\t<\/div>\n\t<\/div>\n<\/section>\n\n\n<section class=\"wp-block-udd-text-row\">\n\t<div class=\"text-row\">\n\t\t<div class=\"text-row__content\">\n\t\t\t<div class=\"text-row__content-inner text\">\n\t\t\t\t\t\t\t\t<h2>MARISOL PE\u00d1A PARTICIPA COMO MODERADORA EN CICLO PULSO CONSTITUCIONALIDAD UDD: PLURINACIONALIDAD EN LA FUTURA CONSTITUCI\u00d3N\n<\/h2>\n\t\t\t\t\t\t\t\t\n<p><a href=\"https:\/\/derecho.udd.cl\/centro-justicia-constitucional\/2021\/11\/15\/marisol-pena-participa-en-ciclo-pulso-constitucionalidad-udd-plurinacionalidad-en-la-futura-constitucion\/\">Ver m\u00e1s<\/a><\/p>\n\t\t\t<\/div>\n\t\t<\/div>\n\t\t<div class=\"text-row__media\">\n\t\t\t<img loading=\"lazy\" decoding=\"async\" width=\"700\" height=\"532\" src=\"https:\/\/derecho.udd.cl\/centro-justicia-constitucional\/files\/2021\/09\/prof.marisolpena-nuevasecretariageneral-680x382.jpg\" class=\"text-row__media-image lazyload\" alt=\"\" sizes=\"auto, (max-width: 700px) 100vw, 700px\" data-src=\"https:\/\/derecho.udd.cl\/centro-justicia-constitucional\/files\/2021\/09\/prof.marisolpena-nuevasecretariageneral.jpg\" data-srcset=\"https:\/\/derecho.udd.cl\/centro-justicia-constitucional\/files\/2021\/09\/prof.marisolpena-nuevasecretariageneral.jpg 700w, https:\/\/derecho.udd.cl\/centro-justicia-constitucional\/files\/2021\/09\/prof.marisolpena-nuevasecretariageneral-300x228.jpg 300w\" \/>\t\t<\/div>\n\t<\/div>\n<\/section>\n","protected":false},"excerpt":{"rendered":"","protected":false},"author":61,"featured_media":0,"parent":0,"menu_order":0,"comment_status":"closed","ping_status":"closed","template":"","meta":{"footnotes":""},"class_list":["post-4437","page","type-page","status-publish","hentry"],"_links":{"self":[{"href":"https:\/\/derecho.udd.cl\/centro-justicia-constitucional\/wp-json\/wp\/v2\/pages\/4437","targetHints":{"allow":["GET"]}}],"collection":[{"href":"https:\/\/derecho.udd.cl\/centro-justicia-constitucional\/wp-json\/wp\/v2\/pages"}],"about":[{"href":"https:\/\/derecho.udd.cl\/centro-justicia-constitucional\/wp-json\/wp\/v2\/types\/page"}],"author":[{"embeddable":true,"href":"https:\/\/derecho.udd.cl\/centro-justicia-constitucional\/wp-json\/wp\/v2\/users\/61"}],"replies":[{"embeddable":true,"href":"https:\/\/derecho.udd.cl\/centro-justicia-constitucional\/wp-json\/wp\/v2\/comments?post=4437"}],"version-history":[{"count":6,"href":"https:\/\/derecho.udd.cl\/centro-justicia-constitucional\/wp-json\/wp\/v2\/pages\/4437\/revisions"}],"predecessor-version":[{"id":4483,"href":"https:\/\/derecho.udd.cl\/centro-justicia-constitucional\/wp-json\/wp\/v2\/pages\/4437\/revisions\/4483"}],"wp:attachment":[{"href":"https:\/\/derecho.udd.cl\/centro-justicia-constitucional\/wp-json\/wp\/v2\/media?parent=4437"}],"curies":[{"name":"wp","href":"https:\/\/api.w.org\/{rel}","templated":true}]}}