{"id":4435,"date":"2021-12-06T13:44:15","date_gmt":"2021-12-06T13:44:15","guid":{"rendered":"https:\/\/derecho.udd.cl\/centro-justicia-constitucional\/?page_id=4435"},"modified":"2021-12-30T12:57:13","modified_gmt":"2021-12-30T12:57:13","slug":"cjc-y-cdre-en-la-convencion-constitucional","status":"publish","type":"page","link":"https:\/\/derecho.udd.cl\/centro-justicia-constitucional\/cjc-y-cdre-en-la-convencion-constitucional\/","title":{"rendered":"CJC y CDRE en la Convenci\u00f3n Constitucional"},"content":{"rendered":"<!-- WP Block: UDD - Banners Multiple -->\n<section class=\"wp-block-udd-banners-multiple \">\n\t<div class=\"container\">\n\t\t\t\t<div class=\"block__content\">\n\t\t\t<div id=\"udd-banners-multiple--1\"\n\t\t\t\t\t\t\t\t>\n\t\t\t\t\t\t\t\t<div class=\"banners\">\n\t\t\t\t\t\t\t\t\t<div class=\"banner-col\n\t\t\t\t\t active\t\t\t\t\t\">\n\t\t\t\t\t\t<a href=\"https:\/\/derecho.udd.cl\/noticias\/2021\/12\/academicos-del-cjc-y-cdre-exponen-en-la-convencion-constitucional\/\" class=\"banner banner--multiple\" data-url=\"https:\/\/derecho.udd.cl\/noticias\/2021\/12\/academicos-del-cjc-y-cdre-exponen-en-la-convencion-constitucional\/\">\n\t\t\t\t\t\t\t\t\t\t\t\t\t<img loading=\"lazy\" decoding=\"async\" width=\"850\" height=\"400\" src=\"https:\/\/derecho.udd.cl\/centro-justicia-constitucional\/files\/2021\/12\/Convencion-constituyente-chileconcvencioncl-850x400-1-680x382.jpg\" class=\"banner__image lazyload\" alt=\"\" sizes=\"auto, (max-width: 850px) 100vw, 850px\" data-src=\"https:\/\/derecho.udd.cl\/centro-justicia-constitucional\/files\/2021\/12\/Convencion-constituyente-chileconcvencioncl-850x400-1.jpg\" data-srcset=\"https:\/\/derecho.udd.cl\/centro-justicia-constitucional\/files\/2021\/12\/Convencion-constituyente-chileconcvencioncl-850x400-1.jpg 850w, https:\/\/derecho.udd.cl\/centro-justicia-constitucional\/files\/2021\/12\/Convencion-constituyente-chileconcvencioncl-850x400-1-300x141.jpg 300w, https:\/\/derecho.udd.cl\/centro-justicia-constitucional\/files\/2021\/12\/Convencion-constituyente-chileconcvencioncl-850x400-1-768x361.jpg 768w\" \/>\t\t\t\t\t\t\t\t\t\t\t\t\t<div class=\"banner__content\">\n\t\t\t\t\t\t\t\t<span class=\"banner__title\">PRESENTACI\u00d3N ANTE COMISI\u00d3N de la convenci\u00f3n CONSTITUCIONAL<\/span>\n\t\t\t\t\t\t\t\t\t\t\t\t\t\t\t\t\t<span class=\"banner__description\">DICIEMBRE 2021<\/span>\n\t\t\t\t\t\t\t\t\t\t\t\t\t\t\t\t\t\t\t\t\t\t\t\t\t<span class=\"banner__action\">Ver m\u00e1s<\/span>\n\t\t\t\t\t\t\t\t\t\t\t\t\t\t\t<\/div>\n\t\t\t\t\t\t<\/a>\n\t\t\t\t\t<\/div>\n\t\t\t\t\t\t\t\t\t<div class=\"banner-col\n\t\t\t\t\t\t\t\t\t\t\">\n\t\t\t\t\t\t<a href=\"https:\/\/derecho.udd.cl\/centro-justicia-constitucional\/2021\/11\/09\/academicos-del-cjc-presentan-en-la-convencion-constitucional\/\" class=\"banner banner--multiple\" data-url=\"https:\/\/derecho.udd.cl\/centro-justicia-constitucional\/2021\/11\/09\/academicos-del-cjc-presentan-en-la-convencion-constitucional\/\">\n\t\t\t\t\t\t\t\t\t\t\t\t\t<img loading=\"lazy\" decoding=\"async\" width=\"952\" height=\"534\" src=\"https:\/\/derecho.udd.cl\/centro-justicia-constitucional\/files\/2021\/11\/OTX42VU3IZHYBIEGUKSPGLHM7I-300x169.jpg\" class=\"banner__image lazyload\" alt=\"\" sizes=\"auto, (max-width: 952px) 100vw, 952px\" data-src=\"https:\/\/derecho.udd.cl\/centro-justicia-constitucional\/files\/2021\/11\/OTX42VU3IZHYBIEGUKSPGLHM7I-952x534.jpg\" data-srcset=\"https:\/\/derecho.udd.cl\/centro-justicia-constitucional\/files\/2021\/11\/OTX42VU3IZHYBIEGUKSPGLHM7I-952x534.jpg 952w, https:\/\/derecho.udd.cl\/centro-justicia-constitucional\/files\/2021\/11\/OTX42VU3IZHYBIEGUKSPGLHM7I-300x169.jpg 300w, https:\/\/derecho.udd.cl\/centro-justicia-constitucional\/files\/2021\/11\/OTX42VU3IZHYBIEGUKSPGLHM7I-1366x768.jpg 1366w, https:\/\/derecho.udd.cl\/centro-justicia-constitucional\/files\/2021\/11\/OTX42VU3IZHYBIEGUKSPGLHM7I-680x382.jpg 680w\" \/>\t\t\t\t\t\t\t\t\t\t\t\t\t<div class=\"banner__content\">\n\t\t\t\t\t\t\t\t<span class=\"banner__title\">PRESENTACI\u00d3N ANTE COMISI\u00d3N de la convenci\u00f3n CONSTITUCIONAL<\/span>\n\t\t\t\t\t\t\t\t\t\t\t\t\t\t\t\t\t<span class=\"banner__description\">NOVIEMBRE 2021<\/span>\n\t\t\t\t\t\t\t\t\t\t\t\t\t\t\t\t\t\t\t\t\t\t\t\t\t<span class=\"banner__action\">Ver m\u00e1s<\/span>\n\t\t\t\t\t\t\t\t\t\t\t\t\t\t\t<\/div>\n\t\t\t\t\t\t<\/a>\n\t\t\t\t\t<\/div>\n\t\t\t\t\t\t\t\t<\/div>\n\t\t\t<\/div>\n\t\t<\/div>\n\t<\/div>\n<\/section>\n\n\n<!-- WP Block: UDD - Banner -->\n<section class=\"wp-block-udd-banner is-style-default \">\n\t\n<a href=\"https:\/\/derecho.udd.cl\/minutas-constitucionales-udd\/\" class=\"banner banner--fullwidth\" data-url=\"https:\/\/derecho.udd.cl\/minutas-constitucionales-udd\/\">\n\t\t\t<img loading=\"lazy\" decoding=\"async\" width=\"355\" height=\"315\" src=\"https:\/\/derecho.udd.cl\/centro-justicia-constitucional\/files\/2020\/07\/procedimiento-reforma-constitucional-colombia.jpg\" class=\"banner__image lazyload\" alt=\"\" sizes=\"auto, (max-width: 355px) 100vw, 355px\" data-src=\"https:\/\/derecho.udd.cl\/centro-justicia-constitucional\/files\/2020\/07\/procedimiento-reforma-constitucional-colombia.jpg\" data-srcset=\"https:\/\/derecho.udd.cl\/centro-justicia-constitucional\/files\/2020\/07\/procedimiento-reforma-constitucional-colombia.jpg 355w, https:\/\/derecho.udd.cl\/centro-justicia-constitucional\/files\/2020\/07\/procedimiento-reforma-constitucional-colombia-300x266.jpg 300w\" \/>\t\t<div class=\"banner__content\">\n\t\t<span class=\"banner__title\">MINUTAS CONSTITUCIONALES UDD<\/span>\n\t\t<span class=\"banner__description\">Revisar todas<\/span>\n\t<\/div>\n<\/a>\n<\/section>\n","protected":false},"excerpt":{"rendered":"","protected":false},"author":61,"featured_media":0,"parent":0,"menu_order":0,"comment_status":"closed","ping_status":"closed","template":"","meta":{"footnotes":""},"class_list":["post-4435","page","type-page","status-publish","hentry"],"_links":{"self":[{"href":"https:\/\/derecho.udd.cl\/centro-justicia-constitucional\/wp-json\/wp\/v2\/pages\/4435","targetHints":{"allow":["GET"]}}],"collection":[{"href":"https:\/\/derecho.udd.cl\/centro-justicia-constitucional\/wp-json\/wp\/v2\/pages"}],"about":[{"href":"https:\/\/derecho.udd.cl\/centro-justicia-constitucional\/wp-json\/wp\/v2\/types\/page"}],"author":[{"embeddable":true,"href":"https:\/\/derecho.udd.cl\/centro-justicia-constitucional\/wp-json\/wp\/v2\/users\/61"}],"replies":[{"embeddable":true,"href":"https:\/\/derecho.udd.cl\/centro-justicia-constitucional\/wp-json\/wp\/v2\/comments?post=4435"}],"version-history":[{"count":9,"href":"https:\/\/derecho.udd.cl\/centro-justicia-constitucional\/wp-json\/wp\/v2\/pages\/4435\/revisions"}],"predecessor-version":[{"id":4530,"href":"https:\/\/derecho.udd.cl\/centro-justicia-constitucional\/wp-json\/wp\/v2\/pages\/4435\/revisions\/4530"}],"wp:attachment":[{"href":"https:\/\/derecho.udd.cl\/centro-justicia-constitucional\/wp-json\/wp\/v2\/media?parent=4435"}],"curies":[{"name":"wp","href":"https:\/\/api.w.org\/{rel}","templated":true}]}}