{"id":4372,"date":"2021-12-01T13:31:10","date_gmt":"2021-12-01T13:31:10","guid":{"rendered":"https:\/\/derecho.udd.cl\/centro-justicia-constitucional\/?page_id=4372"},"modified":"2021-12-14T13:19:59","modified_gmt":"2021-12-14T13:19:59","slug":"newsletter-no3-publicaciones-academicas","status":"publish","type":"page","link":"https:\/\/derecho.udd.cl\/centro-justicia-constitucional\/newsletter-no3-publicaciones-academicas\/","title":{"rendered":"Publicaciones acad\u00e9micas: Selecci\u00f3n"},"content":{"rendered":"<!-- WP Block: UDD - Banner -->\n<section class=\"wp-block-udd-banner is-style-default \">\n\t\n<a href=\"https:\/\/derecho.udd.cl\/centro-justicia-constitucional\/2021\/11\/19\/revista-derecho-publico-iberoamericano-lanza-edicion-no19-y-llama-a-convocatoria-para-nuevos-trabajos\/\" class=\"banner banner--fullwidth\" data-url=\"https:\/\/derecho.udd.cl\/centro-justicia-constitucional\/2021\/11\/19\/revista-derecho-publico-iberoamericano-lanza-edicion-no19-y-llama-a-convocatoria-para-nuevos-trabajos\/\">\n\t\t\t<img loading=\"lazy\" decoding=\"async\" width=\"900\" height=\"600\" src=\"https:\/\/derecho.udd.cl\/centro-justicia-constitucional\/files\/2015\/06\/Revista-1-680x382.jpg\" class=\"banner__image lazyload\" alt=\"\" sizes=\"auto, (max-width: 900px) 100vw, 900px\" data-src=\"https:\/\/derecho.udd.cl\/centro-justicia-constitucional\/files\/2015\/06\/Revista-1.jpg\" data-srcset=\"https:\/\/derecho.udd.cl\/centro-justicia-constitucional\/files\/2015\/06\/Revista-1.jpg 900w, https:\/\/derecho.udd.cl\/centro-justicia-constitucional\/files\/2015\/06\/Revista-1-300x200.jpg 300w, https:\/\/derecho.udd.cl\/centro-justicia-constitucional\/files\/2015\/06\/Revista-1-768x512.jpg 768w\" \/>\t\t<div class=\"banner__content\">\n\t\t<span class=\"banner__title\">REVISTA &quot;DERECHO P\u00daBLICO IBEROAMERICANO&quot;<\/span>\n\t\t<span class=\"banner__description\">Ver \u00faltima edici\u00f3n<\/span>\n\t<\/div>\n<\/a>\n<\/section>\n\n\n<!-- WP Block: UDD - Cards Alternate -->\n<section class=\"wp-block-udd-cards\" style=\"--udd-blocks-has-columns-number: 4\">\n\t<div class=\"container\">\n\t\t\t\t<div class=\"block__content\">\n\t\t\t<div class=\"cards\">\n\t\t\t\t\t\t\t\t\t\t\t\t\t\t\t\t\t<div class=\"card-wrapper\">\n\t\t\t\t\t\t<div class=\"card\">\n\t\t\t\t\t\t\t<h3 class=\"card__title\">Profesoras de investigaci\u00f3n participan en la escritura del libro \u00abJusticia y nueva Constituci\u00f3n: Perspectivas y Propuestas\u00bb<\/h3>\n\t\t\t\t\t\t\t\t\t\t\t\t\t\t<div class=\"card__description\">\n\t\t\t\t\t\t\t\t<p><a href=\"https:\/\/derecho.udd.cl\/centro-justicia-constitucional\/2021\/11\/05\/profesoras-de-investigacion-participan-en-la-elaboracion-del-libro-justicia-y-nueva-constitucion-perspectivas-y-propuestas\/\">Ver m\u00e1s<\/a><\/p>\n\t\t\t\t\t\t\t<\/div>\n\t\t\t\t\t\t\t\t\t\t\t\t\t<\/div>\n\t\t\t\t\t<\/div>\n\t\t\t\t\t\t\t\t\t\t\t\t\t\t\t\t\t\t\t\t\t<div class=\"card-wrapper\">\n\t\t\t\t\t\t<div class=\"card\">\n\t\t\t\t\t\t\t<h3 class=\"card__title\">Lanzamiento oficial del libro en el que particip\u00f3 Ximena Marcazzolo<\/h3>\n\t\t\t\t\t\t\t\t\t\t\t\t\t\t<div class=\"card__description\">\n\t\t\t\t\t\t\t\t<p><a href=\"https:\/\/derecho.udd.cl\/cdre\/2021\/11\/26\/profesora-del-cdre-participa-en-las-viii-jornadas-nacionales-de-derecho-procesal\/\">Ver m\u00e1s <\/a><\/p>\n\t\t\t\t\t\t\t<\/div>\n\t\t\t\t\t\t\t\t\t\t\t\t\t<\/div>\n\t\t\t\t\t<\/div>\n\t\t\t\t\t\t\t\t\t\t\t\t\t\t\t\t\t\t\t\t\t<div class=\"card-wrapper\">\n\t\t\t\t\t\t<div class=\"card\">\n\t\t\t\t\t\t\t<h3 class=\"card__title\">Conoce la nueva publicaci\u00f3n acad\u00e9mica de Sergio Verdugo<\/h3>\n\t\t\t\t\t\t\t\t\t\t\t\t\t\t<div class=\"card__description\">\n\t\t\t\t\t\t\t\t<p><a href=\"https:\/\/derecho.udd.cl\/centro-justicia-constitucional\/2021\/11\/02\/conoce-la-nueva-publicacion-academica-de-sergio-verdugo\/\">Ver m\u00e1s<\/a><\/p>\n\t\t\t\t\t\t\t<\/div>\n\t\t\t\t\t\t\t\t\t\t\t\t\t<\/div>\n\t\t\t\t\t<\/div>\n\t\t\t\t\t\t\t\t\t\t\t\t\t\t\t\t\t\t\t\t\t<div class=\"card-wrapper\">\n\t\t\t\t\t\t<div class=\"card\">\n\t\t\t\t\t\t\t<h3 class=\"card__title\">Gaspar Jenkins presenta su investigaci\u00f3n en ciclo de charlas organizado por la Direcci\u00f3n de Investigaci\u00f3n y Doctorados<\/h3>\n\t\t\t\t\t\t\t\t\t\t\t\t\t\t<div class=\"card__description\">\n\t\t\t\t\t\t\t\t<p><a href=\"https:\/\/derecho.udd.cl\/centro-justicia-constitucional\/2021\/10\/27\/gaspar-jenkins-presenta-investigacion-en-el-ciclo-de-charlas-organizado-por-la-direccion-de-investigacion-y-doctorados\/\">Ver m\u00e1s <\/a><\/p>\n\t\t\t\t\t\t\t<\/div>\n\t\t\t\t\t\t\t\t\t\t\t\t\t<\/div>\n\t\t\t\t\t<\/div>\n\t\t\t\t\t\t\t\t\t\t<\/div>\n\t\t<\/div>\n\t<\/div>\n<\/section>\n\n\n<!-- WP Block: UDD - Banners Multiple -->\n<section class=\"wp-block-udd-banners-multiple \">\n\t<div class=\"container\">\n\t\t\t\t<div class=\"block__content\">\n\t\t\t<div id=\"udd-banners-multiple--1\"\n\t\t\t\t\t\t\t\t>\n\t\t\t\t\t\t\t\t<div class=\"banners\">\n\t\t\t\t\t\t\t\t\t<div class=\"banner-col\n\t\t\t\t\t active\t\t\t\t\t\">\n\t\t\t\t\t\t<a href=\"https:\/\/derecho.udd.cl\/cdre\/2021\/12\/14\/ximena-marcazzolo-participa-en-el-segundo-numero-2021-de-la-revista-de-ciencias-penales\/\" class=\"banner banner--multiple\" data-url=\"https:\/\/derecho.udd.cl\/cdre\/2021\/12\/14\/ximena-marcazzolo-participa-en-el-segundo-numero-2021-de-la-revista-de-ciencias-penales\/\">\n\t\t\t\t\t\t\t\t\t\t\t\t\t<img loading=\"lazy\" decoding=\"async\" width=\"952\" height=\"534\" src=\"https:\/\/derecho.udd.cl\/centro-justicia-constitucional\/files\/2021\/12\/books-g9eaf36be7_1920-1-680x382.jpg\" class=\"banner__image lazyload\" alt=\"\" sizes=\"auto, (max-width: 952px) 100vw, 952px\" data-src=\"https:\/\/derecho.udd.cl\/centro-justicia-constitucional\/files\/2021\/12\/books-g9eaf36be7_1920-1-952x534.jpg\" data-srcset=\"https:\/\/derecho.udd.cl\/centro-justicia-constitucional\/files\/2021\/12\/books-g9eaf36be7_1920-1-952x534.jpg 952w, https:\/\/derecho.udd.cl\/centro-justicia-constitucional\/files\/2021\/12\/books-g9eaf36be7_1920-1-1366x768.jpg 1366w, https:\/\/derecho.udd.cl\/centro-justicia-constitucional\/files\/2021\/12\/books-g9eaf36be7_1920-1-680x382.jpg 680w\" \/>\t\t\t\t\t\t\t\t\t\t\t\t\t<div class=\"banner__content\">\n\t\t\t\t\t\t\t\t<span class=\"banner__title\">Ximena Marcazzolo participa en el segundo n\u00famero 2021 de la Revista de Ciencias Penales<\/span>\n\t\t\t\t\t\t\t\t\t\t\t\t\t\t\t\t\t\t\t\t\t\t\t\t\t<span class=\"banner__action\">Ver m\u00e1s<\/span>\n\t\t\t\t\t\t\t\t\t\t\t\t\t\t\t<\/div>\n\t\t\t\t\t\t<\/a>\n\t\t\t\t\t<\/div>\n\t\t\t\t\t\t\t\t\t<div class=\"banner-col\n\t\t\t\t\t\t\t\t\t\t\">\n\t\t\t\t\t\t<a href=\"https:\/\/derecho.udd.cl\/centro-justicia-constitucional\/2021\/10\/18\/sergio-verdugo-y-nicolas-enteiche-publican-reporte-de-chile-en-global-review-of-constitutional-law-2020\/\" class=\"banner banner--multiple\" data-url=\"https:\/\/derecho.udd.cl\/centro-justicia-constitucional\/2021\/10\/18\/sergio-verdugo-y-nicolas-enteiche-publican-reporte-de-chile-en-global-review-of-constitutional-law-2020\/\">\n\t\t\t\t\t\t\t\t\t\t\t\t\t<img loading=\"lazy\" decoding=\"async\" width=\"952\" height=\"534\" src=\"https:\/\/derecho.udd.cl\/centro-justicia-constitucional\/files\/2021\/12\/hammer-g156434e42_1920-680x382.jpg\" class=\"banner__image lazyload\" alt=\"\" sizes=\"auto, (max-width: 952px) 100vw, 952px\" data-src=\"https:\/\/derecho.udd.cl\/centro-justicia-constitucional\/files\/2021\/12\/hammer-g156434e42_1920-952x534.jpg\" data-srcset=\"https:\/\/derecho.udd.cl\/centro-justicia-constitucional\/files\/2021\/12\/hammer-g156434e42_1920-952x534.jpg 952w, https:\/\/derecho.udd.cl\/centro-justicia-constitucional\/files\/2021\/12\/hammer-g156434e42_1920-1366x768.jpg 1366w, https:\/\/derecho.udd.cl\/centro-justicia-constitucional\/files\/2021\/12\/hammer-g156434e42_1920-680x382.jpg 680w\" \/>\t\t\t\t\t\t\t\t\t\t\t\t\t<div class=\"banner__content\">\n\t\t\t\t\t\t\t\t<span class=\"banner__title\">Sergio Verdugo y Nicol\u00e1s Enteiche publican reporte de Chile en \u00abGlobal Review of Constitutional Law 2020\u00bb<\/span>\n\t\t\t\t\t\t\t\t\t\t\t\t\t\t\t\t\t\t\t\t\t\t\t\t\t<span class=\"banner__action\">Ver m\u00e1s<\/span>\n\t\t\t\t\t\t\t\t\t\t\t\t\t\t\t<\/div>\n\t\t\t\t\t\t<\/a>\n\t\t\t\t\t<\/div>\n\t\t\t\t\t\t\t\t<\/div>\n\t\t\t<\/div>\n\t\t<\/div>\n\t<\/div>\n<\/section>\n","protected":false},"excerpt":{"rendered":"","protected":false},"author":61,"featured_media":0,"parent":0,"menu_order":0,"comment_status":"closed","ping_status":"closed","template":"","meta":{"footnotes":""},"class_list":["post-4372","page","type-page","status-publish","hentry"],"_links":{"self":[{"href":"https:\/\/derecho.udd.cl\/centro-justicia-constitucional\/wp-json\/wp\/v2\/pages\/4372","targetHints":{"allow":["GET"]}}],"collection":[{"href":"https:\/\/derecho.udd.cl\/centro-justicia-constitucional\/wp-json\/wp\/v2\/pages"}],"about":[{"href":"https:\/\/derecho.udd.cl\/centro-justicia-constitucional\/wp-json\/wp\/v2\/types\/page"}],"author":[{"embeddable":true,"href":"https:\/\/derecho.udd.cl\/centro-justicia-constitucional\/wp-json\/wp\/v2\/users\/61"}],"replies":[{"embeddable":true,"href":"https:\/\/derecho.udd.cl\/centro-justicia-constitucional\/wp-json\/wp\/v2\/comments?post=4372"}],"version-history":[{"count":13,"href":"https:\/\/derecho.udd.cl\/centro-justicia-constitucional\/wp-json\/wp\/v2\/pages\/4372\/revisions"}],"predecessor-version":[{"id":4502,"href":"https:\/\/derecho.udd.cl\/centro-justicia-constitucional\/wp-json\/wp\/v2\/pages\/4372\/revisions\/4502"}],"wp:attachment":[{"href":"https:\/\/derecho.udd.cl\/centro-justicia-constitucional\/wp-json\/wp\/v2\/media?parent=4372"}],"curies":[{"name":"wp","href":"https:\/\/api.w.org\/{rel}","templated":true}]}}