{"id":4174,"date":"2021-10-12T19:48:34","date_gmt":"2021-10-12T19:48:34","guid":{"rendered":"https:\/\/derecho.udd.cl\/centro-justicia-constitucional\/?page_id=4174"},"modified":"2023-12-01T11:00:41","modified_gmt":"2023-12-01T14:00:41","slug":"puplicaciones-cjc","status":"publish","type":"page","link":"https:\/\/derecho.udd.cl\/centro-justicia-constitucional\/puplicaciones-cjc\/","title":{"rendered":"Publicaciones"},"content":{"rendered":"<!-- WP Block: UDD - Banner -->\n<section class=\"wp-block-udd-banner is-style-default \">\n\t\n<a href=\"https:\/\/derecho.udd.cl\/noticias\/2022\/08\/centros-de-investigacion-de-la-facultad-de-derecho-publican-libro-sobre-propuesta-de-nueva-constitucion\/\" class=\"banner banner--fullwidth\" data-url=\"https:\/\/derecho.udd.cl\/noticias\/2022\/08\/centros-de-investigacion-de-la-facultad-de-derecho-publican-libro-sobre-propuesta-de-nueva-constitucion\/\">\n\t\t\t<img loading=\"lazy\" decoding=\"async\" width=\"1920\" height=\"1080\" src=\"https:\/\/derecho.udd.cl\/centro-justicia-constitucional\/files\/2021\/12\/hammer-g156434e42_1920-680x382.jpg\" class=\"banner__image lazyload\" alt=\"\" sizes=\"auto, (max-width: 1920px) 100vw, 1920px\" data-src=\"https:\/\/derecho.udd.cl\/centro-justicia-constitucional\/files\/2021\/12\/hammer-g156434e42_1920-1920x1080.jpg\" data-srcset=\"https:\/\/derecho.udd.cl\/centro-justicia-constitucional\/files\/2021\/12\/hammer-g156434e42_1920-1920x1080.jpg 1920w, https:\/\/derecho.udd.cl\/centro-justicia-constitucional\/files\/2021\/12\/hammer-g156434e42_1920-1366x768.jpg 1366w, https:\/\/derecho.udd.cl\/centro-justicia-constitucional\/files\/2021\/12\/hammer-g156434e42_1920-680x382.jpg 680w\" \/>\t\t<div class=\"banner__content\">\n\t\t<span class=\"banner__title\">\u00faltima publicaci\u00f3n (2022)<\/span>\n\t\t<span class=\"banner__description\">Centro de Derecho Constitucional y Centro de Derecho Regulatorio y Empresa publican libro sobre propuesta de nueva constituci\u00f3n.<\/span>\n\t<\/div>\n<\/a>\n<\/section>\n\n\n<!-- WP Block: UDD - Cards Alternate -->\n<section class=\"wp-block-udd-cards\" style=\"--udd-blocks-has-columns-number: 12\">\n\t<div class=\"container\">\n\t\t\t\t\t<header class=\"header__innerblock block__header\">\n\t\t\t\n<h2>2021<\/h2>\n\t\n\t\n\t<\/header>\n\t\t\t\t<div class=\"block__content\">\n\t\t\t<div class=\"cards\">\n\t\t\t\t\t\t\t\t\t\t\t\t\t\t\t\t\t<div class=\"card-wrapper\">\n\t\t\t\t\t\t<div class=\"card\">\n\t\t\t\t\t\t\t<h3 class=\"card__title\">How can constitutional review experiments fail? Lessons from the 1925 Chilean Constitution<\/h3>\n\t\t\t\t\t\t\t\t\t\t\t\t\t\t<div class=\"card__description\">\n\t\t\t\t\t\t\t\t<p>Autor: Sergio Verdugo <br \/><a href=\"https:\/\/derecho.udd.cl\/centro-justicia-constitucional\/2021\/09\/09\/conoce-el-nuevo-proyecto-academico-de-sergio-verdugo\/\">Ver m\u00e1s<\/a><\/p>\n\t\t\t\t\t\t\t<\/div>\n\t\t\t\t\t\t\t\t\t\t\t\t\t<\/div>\n\t\t\t\t\t<\/div>\n\t\t\t\t\t\t\t\t\t\t\t\t\t\t\t\t\t\t\t\t\t<div class=\"card-wrapper\">\n\t\t\t\t\t\t<div class=\"card\">\n\t\t\t\t\t\t\t<h3 class=\"card__title\">How Judges Can Challenge Dictators and Get Away with It: Advancing Democracy while Preserving Judicial Independence<\/h3>\n\t\t\t\t\t\t\t\t\t\t\t\t\t\t<div class=\"card__description\">\n\t\t\t\t\t\t\t\t<p>Autor: Sergio Verdugo <br \/><a href=\"https:\/\/derecho.udd.cl\/centro-justicia-constitucional\/2021\/09\/03\/articulo-how-judges-can-challenge-dictators-and-get-away-with-it-advancing-democracy-while-preserving-judicial-independence-por-sergio-verdugo\/\" target=\"_blank\" rel=\"noreferrer noopener\" aria-label=\" (abre en una nueva pesta\u00f1a)\">Ver m\u00e1s <\/a><\/p>\n\t\t\t\t\t\t\t<\/div>\n\t\t\t\t\t\t\t\t\t\t\t\t\t<\/div>\n\t\t\t\t\t<\/div>\n\t\t\t\t\t\t\t\t\t\t\t\t\t\t\t\t\t\t\t\t\t<div class=\"card-wrapper\">\n\t\t\t\t\t\t<div class=\"card\">\n\t\t\t\t\t\t\t<h3 class=\"card__title\">La igualdad ante las cargas p\u00fablicas como criterio para evaluar la constitucionalidad de limitaciones al Derecho de Propiedad<\/h3>\n\t\t\t\t\t\t\t\t\t\t\t\t\t\t<div class=\"card__description\">\n\t\t\t\t\t\t\t\t<p>Autor: Jos\u00e9 Manuel D\u00edaz de Vald\u00e9s <br \/><a href=\"https:\/\/derecho.udd.cl\/centro-justicia-constitucional\/2021\/08\/13\/jose-manuel-diaz-de-valdes-publica-articulo-academico-en-revista-chilena-de-derecho\/\" target=\"_blank\" rel=\"noreferrer noopener\" aria-label=\" (abre en una nueva pesta\u00f1a)\">Ver m\u00e1s<\/a><\/p>\n\t\t\t\t\t\t\t<\/div>\n\t\t\t\t\t\t\t\t\t\t\t\t\t<\/div>\n\t\t\t\t\t<\/div>\n\t\t\t\t\t\t\t\t\t\t\t\t\t\t\t\t\t\t\t\t\t<div class=\"card-wrapper\">\n\t\t\t\t\t\t<div class=\"card\">\n\t\t\t\t\t\t\t<h3 class=\"card__title\">Limited democracy and great distrust: John Hart Ely in Bolivia and Chile<\/h3>\n\t\t\t\t\t\t\t\t\t\t\t\t\t\t<div class=\"card__description\">\n\t\t\t\t\t\t\t\t<p>Autor: Sergio Verdugo<br \/><a href=\"https:\/\/derecho.udd.cl\/centro-justicia-constitucional\/2021\/07\/30\/articulo-limited-democracy-and-great-distrust-john-hart-ely-in-bolivia-and-chile-por-sergio-verdugo\/\" target=\"_blank\" rel=\"noreferrer noopener\" aria-label=\" (abre en una nueva pesta\u00f1a)\">Ver m\u00e1s<\/a><\/p>\n\t\t\t\t\t\t\t<\/div>\n\t\t\t\t\t\t\t\t\t\t\t\t\t<\/div>\n\t\t\t\t\t<\/div>\n\t\t\t\t\t\t\t\t\t\t\t\t\t\t\t\t\t\t\t\t\t<div class=\"card-wrapper\">\n\t\t\t\t\t\t<div class=\"card\">\n\t\t\t\t\t\t\t<h3 class=\"card__title\">El conflicto constitucional y sus formas de resoluci\u00f3n: Una revisi\u00f3n desde las ense\u00f1anzas del profesor Colombo<\/h3>\n\t\t\t\t\t\t\t\t\t\t\t\t\t\t<div class=\"card__description\">\n\t\t\t\t\t\t\t\t<p>Autor: Gaspar Jenkins<br \/><a rel=\"noreferrer noopener\" href=\"https:\/\/derecho.udd.cl\/centro-justicia-constitucional\/2021\/07\/26\/gaspar-jenkins-colabora-en-derecho-procesal-constitucional-de-editorial-tirant-lo-blanch\/\" target=\"_blank\">Ver m\u00e1s<\/a><\/p>\n\t\t\t\t\t\t\t<\/div>\n\t\t\t\t\t\t\t\t\t\t\t\t\t<\/div>\n\t\t\t\t\t<\/div>\n\t\t\t\t\t\t\t\t\t\t\t\t\t\t\t\t\t\t\t\t\t<div class=\"card-wrapper\">\n\t\t\t\t\t\t<div class=\"card\">\n\t\t\t\t\t\t\t<h3 class=\"card__title\">Cap\u00edtulo en Tr\u00e1nsito constitucional: Camino hacia una nueva Constituci\u00f3n<\/h3>\n\t\t\t\t\t\t\t\t\t\t\t\t\t\t<div class=\"card__description\">\n\t\t\t\t\t\t\t\t<p>Autor: Gaspar Jenkins<br \/><a rel=\"noreferrer noopener\" href=\"https:\/\/derecho.udd.cl\/centro-justicia-constitucional\/2021\/06\/30\/gaspar-jenkins-participa-en-libro-de-la-asociacion-chilena-de-derecho-constitucional\/\" target=\"_blank\">Ver m\u00e1s<\/a><\/p>\n\t\t\t\t\t\t\t<\/div>\n\t\t\t\t\t\t\t\t\t\t\t\t\t<\/div>\n\t\t\t\t\t<\/div>\n\t\t\t\t\t\t\t\t\t\t\t\t\t\t\t\t\t\t\t\t\t<div class=\"card-wrapper\">\n\t\t\t\t\t\t<div class=\"card\">\n\t\t\t\t\t\t\t<h3 class=\"card__title\">Los derechos sociales y la reforma constitucional en Chile: hacia una implementaci\u00f3n h\u00edbrida, legislativa y judicial<\/h3>\n\t\t\t\t\t\t\t\t\t\t\t\t\t\t<div class=\"card__description\">\n\t\t\t\t\t\t\t\t<p>Autor: Sergio Verdugo <br \/><a rel=\"noreferrer noopener\" href=\"https:\/\/derecho.udd.cl\/centro-justicia-constitucional\/2021\/05\/15\/sergio-verdugo-publica-articulo-academico-titulado-los-derechos-sociales-y-la-reforma-constitucional-en-chile\/\" target=\"_blank\">Ver m\u00e1s<\/a><\/p>\n\t\t\t\t\t\t\t<\/div>\n\t\t\t\t\t\t\t\t\t\t\t\t\t<\/div>\n\t\t\t\t\t<\/div>\n\t\t\t\t\t\t\t\t\t\t\t\t\t\t\t\t\t\t\t\t\t<div class=\"card-wrapper\">\n\t\t\t\t\t\t<div class=\"card\">\n\t\t\t\t\t\t\t<h3 class=\"card__title\">Los derechos sociales y el debate constituyente chileno<\/h3>\n\t\t\t\t\t\t\t\t\t\t\t\t\t\t<div class=\"card__description\">\n\t\t\t\t\t\t\t\t<p>Autor: Sergio Verdugo<br \/><a href=\"https:\/\/derecho.udd.cl\/centro-justicia-constitucional\/2021\/05\/15\/sergio-verdugo-publica-articulo-en-revista-actualidad-juridica-no43\/\">Ver m\u00e1s<\/a><\/p>\n\t\t\t\t\t\t\t<\/div>\n\t\t\t\t\t\t\t\t\t\t\t\t\t<\/div>\n\t\t\t\t\t<\/div>\n\t\t\t\t\t\t\t\t\t\t\t\t\t\t\t\t\t\t\t\t\t<div class=\"card-wrapper\">\n\t\t\t\t\t\t<div class=\"card\">\n\t\t\t\t\t\t\t<h3 class=\"card__title\">The Civil Law Tradition, the Pinochet Constitution and Judge Eugenio Valenzuela (2021)<\/h3>\n\t\t\t\t\t\t\t\t\t\t\t\t\t\t<div class=\"card__description\">\n\t\t\t\t\t\t\t\t<p>Autor: Sergio Verdugo<br \/><a rel=\"noreferrer noopener\" href=\"https:\/\/derecho.udd.cl\/centro-justicia-constitucional\/2021\/03\/31\/sergio-verdugo-publica-capitulo-en-el-libro-towering-judges-a-comparative-study-of-constitutional-judges\/\" target=\"_blank\">Ver m\u00e1s<\/a><\/p>\n\t\t\t\t\t\t\t<\/div>\n\t\t\t\t\t\t\t\t\t\t\t\t\t<\/div>\n\t\t\t\t\t<\/div>\n\t\t\t\t\t\t\t\t\t\t\t\t\t\t\t\t\t\t\t\t\t<div class=\"card-wrapper\">\n\t\t\t\t\t\t<div class=\"card\">\n\t\t\t\t\t\t\t<h3 class=\"card__title\">Global Review of Constitutional Law 2020<\/h3>\n\t\t\t\t\t\t\t\t\t\t\t\t\t\t<div class=\"card__description\">\n\t\t\t\t\t\t\t\t<p>Autor: Sergio Verdugo y Nicol\u00e1s Enteiche <br \/><a href=\"https:\/\/derecho.udd.cl\/centro-justicia-constitucional\/2021\/10\/18\/sergio-verdugo-y-nicolas-enteiche-publican-reporte-de-chile-en-global-review-of-constitutional-law-2020\/\">Ver m\u00e1s<\/a><\/p>\n\t\t\t\t\t\t\t<\/div>\n\t\t\t\t\t\t\t\t\t\t\t\t\t<\/div>\n\t\t\t\t\t<\/div>\n\t\t\t\t\t\t\t\t\t\t\t\t\t\t\t\t\t\t\t\t\t<div class=\"card-wrapper\">\n\t\t\t\t\t\t<div class=\"card\">\n\t\t\t\t\t\t\t<h3 class=\"card__title\">How Political Narratives Affect the Self-Enforcing Nature of Interim Constitutions<\/h3>\n\t\t\t\t\t\t\t\t\t\t\t\t\t\t<div class=\"card__description\">\n\t\t\t\t\t\t\t\t<p>Autor: Sergio Verdugo<br \/><a href=\"https:\/\/derecho.udd.cl\/centro-justicia-constitucional\/2021\/11\/02\/conoce-la-nueva-publicacion-academica-de-sergio-verdugo\/\">Ver m\u00e1s<\/a><\/p>\n\t\t\t\t\t\t\t<\/div>\n\t\t\t\t\t\t\t\t\t\t\t\t\t<\/div>\n\t\t\t\t\t<\/div>\n\t\t\t\t\t\t\t\t\t\t\t\t\t\t\t\t\t\t\t\t\t<div class=\"card-wrapper\">\n\t\t\t\t\t\t<div class=\"card\">\n\t\t\t\t\t\t\t<h3 class=\"card__title\">Justicia y nueva Constituci\u00f3n: Perspectivas y Propuestas\u00bb<\/h3>\n\t\t\t\t\t\t\t\t\t\t\t\t\t\t<div class=\"card__description\">\n\t\t\t\t\t\t\t\t<p>Autor: Marisol Pe\u00f1a, Catalina Salem y Ximena Marcazzolo <br \/><a href=\"https:\/\/derecho.udd.cl\/centro-justicia-constitucional\/2021\/11\/05\/profesoras-de-investigacion-participan-en-la-elaboracion-del-libro-justicia-y-nueva-constitucion-perspectivas-y-propuestas\/\">Ver m\u00e1s<\/a><\/p>\n\t\t\t\t\t\t\t<\/div>\n\t\t\t\t\t\t\t\t\t\t\t\t\t<\/div>\n\t\t\t\t\t<\/div>\n\t\t\t\t\t\t\t\t\t\t<\/div>\n\t\t<\/div>\n\t<\/div>\n<\/section>\n\n\n<!-- WP Block: UDD - Banner -->\n<section class=\"wp-block-udd-banner is-style-default \">\n\t\n<a href=\"https:\/\/derecho.udd.cl\/centro-justicia-constitucional\/publicaciones\/\" class=\"banner banner--fullwidth\" data-url=\"https:\/\/derecho.udd.cl\/centro-justicia-constitucional\/publicaciones\/\">\n\t\t\t<img loading=\"lazy\" decoding=\"async\" width=\"1920\" height=\"1080\" src=\"https:\/\/derecho.udd.cl\/centro-justicia-constitucional\/files\/2021\/09\/Postgrado-Derecho-UDD-RRSS-77-680x382.jpg\" class=\"banner__image lazyload\" alt=\"\" sizes=\"auto, (max-width: 1920px) 100vw, 1920px\" data-src=\"https:\/\/derecho.udd.cl\/centro-justicia-constitucional\/files\/2021\/09\/Postgrado-Derecho-UDD-RRSS-77-1920x1080.jpg\" data-srcset=\"https:\/\/derecho.udd.cl\/centro-justicia-constitucional\/files\/2021\/09\/Postgrado-Derecho-UDD-RRSS-77-1920x1080.jpg 1920w, https:\/\/derecho.udd.cl\/centro-justicia-constitucional\/files\/2021\/09\/Postgrado-Derecho-UDD-RRSS-77-1366x768.jpg 1366w, https:\/\/derecho.udd.cl\/centro-justicia-constitucional\/files\/2021\/09\/Postgrado-Derecho-UDD-RRSS-77-680x382.jpg 680w\" \/>\t\t<div class=\"banner__content\">\n\t\t<span class=\"banner__title\">PUBLICACIONES ACAD\u00c9MICAS pasadas<\/span>\n\t\t<span class=\"banner__description\">Revisa las publicaciones acad\u00e9micas de los a\u00f1os 2015 &#8211; 2016<\/span>\n\t<\/div>\n<\/a>\n<\/section>\n","protected":false},"excerpt":{"rendered":"","protected":false},"author":72,"featured_media":0,"parent":0,"menu_order":0,"comment_status":"closed","ping_status":"closed","template":"","meta":{"footnotes":""},"class_list":["post-4174","page","type-page","status-publish","hentry"],"_links":{"self":[{"href":"https:\/\/derecho.udd.cl\/centro-justicia-constitucional\/wp-json\/wp\/v2\/pages\/4174","targetHints":{"allow":["GET"]}}],"collection":[{"href":"https:\/\/derecho.udd.cl\/centro-justicia-constitucional\/wp-json\/wp\/v2\/pages"}],"about":[{"href":"https:\/\/derecho.udd.cl\/centro-justicia-constitucional\/wp-json\/wp\/v2\/types\/page"}],"author":[{"embeddable":true,"href":"https:\/\/derecho.udd.cl\/centro-justicia-constitucional\/wp-json\/wp\/v2\/users\/72"}],"replies":[{"embeddable":true,"href":"https:\/\/derecho.udd.cl\/centro-justicia-constitucional\/wp-json\/wp\/v2\/comments?post=4174"}],"version-history":[{"count":16,"href":"https:\/\/derecho.udd.cl\/centro-justicia-constitucional\/wp-json\/wp\/v2\/pages\/4174\/revisions"}],"predecessor-version":[{"id":5801,"href":"https:\/\/derecho.udd.cl\/centro-justicia-constitucional\/wp-json\/wp\/v2\/pages\/4174\/revisions\/5801"}],"wp:attachment":[{"href":"https:\/\/derecho.udd.cl\/centro-justicia-constitucional\/wp-json\/wp\/v2\/media?parent=4174"}],"curies":[{"name":"wp","href":"https:\/\/api.w.org\/{rel}","templated":true}]}}