{"id":3984,"date":"2021-09-27T14:05:52","date_gmt":"2021-09-27T14:05:52","guid":{"rendered":"https:\/\/derecho.udd.cl\/centro-justicia-constitucional\/?page_id=3984"},"modified":"2022-02-28T19:25:12","modified_gmt":"2022-02-28T19:25:12","slug":"researchers","status":"publish","type":"page","link":"https:\/\/derecho.udd.cl\/centro-justicia-constitucional\/researchers\/","title":{"rendered":"Researchers"},"content":{"rendered":"\n<h2 class=\"wp-block-heading\">Team <\/h2>\n\n\n\n<div class=\"wp-block-image\"><figure class=\"aligncenter size-large is-resized\"><img loading=\"lazy\" decoding=\"async\" src=\"https:\/\/derecho.udd.cl\/centro-justicia-constitucional\/files\/2021\/09\/Grupo-CJC-1024x726-1.jpg\" alt=\"\" class=\"wp-image-4025\" width=\"1450\" height=\"1028\" srcset=\"https:\/\/derecho.udd.cl\/centro-justicia-constitucional\/files\/2021\/09\/Grupo-CJC-1024x726-1.jpg 1024w, https:\/\/derecho.udd.cl\/centro-justicia-constitucional\/files\/2021\/09\/Grupo-CJC-1024x726-1-300x213.jpg 300w, https:\/\/derecho.udd.cl\/centro-justicia-constitucional\/files\/2021\/09\/Grupo-CJC-1024x726-1-768x545.jpg 768w, https:\/\/derecho.udd.cl\/centro-justicia-constitucional\/files\/2021\/09\/Grupo-CJC-1024x726-1-316x224.jpg 316w, https:\/\/derecho.udd.cl\/centro-justicia-constitucional\/files\/2021\/09\/Grupo-CJC-1024x726-1-87x62.jpg 87w\" sizes=\"auto, (max-width: 1450px) 100vw, 1450px\" \/><\/figure><\/div>\n\n\n<!-- WP Block: UDD - People -->\n<section class=\"wp-block-udd-people \">\n\t<div class=\"container\">\n\t\t\t\t<header class=\"block__header\">\n\t\t\t\t\t\t\t<h2 class=\"block__title\">dIRECTOR<\/h2>\n\t\t\t\t\t\t\t\t<\/header>\n\t\t\t\t<div class=\"people-cards\">\n\t\t\t\t\t<div class=\"person-card\">\n\t<a href=\"https:\/\/derecho.udd.cl\/centro-justicia-constitucional\/persona\/sergio-verdugo-2\/\"\n\t\tclass=\"person-card__inner js-person-modal\"\n\t\tdata-post-id=\"4016\"\n\t\tdata-postid=\"4016\"\n\t>\n\t\t\t<div class=\"person-card__media\">\n\t\t\t<img loading=\"lazy\" decoding=\"async\" width=\"500\" height=\"500\" src=\"https:\/\/derecho.udd.cl\/centro-justicia-constitucional\/files\/2019\/12\/sverdugo.web_-62x62.jpg\" class=\"person-card__image wp-post-image lazyload\" alt=\"\" sizes=\"auto, (max-width: 500px) 100vw, 500px\" data-src=\"https:\/\/derecho.udd.cl\/centro-justicia-constitucional\/files\/2019\/12\/sverdugo.web_-500x500.jpg\" data-srcset=\"https:\/\/derecho.udd.cl\/centro-justicia-constitucional\/files\/2019\/12\/sverdugo.web_-500x500.jpg 500w, https:\/\/derecho.udd.cl\/centro-justicia-constitucional\/files\/2019\/12\/sverdugo.web_-150x150.jpg 150w, https:\/\/derecho.udd.cl\/centro-justicia-constitucional\/files\/2019\/12\/sverdugo.web_-62x62.jpg 62w, https:\/\/derecho.udd.cl\/centro-justicia-constitucional\/files\/2019\/12\/sverdugo.web_-750x750.jpg 750w, https:\/\/derecho.udd.cl\/centro-justicia-constitucional\/files\/2019\/12\/sverdugo.web_-250x250.jpg 250w, https:\/\/derecho.udd.cl\/centro-justicia-constitucional\/files\/2019\/12\/sverdugo.web_-126x126.jpg 126w\" \/>\t\t<\/div>\n\t\t\t<div class=\"person-card__content\">\n\t\t\t<h3 class=\"person-card__name\">Sergio  Verdugo<\/h3>\n\t\t\t\t\t<span class=\"person-card__description\">Profesor Investigador <\/span>\n\t\t\t\t\t<span class=\"person-card__cta\">Ver perfil<\/span>\n\t\t<\/div>\n\t<\/a>\n<\/div>\n\t\t\t\t<\/div>\n\t<\/div>\n<\/section>\n\n\n<!-- WP Block: UDD - People -->\n<section class=\"wp-block-udd-people \">\n\t<div class=\"container\">\n\t\t\t\t<header class=\"block__header\">\n\t\t\t\t\t\t\t<h2 class=\"block__title\">Researchers<\/h2>\n\t\t\t\t\t\t\t\t<\/header>\n\t\t\t\t<div class=\"people-cards\">\n\t\t\t\t\t<div class=\"person-card\">\n\t<a href=\"https:\/\/derecho.udd.cl\/centro-justicia-constitucional\/persona\/barbara-christine-ivanschitz-boudeguer-2\/\"\n\t\tclass=\"person-card__inner js-person-modal\"\n\t\tdata-post-id=\"4018\"\n\t\tdata-postid=\"4018\"\n\t>\n\t\t\t<div class=\"person-card__media\">\n\t\t\t<img loading=\"lazy\" decoding=\"async\" width=\"500\" height=\"500\" src=\"https:\/\/derecho.udd.cl\/centro-justicia-constitucional\/files\/2016\/09\/Ba\u0301rbara-Ivanschitz-62x62.jpg\" class=\"person-card__image wp-post-image lazyload\" alt=\"\" sizes=\"auto, (max-width: 500px) 100vw, 500px\" data-src=\"https:\/\/derecho.udd.cl\/centro-justicia-constitucional\/files\/2016\/09\/B\u00e1rbara-Ivanschitz-500x500.jpg\" data-srcset=\"https:\/\/derecho.udd.cl\/centro-justicia-constitucional\/files\/2016\/09\/B\u00e1rbara-Ivanschitz-500x500.jpg 500w, https:\/\/derecho.udd.cl\/centro-justicia-constitucional\/files\/2016\/09\/B\u00e1rbara-Ivanschitz-150x150.jpg 150w, https:\/\/derecho.udd.cl\/centro-justicia-constitucional\/files\/2016\/09\/B\u00e1rbara-Ivanschitz-62x62.jpg 62w, https:\/\/derecho.udd.cl\/centro-justicia-constitucional\/files\/2016\/09\/B\u00e1rbara-Ivanschitz-750x750.jpg 750w, https:\/\/derecho.udd.cl\/centro-justicia-constitucional\/files\/2016\/09\/B\u00e1rbara-Ivanschitz-250x250.jpg 250w, https:\/\/derecho.udd.cl\/centro-justicia-constitucional\/files\/2016\/09\/B\u00e1rbara-Ivanschitz-126x126.jpg 126w\" \/>\t\t<\/div>\n\t\t\t<div class=\"person-card__content\">\n\t\t\t<h3 class=\"person-card__name\">B\u00e1rbara Christine  Ivanschitz Boudeguer<\/h3>\n\t\t\t\t\t<span class=\"person-card__description\">Research professor<\/span>\n\t\t\t\t\t<span class=\"person-card__cta\">Ver perfil<\/span>\n\t\t<\/div>\n\t<\/a>\n<\/div>\n\t\t\t\t\t<div class=\"person-card\">\n\t<a href=\"https:\/\/derecho.udd.cl\/centro-justicia-constitucional\/persona\/catalina-salem-gesell-2\/\"\n\t\tclass=\"person-card__inner js-person-modal\"\n\t\tdata-post-id=\"4021\"\n\t\tdata-postid=\"4021\"\n\t>\n\t\t\t<div class=\"person-card__media\">\n\t\t\t<img loading=\"lazy\" decoding=\"async\" width=\"500\" height=\"500\" src=\"https:\/\/derecho.udd.cl\/centro-justicia-constitucional\/files\/2021\/08\/CATA_SALEM-1-1-2-62x62.jpg\" class=\"person-card__image wp-post-image lazyload\" alt=\"\" sizes=\"auto, (max-width: 500px) 100vw, 500px\" data-src=\"https:\/\/derecho.udd.cl\/centro-justicia-constitucional\/files\/2021\/08\/CATA_SALEM-1-1-2-500x500.jpg\" data-srcset=\"https:\/\/derecho.udd.cl\/centro-justicia-constitucional\/files\/2021\/08\/CATA_SALEM-1-1-2-500x500.jpg 500w, https:\/\/derecho.udd.cl\/centro-justicia-constitucional\/files\/2021\/08\/CATA_SALEM-1-1-2-150x150.jpg 150w, https:\/\/derecho.udd.cl\/centro-justicia-constitucional\/files\/2021\/08\/CATA_SALEM-1-1-2-62x62.jpg 62w, https:\/\/derecho.udd.cl\/centro-justicia-constitucional\/files\/2021\/08\/CATA_SALEM-1-1-2-750x750.jpg 750w, https:\/\/derecho.udd.cl\/centro-justicia-constitucional\/files\/2021\/08\/CATA_SALEM-1-1-2-250x250.jpg 250w, https:\/\/derecho.udd.cl\/centro-justicia-constitucional\/files\/2021\/08\/CATA_SALEM-1-1-2-126x126.jpg 126w\" \/>\t\t<\/div>\n\t\t\t<div class=\"person-card__content\">\n\t\t\t<h3 class=\"person-card__name\">Catalina  Salem Gesell<\/h3>\n\t\t\t\t\t<span class=\"person-card__description\">Research professor<\/span>\n\t\t\t\t\t<span class=\"person-card__cta\">Ver perfil<\/span>\n\t\t<\/div>\n\t<\/a>\n<\/div>\n\t\t\t\t\t<div class=\"person-card\">\n\t<a href=\"https:\/\/derecho.udd.cl\/centro-justicia-constitucional\/persona\/gaspar-jenkins-pena-y-lillo-2\/\"\n\t\tclass=\"person-card__inner js-person-modal\"\n\t\tdata-post-id=\"4019\"\n\t\tdata-postid=\"4019\"\n\t>\n\t\t\t<div class=\"person-card__media\">\n\t\t\t<img loading=\"lazy\" decoding=\"async\" width=\"500\" height=\"500\" src=\"https:\/\/derecho.udd.cl\/centro-justicia-constitucional\/files\/2016\/09\/Gaspar-Jenkins-Pen\u0303a-y-Lillo-62x62.jpg\" class=\"person-card__image wp-post-image lazyload\" alt=\"\" sizes=\"auto, (max-width: 500px) 100vw, 500px\" data-src=\"https:\/\/derecho.udd.cl\/centro-justicia-constitucional\/files\/2016\/09\/Gaspar-Jenkins-Pe\u00f1a-y-Lillo-500x500.jpg\" data-srcset=\"https:\/\/derecho.udd.cl\/centro-justicia-constitucional\/files\/2016\/09\/Gaspar-Jenkins-Pe\u00f1a-y-Lillo-500x500.jpg 500w, https:\/\/derecho.udd.cl\/centro-justicia-constitucional\/files\/2016\/09\/Gaspar-Jenkins-Pe\u00f1a-y-Lillo-150x150.jpg 150w, https:\/\/derecho.udd.cl\/centro-justicia-constitucional\/files\/2016\/09\/Gaspar-Jenkins-Pe\u00f1a-y-Lillo-62x62.jpg 62w, https:\/\/derecho.udd.cl\/centro-justicia-constitucional\/files\/2016\/09\/Gaspar-Jenkins-Pe\u00f1a-y-Lillo-750x750.jpg 750w, https:\/\/derecho.udd.cl\/centro-justicia-constitucional\/files\/2016\/09\/Gaspar-Jenkins-Pe\u00f1a-y-Lillo-250x250.jpg 250w, https:\/\/derecho.udd.cl\/centro-justicia-constitucional\/files\/2016\/09\/Gaspar-Jenkins-Pe\u00f1a-y-Lillo-126x126.jpg 126w\" \/>\t\t<\/div>\n\t\t\t<div class=\"person-card__content\">\n\t\t\t<h3 class=\"person-card__name\">Gaspar  Jenkins Pe\u00f1a y Lillo<\/h3>\n\t\t\t\t\t<span class=\"person-card__description\">Research professor<\/span>\n\t\t\t\t\t<span class=\"person-card__cta\">Ver perfil<\/span>\n\t\t<\/div>\n\t<\/a>\n<\/div>\n\t\t\t\t\t<div class=\"person-card\">\n\t<a href=\"https:\/\/derecho.udd.cl\/centro-justicia-constitucional\/persona\/jose-manuel-diaz-de-valdes-2\/\"\n\t\tclass=\"person-card__inner js-person-modal\"\n\t\tdata-post-id=\"4017\"\n\t\tdata-postid=\"4017\"\n\t>\n\t\t\t<div class=\"person-card__media\">\n\t\t\t<img loading=\"lazy\" decoding=\"async\" width=\"500\" height=\"500\" src=\"https:\/\/derecho.udd.cl\/centro-justicia-constitucional\/files\/2016\/09\/Jose\u0301-Manuel-Di\u0301az-de-Valde\u0301s-Julia\u0301-62x62.jpg\" class=\"person-card__image wp-post-image lazyload\" alt=\"\" sizes=\"auto, (max-width: 500px) 100vw, 500px\" data-src=\"https:\/\/derecho.udd.cl\/centro-justicia-constitucional\/files\/2016\/09\/Jos\u00e9-Manuel-D\u00edaz-de-Vald\u00e9s-Juli\u00e1-500x500.jpg\" data-srcset=\"https:\/\/derecho.udd.cl\/centro-justicia-constitucional\/files\/2016\/09\/Jos\u00e9-Manuel-D\u00edaz-de-Vald\u00e9s-Juli\u00e1-500x500.jpg 500w, https:\/\/derecho.udd.cl\/centro-justicia-constitucional\/files\/2016\/09\/Jos\u00e9-Manuel-D\u00edaz-de-Vald\u00e9s-Juli\u00e1-150x150.jpg 150w, https:\/\/derecho.udd.cl\/centro-justicia-constitucional\/files\/2016\/09\/Jos\u00e9-Manuel-D\u00edaz-de-Vald\u00e9s-Juli\u00e1-62x62.jpg 62w, https:\/\/derecho.udd.cl\/centro-justicia-constitucional\/files\/2016\/09\/Jos\u00e9-Manuel-D\u00edaz-de-Vald\u00e9s-Juli\u00e1-750x750.jpg 750w, https:\/\/derecho.udd.cl\/centro-justicia-constitucional\/files\/2016\/09\/Jos\u00e9-Manuel-D\u00edaz-de-Vald\u00e9s-Juli\u00e1-250x250.jpg 250w, https:\/\/derecho.udd.cl\/centro-justicia-constitucional\/files\/2016\/09\/Jos\u00e9-Manuel-D\u00edaz-de-Vald\u00e9s-Juli\u00e1-126x126.jpg 126w\" \/>\t\t<\/div>\n\t\t\t<div class=\"person-card__content\">\n\t\t\t<h3 class=\"person-card__name\">Jos\u00e9 Manuel  D\u00edaz de Vald\u00e9s Juli\u00e1<\/h3>\n\t\t\t\t\t<span class=\"person-card__description\">Research professor <\/span>\n\t\t\t\t\t<span class=\"person-card__cta\">Ver perfil<\/span>\n\t\t<\/div>\n\t<\/a>\n<\/div>\n\t\t\t\t\t<div class=\"person-card\">\n\t<a href=\"https:\/\/derecho.udd.cl\/centro-justicia-constitucional\/persona\/marisol-pena-torres\/\"\n\t\tclass=\"person-card__inner js-person-modal\"\n\t\tdata-post-id=\"4023\"\n\t\tdata-postid=\"4023\"\n\t>\n\t\t\t<div class=\"person-card__media\">\n\t\t\t<img loading=\"lazy\" decoding=\"async\" width=\"500\" height=\"500\" src=\"https:\/\/derecho.udd.cl\/centro-justicia-constitucional\/files\/2021\/09\/tempImage0SILIm-scaled-e1700515146480-62x62.jpg\" class=\"person-card__image wp-post-image lazyload\" alt=\"\" sizes=\"auto, (max-width: 500px) 100vw, 500px\" data-src=\"https:\/\/derecho.udd.cl\/centro-justicia-constitucional\/files\/2021\/09\/tempImage0SILIm-scaled-e1700515146480-500x500.jpg\" data-srcset=\"https:\/\/derecho.udd.cl\/centro-justicia-constitucional\/files\/2021\/09\/tempImage0SILIm-scaled-e1700515146480-500x500.jpg 500w, https:\/\/derecho.udd.cl\/centro-justicia-constitucional\/files\/2021\/09\/tempImage0SILIm-scaled-e1700515146480-150x150.jpg 150w, https:\/\/derecho.udd.cl\/centro-justicia-constitucional\/files\/2021\/09\/tempImage0SILIm-scaled-e1700515146480-62x62.jpg 62w, https:\/\/derecho.udd.cl\/centro-justicia-constitucional\/files\/2021\/09\/tempImage0SILIm-scaled-e1700515146480-750x750.jpg 750w, https:\/\/derecho.udd.cl\/centro-justicia-constitucional\/files\/2021\/09\/tempImage0SILIm-scaled-e1700515146480-250x250.jpg 250w, https:\/\/derecho.udd.cl\/centro-justicia-constitucional\/files\/2021\/09\/tempImage0SILIm-scaled-e1700515146480-126x126.jpg 126w\" \/>\t\t<\/div>\n\t\t\t<div class=\"person-card__content\">\n\t\t\t<h3 class=\"person-card__name\">Marisol  Pe\u00f1a Torres<\/h3>\n\t\t\t\t\t<span class=\"person-card__description\">Research professor<\/span>\n\t\t\t\t\t<span class=\"person-card__cta\">Ver perfil<\/span>\n\t\t<\/div>\n\t<\/a>\n<\/div>\n\t\t\t\t\t<div class=\"person-card\">\n\t<a href=\"https:\/\/derecho.udd.cl\/centro-justicia-constitucional\/persona\/nicolas-enteiche-rosales-2\/\"\n\t\tclass=\"person-card__inner js-person-modal\"\n\t\tdata-post-id=\"4020\"\n\t\tdata-postid=\"4020\"\n\t>\n\t\t\t<div class=\"person-card__media\">\n\t\t\t<img loading=\"lazy\" decoding=\"async\" width=\"500\" height=\"500\" src=\"https:\/\/derecho.udd.cl\/centro-justicia-constitucional\/files\/2016\/09\/Nicola\u0301s-Enteiche-62x62.jpg\" class=\"person-card__image wp-post-image lazyload\" alt=\"\" sizes=\"auto, (max-width: 500px) 100vw, 500px\" data-src=\"https:\/\/derecho.udd.cl\/centro-justicia-constitucional\/files\/2016\/09\/Nicol\u00e1s-Enteiche-500x500.jpg\" data-srcset=\"https:\/\/derecho.udd.cl\/centro-justicia-constitucional\/files\/2016\/09\/Nicol\u00e1s-Enteiche-500x500.jpg 500w, https:\/\/derecho.udd.cl\/centro-justicia-constitucional\/files\/2016\/09\/Nicol\u00e1s-Enteiche-150x150.jpg 150w, https:\/\/derecho.udd.cl\/centro-justicia-constitucional\/files\/2016\/09\/Nicol\u00e1s-Enteiche-62x62.jpg 62w, https:\/\/derecho.udd.cl\/centro-justicia-constitucional\/files\/2016\/09\/Nicol\u00e1s-Enteiche-750x750.jpg 750w, https:\/\/derecho.udd.cl\/centro-justicia-constitucional\/files\/2016\/09\/Nicol\u00e1s-Enteiche-250x250.jpg 250w, https:\/\/derecho.udd.cl\/centro-justicia-constitucional\/files\/2016\/09\/Nicol\u00e1s-Enteiche-126x126.jpg 126w\" \/>\t\t<\/div>\n\t\t\t<div class=\"person-card__content\">\n\t\t\t<h3 class=\"person-card__name\">Nicol\u00e1s Enteiche Rosales<\/h3>\n\t\t\t\t\t<span class=\"person-card__description\">Research professor<\/span>\n\t\t\t\t\t<span class=\"person-card__cta\">Ver perfil<\/span>\n\t\t<\/div>\n\t<\/a>\n<\/div>\n\t\t\t\t\t<div class=\"person-card\">\n\t<a href=\"https:\/\/derecho.udd.cl\/centro-justicia-constitucional\/persona\/julio-alvear-tellez-2\/\"\n\t\tclass=\"person-card__inner js-person-modal\"\n\t\tdata-post-id=\"4022\"\n\t\tdata-postid=\"4022\"\n\t>\n\t\t\t<div class=\"person-card__media\">\n\t\t\t<img loading=\"lazy\" decoding=\"async\" width=\"500\" height=\"500\" src=\"https:\/\/derecho.udd.cl\/centro-justicia-constitucional\/files\/2013\/07\/J.Alvear2-62x62.jpg\" class=\"person-card__image wp-post-image lazyload\" alt=\"\" sizes=\"auto, (max-width: 500px) 100vw, 500px\" data-src=\"https:\/\/derecho.udd.cl\/centro-justicia-constitucional\/files\/2013\/07\/J.Alvear2-500x500.jpg\" data-srcset=\"https:\/\/derecho.udd.cl\/centro-justicia-constitucional\/files\/2013\/07\/J.Alvear2-500x500.jpg 500w, https:\/\/derecho.udd.cl\/centro-justicia-constitucional\/files\/2013\/07\/J.Alvear2-300x300.jpg 300w, https:\/\/derecho.udd.cl\/centro-justicia-constitucional\/files\/2013\/07\/J.Alvear2-1024x1024.jpg 1024w, https:\/\/derecho.udd.cl\/centro-justicia-constitucional\/files\/2013\/07\/J.Alvear2-150x150.jpg 150w, https:\/\/derecho.udd.cl\/centro-justicia-constitucional\/files\/2013\/07\/J.Alvear2-768x768.jpg 768w, https:\/\/derecho.udd.cl\/centro-justicia-constitucional\/files\/2013\/07\/J.Alvear2-62x62.jpg 62w, https:\/\/derecho.udd.cl\/centro-justicia-constitucional\/files\/2013\/07\/J.Alvear2-1536x1536.jpg 1536w, https:\/\/derecho.udd.cl\/centro-justicia-constitucional\/files\/2013\/07\/J.Alvear2-2048x2048.jpg 2048w, https:\/\/derecho.udd.cl\/centro-justicia-constitucional\/files\/2013\/07\/J.Alvear2-750x750.jpg 750w, https:\/\/derecho.udd.cl\/centro-justicia-constitucional\/files\/2013\/07\/J.Alvear2-250x250.jpg 250w, https:\/\/derecho.udd.cl\/centro-justicia-constitucional\/files\/2013\/07\/J.Alvear2-126x126.jpg 126w\" \/>\t\t<\/div>\n\t\t\t<div class=\"person-card__content\">\n\t\t\t<h3 class=\"person-card__name\">Julio  Alvear T\u00e9llez<\/h3>\n\t\t\t\t\t<span class=\"person-card__description\">Research Director <\/span>\n\t\t\t\t\t<span class=\"person-card__cta\">Ver perfil<\/span>\n\t\t<\/div>\n\t<\/a>\n<\/div>\n\t\t\t\t<\/div>\n\t<\/div>\n<\/section>\n","protected":false},"excerpt":{"rendered":"<p>Team<\/p>\n","protected":false},"author":61,"featured_media":0,"parent":0,"menu_order":0,"comment_status":"closed","ping_status":"closed","template":"","meta":{"footnotes":""},"class_list":["post-3984","page","type-page","status-publish","hentry"],"_links":{"self":[{"href":"https:\/\/derecho.udd.cl\/centro-justicia-constitucional\/wp-json\/wp\/v2\/pages\/3984","targetHints":{"allow":["GET"]}}],"collection":[{"href":"https:\/\/derecho.udd.cl\/centro-justicia-constitucional\/wp-json\/wp\/v2\/pages"}],"about":[{"href":"https:\/\/derecho.udd.cl\/centro-justicia-constitucional\/wp-json\/wp\/v2\/types\/page"}],"author":[{"embeddable":true,"href":"https:\/\/derecho.udd.cl\/centro-justicia-constitucional\/wp-json\/wp\/v2\/users\/61"}],"replies":[{"embeddable":true,"href":"https:\/\/derecho.udd.cl\/centro-justicia-constitucional\/wp-json\/wp\/v2\/comments?post=3984"}],"version-history":[{"count":14,"href":"https:\/\/derecho.udd.cl\/centro-justicia-constitucional\/wp-json\/wp\/v2\/pages\/3984\/revisions"}],"predecessor-version":[{"id":4670,"href":"https:\/\/derecho.udd.cl\/centro-justicia-constitucional\/wp-json\/wp\/v2\/pages\/3984\/revisions\/4670"}],"wp:attachment":[{"href":"https:\/\/derecho.udd.cl\/centro-justicia-constitucional\/wp-json\/wp\/v2\/media?parent=3984"}],"curies":[{"name":"wp","href":"https:\/\/api.w.org\/{rel}","templated":true}]}}