{"id":18,"date":"2015-06-12T15:40:05","date_gmt":"2015-06-12T15:40:05","guid":{"rendered":"http:\/\/derecho-scl.udd.cl\/centro-justicia-constitucional\/?page_id=18"},"modified":"2025-06-30T11:39:06","modified_gmt":"2025-06-30T15:39:06","slug":"investigadores","status":"publish","type":"page","link":"https:\/\/derecho.udd.cl\/centro-justicia-constitucional\/investigadores\/","title":{"rendered":"Investigadores"},"content":{"rendered":"\n<h2 class=\"wp-block-heading\">Equipo<\/h2>\n\n\n\n<figure class=\"wp-block-image aligncenter size-large\"><img loading=\"lazy\" decoding=\"async\" width=\"1024\" height=\"701\" src=\"https:\/\/derecho.udd.cl\/centro-justicia-constitucional\/files\/2022\/01\/DSC_2934-1024x701.jpg\" alt=\"\" class=\"wp-image-4560\" srcset=\"https:\/\/derecho.udd.cl\/centro-justicia-constitucional\/files\/2022\/01\/DSC_2934-1024x701.jpg 1024w, https:\/\/derecho.udd.cl\/centro-justicia-constitucional\/files\/2022\/01\/DSC_2934-300x206.jpg 300w, https:\/\/derecho.udd.cl\/centro-justicia-constitucional\/files\/2022\/01\/DSC_2934-768x526.jpg 768w, https:\/\/derecho.udd.cl\/centro-justicia-constitucional\/files\/2022\/01\/DSC_2934-1536x1052.jpg 1536w, https:\/\/derecho.udd.cl\/centro-justicia-constitucional\/files\/2022\/01\/DSC_2934-2048x1403.jpg 2048w\" sizes=\"auto, (max-width: 1024px) 100vw, 1024px\" \/><figcaption class=\"wp-element-caption\">Sergio Verdugo, Julio Alvear, B\u00e1rbara Ivanschitz, Jos\u00e9 Manuel D\u00edaz de Vald\u00e9s, Marisol Pe\u00f1a y Gaspar Jenkins<\/figcaption><\/figure>\n\n\n<!-- WP Block: UDD - People -->\n<section class=\"wp-block-udd-people \">\n\t<div class=\"container\">\n\t\t\t\t<header class=\"block__header\">\n\t\t\t\t\t\t\t\n<h2 class=\"wp-block-heading\">Directora<\/h2>\n\t\t\t\t\t\t\t\t<\/header>\n\t\t\t\t<div class=\"people-cards\">\n\t\t\t\t\t<div class=\"person-card\">\n\t<a href=\"https:\/\/derecho.udd.cl\/centro-justicia-constitucional\/persona\/marisol-pena-torres\/\"\n\t\tclass=\"person-card__inner js-person-modal\"\n\t\tdata-post-id=\"4023\"\n\t\tdata-postid=\"4023\"\n\t>\n\t\t\t<div class=\"person-card__media\">\n\t\t\t<img loading=\"lazy\" decoding=\"async\" width=\"500\" height=\"500\" src=\"https:\/\/derecho.udd.cl\/centro-justicia-constitucional\/files\/2021\/09\/tempImage0SILIm-scaled-e1700515146480-62x62.jpg\" class=\"person-card__image wp-post-image lazyload\" alt=\"\" sizes=\"auto, (max-width: 500px) 100vw, 500px\" data-src=\"https:\/\/derecho.udd.cl\/centro-justicia-constitucional\/files\/2021\/09\/tempImage0SILIm-scaled-e1700515146480-500x500.jpg\" data-srcset=\"https:\/\/derecho.udd.cl\/centro-justicia-constitucional\/files\/2021\/09\/tempImage0SILIm-scaled-e1700515146480-500x500.jpg 500w, https:\/\/derecho.udd.cl\/centro-justicia-constitucional\/files\/2021\/09\/tempImage0SILIm-scaled-e1700515146480-150x150.jpg 150w, https:\/\/derecho.udd.cl\/centro-justicia-constitucional\/files\/2021\/09\/tempImage0SILIm-scaled-e1700515146480-62x62.jpg 62w, https:\/\/derecho.udd.cl\/centro-justicia-constitucional\/files\/2021\/09\/tempImage0SILIm-scaled-e1700515146480-750x750.jpg 750w, https:\/\/derecho.udd.cl\/centro-justicia-constitucional\/files\/2021\/09\/tempImage0SILIm-scaled-e1700515146480-250x250.jpg 250w, https:\/\/derecho.udd.cl\/centro-justicia-constitucional\/files\/2021\/09\/tempImage0SILIm-scaled-e1700515146480-126x126.jpg 126w\" \/>\t\t<\/div>\n\t\t\t<div class=\"person-card__content\">\n\t\t\t<h3 class=\"person-card__name\">Marisol  Pe\u00f1a Torres<\/h3>\n\t\t\t\t\t<span class=\"person-card__description\">Directora del Centro de Justicia Constitucional<\/span>\n\t\t\t\t\t<span class=\"person-card__cta\">Ver perfil<\/span>\n\t\t<\/div>\n\t<\/a>\n<\/div>\n\t\t\t\t<\/div>\n\t<\/div>\n<\/section>\n\n\n<!-- WP Block: UDD - People -->\n<section class=\"wp-block-udd-people \">\n\t<div class=\"container\">\n\t\t\t\t<header class=\"block__header\">\n\t\t\t\t\t\t\t\n<h2 class=\"wp-block-heading\">Investigadores<\/h2>\n\t\t\t\t\t\t\t\t<\/header>\n\t\t\t\t<div class=\"people-cards\">\n\t\t\t\t\t<div class=\"person-card\">\n\t<a href=\"https:\/\/derecho.udd.cl\/centro-justicia-constitucional\/persona\/barbara-christine-ivanschitz-boudeguer\/\"\n\t\tclass=\"person-card__inner js-person-modal\"\n\t\tdata-post-id=\"1760\"\n\t\tdata-postid=\"1760\"\n\t>\n\t\t\t<div class=\"person-card__media\">\n\t\t\t<img loading=\"lazy\" decoding=\"async\" width=\"500\" height=\"500\" src=\"https:\/\/derecho.udd.cl\/centro-justicia-constitucional\/files\/2019\/09\/1-05-62x62.jpg\" class=\"person-card__image wp-post-image lazyload\" alt=\"\" sizes=\"auto, (max-width: 500px) 100vw, 500px\" data-src=\"https:\/\/derecho.udd.cl\/centro-justicia-constitucional\/files\/2019\/09\/1-05-500x500.jpg\" data-srcset=\"https:\/\/derecho.udd.cl\/centro-justicia-constitucional\/files\/2019\/09\/1-05-500x500.jpg 500w, https:\/\/derecho.udd.cl\/centro-justicia-constitucional\/files\/2019\/09\/1-05-300x300.jpg 300w, https:\/\/derecho.udd.cl\/centro-justicia-constitucional\/files\/2019\/09\/1-05-1024x1024.jpg 1024w, https:\/\/derecho.udd.cl\/centro-justicia-constitucional\/files\/2019\/09\/1-05-150x150.jpg 150w, https:\/\/derecho.udd.cl\/centro-justicia-constitucional\/files\/2019\/09\/1-05-768x768.jpg 768w, https:\/\/derecho.udd.cl\/centro-justicia-constitucional\/files\/2019\/09\/1-05-62x62.jpg 62w, https:\/\/derecho.udd.cl\/centro-justicia-constitucional\/files\/2019\/09\/1-05-1536x1536.jpg 1536w, https:\/\/derecho.udd.cl\/centro-justicia-constitucional\/files\/2019\/09\/1-05-750x750.jpg 750w, https:\/\/derecho.udd.cl\/centro-justicia-constitucional\/files\/2019\/09\/1-05-250x250.jpg 250w, https:\/\/derecho.udd.cl\/centro-justicia-constitucional\/files\/2019\/09\/1-05-126x126.jpg 126w, https:\/\/derecho.udd.cl\/centro-justicia-constitucional\/files\/2019\/09\/1-05.jpg 1542w\" \/>\t\t<\/div>\n\t\t\t<div class=\"person-card__content\">\n\t\t\t<h3 class=\"person-card__name\">Barbara  Christine Ivanschitz Boudeguer<\/h3>\n\t\t\t\t\t<span class=\"person-card__description\">Profesora Investigadora<\/span>\n\t\t\t\t\t<span class=\"person-card__cta\">Ver perfil<\/span>\n\t\t<\/div>\n\t<\/a>\n<\/div>\n\t\t\t\t\t<div class=\"person-card\">\n\t<a href=\"https:\/\/derecho.udd.cl\/centro-justicia-constitucional\/persona\/catalina-salem-gesell\/\"\n\t\tclass=\"person-card__inner js-person-modal\"\n\t\tdata-post-id=\"3834\"\n\t\tdata-postid=\"3834\"\n\t>\n\t\t\t<div class=\"person-card__media\">\n\t\t\t<img loading=\"lazy\" decoding=\"async\" width=\"500\" height=\"500\" src=\"https:\/\/derecho.udd.cl\/centro-justicia-constitucional\/files\/2021\/08\/CATA_SALEM-1-1-2-62x62.jpg\" class=\"person-card__image wp-post-image lazyload\" alt=\"\" sizes=\"auto, (max-width: 500px) 100vw, 500px\" data-src=\"https:\/\/derecho.udd.cl\/centro-justicia-constitucional\/files\/2021\/08\/CATA_SALEM-1-1-2-500x500.jpg\" data-srcset=\"https:\/\/derecho.udd.cl\/centro-justicia-constitucional\/files\/2021\/08\/CATA_SALEM-1-1-2-500x500.jpg 500w, https:\/\/derecho.udd.cl\/centro-justicia-constitucional\/files\/2021\/08\/CATA_SALEM-1-1-2-150x150.jpg 150w, https:\/\/derecho.udd.cl\/centro-justicia-constitucional\/files\/2021\/08\/CATA_SALEM-1-1-2-62x62.jpg 62w, https:\/\/derecho.udd.cl\/centro-justicia-constitucional\/files\/2021\/08\/CATA_SALEM-1-1-2-750x750.jpg 750w, https:\/\/derecho.udd.cl\/centro-justicia-constitucional\/files\/2021\/08\/CATA_SALEM-1-1-2-250x250.jpg 250w, https:\/\/derecho.udd.cl\/centro-justicia-constitucional\/files\/2021\/08\/CATA_SALEM-1-1-2-126x126.jpg 126w\" \/>\t\t<\/div>\n\t\t\t<div class=\"person-card__content\">\n\t\t\t<h3 class=\"person-card__name\">Catalina  Salem Gesell<\/h3>\n\t\t\t\t\t<span class=\"person-card__description\">Profesora Investigadora <\/span>\n\t\t\t\t\t<span class=\"person-card__cta\">Ver perfil<\/span>\n\t\t<\/div>\n\t<\/a>\n<\/div>\n\t\t\t\t\t<div class=\"person-card\">\n\t<a href=\"https:\/\/derecho.udd.cl\/centro-justicia-constitucional\/persona\/gaspar-jenkins-pena-y-lillo\/\"\n\t\tclass=\"person-card__inner js-person-modal\"\n\t\tdata-post-id=\"2184\"\n\t\tdata-postid=\"2184\"\n\t>\n\t\t\t<div class=\"person-card__media\">\n\t\t\t<img loading=\"lazy\" decoding=\"async\" width=\"500\" height=\"500\" src=\"https:\/\/derecho.udd.cl\/centro-justicia-constitucional\/files\/2019\/06\/gaspar_jenkins-1-62x62.jpg\" class=\"person-card__image wp-post-image lazyload\" alt=\"\" sizes=\"auto, (max-width: 500px) 100vw, 500px\" data-src=\"https:\/\/derecho.udd.cl\/centro-justicia-constitucional\/files\/2019\/06\/gaspar_jenkins-1-500x500.jpg\" data-srcset=\"https:\/\/derecho.udd.cl\/centro-justicia-constitucional\/files\/2019\/06\/gaspar_jenkins-1-500x500.jpg 500w, https:\/\/derecho.udd.cl\/centro-justicia-constitucional\/files\/2019\/06\/gaspar_jenkins-1-150x150.jpg 150w, https:\/\/derecho.udd.cl\/centro-justicia-constitucional\/files\/2019\/06\/gaspar_jenkins-1-62x62.jpg 62w, https:\/\/derecho.udd.cl\/centro-justicia-constitucional\/files\/2019\/06\/gaspar_jenkins-1-750x750.jpg 750w, https:\/\/derecho.udd.cl\/centro-justicia-constitucional\/files\/2019\/06\/gaspar_jenkins-1-250x250.jpg 250w, https:\/\/derecho.udd.cl\/centro-justicia-constitucional\/files\/2019\/06\/gaspar_jenkins-1-126x126.jpg 126w\" \/>\t\t<\/div>\n\t\t\t<div class=\"person-card__content\">\n\t\t\t<h3 class=\"person-card__name\">Gaspar Jenkins Pe\u00f1a y Lillo<\/h3>\n\t\t\t\t\t<span class=\"person-card__description\">Profesor Investigador<\/span>\n\t\t\t\t\t<span class=\"person-card__cta\">Ver perfil<\/span>\n\t\t<\/div>\n\t<\/a>\n<\/div>\n\t\t\t\t\t<div class=\"person-card\">\n\t<a href=\"https:\/\/derecho.udd.cl\/centro-justicia-constitucional\/persona\/jose-manuel-diaz-de-valdes\/\"\n\t\tclass=\"person-card__inner js-person-modal\"\n\t\tdata-post-id=\"840\"\n\t\tdata-postid=\"840\"\n\t>\n\t\t\t<div class=\"person-card__media\">\n\t\t\t<img loading=\"lazy\" decoding=\"async\" width=\"500\" height=\"500\" src=\"https:\/\/derecho.udd.cl\/centro-justicia-constitucional\/files\/2019\/09\/1-03-e1576615244458-62x62.jpg\" class=\"person-card__image wp-post-image lazyload\" alt=\"\" sizes=\"auto, (max-width: 500px) 100vw, 500px\" data-src=\"https:\/\/derecho.udd.cl\/centro-justicia-constitucional\/files\/2019\/09\/1-03-e1576615244458-500x500.jpg\" data-srcset=\"https:\/\/derecho.udd.cl\/centro-justicia-constitucional\/files\/2019\/09\/1-03-e1576615244458-500x500.jpg 500w, https:\/\/derecho.udd.cl\/centro-justicia-constitucional\/files\/2019\/09\/1-03-e1576615244458-150x150.jpg 150w, https:\/\/derecho.udd.cl\/centro-justicia-constitucional\/files\/2019\/09\/1-03-e1576615244458-62x62.jpg 62w, https:\/\/derecho.udd.cl\/centro-justicia-constitucional\/files\/2019\/09\/1-03-e1576615244458-750x750.jpg 750w, https:\/\/derecho.udd.cl\/centro-justicia-constitucional\/files\/2019\/09\/1-03-e1576615244458-250x250.jpg 250w, https:\/\/derecho.udd.cl\/centro-justicia-constitucional\/files\/2019\/09\/1-03-e1576615244458-126x126.jpg 126w\" \/>\t\t<\/div>\n\t\t\t<div class=\"person-card__content\">\n\t\t\t<h3 class=\"person-card__name\">Jos\u00e9 Manuel D\u00edaz de Vald\u00e9s Juli\u00e1<\/h3>\n\t\t\t\t\t<span class=\"person-card__description\">Profesor Investigador<\/span>\n\t\t\t\t\t<span class=\"person-card__cta\">Ver perfil<\/span>\n\t\t<\/div>\n\t<\/a>\n<\/div>\n\t\t\t\t\t<div class=\"person-card\">\n\t<a href=\"https:\/\/derecho.udd.cl\/centro-justicia-constitucional\/persona\/nicolas-enteiche-rosales\/\"\n\t\tclass=\"person-card__inner js-person-modal\"\n\t\tdata-post-id=\"850\"\n\t\tdata-postid=\"850\"\n\t>\n\t\t\t<div class=\"person-card__media\">\n\t\t\t<img loading=\"lazy\" decoding=\"async\" width=\"500\" height=\"500\" src=\"https:\/\/derecho.udd.cl\/centro-justicia-constitucional\/files\/2019\/09\/1-02-62x62.jpg\" class=\"person-card__image wp-post-image lazyload\" alt=\"\" sizes=\"auto, (max-width: 500px) 100vw, 500px\" data-src=\"https:\/\/derecho.udd.cl\/centro-justicia-constitucional\/files\/2019\/09\/1-02-500x500.jpg\" data-srcset=\"https:\/\/derecho.udd.cl\/centro-justicia-constitucional\/files\/2019\/09\/1-02-500x500.jpg 500w, https:\/\/derecho.udd.cl\/centro-justicia-constitucional\/files\/2019\/09\/1-02-300x300.jpg 300w, https:\/\/derecho.udd.cl\/centro-justicia-constitucional\/files\/2019\/09\/1-02-1024x1024.jpg 1024w, https:\/\/derecho.udd.cl\/centro-justicia-constitucional\/files\/2019\/09\/1-02-150x150.jpg 150w, https:\/\/derecho.udd.cl\/centro-justicia-constitucional\/files\/2019\/09\/1-02-768x768.jpg 768w, https:\/\/derecho.udd.cl\/centro-justicia-constitucional\/files\/2019\/09\/1-02-62x62.jpg 62w, https:\/\/derecho.udd.cl\/centro-justicia-constitucional\/files\/2019\/09\/1-02-1536x1536.jpg 1536w, https:\/\/derecho.udd.cl\/centro-justicia-constitucional\/files\/2019\/09\/1-02-750x750.jpg 750w, https:\/\/derecho.udd.cl\/centro-justicia-constitucional\/files\/2019\/09\/1-02-250x250.jpg 250w, https:\/\/derecho.udd.cl\/centro-justicia-constitucional\/files\/2019\/09\/1-02-126x126.jpg 126w, https:\/\/derecho.udd.cl\/centro-justicia-constitucional\/files\/2019\/09\/1-02.jpg 1542w\" \/>\t\t<\/div>\n\t\t\t<div class=\"person-card__content\">\n\t\t\t<h3 class=\"person-card__name\">Nicol\u00e1s Enteiche Rosales<\/h3>\n\t\t\t\t\t<span class=\"person-card__description\">Profesor Investigador<\/span>\n\t\t\t\t\t<span class=\"person-card__cta\">Ver perfil<\/span>\n\t\t<\/div>\n\t<\/a>\n<\/div>\n\t\t\t\t\t<div class=\"person-card\">\n\t<a href=\"https:\/\/derecho.udd.cl\/centro-justicia-constitucional\/persona\/julio-alvear-tellez\/\"\n\t\tclass=\"person-card__inner js-person-modal\"\n\t\tdata-post-id=\"848\"\n\t\tdata-postid=\"848\"\n\t>\n\t\t\t<div class=\"person-card__media\">\n\t\t\t<img loading=\"lazy\" decoding=\"async\" width=\"500\" height=\"500\" src=\"https:\/\/derecho.udd.cl\/centro-justicia-constitucional\/files\/2013\/07\/J.Alvear2-62x62.jpg\" class=\"person-card__image wp-post-image lazyload\" alt=\"\" sizes=\"auto, (max-width: 500px) 100vw, 500px\" data-src=\"https:\/\/derecho.udd.cl\/centro-justicia-constitucional\/files\/2013\/07\/J.Alvear2-500x500.jpg\" data-srcset=\"https:\/\/derecho.udd.cl\/centro-justicia-constitucional\/files\/2013\/07\/J.Alvear2-500x500.jpg 500w, https:\/\/derecho.udd.cl\/centro-justicia-constitucional\/files\/2013\/07\/J.Alvear2-300x300.jpg 300w, https:\/\/derecho.udd.cl\/centro-justicia-constitucional\/files\/2013\/07\/J.Alvear2-1024x1024.jpg 1024w, https:\/\/derecho.udd.cl\/centro-justicia-constitucional\/files\/2013\/07\/J.Alvear2-150x150.jpg 150w, https:\/\/derecho.udd.cl\/centro-justicia-constitucional\/files\/2013\/07\/J.Alvear2-768x768.jpg 768w, https:\/\/derecho.udd.cl\/centro-justicia-constitucional\/files\/2013\/07\/J.Alvear2-62x62.jpg 62w, https:\/\/derecho.udd.cl\/centro-justicia-constitucional\/files\/2013\/07\/J.Alvear2-1536x1536.jpg 1536w, https:\/\/derecho.udd.cl\/centro-justicia-constitucional\/files\/2013\/07\/J.Alvear2-2048x2048.jpg 2048w, https:\/\/derecho.udd.cl\/centro-justicia-constitucional\/files\/2013\/07\/J.Alvear2-750x750.jpg 750w, https:\/\/derecho.udd.cl\/centro-justicia-constitucional\/files\/2013\/07\/J.Alvear2-250x250.jpg 250w, https:\/\/derecho.udd.cl\/centro-justicia-constitucional\/files\/2013\/07\/J.Alvear2-126x126.jpg 126w\" \/>\t\t<\/div>\n\t\t\t<div class=\"person-card__content\">\n\t\t\t<h3 class=\"person-card__name\">Julio  Alvear T\u00e9llez<\/h3>\n\t\t\t\t\t<span class=\"person-card__description\">Director de Investigaci\u00f3n<\/span>\n\t\t\t\t\t<span class=\"person-card__cta\">Ver perfil<\/span>\n\t\t<\/div>\n\t<\/a>\n<\/div>\n\t\t\t\t\t<div class=\"person-card\">\n\t<a href=\"https:\/\/derecho.udd.cl\/centro-justicia-constitucional\/persona\/sergio-verdugo-ramirez\/\"\n\t\tclass=\"person-card__inner js-person-modal\"\n\t\tdata-post-id=\"838\"\n\t\tdata-postid=\"838\"\n\t>\n\t\t\t<div class=\"person-card__media\">\n\t\t\t<img loading=\"lazy\" decoding=\"async\" width=\"500\" height=\"500\" src=\"https:\/\/derecho.udd.cl\/centro-justicia-constitucional\/files\/2013\/07\/DSC_1957-62x62.jpg\" class=\"person-card__image wp-post-image lazyload\" alt=\"\" sizes=\"auto, (max-width: 500px) 100vw, 500px\" data-src=\"https:\/\/derecho.udd.cl\/centro-justicia-constitucional\/files\/2013\/07\/DSC_1957-500x500.jpg\" data-srcset=\"https:\/\/derecho.udd.cl\/centro-justicia-constitucional\/files\/2013\/07\/DSC_1957-500x500.jpg 500w, https:\/\/derecho.udd.cl\/centro-justicia-constitucional\/files\/2013\/07\/DSC_1957-150x150.jpg 150w, https:\/\/derecho.udd.cl\/centro-justicia-constitucional\/files\/2013\/07\/DSC_1957-62x62.jpg 62w, https:\/\/derecho.udd.cl\/centro-justicia-constitucional\/files\/2013\/07\/DSC_1957-750x750.jpg 750w, https:\/\/derecho.udd.cl\/centro-justicia-constitucional\/files\/2013\/07\/DSC_1957-250x250.jpg 250w, https:\/\/derecho.udd.cl\/centro-justicia-constitucional\/files\/2013\/07\/DSC_1957-126x126.jpg 126w\" \/>\t\t<\/div>\n\t\t\t<div class=\"person-card__content\">\n\t\t\t<h3 class=\"person-card__name\">Sergio Verdugo<\/h3>\n\t\t\t\t\t<span class=\"person-card__description\">Profesor Investigador<\/span>\n\t\t\t\t\t<span class=\"person-card__cta\">Ver perfil<\/span>\n\t\t<\/div>\n\t<\/a>\n<\/div>\n\t\t\t\t\t<div class=\"person-card\">\n\t<a href=\"https:\/\/derecho.udd.cl\/centro-justicia-constitucional\/persona\/eduardo-andrades-rivas\/\"\n\t\tclass=\"person-card__inner js-person-modal\"\n\t\tdata-post-id=\"5159\"\n\t\tdata-postid=\"5159\"\n\t>\n\t\t\t<div class=\"person-card__media\">\n\t\t\t<img loading=\"lazy\" decoding=\"async\" width=\"400\" height=\"400\" src=\"https:\/\/derecho.udd.cl\/centro-justicia-constitucional\/files\/2022\/09\/Eduardo-Andrades-Rivas-62x62.jpg\" class=\"person-card__image wp-post-image lazyload\" alt=\"\" sizes=\"auto, (max-width: 400px) 100vw, 400px\" data-src=\"https:\/\/derecho.udd.cl\/centro-justicia-constitucional\/files\/2022\/09\/Eduardo-Andrades-Rivas.jpg\" data-srcset=\"https:\/\/derecho.udd.cl\/centro-justicia-constitucional\/files\/2022\/09\/Eduardo-Andrades-Rivas.jpg 400w, https:\/\/derecho.udd.cl\/centro-justicia-constitucional\/files\/2022\/09\/Eduardo-Andrades-Rivas-300x300.jpg 300w, https:\/\/derecho.udd.cl\/centro-justicia-constitucional\/files\/2022\/09\/Eduardo-Andrades-Rivas-150x150.jpg 150w, https:\/\/derecho.udd.cl\/centro-justicia-constitucional\/files\/2022\/09\/Eduardo-Andrades-Rivas-62x62.jpg 62w, https:\/\/derecho.udd.cl\/centro-justicia-constitucional\/files\/2022\/09\/Eduardo-Andrades-Rivas-250x250.jpg 250w, https:\/\/derecho.udd.cl\/centro-justicia-constitucional\/files\/2022\/09\/Eduardo-Andrades-Rivas-126x126.jpg 126w\" \/>\t\t<\/div>\n\t\t\t<div class=\"person-card__content\">\n\t\t\t<h3 class=\"person-card__name\">Eduardo  Andrades Rivas<\/h3>\n\t\t\t\t\t<span class=\"person-card__description\">Profesor Investigador <\/span>\n\t\t\t\t\t<span class=\"person-card__cta\">Ver perfil<\/span>\n\t\t<\/div>\n\t<\/a>\n<\/div>\n\t\t\t\t<\/div>\n\t<\/div>\n<\/section>\n\n\n<!-- WP Block: UDD - People -->\n<section class=\"wp-block-udd-people \">\n\t<div class=\"container\">\n\t\t\t\t<header class=\"block__header\">\n\t\t\t\t\t\t\t\n<h2 class=\"wp-block-heading\">Ayudantes de investigaci\u00f3n anteriores<\/h2>\n\t\t\t\t\t\t\t\t<\/header>\n\t\t\t\t<div class=\"people-cards\">\n\t\t\t\t<\/div>\n\t<\/div>\n<\/section>\n","protected":false},"excerpt":{"rendered":"<p>Equipo<\/p>\n","protected":false},"author":1,"featured_media":0,"parent":0,"menu_order":0,"comment_status":"open","ping_status":"open","template":"","meta":{"footnotes":""},"class_list":["post-18","page","type-page","status-publish","hentry"],"_links":{"self":[{"href":"https:\/\/derecho.udd.cl\/centro-justicia-constitucional\/wp-json\/wp\/v2\/pages\/18","targetHints":{"allow":["GET"]}}],"collection":[{"href":"https:\/\/derecho.udd.cl\/centro-justicia-constitucional\/wp-json\/wp\/v2\/pages"}],"about":[{"href":"https:\/\/derecho.udd.cl\/centro-justicia-constitucional\/wp-json\/wp\/v2\/types\/page"}],"author":[{"embeddable":true,"href":"https:\/\/derecho.udd.cl\/centro-justicia-constitucional\/wp-json\/wp\/v2\/users\/1"}],"replies":[{"embeddable":true,"href":"https:\/\/derecho.udd.cl\/centro-justicia-constitucional\/wp-json\/wp\/v2\/comments?post=18"}],"version-history":[{"count":30,"href":"https:\/\/derecho.udd.cl\/centro-justicia-constitucional\/wp-json\/wp\/v2\/pages\/18\/revisions"}],"predecessor-version":[{"id":7422,"href":"https:\/\/derecho.udd.cl\/centro-justicia-constitucional\/wp-json\/wp\/v2\/pages\/18\/revisions\/7422"}],"wp:attachment":[{"href":"https:\/\/derecho.udd.cl\/centro-justicia-constitucional\/wp-json\/wp\/v2\/media?parent=18"}],"curies":[{"name":"wp","href":"https:\/\/api.w.org\/{rel}","templated":true}]}}