{"id":12,"date":"2015-06-12T15:37:22","date_gmt":"2015-06-12T15:37:22","guid":{"rendered":"http:\/\/derecho-scl.udd.cl\/centro-justicia-constitucional\/?page_id=12"},"modified":"2021-06-03T17:21:30","modified_gmt":"2021-06-03T17:21:30","slug":"sobre-el-centro","status":"publish","type":"page","link":"https:\/\/derecho.udd.cl\/centro-justicia-constitucional\/sobre-el-centro\/","title":{"rendered":"Sobre el Centro"},"content":{"rendered":"\n<h2 class=\"wp-block-heading\">Historia<\/h2>\n\n\n\n<p>El Centro nace a consecuencia de la  reforma constitucional 2005, la cual entreg\u00f3 importantes competencias al  Tribunal Constitucional. Se inici\u00f3 as\u00ed una nueva etapa en nuestro  sistema pol\u00edtico-jur\u00eddico, donde la Justicia Constitucional, entendida  como la identificaci\u00f3n y soluci\u00f3n de conflictos o problemas de  relevancia constitucional, adquiri\u00f3 una inusitada importancia e  influencia.<\/p>\n\n\n<section class=\"wp-block-udd-text-row block--content-align-right\">\n\t<div class=\"text-row\">\n\t\t<div class=\"text-row__content\">\n\t\t\t<div class=\"text-row__content-inner text\">\n\t\t\t\t\t\t\t\t\n<p>El Centro surge con la intenci\u00f3n de  incidir en esta nueva etapa, colaborando en el desarrollo y  perfeccionamiento de la Justicia Constitucional, as\u00ed como de la  Dogm\u00e1tica Constitucional que le sirve de sustento. Para ello, se ha  enfocado en el estudio, cient\u00edfico y aplicado, de materias estrechamente  ligadas tanto a las dimensiones estructurales y funcionales de la  Justicia Constitucional, como a las materias sobre las que se pronuncia y  las consecuencias de sus decisiones.<\/p>\n\t\t\t<\/div>\n\t\t<\/div>\n\t\t<div class=\"text-row__media\">\n\t\t\t<img loading=\"lazy\" decoding=\"async\" width=\"952\" height=\"534\" src=\"https:\/\/derecho.udd.cl\/centro-justicia-constitucional\/files\/2020\/05\/libro-Jose-Manuel-Diaz-de-Valdes-680x382.jpg\" class=\"text-row__media-image lazyload\" alt=\"\" sizes=\"auto, (max-width: 952px) 100vw, 952px\" data-src=\"https:\/\/derecho.udd.cl\/centro-justicia-constitucional\/files\/2020\/05\/libro-Jose-Manuel-Diaz-de-Valdes-952x534.jpg\" data-srcset=\"https:\/\/derecho.udd.cl\/centro-justicia-constitucional\/files\/2020\/05\/libro-Jose-Manuel-Diaz-de-Valdes-952x534.jpg 952w, https:\/\/derecho.udd.cl\/centro-justicia-constitucional\/files\/2020\/05\/libro-Jose-Manuel-Diaz-de-Valdes-1366x768.jpg 1366w, https:\/\/derecho.udd.cl\/centro-justicia-constitucional\/files\/2020\/05\/libro-Jose-Manuel-Diaz-de-Valdes-680x382.jpg 680w\" \/>\t\t<\/div>\n\t<\/div>\n<\/section>\n\n\n\n<p>En el a\u00f1o 2015, en el contexto de la  amplia discusi\u00f3n existente acerca de una reforma constitucional o de una  nueva constituci\u00f3n para nuestro pa\u00eds, el Centro decide redefinir sus  enfoques de acci\u00f3n, redirigiendo parte de sus recursos a abordar dicho  debate. Para ello, ha programado un conjunto de actividades de discusi\u00f3n  y difusi\u00f3n, tales como seminarios nacionales e internacionales,  presentaci\u00f3n de propuestas de reforma constitucional, y participaci\u00f3n en  diversos foros acad\u00e9micos.<\/p>\n\n\n\n<h2 class=\"wp-block-heading\">Misi\u00f3n<\/h2>\n\n\n\n<p>El Centro de Justicia Constitucional persigue <strong>estudiar los  fundamentos, la estructura y el contenido de la Constituci\u00f3n<\/strong>, con  especial \u00e9nfasis en el rol y la contribuci\u00f3n de la Justicia  Constitucional.<\/p>\n\n\n<section class=\"wp-block-udd-text-row block--content-align-right\">\n\t<div class=\"text-row\">\n\t\t<div class=\"text-row__content\">\n\t\t\t<div class=\"text-row__content-inner text\">\n\t\t\t\t\t\t\t\t\n<p>Con este fin en mente, la actividad del Centro apunta a identificar  los diversos factores hist\u00f3ricos, doctrinarios, filos\u00f3ficos y pol\u00edticos  que han dado forma al pensamiento y pr\u00e1ctica constitucional nacional y  aquellos que influyen actualmente. Del mismo modo, el Centro se propone  desentra\u00f1ar la naturaleza y extensi\u00f3n de los v\u00ednculos de nuestra  Constituci\u00f3n tanto con el derecho internacional como con el resto del  ordenamiento jur\u00eddico infra-constitucional.<\/p>\n\t\t\t<\/div>\n\t\t<\/div>\n\t\t<div class=\"text-row__media\">\n\t\t\t<img loading=\"lazy\" decoding=\"async\" width=\"900\" height=\"534\" src=\"https:\/\/derecho.udd.cl\/centro-justicia-constitucional\/files\/2019\/08\/Imagen-Tribunal-Constitucional-de-Chile-044-43299902-680x382.jpg\" class=\"text-row__media-image lazyload\" alt=\"\" data-src=\"https:\/\/derecho.udd.cl\/centro-justicia-constitucional\/files\/2019\/08\/Imagen-Tribunal-Constitucional-de-Chile-044-43299902-900x534.jpg\" \/>\t\t<\/div>\n\t<\/div>\n<\/section>\n\n\n\n<p>Todo esto con la finalidad ulterior de  impactar positivamente diversas \u00e1reas del entorno nacional,  contribuyendo con ello al perfeccionamiento de nuestro derecho y  pr\u00e1ctica constitucional. Para esto, buscamos, por una parte, generar  espacios de reflexi\u00f3n y di\u00e1logo, en los cuales puedan confluir las  diversas experiencias y perspectivas de variados actores de la actividad  privada, administrativa, judicial y pol\u00edtica. Por otra parte, nuestra  actividad de investigaci\u00f3n apunta tambi\u00e9n a desarrollar conocimientos,  diagn\u00f3sticos y propuestas que sirvan a la academia, judicatura,  administraci\u00f3n y gobierno.<\/p>\n\n\n\n<h2 class=\"wp-block-heading\">L\u00edneas de investigaci\u00f3n<\/h2>\n\n\n\n<p>El Centro de Justicia Constitucional se aboca principalmente al <strong>estudio de la arquitectura y la configuraci\u00f3n sustantiva de la Constituci\u00f3n<\/strong>, investigando las ramificaciones de su cimentaci\u00f3n democr\u00e1tica comprometida con los derechos fundamentales de las personas. Desde esta perspectiva, el Centro analiza diversos \u00f3rganos e  instituciones del Derecho P\u00fablico y sus relaciones con los particulares, dirigiendo especialmente su atenci\u00f3n tanto a la instituci\u00f3n del Tribunal Constitucional como a su comportamiento.<\/p>\n\n\n<section class=\"wp-block-udd-text-row block--content-align-right\">\n\t<div class=\"text-row\">\n\t\t<div class=\"text-row__content\">\n\t\t\t<div class=\"text-row__content-inner text\">\n\t\t\t\t\t\t\t\t\n<p>Por otra parte, el Centro explora, desde diversos prismas de las  ciencias sociales, los antecedentes que han forjado nuestra realidad  constitucional actual y los nuevos factores que se encuentran en juego. Para ello, se estudia no solo el acontecer nacional, sino tambi\u00e9n la actividad constitucional comparada de cara a los desaf\u00edos que presenta el desarrollo del derecho constitucional global.<\/p>\n\t\t\t<\/div>\n\t\t<\/div>\n\t\t<div class=\"text-row__media\">\n\t\t\t<img loading=\"lazy\" decoding=\"async\" width=\"952\" height=\"534\" src=\"https:\/\/derecho.udd.cl\/centro-justicia-constitucional\/files\/2020\/01\/unnamed-1-1-680x382.jpg\" class=\"text-row__media-image lazyload\" alt=\"\" sizes=\"auto, (max-width: 952px) 100vw, 952px\" data-src=\"https:\/\/derecho.udd.cl\/centro-justicia-constitucional\/files\/2020\/01\/unnamed-1-1-952x534.jpg\" data-srcset=\"https:\/\/derecho.udd.cl\/centro-justicia-constitucional\/files\/2020\/01\/unnamed-1-1-952x534.jpg 952w, https:\/\/derecho.udd.cl\/centro-justicia-constitucional\/files\/2020\/01\/unnamed-1-1-680x382.jpg 680w\" \/>\t\t<\/div>\n\t<\/div>\n<\/section>\n\n\n\n<p>Adicionalmente, la actividad del Centro explora la dimensi\u00f3n procedimental del derecho constitucional, as\u00ed como las relaciones entre  el derecho constitucional y otras \u00e1reas del derecho, en especial el derecho administrativo, el derecho penal y el derecho internacional  p\u00fablico.<\/p>\n","protected":false},"excerpt":{"rendered":"<p>Historia El Centro nace a consecuencia de la reforma constitucional 2005, la cual entreg\u00f3 importantes competencias al Tribunal Constitucional. Se inici\u00f3 as\u00ed una nueva etapa en nuestro sistema pol\u00edtico-jur\u00eddico, donde la Justicia Constitucional, entendida como la identificaci\u00f3n y soluci\u00f3n de conflictos o problemas de relevancia constitucional, adquiri\u00f3 una inusitada importancia e influencia. En el a\u00f1o [&hellip;]<\/p>\n","protected":false},"author":1,"featured_media":0,"parent":0,"menu_order":0,"comment_status":"open","ping_status":"open","template":"","meta":{"footnotes":""},"class_list":["post-12","page","type-page","status-publish","hentry"],"_links":{"self":[{"href":"https:\/\/derecho.udd.cl\/centro-justicia-constitucional\/wp-json\/wp\/v2\/pages\/12","targetHints":{"allow":["GET"]}}],"collection":[{"href":"https:\/\/derecho.udd.cl\/centro-justicia-constitucional\/wp-json\/wp\/v2\/pages"}],"about":[{"href":"https:\/\/derecho.udd.cl\/centro-justicia-constitucional\/wp-json\/wp\/v2\/types\/page"}],"author":[{"embeddable":true,"href":"https:\/\/derecho.udd.cl\/centro-justicia-constitucional\/wp-json\/wp\/v2\/users\/1"}],"replies":[{"embeddable":true,"href":"https:\/\/derecho.udd.cl\/centro-justicia-constitucional\/wp-json\/wp\/v2\/comments?post=12"}],"version-history":[{"count":13,"href":"https:\/\/derecho.udd.cl\/centro-justicia-constitucional\/wp-json\/wp\/v2\/pages\/12\/revisions"}],"predecessor-version":[{"id":4004,"href":"https:\/\/derecho.udd.cl\/centro-justicia-constitucional\/wp-json\/wp\/v2\/pages\/12\/revisions\/4004"}],"wp:attachment":[{"href":"https:\/\/derecho.udd.cl\/centro-justicia-constitucional\/wp-json\/wp\/v2\/media?parent=12"}],"curies":[{"name":"wp","href":"https:\/\/api.w.org\/{rel}","templated":true}]}}