{"id":922,"date":"2019-04-04T13:22:52","date_gmt":"2019-04-04T13:22:52","guid":{"rendered":"http:\/\/derecho.udd.cl\/cdre\/?page_id=922"},"modified":"2022-01-10T20:32:58","modified_gmt":"2022-01-10T20:32:58","slug":"mision-y-objetivos","status":"publish","type":"page","link":"https:\/\/derecho.udd.cl\/cdre\/quienes-somos\/mision-y-objetivos\/","title":{"rendered":"Misi\u00f3n y Objetivos"},"content":{"rendered":"<section class=\"wp-block-udd-text-row block--content-align-right block--bg-gray\">\n\t<div class=\"text-row\">\n\t\t<div class=\"text-row__content\">\n\t\t\t<div class=\"text-row__content-inner text\">\n\t\t\t\t\t\t\t\t<h2>MISI\u00d3N<\/h2>\n\t\t\t\t\t\t\t\t\n<p>\u2022 El Centro de Derecho Regulatorio y Empresa UDD tiene por finalidad generar una instancia de an\u00e1lisis y discusi\u00f3n de la regulaci\u00f3n y normativa que rige la actividad econ\u00f3mica, su aplicaci\u00f3n y posibles reformas, en cuanto afecta a la empresa como entidad productiva dentro de la sociedad.<br> \u2022 Nuestro inter\u00e9s es apoyar a la empresa a enfrentar la din\u00e1mica de la regulaci\u00f3n, identificando problemas, soluciones y posibilidades de mejora, para aportar a la sociedad en estas tem\u00e1ticas desde el sello de la UDD: emprendimiento, globalizaci\u00f3n, \u00e9tica y responsabilidad p\u00fablica.<\/p>\n\t\t\t<\/div>\n\t\t<\/div>\n\t\t<div class=\"text-row__media\">\n\t\t\t<img loading=\"lazy\" decoding=\"async\" width=\"952\" height=\"534\" src=\"https:\/\/derecho.udd.cl\/cdre\/files\/2019\/01\/PROYECTOdeLEY_V.Saldivar-8330-680x382.jpg\" class=\"text-row__media-image lazyload\" alt=\"\" sizes=\"auto, (max-width: 952px) 100vw, 952px\" data-src=\"https:\/\/derecho.udd.cl\/cdre\/files\/2019\/01\/PROYECTOdeLEY_V.Saldivar-8330-952x534.jpg\" data-srcset=\"https:\/\/derecho.udd.cl\/cdre\/files\/2019\/01\/PROYECTOdeLEY_V.Saldivar-8330-952x534.jpg 952w, https:\/\/derecho.udd.cl\/cdre\/files\/2019\/01\/PROYECTOdeLEY_V.Saldivar-8330-1366x768.jpg 1366w, https:\/\/derecho.udd.cl\/cdre\/files\/2019\/01\/PROYECTOdeLEY_V.Saldivar-8330-680x382.jpg 680w\" \/>\t\t<\/div>\n\t<\/div>\n<\/section>\n\n\n<section class=\"wp-block-udd-text-row block--bg-gray\">\n\t<div class=\"text-row\">\n\t\t<div class=\"text-row__content\">\n\t\t\t<div class=\"text-row__content-inner text\">\n\t\t\t\t\t\t\t\t<h2>OBJETIVOS<\/h2>\n\t\t\t\t\t\t\t\t\n<p>\u2022 Contribuir al debate nacional, constituyendo un referente en la discusi\u00f3n de la normativa y su aplicaci\u00f3n en materias de regulaci\u00f3n econ\u00f3mica.<br> \u2022 Realizar estudios e investigaci\u00f3n aplicada y multidisciplinaria en materias de regulaci\u00f3n econ\u00f3mica y apoyar la docencia en esos temas.<br> \u2022 Promover el di\u00e1logo p\u00fablico-privado respecto de la regulaci\u00f3n de los mercados y la actividad econ\u00f3mica, principalmente a trav\u00e9s de actividades de extensi\u00f3n y de vinculaci\u00f3n con el medio.<\/p>\n\t\t\t<\/div>\n\t\t<\/div>\n\t\t<div class=\"text-row__media\">\n\t\t\t<img loading=\"lazy\" decoding=\"async\" width=\"952\" height=\"534\" src=\"https:\/\/derecho.udd.cl\/cdre\/files\/2019\/07\/IMG_2216-680x382.jpg\" class=\"text-row__media-image lazyload\" alt=\"\" sizes=\"auto, (max-width: 952px) 100vw, 952px\" data-src=\"https:\/\/derecho.udd.cl\/cdre\/files\/2019\/07\/IMG_2216-952x534.jpg\" data-srcset=\"https:\/\/derecho.udd.cl\/cdre\/files\/2019\/07\/IMG_2216-952x534.jpg 952w, https:\/\/derecho.udd.cl\/cdre\/files\/2019\/07\/IMG_2216-1366x768.jpg 1366w, https:\/\/derecho.udd.cl\/cdre\/files\/2019\/07\/IMG_2216-680x382.jpg 680w\" \/>\t\t<\/div>\n\t<\/div>\n<\/section>\n","protected":false},"excerpt":{"rendered":"","protected":false},"author":41,"featured_media":0,"parent":15,"menu_order":0,"comment_status":"closed","ping_status":"closed","template":"","meta":{"footnotes":""},"class_list":["post-922","page","type-page","status-publish","hentry"],"_links":{"self":[{"href":"https:\/\/derecho.udd.cl\/cdre\/wp-json\/wp\/v2\/pages\/922","targetHints":{"allow":["GET"]}}],"collection":[{"href":"https:\/\/derecho.udd.cl\/cdre\/wp-json\/wp\/v2\/pages"}],"about":[{"href":"https:\/\/derecho.udd.cl\/cdre\/wp-json\/wp\/v2\/types\/page"}],"author":[{"embeddable":true,"href":"https:\/\/derecho.udd.cl\/cdre\/wp-json\/wp\/v2\/users\/41"}],"replies":[{"embeddable":true,"href":"https:\/\/derecho.udd.cl\/cdre\/wp-json\/wp\/v2\/comments?post=922"}],"version-history":[{"count":6,"href":"https:\/\/derecho.udd.cl\/cdre\/wp-json\/wp\/v2\/pages\/922\/revisions"}],"predecessor-version":[{"id":2745,"href":"https:\/\/derecho.udd.cl\/cdre\/wp-json\/wp\/v2\/pages\/922\/revisions\/2745"}],"up":[{"embeddable":true,"href":"https:\/\/derecho.udd.cl\/cdre\/wp-json\/wp\/v2\/pages\/15"}],"wp:attachment":[{"href":"https:\/\/derecho.udd.cl\/cdre\/wp-json\/wp\/v2\/media?parent=922"}],"curies":[{"name":"wp","href":"https:\/\/api.w.org\/{rel}","templated":true}]}}