{"id":738,"date":"2019-01-16T18:48:34","date_gmt":"2019-01-16T18:48:34","guid":{"rendered":"http:\/\/derecho.udd.cl\/cdre\/?page_id=738"},"modified":"2019-01-16T18:48:34","modified_gmt":"2019-01-16T18:48:34","slug":"presentaciones-seminario-evaluacion-del-impacto-de-la-reforma-laboral-en-la-empresa","status":"publish","type":"page","link":"https:\/\/derecho.udd.cl\/cdre\/presentaciones-seminario-evaluacion-del-impacto-de-la-reforma-laboral-en-la-empresa\/","title":{"rendered":"Presentaciones\u00a0Seminario:\u00a0Evaluaci\u00f3n del Impacto de la Reforma Laboral en la Empresa"},"content":{"rendered":"<p>Presentaciones Seminario: Evaluaci\u00f3n del Impacto de la Reforma Laboral en la Empresa<strong>,\u00a0<\/strong>realizado el 05 de septiembre 2018.<\/p>\n<p>&nbsp;<\/p>\n<ol>\n<li><a class=\"pdf-download\" href=\"http:\/\/derecho.udd.cl\/cdre\/files\/2018\/09\/Claudio-Palavecino.pdf\">Presentaci\u00f3n Claudio Palavecino<\/a><\/li>\n<li><a class=\"pdf-download\" href=\"http:\/\/derecho.udd.cl\/cdre\/files\/2018\/09\/Luis-Lizama-Portal.pdf\">Presentaci\u00f3n Luis Lizama<\/a><\/li>\n<li><a class=\"pdf-download\" href=\"http:\/\/derecho.udd.cl\/cdre\/files\/2018\/09\/Ricardo-Zu%CC%81n%CC%83iga-piso-en-la-negociacio%CC%81n.pdf\">Presentaci\u00f3n Ricardo Zu\u0301n\u0303iga<\/a><\/li>\n<li><a class=\"pdf-download\" href=\"http:\/\/derecho.udd.cl\/cdre\/files\/2018\/09\/Rocio-Garcia-de-la-Pastora.pdf\">Presentaci\u00f3n Rocio Garcia<\/a><\/li>\n<\/ol>\n","protected":false},"excerpt":{"rendered":"<p>Presentaciones Seminario: Evaluaci\u00f3n del Impacto de la Reforma Laboral en la Empresa,\u00a0realizado el 05 de septiembre 2018. &nbsp; Presentaci\u00f3n Claudio Palavecino Presentaci\u00f3n Luis Lizama Presentaci\u00f3n Ricardo Zu\u0301n\u0303iga Presentaci\u00f3n Rocio Garcia<\/p>\n","protected":false},"author":41,"featured_media":0,"parent":0,"menu_order":0,"comment_status":"closed","ping_status":"closed","template":"","meta":{"footnotes":""},"class_list":["post-738","page","type-page","status-publish","hentry"],"_links":{"self":[{"href":"https:\/\/derecho.udd.cl\/cdre\/wp-json\/wp\/v2\/pages\/738","targetHints":{"allow":["GET"]}}],"collection":[{"href":"https:\/\/derecho.udd.cl\/cdre\/wp-json\/wp\/v2\/pages"}],"about":[{"href":"https:\/\/derecho.udd.cl\/cdre\/wp-json\/wp\/v2\/types\/page"}],"author":[{"embeddable":true,"href":"https:\/\/derecho.udd.cl\/cdre\/wp-json\/wp\/v2\/users\/41"}],"replies":[{"embeddable":true,"href":"https:\/\/derecho.udd.cl\/cdre\/wp-json\/wp\/v2\/comments?post=738"}],"version-history":[{"count":1,"href":"https:\/\/derecho.udd.cl\/cdre\/wp-json\/wp\/v2\/pages\/738\/revisions"}],"predecessor-version":[{"id":740,"href":"https:\/\/derecho.udd.cl\/cdre\/wp-json\/wp\/v2\/pages\/738\/revisions\/740"}],"wp:attachment":[{"href":"https:\/\/derecho.udd.cl\/cdre\/wp-json\/wp\/v2\/media?parent=738"}],"curies":[{"name":"wp","href":"https:\/\/api.w.org\/{rel}","templated":true}]}}