{"id":5388,"date":"2024-08-20T10:12:48","date_gmt":"2024-08-20T14:12:48","guid":{"rendered":"https:\/\/derecho.udd.cl\/cdre\/?page_id=5388"},"modified":"2024-09-09T10:32:44","modified_gmt":"2024-09-09T13:32:44","slug":"primeras-jornadas-latinoamericanas-de-derecho-y-tecnologia","status":"publish","type":"page","link":"https:\/\/derecho.udd.cl\/cdre\/primeras-jornadas-latinoamericanas-de-derecho-y-tecnologia\/","title":{"rendered":"Primeras Jornadas Latinoamericanas de Derecho y Tecnolog\u00eda"},"content":{"rendered":"\n<p><strong>El consorcio de universidades organizadoras le invita a asistir a las Primeras Jornadas Latinoamericanas de Derecho y Tecnolog\u00eda cuyo eje tem\u00e1tico ser\u00e1 \u201cInteligencia Artificial y Derechos Fundamentales\u201d.<\/strong><\/p>\n\n\n<!-- Facts -->\n<section class=\"wp-block-udd-facts\">\n\t<div class=\"container\">\n\t\t<div id=\"udd-facts-row--1\" class=\"facts carousel slide\" data-ride=\"false\" data-interval=\"false\" data-keyboard=\"false\">\n\t\t\t<div\n\t\t\t\t\t\t\t\tclass=\"facts-inner carousel-inner\"\n\t\t\t>\n\t\t\t\t\t\t\t<div class=\"fact carousel-item active\">\n\t\t\t\t\t\t\t\t\t\t\t<div class=\"fact__epigraph\">Cierre de inscripciones<\/div>\n\t\t\t\t\t\t\t\t\t\t<div class=\"fact__headline\">2<\/div>\n\t\t\t\t\t<div class=\"fact__description\">SEPTIEMBRE<\/div>\n\t\t\t\t<\/div>\n\t\t\t\t\t\t\t\t<div class=\"fact carousel-item\">\n\t\t\t\t\t\t\t\t\t\t\t<div class=\"fact__epigraph\">fecha de realizaci\u00f3n<\/div>\n\t\t\t\t\t\t\t\t\t\t<div class=\"fact__headline\">3 y 4<\/div>\n\t\t\t\t\t<div class=\"fact__description\">SEPTIEMBRE<\/div>\n\t\t\t\t<\/div>\n\t\t\t\t\t\t\t\t<div class=\"fact carousel-item\">\n\t\t\t\t\t\t\t\t\t\t\t<div class=\"fact__epigraph\">DESDE LAS<\/div>\n\t\t\t\t\t\t\t\t\t\t<div class=\"fact__headline\">9:00<\/div>\n\t\t\t\t\t<div class=\"fact__description\">HORAS<\/div>\n\t\t\t\t<\/div>\n\t\t\t\t\t\t\t\t<div class=\"fact carousel-item\">\n\t\t\t\t\t\t\t\t\t\t\t<div class=\"fact__epigraph\">HASTA LAS<\/div>\n\t\t\t\t\t\t\t\t\t\t<div class=\"fact__headline\">18:00<\/div>\n\t\t\t\t\t<div class=\"fact__description\">HORAS<\/div>\n\t\t\t\t<\/div>\n\t\t\t\t\t\t\t<\/div>\n\t\t\t<footer class=\"carousel-footer\">\n\t\t\t\t<ol class=\"carousel-indicators\">\n\t\t\t\t\t\t\t\t\t<li data-target=\"#udd-facts-row--1\" data-slide-to=\"0\" class=&quot;active&quot;><\/li>\n\t\t\t\t\t\t\t\t\t<li data-target=\"#udd-facts-row--1\" data-slide-to=\"1\"><\/li>\n\t\t\t\t\t\t\t\t\t<li data-target=\"#udd-facts-row--1\" data-slide-to=\"2\"><\/li>\n\t\t\t\t\t\t\t\t\t<li data-target=\"#udd-facts-row--1\" data-slide-to=\"3\"><\/li>\n\t\t\t\t\t\t\t\t<\/ol>\n\t\t\t\t<a class=\"carousel-control-prev\" href=\"#udd-facts-row--1\" role=\"button\" data-slide=\"prev\">\n\t\t\t\t\t<svg class=\"svg-chevron-left-dims\"><use xlink:href='https:\/\/derecho.udd.cl\/cdre\/wp-content\/themes\/facultades-2018\/assets\/img\/svg\/dist\/main.svg?version=1695853099#chevron-left'><\/use><\/svg>\t\t\t\t\t<span class=\"sr-only\">Anterior<\/span>\n\t\t\t\t<\/a>\n\t\t\t\t<a class=\"carousel-control-next\" href=\"#udd-facts-row--1\" role=\"button\" data-slide=\"next\">\n\t\t\t\t\t<svg class=\"svg-chevron-right-dims\"><use xlink:href='https:\/\/derecho.udd.cl\/cdre\/wp-content\/themes\/facultades-2018\/assets\/img\/svg\/dist\/main.svg?version=1695853099#chevron-right'><\/use><\/svg>\t\t\t\t\t<span class=\"sr-only\">Siguiente<\/span>\n\t\t\t\t<\/a>\n\t\t\t<\/footer>\n\t\t<\/div>\n\t<\/div>\n<\/section>\n\n\n<!-- WP Block: UDD - Banner -->\n<section class=\"wp-block-udd-banner is-style-compact \">\n\t<div class=\"container\">\n\t<div class=\"banner banner--fullwidth\">\n\t\t\t\t\t<img loading=\"lazy\" decoding=\"async\" width=\"1920\" height=\"1080\" src=\"https:\/\/derecho.udd.cl\/cdre\/files\/2024\/08\/jornadaslatinoamericanasdederechoytecnologia_banner-web-680x382.png\" class=\"banner__image lazyload\" alt=\"\" sizes=\"auto, (max-width: 1920px) 100vw, 1920px\" data-src=\"https:\/\/derecho.udd.cl\/cdre\/files\/2024\/08\/jornadaslatinoamericanasdederechoytecnologia_banner-web-1920x1080.png\" data-srcset=\"https:\/\/derecho.udd.cl\/cdre\/files\/2024\/08\/jornadaslatinoamericanasdederechoytecnologia_banner-web-1920x1080.png 1920w, https:\/\/derecho.udd.cl\/cdre\/files\/2024\/08\/jornadaslatinoamericanasdederechoytecnologia_banner-web-1366x768.png 1366w, https:\/\/derecho.udd.cl\/cdre\/files\/2024\/08\/jornadaslatinoamericanasdederechoytecnologia_banner-web-680x382.png 680w\" \/>\t\t\t\t<div class=\"banner__content\">\n\t\t\t<div class=\"banner-info\">\n\t\t\t\t<span class=\"banner__title\">Primeras Jornadas Latinoamericanas de Derecho y Tecnolog\u00eda<\/span>\n\t\t\t\t\t\t\t\t<span class=\"banner__description\">3 y 4 de septiembre 2024<\/span>\n\t\t\t\t\t\t\t<\/div>\n\t\t\t\t\t\t\t<a\n\t\t\t\t\tclass=\"btn btn-primary\"\n\t\t\t\t\thref=\"https:\/\/derecho.udd.cl\/ver-seminario\/primeras-jornadas-latinoamericanas-de-derecho-y-tecnologia\/\"\n\t\t\t\t>Inscripciones abiertas<\/a>\n\t\t\t\t\t<\/div>\n\t<\/div>\n<\/div>\n<\/section>\n\n\n\n<h4 class=\"wp-block-heading\"><strong>CONFERENCIA PRINCIPAL: Hitos y claves de un derecho privado para la inteligencia artificial: autonom\u00eda de la voluntad y vulnerabilidad digital.<\/strong><\/h4>\n\n\n\n<div class=\"wp-block-media-text alignfull is-stacked-on-mobile is-vertically-aligned-top\" style=\"grid-template-columns:24% auto\"><figure class=\"wp-block-media-text__media\"><img loading=\"lazy\" decoding=\"async\" width=\"879\" height=\"887\" src=\"https:\/\/derecho.udd.cl\/cdre\/files\/2024\/08\/foto-teresa-rodriguez-de-las-heras-consejo-academico-fundacion-fide-4.png\" alt=\"\" class=\"wp-image-5493 size-large\" srcset=\"https:\/\/derecho.udd.cl\/cdre\/files\/2024\/08\/foto-teresa-rodriguez-de-las-heras-consejo-academico-fundacion-fide-4.png 879w, https:\/\/derecho.udd.cl\/cdre\/files\/2024\/08\/foto-teresa-rodriguez-de-las-heras-consejo-academico-fundacion-fide-4-297x300.png 297w, https:\/\/derecho.udd.cl\/cdre\/files\/2024\/08\/foto-teresa-rodriguez-de-las-heras-consejo-academico-fundacion-fide-4-150x150.png 150w, https:\/\/derecho.udd.cl\/cdre\/files\/2024\/08\/foto-teresa-rodriguez-de-las-heras-consejo-academico-fundacion-fide-4-768x775.png 768w, https:\/\/derecho.udd.cl\/cdre\/files\/2024\/08\/foto-teresa-rodriguez-de-las-heras-consejo-academico-fundacion-fide-4-62x62.png 62w, https:\/\/derecho.udd.cl\/cdre\/files\/2024\/08\/foto-teresa-rodriguez-de-las-heras-consejo-academico-fundacion-fide-4-126x126.png 126w\" sizes=\"auto, (max-width: 879px) 100vw, 879px\" \/><\/figure><div class=\"wp-block-media-text__content\">\n<p><strong>Teresa Rodr\u00edguez de las Heras: <\/strong>Catedr\u00e1tica de derecho comercial de la Universidad Carlos III. C\u00e1tedra de Excelencia 2017-2018 en la Universidad de Oxford (Programa Uc3m-Santander), afiliada a Harris Manchester College. Anteriormente, Sir Roy Goode Scholar en UNIDROIT, Roma, 2021-2022, James J. Coleman, Distinguished Visiting Professor of Law at Tulane Law School, Profesor Visitante en el Harris Manchester College, Universidad de Oxford, Miembro de Stanford Law School, TTLF y Marie Curie Fellow en la ZERP de la Universidad de Bremen, entre otras posiciones de profesor visitante y becas, en Columbia Law School, University of Washington, University of Tokyo y University College London. \u00c1rbitro de la Corte de Arbitraje de Madrid. Miembro del Consejo del ELI (European Law Institute Council) y del Comit\u00e9 Ejecutivo (ELI Executive Committee). Miembro del Grupo de Expertos de la Comisi\u00f3n Europea sobre Responsabilidad y Nuevas Tecnolog\u00edas y miembro del Grupo de Expertos del Observatorio Europeo de la Econom\u00eda de Plataformas. Miembro del Tribunal de Control de la Publicidad (Autocontrol) 2014-2018. Miembro de la International Academy of Commercial and Consumer Law. Miembro del grupo de expertos del Inclusive Global Legal Innovation Platform for Online Dispute Resolution \u2013 UNCITRAL (Naciones Unidas) y Department of Justice de Hong Kong. Experta del Study Group de UNIDROIT sobre el Protocolo MAC del Convenio de Ciudad del Cabo sobre garant\u00edas internacionales, miembro del Grupo de contacto espa\u00f1ol del Aviation Working Group, miembro del Rail Working Group. Delegada de Espa\u00f1a ante UNIDROIT para la adopci\u00f3n del Protocolo, delegada de Espa\u00f1a y, previamente, representante de ASADIP\/CEDEP en el Grupo de trabajo VI de CNUDMI (Naciones Unidas) garant\u00edas mobiliarias. Experta y Delegada de Espa\u00f1a ante CNUDMI\/UNCITRAL y UNIDROIT en los nuevos proyectos del programa de trabajo sobre Econom\u00eda Digital, Activos Digitales e Inteligencia Artificial y Smart Contracts. Experta del grupo sobre Resguardos de Dep\u00f3sito (Naciones Unidas-UNIDROIT Model Law on Warehouse Receipts). Experta del grupo de UNIDROIT sobre Best Practices on Enforcement. Of Counsel, Andersen. Consejera Acad\u00e9mica de Fide.<\/p>\n<\/div><\/div>\n\n\n\n<figure class=\"wp-block-image aligncenter size-large\"><img loading=\"lazy\" decoding=\"async\" width=\"1024\" height=\"518\" src=\"https:\/\/derecho.udd.cl\/cdre\/files\/2024\/08\/jornadaslatinoamericanasdederechoytecnologia-1024x518.png\" alt=\"\" class=\"wp-image-5395\" srcset=\"https:\/\/derecho.udd.cl\/cdre\/files\/2024\/08\/jornadaslatinoamericanasdederechoytecnologia-1024x518.png 1024w, https:\/\/derecho.udd.cl\/cdre\/files\/2024\/08\/jornadaslatinoamericanasdederechoytecnologia-300x152.png 300w, https:\/\/derecho.udd.cl\/cdre\/files\/2024\/08\/jornadaslatinoamericanasdederechoytecnologia-768x388.png 768w, https:\/\/derecho.udd.cl\/cdre\/files\/2024\/08\/jornadaslatinoamericanasdederechoytecnologia-1536x777.png 1536w, https:\/\/derecho.udd.cl\/cdre\/files\/2024\/08\/jornadaslatinoamericanasdederechoytecnologia.png 1667w\" sizes=\"auto, (max-width: 1024px) 100vw, 1024px\" \/><\/figure>\n\n\n\n<h5 class=\"wp-block-heading\"><strong>Las Jornadas se desarrollar\u00e1n de forma presencial y se transmitir\u00e1n a trav\u00e9s de <a href=\"https:\/\/www.youtube.com\/@estadodiario\/featured\">Estado Diario.<\/a><\/strong><\/h5>\n\n\n\n<h2 class=\"wp-block-heading\"><strong>STREAMING <\/strong><\/h2>\n\n\n<!-- WP Block: UDD - Cards Alternate -->\n<section class=\"wp-block-udd-cards\" style=\"--udd-blocks-has-columns-number: 7\">\n\t<div class=\"container\">\n\t\t\t\t\t<header class=\"header__innerblock block__header\">\n\t\t\t\n<h2 class=\"wp-block-heading\">Primeras Jornadas Latinoamericanas de Derecho y Tecnolog\u00eda Martes 3 de septiembre<\/h2>\n\t\n\t\n\t<\/header>\n\t\t\t\t<div class=\"block__content\">\n\t\t\t<div class=\"cards\">\n\t\t\t\t\t\t\t\t\t\t\t\t\t\t\t\t\t<div class=\"card-wrapper\">\n\t\t\t\t\t\t<div class=\"card\">\n\t\t\t\t\t\t\t<h3 class=\"card__title\">Bienvenida | 09:30 &#8211; 10:45<\/h3>\n\t\t\t\t\t\t\t\t\t\t\t\t\t\t<div class=\"card__description\">\n\t\t\t\t\t\t\t\t<p><a href=\"https:\/\/uddtv.udd.cl\/streaming\/webinar-primeras-jornadas-latinoamericanas-de-derecho-y-tecnologia\/\">ver transmisi\u00f3n<\/a><\/p>\n\t\t\t\t\t\t\t<\/div>\n\t\t\t\t\t\t\t\t\t\t\t\t\t<\/div>\n\t\t\t\t\t<\/div>\n\t\t\t\t\t\t\t\t\t\t\t\t\t\t\t\t\t\t\t\t\t<div class=\"card-wrapper\">\n\t\t\t\t\t\t<div class=\"card\">\n\t\t\t\t\t\t\t<h3 class=\"card__title\">Sala 1 | 11:00 &#8211; 13:30<\/h3>\n\t\t\t\t\t\t\t\t\t\t\t\t\t\t<div class=\"card__description\">\n\t\t\t\t\t\t\t\t<p><a href=\"https:\/\/uddtv.udd.cl\/streaming\/webinar-primeras-jornadas-latinoamericanas-de-derecho-y-tecnologia-sala-1\/\"><\/a><a href=\"https:\/\/uddtv.udd.cl\/video\/webinar-primeras-jornadas-latinoamericanas-de-derecho-y-tecnologia-sala-1\/\">ver transmisi\u00f3n<\/a><\/p>\n\t\t\t\t\t\t\t<\/div>\n\t\t\t\t\t\t\t\t\t\t\t\t\t<\/div>\n\t\t\t\t\t<\/div>\n\t\t\t\t\t\t\t\t\t\t\t\t\t\t\t\t\t\t\t\t\t<div class=\"card-wrapper\">\n\t\t\t\t\t\t<div class=\"card\">\n\t\t\t\t\t\t\t<h3 class=\"card__title\">Sala 2 | 11:00 &#8211; 13:30<\/h3>\n\t\t\t\t\t\t\t\t\t\t\t\t\t\t<div class=\"card__description\">\n\t\t\t\t\t\t\t\t<p><a href=\"https:\/\/uddtv.udd.cl\/streaming\/webinar-primeras-jornadas-latinoamericanas-de-derecho-y-tecnologia-sala-2\/\"> <\/a><a href=\"https:\/\/uddtv.udd.cl\/video\/webinar-primeras-jornadas-latinoamericanas-de-derecho-y-tecnologia-sala-2\/\">ver transmisi\u00f3n<\/a><\/p>\n\t\t\t\t\t\t\t<\/div>\n\t\t\t\t\t\t\t\t\t\t\t\t\t<\/div>\n\t\t\t\t\t<\/div>\n\t\t\t\t\t\t\t\t\t\t\t\t\t\t\t\t\t\t\t\t\t<div class=\"card-wrapper\">\n\t\t\t\t\t\t<div class=\"card\">\n\t\t\t\t\t\t\t<h3 class=\"card__title\">Sala 3 | 11:00 &#8211; 13:30<\/h3>\n\t\t\t\t\t\t\t\t\t\t\t\t\t\t<div class=\"card__description\">\n\t\t\t\t\t\t\t\t<p><a href=\"https:\/\/uddtv.udd.cl\/streaming\/webinar-primeras-jornadas-latinoamericanas-de-derecho-y-tecnologia-sala-3\/\"><\/a><a href=\"https:\/\/uddtv.udd.cl\/video\/webinar-primeras-jornadas-latinoamericanas-de-derecho-y-tecnologia-sala-3\/\">ver transmisi\u00f3n<\/a><\/p>\n\t\t\t\t\t\t\t<\/div>\n\t\t\t\t\t\t\t\t\t\t\t\t\t<\/div>\n\t\t\t\t\t<\/div>\n\t\t\t\t\t\t\t\t\t\t\t\t\t\t\t\t\t\t\t\t\t<div class=\"card-wrapper\">\n\t\t\t\t\t\t<div class=\"card\">\n\t\t\t\t\t\t\t<h3 class=\"card__title\">Sala 1 | 15:00 &#8211; 17:30<\/h3>\n\t\t\t\t\t\t\t\t\t\t\t\t\t\t<div class=\"card__description\">\n\t\t\t\t\t\t\t\t<p><a href=\"https:\/\/uddtv.udd.cl\/streaming\/webinar-primeras-jornadas-latinoamericanas-de-derecho-y-tecnologia-sala-1-2\/\"><\/a><a href=\"https:\/\/uddtv.udd.cl\/video\/webinar-primeras-jornadas-latinoamericanas-de-derecho-y-tecnologia-sala-1-2\/\">ver transmisi\u00f3n<\/a><\/p>\n\t\t\t\t\t\t\t<\/div>\n\t\t\t\t\t\t\t\t\t\t\t\t\t<\/div>\n\t\t\t\t\t<\/div>\n\t\t\t\t\t\t\t\t\t\t\t\t\t\t\t\t\t\t\t\t\t<div class=\"card-wrapper\">\n\t\t\t\t\t\t<div class=\"card\">\n\t\t\t\t\t\t\t<h3 class=\"card__title\">Sala 2 | 15:00 &#8211; 17:30<\/h3>\n\t\t\t\t\t\t\t\t\t\t\t\t\t\t<div class=\"card__description\">\n\t\t\t\t\t\t\t\t<p><a href=\"https:\/\/uddtv.udd.cl\/streaming\/webinar-primeras-jornadas-latinoamericanas-de-derecho-y-tecnologia-sala-2-2\/\"><\/a><a href=\"https:\/\/uddtv.udd.cl\/video\/webinar-primeras-jornadas-latinoamericanas-de-derecho-y-tecnologia-sala-2-2\/\">ver transmisi\u00f3n<\/a> <\/p>\n\t\t\t\t\t\t\t<\/div>\n\t\t\t\t\t\t\t\t\t\t\t\t\t<\/div>\n\t\t\t\t\t<\/div>\n\t\t\t\t\t\t\t\t\t\t\t\t\t\t\t\t\t\t\t\t\t<div class=\"card-wrapper\">\n\t\t\t\t\t\t<div class=\"card\">\n\t\t\t\t\t\t\t<h3 class=\"card__title\">Sala 3 | 15:00 &#8211; 17:30<\/h3>\n\t\t\t\t\t\t\t\t\t\t\t\t\t\t<div class=\"card__description\">\n\t\t\t\t\t\t\t\t<p><a href=\"https:\/\/uddtv.udd.cl\/streaming\/webinar-primeras-jornadas-latinoamericanas-de-derecho-y-tecnologia-sala-3-2\/\"><\/a><a href=\"https:\/\/uddtv.udd.cl\/video\/webinar-primeras-jornadas-latinoamericanas-de-derecho-y-tecnologia-sala-3-2\/\">ver transmisi\u00f3n<\/a><\/p>\n\t\t\t\t\t\t\t<\/div>\n\t\t\t\t\t\t\t\t\t\t\t\t\t<\/div>\n\t\t\t\t\t<\/div>\n\t\t\t\t\t\t\t\t\t\t<\/div>\n\t\t<\/div>\n\t<\/div>\n<\/section>\n\n\n<!-- WP Block: UDD - Cards Alternate -->\n<section class=\"wp-block-udd-cards\" style=\"--udd-blocks-has-columns-number: 7\">\n\t<div class=\"container\">\n\t\t\t\t\t<header class=\"header__innerblock block__header\">\n\t\t\t\n<h2 class=\"wp-block-heading\">Primeras Jornadas Latinoamericanas de Derecho y Tecnolog\u00eda Mi\u00e9rcoles 4 de septiembre<\/h2>\n\t\n\t\n\t<\/header>\n\t\t\t\t<div class=\"block__content\">\n\t\t\t<div class=\"cards\">\n\t\t\t\t\t\t\t\t\t\t\t\t\t\t\t\t\t<div class=\"card-wrapper\">\n\t\t\t\t\t\t<div class=\"card\">\n\t\t\t\t\t\t\t<h3 class=\"card__title\">Conferencia Principal | 09:30 &#8211; 11:45<\/h3>\n\t\t\t\t\t\t\t\t\t\t\t\t\t\t<div class=\"card__description\">\n\t\t\t\t\t\t\t\t<p><a href=\"https:\/\/uddtv.udd.cl\/streaming\/webinar-primeras-jornadas-latinoamericanas-de-derecho-y-tecnologia-conferencia-principal\/\"><\/a><a href=\"https:\/\/uddtv.udd.cl\/video\/webinar-primeras-jornadas-latinoamericanas-de-derecho-y-tecnologia-conferencia-principal\/\">ver transmisi\u00f3n<\/a><\/p>\n\t\t\t\t\t\t\t<\/div>\n\t\t\t\t\t\t\t\t\t\t\t\t\t<\/div>\n\t\t\t\t\t<\/div>\n\t\t\t\t\t\t\t\t\t\t\t\t\t\t\t\t\t\t\t\t\t<div class=\"card-wrapper\">\n\t\t\t\t\t\t<div class=\"card\">\n\t\t\t\t\t\t\t<h3 class=\"card__title\">Sala 1 | 12:00 &#8211; 13:15<\/h3>\n\t\t\t\t\t\t\t\t\t\t\t\t\t\t<div class=\"card__description\">\n\t\t\t\t\t\t\t\t<p><a href=\"https:\/\/uddtv.udd.cl\/streaming\/webinar-primeras-jornadas-latinoamericanas-de-derecho-y-tecnologia-sala-1-3\/\"><\/a><a href=\"https:\/\/uddtv.udd.cl\/video\/webinar-primeras-jornadas-latinoamericanas-de-derecho-y-tecnologia-sala-1-3\/\">ver transmisi\u00f3n<\/a><\/p>\n\t\t\t\t\t\t\t<\/div>\n\t\t\t\t\t\t\t\t\t\t\t\t\t<\/div>\n\t\t\t\t\t<\/div>\n\t\t\t\t\t\t\t\t\t\t\t\t\t\t\t\t\t\t\t\t\t<div class=\"card-wrapper\">\n\t\t\t\t\t\t<div class=\"card\">\n\t\t\t\t\t\t\t<h3 class=\"card__title\">Sala 2 | 12:00 &#8211; 13:15<\/h3>\n\t\t\t\t\t\t\t\t\t\t\t\t\t\t<div class=\"card__description\">\n\t\t\t\t\t\t\t\t<p><a href=\"https:\/\/uddtv.udd.cl\/streaming\/webinar-primeras-jornadas-latinoamericanas-de-derecho-y-tecnologia-sala-2-3\/\"><\/a><a href=\"https:\/\/uddtv.udd.cl\/video\/webinar-primeras-jornadas-latinoamericanas-de-derecho-y-tecnologia-sala-2-3\/\">ver transmisi\u00f3n<\/a><\/p>\n\t\t\t\t\t\t\t<\/div>\n\t\t\t\t\t\t\t\t\t\t\t\t\t<\/div>\n\t\t\t\t\t<\/div>\n\t\t\t\t\t\t\t\t\t\t\t\t\t\t\t\t\t\t\t\t\t<div class=\"card-wrapper\">\n\t\t\t\t\t\t<div class=\"card\">\n\t\t\t\t\t\t\t<h3 class=\"card__title\">Sala 3 | 12:00 &#8211; 13:15<\/h3>\n\t\t\t\t\t\t\t\t\t\t\t\t\t\t<div class=\"card__description\">\n\t\t\t\t\t\t\t\t<p><a href=\"https:\/\/uddtv.udd.cl\/streaming\/webinar-primeras-jornadas-latinoamericanas-de-derecho-y-tecnologia-sala-2-3\/\"><\/a><a href=\"https:\/\/uddtv.udd.cl\/video\/webinar-primeras-jornadas-latinoamericanas-de-derecho-y-tecnologia-sala-3-3\/\">ver transmisi\u00f3n<\/a><\/p>\n\t\t\t\t\t\t\t<\/div>\n\t\t\t\t\t\t\t\t\t\t\t\t\t<\/div>\n\t\t\t\t\t<\/div>\n\t\t\t\t\t\t\t\t\t\t\t\t\t\t\t\t\t\t\t\t\t<div class=\"card-wrapper\">\n\t\t\t\t\t\t<div class=\"card\">\n\t\t\t\t\t\t\t<h3 class=\"card__title\">Sala 1 | 15:00 &#8211; 17:30<\/h3>\n\t\t\t\t\t\t\t\t\t\t\t\t\t\t<div class=\"card__description\">\n\t\t\t\t\t\t\t\t<p><a href=\"https:\/\/uddtv.udd.cl\/streaming\/webinar-primeras-jornadas-latinoamericanas-de-derecho-y-tecnologia-sala-1-4\/\"><\/a><a href=\"https:\/\/uddtv.udd.cl\/video\/webinar-primeras-jornadas-latinoamericanas-de-derecho-y-tecnologia-sala-1-4\/\">ver transmisi\u00f3n<\/a><\/p>\n\t\t\t\t\t\t\t<\/div>\n\t\t\t\t\t\t\t\t\t\t\t\t\t<\/div>\n\t\t\t\t\t<\/div>\n\t\t\t\t\t\t\t\t\t\t\t\t\t\t\t\t\t\t\t\t\t<div class=\"card-wrapper\">\n\t\t\t\t\t\t<div class=\"card\">\n\t\t\t\t\t\t\t<h3 class=\"card__title\">Sala 2 | 15:00 &#8211; 17:30<\/h3>\n\t\t\t\t\t\t\t\t\t\t\t\t\t\t<div class=\"card__description\">\n\t\t\t\t\t\t\t\t<p><a href=\"https:\/\/uddtv.udd.cl\/streaming\/webinar-primeras-jornadas-latinoamericanas-de-derecho-y-tecnologia-sala-2-4\/\"><\/a><a href=\"https:\/\/uddtv.udd.cl\/video\/webinar-primeras-jornadas-latinoamericanas-de-derecho-y-tecnologia-sala-2-4\/\">ver transmisi\u00f3n<\/a><\/p>\n\t\t\t\t\t\t\t<\/div>\n\t\t\t\t\t\t\t\t\t\t\t\t\t<\/div>\n\t\t\t\t\t<\/div>\n\t\t\t\t\t\t\t\t\t\t\t\t\t\t\t\t\t\t\t\t\t<div class=\"card-wrapper\">\n\t\t\t\t\t\t<div class=\"card\">\n\t\t\t\t\t\t\t<h3 class=\"card__title\">Sala 3 | 15:00 &#8211; 16:15<\/h3>\n\t\t\t\t\t\t\t\t\t\t\t\t\t\t<div class=\"card__description\">\n\t\t\t\t\t\t\t\t<p><a href=\"https:\/\/uddtv.udd.cl\/streaming\/webinar-primeras-jornadas-latinoamericanas-de-derecho-y-tecnologia-sala-3-4\/\"><\/a><a href=\"https:\/\/uddtv.udd.cl\/video\/webinar-primeras-jornadas-latinoamericanas-de-derecho-y-tecnologia-sala-3-4\/\">ver transmisi\u00f3n<\/a><\/p>\n\t\t\t\t\t\t\t<\/div>\n\t\t\t\t\t\t\t\t\t\t\t\t\t<\/div>\n\t\t\t\t\t<\/div>\n\t\t\t\t\t\t\t\t\t\t<\/div>\n\t\t<\/div>\n\t<\/div>\n<\/section>\n\n\n\n<h2 class=\"wp-block-heading\"><strong>LUGAR DE REALIZACI\u00d3N<\/strong><\/h2>\n\n\n<section class=\"wp-block-udd-locations\">\n\t<div class=\"container\">\n\t\t\t\t<div class=\"block__content\">\n\t\t\t<div class=\"access-cards\">\n\t\t\t\t\t\t\t<div class=\"access-card-wrapper\">\n\t\t\t\t\t<div class=\"access-card\" itemscope itemtype=\"http:\/\/schema.org\/Place\">\n\t\t\t\t\t\t\t\t\t\t\t\t<h3 class=\"locations__title\" itemprop=\"name\">Aula Magna, Universidad del Desarrollo<\/h3>\n\t\t\t\t\t\t\t\t\t\t\t\t\t\t\t\t\t\t\t\t\t\t\t\t\t\t\t\t\t\t\t\t\t\t\t\t<div class=\"access-card__link\">\n\t\t\t\t\t\t\t<a href=\"https:\/\/www.google.com\/maps\/dir\/-33.4169169,-70.5383925\/udd+mapa\/@-33.4039478,-70.540346,14z\/data=!3m1!4b1!4m9!4m8!1m1!4e1!1m5!1m1!1s0x9662cc6d11e10bd3:0x4038e9ea2269de8a!2m2!1d-70.5009255!2d-33.3918484?entry=ttu\" target=\"_blank\" rel=\"noreferrer noopener\" class=\"access-card__link-text\">Abrir en mapa<\/a>\n\t\t\t\t\t\t<\/div>\n\t\t\t\t\t\t\t\t\t\t\t<\/div>\n\t\t\t\t<\/div>\n\t\t\t\t\t\t<\/div>\n\t\t<\/div>\n\t<\/div>\n<\/section>\n\n\n\n<h2 class=\"wp-block-heading\">PROGRAMA DE LA ACTIVIDAD Y EXPOSITORES<\/h2>\n\n\n\n<div data-wp-interactive=\"core\/file\" class=\"wp-block-file\"><object data-wp-bind--hidden=\"!state.hasPdfPreview\" hidden class=\"wp-block-file__embed\" data=\"https:\/\/derecho.udd.cl\/cdre\/files\/2024\/09\/programa-final_-jornadaslatinoamericanasdederechoytecnologia.pdf\" type=\"application\/pdf\" style=\"width:100%;height:600px\" aria-label=\"Incrustado de programa-final_-jornadaslatinoamericanasdederechoytecnologia.\"><\/object><a id=\"wp-block-file--media-3c96af36-789c-4529-a93c-167a4811ea2b\" href=\"https:\/\/derecho.udd.cl\/cdre\/files\/2024\/09\/programa-final_-jornadaslatinoamericanasdederechoytecnologia.pdf\">programa-final_-jornadaslatinoamericanasdederechoytecnologia<\/a><a href=\"https:\/\/derecho.udd.cl\/cdre\/files\/2024\/09\/programa-final_-jornadaslatinoamericanasdederechoytecnologia.pdf\" class=\"wp-block-file__button wp-element-button\" download aria-describedby=\"wp-block-file--media-3c96af36-789c-4529-a93c-167a4811ea2b\">Descarga<\/a><\/div>\n\n\n<!-- WP Block: UDD - People -->\n<section class=\"wp-block-udd-contacts\">\n\t\t<div class=\"block__bg\">\n\t\t\t<\/div>\n\t\t<div class=\"container\">\n\t\t<header class=\"block__header\">\n\t\t\t<h2 class=\"block__title\">cONSULTAS<\/h2>\n\t\t<\/header>\n\t\t<div class=\"block__content\">\n\t\t\t<ul class=\"contacts\">\n\t\t\t\t\t\t\t<li class=\"contact\">\n\t\t\t\t\t<div class=\"person-contact\">\n\t\t\t\t\t\t\t\t\t\t\t\t<h3 class=\"person-contact__name\">Josefina Perez Natsiopoulos<\/h3>\n\t\t\t\t\t\t\t\t\t\t\t\t\t\t\t\t\t\t<span class=\"person-contact__job-title\">Coordinadora de Educaci\u00f3n Continua y Extensi\u00f3n<\/span>\n\t\t\t\t\t\t\t\t\t\t\t\t\t\t\t\t\t\t\t\t\t\t\t\t\t\t\t\t\t\t\t<span class=\"person-contact__email\">Email: <a href=\"mailto:m&#97;&#114;ia&#106;&#111;sef&#105;&#110;a.&#112;e&#114;e&#122;&#64;&#117;d&#100;.c&#108;\">&#109;&#97;ri&#97;&#106;&#111;se&#102;&#105;&#110;a.&#112;&#101;r&#101;&#122;&#64;ud&#100;&#46;&#99;&#108;<\/a><\/span>\n\t\t\t\t\t\t\t\t\t\t\t<\/div>\n\t\t\t\t<\/li>\n\t\t\t\t\t\t<\/ul>\n\t\t<\/div>\n\t<\/div>\n<\/section>\n","protected":false},"excerpt":{"rendered":"<p>El consorcio de universidades organizadoras le invita a asistir a las Primeras Jornadas Latinoamericanas de Derecho y Tecnolog\u00eda cuyo eje tem\u00e1tico ser\u00e1 \u201cInteligencia Artificial y Derechos Fundamentales\u201d. CONFERENCIA PRINCIPAL: Hitos y claves de un derecho privado para la inteligencia artificial: autonom\u00eda de la voluntad y vulnerabilidad digital. Teresa Rodr\u00edguez de las Heras: Catedr\u00e1tica de derecho [&hellip;]<\/p>\n","protected":false},"author":40,"featured_media":5408,"parent":0,"menu_order":0,"comment_status":"closed","ping_status":"closed","template":"","meta":{"footnotes":""},"class_list":["post-5388","page","type-page","status-publish","has-post-thumbnail","hentry"],"_links":{"self":[{"href":"https:\/\/derecho.udd.cl\/cdre\/wp-json\/wp\/v2\/pages\/5388","targetHints":{"allow":["GET"]}}],"collection":[{"href":"https:\/\/derecho.udd.cl\/cdre\/wp-json\/wp\/v2\/pages"}],"about":[{"href":"https:\/\/derecho.udd.cl\/cdre\/wp-json\/wp\/v2\/types\/page"}],"author":[{"embeddable":true,"href":"https:\/\/derecho.udd.cl\/cdre\/wp-json\/wp\/v2\/users\/40"}],"replies":[{"embeddable":true,"href":"https:\/\/derecho.udd.cl\/cdre\/wp-json\/wp\/v2\/comments?post=5388"}],"version-history":[{"count":42,"href":"https:\/\/derecho.udd.cl\/cdre\/wp-json\/wp\/v2\/pages\/5388\/revisions"}],"predecessor-version":[{"id":5594,"href":"https:\/\/derecho.udd.cl\/cdre\/wp-json\/wp\/v2\/pages\/5388\/revisions\/5594"}],"wp:featuredmedia":[{"embeddable":true,"href":"https:\/\/derecho.udd.cl\/cdre\/wp-json\/wp\/v2\/media\/5408"}],"wp:attachment":[{"href":"https:\/\/derecho.udd.cl\/cdre\/wp-json\/wp\/v2\/media?parent=5388"}],"curies":[{"name":"wp","href":"https:\/\/api.w.org\/{rel}","templated":true}]}}