{"id":511,"date":"2017-12-21T18:29:31","date_gmt":"2017-12-21T18:29:31","guid":{"rendered":"http:\/\/derecho.udd.cl\/cdre\/?page_id=511"},"modified":"2019-01-16T19:20:13","modified_gmt":"2019-01-16T19:20:13","slug":"working-paper","status":"publish","type":"page","link":"https:\/\/derecho.udd.cl\/cdre\/working-paper\/","title":{"rendered":"Working Paper"},"content":{"rendered":"<p>&nbsp;<\/p>\n<p>1.-\u00a0<a href=\"http:\/\/derecho.udd.cl\/cdre\/files\/2017\/12\/Working-Paper1.pdf\" target=\"_blank\" rel=\"noopener\"><span class=\"s1\">\u201c<\/span><\/a><span class=\"s2\"><a href=\"http:\/\/derecho.udd.cl\/cdre\/files\/2017\/12\/Working-Paper1.pdf\" target=\"_blank\" rel=\"noopener\"><b>El nuevo escenario de la colusi\u00f3n tras la modificaci\u00f3n del a\u00f1o 2016\u201d. <\/b><\/a>A<\/span><span class=\"s1\">utora Mar\u00eda Elina Cruz Tanhnuz, miembro del Consejo Asesor CDRE.<\/span><\/p>\n","protected":false},"excerpt":{"rendered":"<p>&nbsp; 1.-\u00a0\u201cEl nuevo escenario de la colusi\u00f3n tras la modificaci\u00f3n del a\u00f1o 2016\u201d. Autora Mar\u00eda Elina Cruz Tanhnuz, miembro del Consejo Asesor CDRE.<\/p>\n","protected":false},"author":30,"featured_media":0,"parent":0,"menu_order":0,"comment_status":"closed","ping_status":"closed","template":"","meta":{"footnotes":""},"class_list":["post-511","page","type-page","status-publish","hentry"],"_links":{"self":[{"href":"https:\/\/derecho.udd.cl\/cdre\/wp-json\/wp\/v2\/pages\/511","targetHints":{"allow":["GET"]}}],"collection":[{"href":"https:\/\/derecho.udd.cl\/cdre\/wp-json\/wp\/v2\/pages"}],"about":[{"href":"https:\/\/derecho.udd.cl\/cdre\/wp-json\/wp\/v2\/types\/page"}],"author":[{"embeddable":true,"href":"https:\/\/derecho.udd.cl\/cdre\/wp-json\/wp\/v2\/users\/30"}],"replies":[{"embeddable":true,"href":"https:\/\/derecho.udd.cl\/cdre\/wp-json\/wp\/v2\/comments?post=511"}],"version-history":[{"count":4,"href":"https:\/\/derecho.udd.cl\/cdre\/wp-json\/wp\/v2\/pages\/511\/revisions"}],"predecessor-version":[{"id":752,"href":"https:\/\/derecho.udd.cl\/cdre\/wp-json\/wp\/v2\/pages\/511\/revisions\/752"}],"wp:attachment":[{"href":"https:\/\/derecho.udd.cl\/cdre\/wp-json\/wp\/v2\/media?parent=511"}],"curies":[{"name":"wp","href":"https:\/\/api.w.org\/{rel}","templated":true}]}}