{"id":3577,"date":"2023-03-16T20:45:14","date_gmt":"2023-03-16T20:45:14","guid":{"rendered":"https:\/\/derecho.udd.cl\/cdre\/?page_id=3577"},"modified":"2023-03-16T20:45:15","modified_gmt":"2023-03-16T20:45:15","slug":"convocatoria-concurso-ayudantes-de-investigacion-cdre-udd","status":"publish","type":"page","link":"https:\/\/derecho.udd.cl\/cdre\/convocatoria-concurso-ayudantes-de-investigacion-cdre-udd\/","title":{"rendered":"Convocatoria Concurso Ayudantes de Investigaci\u00f3n CDRE UDD"},"content":{"rendered":"\n<p>Se invita a alumnos de 4\u00ba a\u00f1o, 5\u00ba a\u00f1o y egresados de Derecho, con promedio de notas ponderado igual o superior a 5.5 y manejo de idioma ingl\u00e9s, a participar en un nuevo <strong>concurso de ayudantes remunerados para el Centro de Derecho Regulatorio y Empresa (CDRE).<\/strong><\/p>\n\n\n\n<p>La disponibilidad de tiempo requerida es de 10 horas semanales, en un r\u00e9gimen de jornada flexible y se requieren ayudantes tanto para Santiago (Derecho Medioambiental y Recursos Naturales) como para Concepci\u00f3n (Derecho Comercial).<\/p>\n\n\n\n<p>Los interesados deben presentar sus <strong>antecedentes <\/strong>(curr\u00edculum y ficha curricular con concentraci\u00f3n de notas) v\u00eda e-mail a <a href=\"mailto:cadasme@udd.cl\"><u>cadasme@udd.cl<\/u> <\/a>, <strong>hasta las 18:00 hrs. del d\u00eda viernes 24 de marzo de 2023.<\/strong><\/p>\n\n\n\n<p><\/p>\n\n\n\n<p><strong>Centro de Derecho Regulatorio y Empresa <\/strong><\/p>\n\n\n\n<p>Facultad de Derecho<\/p>\n\n\n\n<p>Universidad del Desarrollo<\/p>\n","protected":false},"excerpt":{"rendered":"<p>Se invita a alumnos de 4\u00ba a\u00f1o, 5\u00ba a\u00f1o y egresados de Derecho, con promedio de notas ponderado igual o superior a 5.5 y manejo de idioma ingl\u00e9s, a participar en un nuevo concurso de ayudantes remunerados para el Centro de Derecho Regulatorio y Empresa (CDRE). La disponibilidad de tiempo requerida es de 10 horas [&hellip;]<\/p>\n","protected":false},"author":40,"featured_media":0,"parent":0,"menu_order":0,"comment_status":"closed","ping_status":"closed","template":"","meta":{"footnotes":""},"class_list":["post-3577","page","type-page","status-publish","hentry"],"_links":{"self":[{"href":"https:\/\/derecho.udd.cl\/cdre\/wp-json\/wp\/v2\/pages\/3577","targetHints":{"allow":["GET"]}}],"collection":[{"href":"https:\/\/derecho.udd.cl\/cdre\/wp-json\/wp\/v2\/pages"}],"about":[{"href":"https:\/\/derecho.udd.cl\/cdre\/wp-json\/wp\/v2\/types\/page"}],"author":[{"embeddable":true,"href":"https:\/\/derecho.udd.cl\/cdre\/wp-json\/wp\/v2\/users\/40"}],"replies":[{"embeddable":true,"href":"https:\/\/derecho.udd.cl\/cdre\/wp-json\/wp\/v2\/comments?post=3577"}],"version-history":[{"count":1,"href":"https:\/\/derecho.udd.cl\/cdre\/wp-json\/wp\/v2\/pages\/3577\/revisions"}],"predecessor-version":[{"id":3578,"href":"https:\/\/derecho.udd.cl\/cdre\/wp-json\/wp\/v2\/pages\/3577\/revisions\/3578"}],"wp:attachment":[{"href":"https:\/\/derecho.udd.cl\/cdre\/wp-json\/wp\/v2\/media?parent=3577"}],"curies":[{"name":"wp","href":"https:\/\/api.w.org\/{rel}","templated":true}]}}