{"id":3566,"date":"2023-03-15T13:31:31","date_gmt":"2023-03-15T13:31:31","guid":{"rendered":"https:\/\/derecho.udd.cl\/cdre\/?page_id=3566"},"modified":"2026-02-17T15:40:32","modified_gmt":"2026-02-17T18:40:32","slug":"actividades","status":"publish","type":"page","link":"https:\/\/derecho.udd.cl\/cdre\/observatorio-de-derecho-y-tecnologia\/actividades\/","title":{"rendered":"Actividades"},"content":{"rendered":"<!-- WP Block: UDD - Access Image -->\n<section class=\"wp-block-udd-access-image\n is-style-clear has-odd-elements\">\n\t<div class=\"container\">\n\t\t\t\t\t<header class=\"block__header\">\n\t\t\t\t<h2 class=\"block__title\">NOTICIAS<\/h2>\n\t\t\t<\/header>\n\t\t\t\t<div class=\"block__content\">\n\t\t\t<div class=\"access-images\">\n\t\t\t\t\t\t\t<div class=\"access-image-wrapper\">\n\t\t\t\t\t<a href=\"https:\/\/derecho.udd.cl\/noticias\/2025\/11\/derecho-udd-lanza-libro-actas-de-las-primeras-jornadas-latinoamericanas-de-derecho-y-tecnologia\/\" data-url=\"https:\/\/derecho.udd.cl\/noticias\/2025\/11\/derecho-udd-lanza-libro-actas-de-las-primeras-jornadas-latinoamericanas-de-derecho-y-tecnologia\/\" class=\"access-image\">\n\t\t\t\t\t<img loading=\"lazy\" decoding=\"async\" width=\"680\" height=\"382\" src=\"https:\/\/derecho.udd.cl\/cdre\/files\/2026\/02\/captura-de-pantalla-2026-02-17-a-las-3-27-06-p-m-680x382.png\" class=\"access-image__image lazyload\" alt=\"\" sizes=\"auto, (max-width: 680px) 100vw, 680px\" data-src=\"https:\/\/derecho.udd.cl\/cdre\/files\/2026\/02\/captura-de-pantalla-2026-02-17-a-las-3-27-06-p-m-680x382.png\" data-srcset=\"https:\/\/derecho.udd.cl\/cdre\/files\/2026\/02\/captura-de-pantalla-2026-02-17-a-las-3-27-06-p-m-680x382.png 680w, https:\/\/derecho.udd.cl\/cdre\/files\/2026\/02\/captura-de-pantalla-2026-02-17-a-las-3-27-06-p-m-1366x768.png 1366w, https:\/\/derecho.udd.cl\/cdre\/files\/2026\/02\/captura-de-pantalla-2026-02-17-a-las-3-27-06-p-m-952x534.png 952w\" \/>\t\t\t\t\t\t<div class=\"access-image__content\">\n\t\t\t\t\t\t\t<h3 class=\"access-image__title\">Derecho UDD lanza libro \u201cActas de las Primeras Jornadas Latinoamericanas de Derecho y Tecnolog\u00eda\u201d<\/h3>\n\t\t\t\t\t\t\t<span class=\"access-image__action\">Conocer m\u00e1s<\/span>\n\t\t\t\t\t\t<\/div>\n\t\t\t\t\t<\/a>\n\t\t\t\t<\/div>\n\t\t\t\t\t\t\t<div class=\"access-image-wrapper\">\n\t\t\t\t\t<a href=\"https:\/\/derecho.udd.cl\/noticias\/2025\/09\/profesores-de-derecho-udd-participaron-en-las-ii-jornadas-latinoamericanas-de-derecho-y-tecnologia\/\" data-url=\"https:\/\/derecho.udd.cl\/noticias\/2025\/09\/profesores-de-derecho-udd-participaron-en-las-ii-jornadas-latinoamericanas-de-derecho-y-tecnologia\/\" class=\"access-image\">\n\t\t\t\t\t<img loading=\"lazy\" decoding=\"async\" width=\"680\" height=\"382\" src=\"https:\/\/derecho.udd.cl\/cdre\/files\/2026\/02\/ii-1-680x382.jpeg\" class=\"access-image__image lazyload\" alt=\"\" sizes=\"auto, (max-width: 680px) 100vw, 680px\" data-src=\"https:\/\/derecho.udd.cl\/cdre\/files\/2026\/02\/ii-1-680x382.jpeg\" data-srcset=\"https:\/\/derecho.udd.cl\/cdre\/files\/2026\/02\/ii-1-680x382.jpeg 680w, https:\/\/derecho.udd.cl\/cdre\/files\/2026\/02\/ii-1-952x534.jpeg 952w\" \/>\t\t\t\t\t\t<div class=\"access-image__content\">\n\t\t\t\t\t\t\t<h3 class=\"access-image__title\">Profesores de Derecho UDD participaron en las II Jornadas Latinoamericanas de Derecho y Tecnolog\u00eda<\/h3>\n\t\t\t\t\t\t\t<span class=\"access-image__action\">Conocer m\u00e1s<\/span>\n\t\t\t\t\t\t<\/div>\n\t\t\t\t\t<\/a>\n\t\t\t\t<\/div>\n\t\t\t\t\t\t\t<div class=\"access-image-wrapper\">\n\t\t\t\t\t<a href=\"https:\/\/derecho.udd.cl\/noticias\/2025\/07\/seis-representantes-de-derecho-udd-fueron-seleccionados-para-las-ii-jornadas-latinoamericanas-de-derecho-y-tecnologia\/\" data-url=\"https:\/\/derecho.udd.cl\/noticias\/2025\/07\/seis-representantes-de-derecho-udd-fueron-seleccionados-para-las-ii-jornadas-latinoamericanas-de-derecho-y-tecnologia\/\" class=\"access-image\">\n\t\t\t\t\t<img loading=\"lazy\" decoding=\"async\" width=\"680\" height=\"382\" src=\"https:\/\/derecho.udd.cl\/cdre\/files\/2026\/02\/whatsapp-image-2025-07-09-at-11-12-56-952x534-1-300x168.jpeg\" class=\"access-image__image lazyload\" alt=\"\" sizes=\"auto, (max-width: 680px) 100vw, 680px\" data-src=\"https:\/\/derecho.udd.cl\/cdre\/files\/2026\/02\/whatsapp-image-2025-07-09-at-11-12-56-952x534-1-680x382.jpeg\" data-srcset=\"https:\/\/derecho.udd.cl\/cdre\/files\/2026\/02\/whatsapp-image-2025-07-09-at-11-12-56-952x534-1-680x382.jpeg 680w, https:\/\/derecho.udd.cl\/cdre\/files\/2026\/02\/whatsapp-image-2025-07-09-at-11-12-56-952x534-1-300x168.jpeg 300w, https:\/\/derecho.udd.cl\/cdre\/files\/2026\/02\/whatsapp-image-2025-07-09-at-11-12-56-952x534-1-768x431.jpeg 768w, https:\/\/derecho.udd.cl\/cdre\/files\/2026\/02\/whatsapp-image-2025-07-09-at-11-12-56-952x534-1.jpeg 952w\" \/>\t\t\t\t\t\t<div class=\"access-image__content\">\n\t\t\t\t\t\t\t<h3 class=\"access-image__title\">Siete representantes de Derecho UDD fueron seleccionados para las II Jornadas Latinoamericanas de Derecho y Tecnolog\u00eda<\/h3>\n\t\t\t\t\t\t\t<span class=\"access-image__action\">Conocer m\u00e1s<\/span>\n\t\t\t\t\t\t<\/div>\n\t\t\t\t\t<\/a>\n\t\t\t\t<\/div>\n\t\t\t\t\t\t\t<div class=\"access-image-wrapper\">\n\t\t\t\t\t<a href=\"https:\/\/derecho.udd.cl\/noticias\/2024\/09\/expertos-nacionales-e-internacionales-abordan-los-desafios-de-la-regulacion-de-la-ia-en-las-primeras-jornadas-latinoamericanas-de-derecho-y-tecnologia-en-la-udd\/\" data-url=\"https:\/\/derecho.udd.cl\/noticias\/2024\/09\/expertos-nacionales-e-internacionales-abordan-los-desafios-de-la-regulacion-de-la-ia-en-las-primeras-jornadas-latinoamericanas-de-derecho-y-tecnologia-en-la-udd\/\" class=\"access-image\">\n\t\t\t\t\t<img loading=\"lazy\" decoding=\"async\" width=\"680\" height=\"382\" src=\"https:\/\/derecho.udd.cl\/cdre\/files\/2026\/02\/a3-1-952x534-1-300x168.png\" class=\"access-image__image lazyload\" alt=\"\" sizes=\"auto, (max-width: 680px) 100vw, 680px\" data-src=\"https:\/\/derecho.udd.cl\/cdre\/files\/2026\/02\/a3-1-952x534-1-680x382.png\" data-srcset=\"https:\/\/derecho.udd.cl\/cdre\/files\/2026\/02\/a3-1-952x534-1-680x382.png 680w, https:\/\/derecho.udd.cl\/cdre\/files\/2026\/02\/a3-1-952x534-1-300x168.png 300w, https:\/\/derecho.udd.cl\/cdre\/files\/2026\/02\/a3-1-952x534-1-768x431.png 768w, https:\/\/derecho.udd.cl\/cdre\/files\/2026\/02\/a3-1-952x534-1.png 952w\" \/>\t\t\t\t\t\t<div class=\"access-image__content\">\n\t\t\t\t\t\t\t<h3 class=\"access-image__title\">Expertos Nacionales e Internacionales Abordan los Desaf\u00edos de la Regulaci\u00f3n de la IA en las Primeras Jornadas Latinoamericanas de Derecho y Tecnolog\u00eda en la UDD<\/h3>\n\t\t\t\t\t\t\t<span class=\"access-image__action\">Conocer m\u00e1s<\/span>\n\t\t\t\t\t\t<\/div>\n\t\t\t\t\t<\/a>\n\t\t\t\t<\/div>\n\t\t\t\t\t\t\t<div class=\"access-image-wrapper\">\n\t\t\t\t\t<a href=\"https:\/\/derecho.udd.cl\/noticias\/2023\/06\/la-facultad-de-derecho-udd-presenta-el-nuevo-observatorio-de-derecho-y-tecnologia-durante-un-seminario-de-inteligencia-artificial\/\" data-url=\"https:\/\/derecho.udd.cl\/noticias\/2023\/06\/la-facultad-de-derecho-udd-presenta-el-nuevo-observatorio-de-derecho-y-tecnologia-durante-un-seminario-de-inteligencia-artificial\/\" class=\"access-image\">\n\t\t\t\t\t<img loading=\"lazy\" decoding=\"async\" width=\"680\" height=\"382\" src=\"https:\/\/derecho.udd.cl\/cdre\/files\/2026\/02\/concepto-transformacion-digital-fondo-cerebro-tecnologia-ai-scaled-1-952x534-1-300x168.jpg\" class=\"access-image__image lazyload\" alt=\"\" sizes=\"auto, (max-width: 680px) 100vw, 680px\" data-src=\"https:\/\/derecho.udd.cl\/cdre\/files\/2026\/02\/concepto-transformacion-digital-fondo-cerebro-tecnologia-ai-scaled-1-952x534-1-680x382.jpg\" data-srcset=\"https:\/\/derecho.udd.cl\/cdre\/files\/2026\/02\/concepto-transformacion-digital-fondo-cerebro-tecnologia-ai-scaled-1-952x534-1-680x382.jpg 680w, https:\/\/derecho.udd.cl\/cdre\/files\/2026\/02\/concepto-transformacion-digital-fondo-cerebro-tecnologia-ai-scaled-1-952x534-1-300x168.jpg 300w, https:\/\/derecho.udd.cl\/cdre\/files\/2026\/02\/concepto-transformacion-digital-fondo-cerebro-tecnologia-ai-scaled-1-952x534-1-768x431.jpg 768w, https:\/\/derecho.udd.cl\/cdre\/files\/2026\/02\/concepto-transformacion-digital-fondo-cerebro-tecnologia-ai-scaled-1-952x534-1.jpg 952w\" \/>\t\t\t\t\t\t<div class=\"access-image__content\">\n\t\t\t\t\t\t\t<h3 class=\"access-image__title\">La Facultad de Derecho UDD presenta el nuevo Observatorio de Derecho y Tecnolog\u00eda durante un seminario de Inteligencia Artificial<\/h3>\n\t\t\t\t\t\t\t<span class=\"access-image__action\">Conocer m\u00e1s<\/span>\n\t\t\t\t\t\t<\/div>\n\t\t\t\t\t<\/a>\n\t\t\t\t<\/div>\n\t\t\t\t\t<\/div>\n\t<\/div>\n<\/section>\n\n\n<!-- WP Block: UDD - Access Cards -->\n<section\n\tid=\"udd-access-cards--1\"\n\tclass=\"wp-block-udd-access-cards\n\t\t\"\n\t\tstyle=\"\n\t\t--udd-blocks-has-columns-number: 4\t\t\"\n\t>\n\t<div class=\"container\">\n\t\t\t\t\t<header class=\"header__innerblock block__header\">\n\t\t\t<h2 class=\"block__title\">SEMINARIOS<\/h2>\n\t\n\t\n\t<\/header>\n\t\t\t\t<div class=\"block__content\">\n\t\t\t<div\n\t\t\t\tclass=\"udd-access-cards\"\n\t\t\t\t\t\t\t>\n\t\t\t<div\n\tdata-index=\"1\"\n\tclass=\"udd-access-card-wrapper udd-access-card-wrapper--has-description\"\n\t>\n\t<a href=\"https:\/\/uddtv.udd.cl\/streaming\/seminario-lanzamiento-libro-compliance-sectorial\/\" class=\"access-card access-card--profile\" data-url=\"https:\/\/uddtv.udd.cl\/streaming\/seminario-lanzamiento-libro-compliance-sectorial\/\">\n\t\t\t\t\t\t<h3\n\t\t\tdata-index=\"1\"\n\t\t\tclass=\"access-card__title\"\n\t\t>\n\t\t\tSEMINARIO | LANZAMIENTO LIBRO COMPLIANCE SECTORIAL\t\t<\/h3>\n\t\t\t\t<p class=\"access-card__description\">\n\t\t\t24 Abril 2025 &#8211; 18:30 hrs.\nMODALIDAD Hyflex.\t\t<\/p>\n\t\t\t\t<div class=\"access-card__link\">\n\t\t\t<span class=\"access-card__link-text\">Revisa la transmisi\u00f3n por UDDTV<\/span>\n\t\t<\/div>\n\t<\/a>\n<\/div>\n<div\n\tdata-index=\"2\"\n\tclass=\"udd-access-card-wrapper udd-access-card-wrapper--has-description\"\n\t>\n\t<a href=\"https:\/\/uddtv.udd.cl\/streaming\/seminario-desafios-del-proyecto-de-ley-sobre-datos-personales-su-implementacion-y-multas\/\" class=\"access-card access-card--profile\" data-url=\"https:\/\/uddtv.udd.cl\/streaming\/seminario-desafios-del-proyecto-de-ley-sobre-datos-personales-su-implementacion-y-multas\/\">\n\t\t\t\t\t\t<h3\n\t\t\tdata-index=\"2\"\n\t\t\tclass=\"access-card__title\"\n\t\t>\n\t\t\tSEMINARIO DESAF\u00cdOS DEL PROYECTO DE LEY SOBRE DATOS PERSONALES, SU IMPLEMENTACI\u00d3N Y MULTAS\t\t<\/h3>\n\t\t\t\t<p class=\"access-card__description\">\n\t\t\t8 Agosto 2024 &#8211; 11:00 hrs. \nMODALIDAD Online\t\t<\/p>\n\t\t\t\t<div class=\"access-card__link\">\n\t\t\t<span class=\"access-card__link-text\">Revisa la transmisi\u00f3n por UDDTV<\/span>\n\t\t<\/div>\n\t<\/a>\n<\/div>\n<div\n\tdata-index=\"3\"\n\tclass=\"udd-access-card-wrapper udd-access-card-wrapper--has-description\"\n\t>\n\t<a href=\"https:\/\/uddtv.udd.cl\/video\/seminario-ley-de-ciberseguridad-por-donde-partir-2\/\" class=\"access-card access-card--profile\" data-url=\"https:\/\/uddtv.udd.cl\/video\/seminario-ley-de-ciberseguridad-por-donde-partir-2\/\">\n\t\t\t\t\t\t<h3\n\t\t\tdata-index=\"3\"\n\t\t\tclass=\"access-card__title\"\n\t\t>\n\t\t\tSEMINARIO: LEY DE CIBERSEGURIDAD \u00bfPOR D\u00d3NDE PARTIR?\t\t<\/h3>\n\t\t\t\t<p class=\"access-card__description\">\n\t\t\t26 Junio 2024 &#8211; 09:00 hrs.\nMODALIDAD Online\t\t<\/p>\n\t\t\t\t<div class=\"access-card__link\">\n\t\t\t<span class=\"access-card__link-text\">Revisa la transmisi\u00f3n por UDDTV<\/span>\n\t\t<\/div>\n\t<\/a>\n<\/div>\n<div\n\tdata-index=\"4\"\n\tclass=\"udd-access-card-wrapper udd-access-card-wrapper--has-description\"\n\t>\n\t<a href=\"https:\/\/uddtv.udd.cl\/streaming\/seminario-desafios-regulatorios-en-tecnologia-agenda-2024\/\" class=\"access-card access-card--profile\" data-url=\"https:\/\/uddtv.udd.cl\/streaming\/seminario-desafios-regulatorios-en-tecnologia-agenda-2024\/\">\n\t\t\t\t\t\t<h3\n\t\t\tdata-index=\"4\"\n\t\t\tclass=\"access-card__title\"\n\t\t>\n\t\t\tSEMINARIO \u00abDESAF\u00cdOS REGULATORIOS EN TECNOLOG\u00cdA: AGENDA 2024\t\t<\/h3>\n\t\t\t\t<p class=\"access-card__description\">\n\t\t\t26 de marzo 2024 &#8211; 08:45 hrs.\n\nMODALIDAD \nHyFlex (H\u00edbrido y flexible)\t\t<\/p>\n\t\t\t\t<div class=\"access-card__link\">\n\t\t\t<span class=\"access-card__link-text\">Revisa la transmisi\u00f3n por UDDTV<\/span>\n\t\t<\/div>\n\t<\/a>\n<\/div>\n<div\n\tdata-index=\"5\"\n\tclass=\"udd-access-card-wrapper udd-access-card-wrapper--has-description\"\n\t>\n\t<a href=\"https:\/\/derecho.udd.cl\/cdre\/2023\/08\/28\/seminario-itechlaws-cyberspace-expertos-discuten-sobre-la-regulacion-de-la-ia-y-de-la-nueva-agencia-de-proteccion-de-datos-en-chile\/\" class=\"access-card access-card--profile\" data-url=\"https:\/\/derecho.udd.cl\/cdre\/2023\/08\/28\/seminario-itechlaws-cyberspace-expertos-discuten-sobre-la-regulacion-de-la-ia-y-de-la-nueva-agencia-de-proteccion-de-datos-en-chile\/\">\n\t\t\t\t\t\t<h3\n\t\t\tdata-index=\"5\"\n\t\t\tclass=\"access-card__title\"\n\t\t>\n\t\t\tITECHLAW\u00b4S CYBERSPACE CAMP-SANTIAGO\t\t<\/h3>\n\t\t\t\t<p class=\"access-card__description\">\n\t\t\t25 de agosto &#8211; 08:30 hrs.\n\nMODALIDAD \nHyFlex (H\u00edbrido y flexible)\n\t\t<\/p>\n\t\t\t\t<div class=\"access-card__link\">\n\t\t\t<span class=\"access-card__link-text\">Revisa la noticia de la actividad<\/span>\n\t\t<\/div>\n\t<\/a>\n<\/div>\n<div\n\tdata-index=\"6\"\n\tclass=\"udd-access-card-wrapper udd-access-card-wrapper--has-description\"\n\t>\n\t<a href=\"https:\/\/uddtv.udd.cl\/video\/seminario-desafios-regulatorios-en-material-de-inteligencia-artificial-caso-chat-gpt\/\" class=\"access-card access-card--profile\" data-url=\"https:\/\/uddtv.udd.cl\/video\/seminario-desafios-regulatorios-en-material-de-inteligencia-artificial-caso-chat-gpt\/\">\n\t\t\t\t\t\t<h3\n\t\t\tdata-index=\"6\"\n\t\t\tclass=\"access-card__title\"\n\t\t>\n\t\t\tSEMINARIO \u00abDESAF\u00cdOS REGULATORIOS EN MATERIA DE INTELIGENCIA ARTIFICIAL. CASO CHAT GPT\u00bb\t\t<\/h3>\n\t\t\t\t<p class=\"access-card__description\">\n\t\t\tActividad Realizada el 31 de mayo\t\t<\/p>\n\t\t\t\t<div class=\"access-card__link\">\n\t\t\t<span class=\"access-card__link-text\">Revisa la transmisi\u00f3n por UDDTV<\/span>\n\t\t<\/div>\n\t<\/a>\n<\/div>\n<div\n\tdata-index=\"7\"\n\tclass=\"udd-access-card-wrapper udd-access-card-wrapper--has-description\"\n\t>\n\t<a href=\"https:\/\/uddtv.udd.cl\/video\/clase-inaugural-doctorado-en-derecho-tratamiento-de-la-inteligencia-artificial-y-su-impacto-en-la-responsabilidad-civil-sede-santiago\/%20Gracias,\" class=\"access-card access-card--profile\" data-url=\"https:\/\/uddtv.udd.cl\/video\/clase-inaugural-doctorado-en-derecho-tratamiento-de-la-inteligencia-artificial-y-su-impacto-en-la-responsabilidad-civil-sede-santiago\/%20Gracias,\">\n\t\t\t\t\t\t<h3\n\t\t\tdata-index=\"7\"\n\t\t\tclass=\"access-card__title\"\n\t\t>\n\t\t\tCLASE INAUGURAL DOCTORADO EN DERECHO | TRATAMIENTO DE LA INTELIGENCIA ARTIFICIAL Y SU IMPACTO EN LA RESPONSABILIDAD CIVIL | SEDE SANTIAGO\t\t<\/h3>\n\t\t\t\t<p class=\"access-card__description\">\n\t\t\tActividad Realizada el 2 de mayo.\t\t<\/p>\n\t\t\t\t<div class=\"access-card__link\">\n\t\t\t<span class=\"access-card__link-text\">Revisa la transmisi\u00f3n por UDDTV<\/span>\n\t\t<\/div>\n\t<\/a>\n<\/div>\n<div\n\tdata-index=\"8\"\n\tclass=\"udd-access-card-wrapper udd-access-card-wrapper--has-description\"\n\t>\n\t<a href=\"https:\/\/uddtv.udd.cl\/video\/seminario-desafios-para-la-industria-de-la-normativa-sobre-fintech\/\" class=\"access-card access-card--profile\" data-url=\"https:\/\/uddtv.udd.cl\/video\/seminario-desafios-para-la-industria-de-la-normativa-sobre-fintech\/\">\n\t\t\t\t\t\t<h3\n\t\t\tdata-index=\"8\"\n\t\t\tclass=\"access-card__title\"\n\t\t>\n\t\t\tSEMINARIO DESAF\u00cdOS PARA LA INDUSTRIA DE LA NORMATIVA SOBRE FINTECH\t\t<\/h3>\n\t\t\t\t<p class=\"access-card__description\">\n\t\t\tActividad Realizada el 30 de marzo.\t\t<\/p>\n\t\t\t\t<div class=\"access-card__link\">\n\t\t\t<span class=\"access-card__link-text\">Revisa la transmisi\u00f3n por UDDTV<\/span>\n\t\t<\/div>\n\t<\/a>\n<\/div>\n\t\t\t<\/div>\n\t\t<\/div>\n\t<\/div>\n<\/section>\n\n\n\n<p><\/p>\n","protected":false},"excerpt":{"rendered":"","protected":false},"author":40,"featured_media":0,"parent":3452,"menu_order":4,"comment_status":"closed","ping_status":"closed","template":"","meta":{"footnotes":""},"class_list":["post-3566","page","type-page","status-publish","hentry"],"_links":{"self":[{"href":"https:\/\/derecho.udd.cl\/cdre\/wp-json\/wp\/v2\/pages\/3566","targetHints":{"allow":["GET"]}}],"collection":[{"href":"https:\/\/derecho.udd.cl\/cdre\/wp-json\/wp\/v2\/pages"}],"about":[{"href":"https:\/\/derecho.udd.cl\/cdre\/wp-json\/wp\/v2\/types\/page"}],"author":[{"embeddable":true,"href":"https:\/\/derecho.udd.cl\/cdre\/wp-json\/wp\/v2\/users\/40"}],"replies":[{"embeddable":true,"href":"https:\/\/derecho.udd.cl\/cdre\/wp-json\/wp\/v2\/comments?post=3566"}],"version-history":[{"count":29,"href":"https:\/\/derecho.udd.cl\/cdre\/wp-json\/wp\/v2\/pages\/3566\/revisions"}],"predecessor-version":[{"id":5779,"href":"https:\/\/derecho.udd.cl\/cdre\/wp-json\/wp\/v2\/pages\/3566\/revisions\/5779"}],"up":[{"embeddable":true,"href":"https:\/\/derecho.udd.cl\/cdre\/wp-json\/wp\/v2\/pages\/3452"}],"wp:attachment":[{"href":"https:\/\/derecho.udd.cl\/cdre\/wp-json\/wp\/v2\/media?parent=3566"}],"curies":[{"name":"wp","href":"https:\/\/api.w.org\/{rel}","templated":true}]}}