{"id":2885,"date":"2022-03-10T14:47:28","date_gmt":"2022-03-10T14:47:28","guid":{"rendered":"https:\/\/derecho.udd.cl\/cdre\/?page_id=2885"},"modified":"2022-03-17T14:07:44","modified_gmt":"2022-03-17T14:07:44","slug":"investigadores-del-cjc-y-cdre-publican-articulos-en-la-nueva-edicion-de-actualidad-juridica","status":"publish","type":"page","link":"https:\/\/derecho.udd.cl\/cdre\/investigadores-del-cjc-y-cdre-publican-articulos-en-la-nueva-edicion-de-actualidad-juridica\/","title":{"rendered":"Investigadores publican art\u00edculos en la nueva edici\u00f3n de Actualidad Jur\u00eddica"},"content":{"rendered":"\n<p>La Revista de la Facultad de Derecho de la Universidad del Desarrollo, Actualidad Jur\u00eddica, public\u00f3 recientemente su edici\u00f3n N\u00ba45, denominada \u00abLealtad con la Institucionalidad\u00bb. Este \u00faltimo n\u00famero incluye art\u00edculos y ensayos de los investigadores del Centro de Justicia Constitucional y del Centro de Derecho Regulatorio y Empresa. Rev\u00edsalos a continuaci\u00f3n:<\/p>\n\n\n<!-- WP Block: UDD - Banners Multiple -->\n<section class=\"wp-block-udd-banners-multiple \">\n\t<div class=\"container\">\n\t\t\t\t<div class=\"block__content\">\n\t\t\t<div id=\"udd-banners-multiple--1\"\n\t\t\t\t\t\t\t\t>\n\t\t\t\t\t\t\t\t<div class=\"banners\">\n\t\t\t\t\t\t\t\t\t<div class=\"banner-col\n\t\t\t\t\t active\t\t\t\t\t\">\n\t\t\t\t\t\t<a href=\"https:\/\/derecho.udd.cl\/centro-justicia-constitucional\/2022\/03\/09\/academicos-del-cjc-participan-en-nueva-edicion-de-actualidad-juridica\/\" class=\"banner banner--multiple\" data-url=\"https:\/\/derecho.udd.cl\/centro-justicia-constitucional\/2022\/03\/09\/academicos-del-cjc-participan-en-nueva-edicion-de-actualidad-juridica\/\">\n\t\t\t\t\t\t\t\t\t\t\t\t\t<img loading=\"lazy\" decoding=\"async\" width=\"952\" height=\"534\" src=\"https:\/\/derecho.udd.cl\/cdre\/files\/2021\/10\/Postgrado-Derecho-UDD-RRSS-77-1024x683-1-680x382.jpg\" class=\"banner__image lazyload\" alt=\"\" sizes=\"auto, (max-width: 952px) 100vw, 952px\" data-src=\"https:\/\/derecho.udd.cl\/cdre\/files\/2021\/10\/Postgrado-Derecho-UDD-RRSS-77-1024x683-1-952x534.jpg\" data-srcset=\"https:\/\/derecho.udd.cl\/cdre\/files\/2021\/10\/Postgrado-Derecho-UDD-RRSS-77-1024x683-1-952x534.jpg 952w, https:\/\/derecho.udd.cl\/cdre\/files\/2021\/10\/Postgrado-Derecho-UDD-RRSS-77-1024x683-1-680x382.jpg 680w\" \/>\t\t\t\t\t\t\t\t\t\t\t\t\t<div class=\"banner__content\">\n\t\t\t\t\t\t\t\t<span class=\"banner__title\">Acad\u00e9micos del CJC participan en nueva edici\u00f3n de \u00abActualidad Jur\u00eddica\u00bb<\/span>\n\t\t\t\t\t\t\t\t\t\t\t\t\t\t\t\t\t\t\t\t\t\t\t\t\t<span class=\"banner__action\">Ver m\u00e1s<\/span>\n\t\t\t\t\t\t\t\t\t\t\t\t\t\t\t<\/div>\n\t\t\t\t\t\t<\/a>\n\t\t\t\t\t<\/div>\n\t\t\t\t\t\t\t\t\t<div class=\"banner-col\n\t\t\t\t\t\t\t\t\t\t\">\n\t\t\t\t\t\t<a href=\"https:\/\/derecho.udd.cl\/cdre\/2022\/03\/09\/academicos-del-cdre-participan-en-nueva-edicion-de-actualidad-juridica\/\" class=\"banner banner--multiple\" data-url=\"https:\/\/derecho.udd.cl\/cdre\/2022\/03\/09\/academicos-del-cdre-participan-en-nueva-edicion-de-actualidad-juridica\/\">\n\t\t\t\t\t\t\t\t\t\t\t\t\t<img loading=\"lazy\" decoding=\"async\" width=\"740\" height=\"480\" src=\"https:\/\/derecho.udd.cl\/cdre\/files\/2021\/08\/deresh-740x480-1-680x382.jpg\" class=\"banner__image lazyload\" alt=\"\" sizes=\"auto, (max-width: 740px) 100vw, 740px\" data-src=\"https:\/\/derecho.udd.cl\/cdre\/files\/2021\/08\/deresh-740x480-1.jpg\" data-srcset=\"https:\/\/derecho.udd.cl\/cdre\/files\/2021\/08\/deresh-740x480-1.jpg 740w, https:\/\/derecho.udd.cl\/cdre\/files\/2021\/08\/deresh-740x480-1-300x195.jpg 300w\" \/>\t\t\t\t\t\t\t\t\t\t\t\t\t<div class=\"banner__content\">\n\t\t\t\t\t\t\t\t<span class=\"banner__title\">Acad\u00e9micos del CDRE participan en nueva edici\u00f3n de \u00abActualidad Jur\u00eddica\u00bb<\/span>\n\t\t\t\t\t\t\t\t\t\t\t\t\t\t\t\t\t\t\t\t\t\t\t\t\t<span class=\"banner__action\">Ver m\u00e1s<\/span>\n\t\t\t\t\t\t\t\t\t\t\t\t\t\t\t<\/div>\n\t\t\t\t\t\t<\/a>\n\t\t\t\t\t<\/div>\n\t\t\t\t\t\t\t\t<\/div>\n\t\t\t<\/div>\n\t\t<\/div>\n\t<\/div>\n<\/section>\n\n\n\n<p><\/p>\n","protected":false},"excerpt":{"rendered":"<p>La Revista de la Facultad de Derecho de la Universidad del Desarrollo, Actualidad Jur\u00eddica, public\u00f3 recientemente su edici\u00f3n N\u00ba45, denominada \u00abLealtad con la Institucionalidad\u00bb. Este \u00faltimo n\u00famero incluye art\u00edculos y ensayos de los investigadores del Centro de Justicia Constitucional y del Centro de Derecho Regulatorio y Empresa. Rev\u00edsalos a continuaci\u00f3n:<\/p>\n","protected":false},"author":61,"featured_media":0,"parent":0,"menu_order":0,"comment_status":"closed","ping_status":"closed","template":"","meta":{"footnotes":""},"class_list":["post-2885","page","type-page","status-publish","hentry"],"_links":{"self":[{"href":"https:\/\/derecho.udd.cl\/cdre\/wp-json\/wp\/v2\/pages\/2885","targetHints":{"allow":["GET"]}}],"collection":[{"href":"https:\/\/derecho.udd.cl\/cdre\/wp-json\/wp\/v2\/pages"}],"about":[{"href":"https:\/\/derecho.udd.cl\/cdre\/wp-json\/wp\/v2\/types\/page"}],"author":[{"embeddable":true,"href":"https:\/\/derecho.udd.cl\/cdre\/wp-json\/wp\/v2\/users\/61"}],"replies":[{"embeddable":true,"href":"https:\/\/derecho.udd.cl\/cdre\/wp-json\/wp\/v2\/comments?post=2885"}],"version-history":[{"count":6,"href":"https:\/\/derecho.udd.cl\/cdre\/wp-json\/wp\/v2\/pages\/2885\/revisions"}],"predecessor-version":[{"id":2902,"href":"https:\/\/derecho.udd.cl\/cdre\/wp-json\/wp\/v2\/pages\/2885\/revisions\/2902"}],"wp:attachment":[{"href":"https:\/\/derecho.udd.cl\/cdre\/wp-json\/wp\/v2\/media?parent=2885"}],"curies":[{"name":"wp","href":"https:\/\/api.w.org\/{rel}","templated":true}]}}