{"id":2167,"date":"2021-05-15T22:57:09","date_gmt":"2021-05-15T22:57:09","guid":{"rendered":"https:\/\/derecho.udd.cl\/cdre\/?page_id=2167"},"modified":"2024-04-16T15:50:49","modified_gmt":"2024-04-16T19:50:49","slug":"concurso-de-ayudante-de-investigacion-cdre","status":"publish","type":"page","link":"https:\/\/derecho.udd.cl\/cdre\/concurso-de-ayudante-de-investigacion-cdre\/","title":{"rendered":"Concurso ayudante de investigaci\u00f3n CDRE"},"content":{"rendered":"\n<p><strong>Los invitamos a participar de una nueva convocatoria de ayudantes de investigaci\u00f3n para el primer semestre del a\u00f1o 2024<\/strong><\/p>\n\n\n\n<h3 class=\"wp-block-heading\">Requisitos para ser ayudante de investigaci\u00f3n<\/h3>\n\n\n\n<ol class=\"wp-block-list\">\n<li>Ser alumno regular (4\u00b0 \u2013 5\u00b0 a\u00f1o) o egresado de la carrera de Derecho de la Universidad del Desarrollo<\/li>\n\n\n\n<li>Haber cursado los primeros seis semestres de la carrera de Derecho en el caso de los egresados de la carrera de Derecho, no tener un plazo de egreso mayor a tres a\u00f1os.<\/li>\n\n\n\n<li>Tener un promedio ponderado acumulado sobre 5,5.<\/li>\n\n\n\n<li>Tener una carga acad\u00e9mica compatible con las responsabilidad que corresponden al ayudante.<\/li>\n\n\n\n<li>No haber reprobado el examen de grado.<\/li>\n\n\n\n<li>Compromiso para efectuar labores investigativas basales, como exploraci\u00f3n, b\u00fasqueda y recolecci\u00f3n de doctrina y jurisprudencia, revisi\u00f3n bibliogr\u00e1fica, trabajo de campo y otras an\u00e1logas requeridas por el Director del centro o investigadores.<\/li>\n\n\n\n<li>Compromiso para aportar material doctrinario , jurisprudencial y medi\u00e1tico.<\/li>\n\n\n\n<li>Dominio de lectura en ingl\u00e9s.<\/li>\n<\/ol>\n\n\n\n<h3 class=\"wp-block-heading\">\u00bfQu\u00e9 investigadores buscan ayudante?<\/h3>\n\n\n\n<figure class=\"wp-block-table\"><table><thead><tr><th><strong>Investigador<\/strong><\/th><th><strong>\u00c1reas de investigaci\u00f3n<\/strong><\/th><\/tr><\/thead><tbody><tr><td><strong>Pedro Goic<\/strong><\/td><td><strong>Derecho Concursal y Empresa<\/strong> &#8211; <strong>Demostrar conocimiento te\u00f3rico y pr\u00e1ctico en la ley concursal<\/strong><\/td><\/tr><tr><td><strong>Ximena Marcazzolo<\/strong><\/td><td><strong>Derecho Penal<\/strong><\/td><\/tr><tr><td><strong><strong>Francisca Labb\u00e9<\/strong><\/strong><\/td><td><strong>Libre competencia &#8211; Inteligencia Artificial<\/strong><\/td><\/tr><tr><td><strong>Juan Ignacio Contardo<\/strong><\/td><td><strong>Derecho Civil patrimonial \u2013 Derecho del consumidor (haber aprobado Derechos reales y obligaciones)&nbsp;<\/strong><\/td><\/tr><tr><td><strong>Renzo Munita<\/strong><\/td><td><strong>Responsabilidad Civil<\/strong><\/td><\/tr><tr><td><strong>Pedro Goic<\/strong><\/td><td><strong>Derecho Concursal y Empresa<\/strong> &#8211; <strong>Demostrar conocimiento te\u00f3rico y pr\u00e1ctico en la ley concursal<\/strong><\/td><\/tr><\/tbody><\/table><\/figure>\n\n\n\n<h3 class=\"wp-block-heading\">\u00bfC\u00f3mo postular?<\/h3>\n\n\n\n<h4 class=\"wp-block-heading\">LOS INTERESADOS DEBEN ENVIAR SUS ANTECEDENTES&nbsp;<strong>(CARTA DE INTENCI\u00d3N, CURR\u00cdCULUM Y FICHA CURRICULAR CON CONCENTRACI\u00d3N DE NOTAS)<\/strong>&nbsp;V\u00cdA E-MAIL A&nbsp;<strong><a href=\"mailto:cdre@udd.cl\">CDRE@UDD.CL<\/a>&nbsp;CON EL ASUNTO \u00abAYUDANTE DE INVESTIGACI\u00d3N + NOMBRE DEL INVESTIGADOR AL QUE POSTULA\u00bb<\/strong>,&nbsp;<strong>HASTA LAS 18:00 HRS. DEL MI\u00c9RCOLES 10 DE ABRIL DE 2024<\/strong>.<\/h4>\n","protected":false},"excerpt":{"rendered":"<p>Los invitamos a participar de una nueva convocatoria de ayudantes de investigaci\u00f3n para el primer semestre del a\u00f1o 2024 Requisitos para ser ayudante de investigaci\u00f3n \u00bfQu\u00e9 investigadores buscan ayudante? Investigador \u00c1reas de investigaci\u00f3n Pedro Goic Derecho Concursal y Empresa &#8211; Demostrar conocimiento te\u00f3rico y pr\u00e1ctico en la ley concursal Ximena Marcazzolo Derecho Penal Francisca Labb\u00e9 [&hellip;]<\/p>\n","protected":false},"author":40,"featured_media":6,"parent":0,"menu_order":0,"comment_status":"closed","ping_status":"closed","template":"","meta":{"footnotes":""},"class_list":["post-2167","page","type-page","status-publish","has-post-thumbnail","hentry"],"_links":{"self":[{"href":"https:\/\/derecho.udd.cl\/cdre\/wp-json\/wp\/v2\/pages\/2167","targetHints":{"allow":["GET"]}}],"collection":[{"href":"https:\/\/derecho.udd.cl\/cdre\/wp-json\/wp\/v2\/pages"}],"about":[{"href":"https:\/\/derecho.udd.cl\/cdre\/wp-json\/wp\/v2\/types\/page"}],"author":[{"embeddable":true,"href":"https:\/\/derecho.udd.cl\/cdre\/wp-json\/wp\/v2\/users\/40"}],"replies":[{"embeddable":true,"href":"https:\/\/derecho.udd.cl\/cdre\/wp-json\/wp\/v2\/comments?post=2167"}],"version-history":[{"count":8,"href":"https:\/\/derecho.udd.cl\/cdre\/wp-json\/wp\/v2\/pages\/2167\/revisions"}],"predecessor-version":[{"id":4896,"href":"https:\/\/derecho.udd.cl\/cdre\/wp-json\/wp\/v2\/pages\/2167\/revisions\/4896"}],"wp:featuredmedia":[{"embeddable":true,"href":"https:\/\/derecho.udd.cl\/cdre\/wp-json\/wp\/v2\/media\/6"}],"wp:attachment":[{"href":"https:\/\/derecho.udd.cl\/cdre\/wp-json\/wp\/v2\/media?parent=2167"}],"curies":[{"name":"wp","href":"https:\/\/api.w.org\/{rel}","templated":true}]}}