{"id":215,"date":"2017-06-23T20:43:36","date_gmt":"2017-06-23T20:43:36","guid":{"rendered":"http:\/\/derecho-scl.udd.cl\/cdre\/?page_id=215"},"modified":"2023-08-31T13:42:57","modified_gmt":"2023-08-31T13:42:57","slug":"documentos","status":"publish","type":"page","link":"https:\/\/derecho.udd.cl\/cdre\/documentos\/","title":{"rendered":"Publicaciones"},"content":{"rendered":"<!-- WP Block: UDD - Banner -->\n<section class=\"wp-block-udd-banner is-style-default \">\n\t\n<a href=\"https:\/\/derecho.udd.cl\/noticias\/2022\/08\/centros-de-investigacion-de-la-facultad-de-derecho-publican-libro-sobre-propuesta-de-nueva-constitucion\/\" class=\"banner banner--fullwidth\" data-url=\"https:\/\/derecho.udd.cl\/noticias\/2022\/08\/centros-de-investigacion-de-la-facultad-de-derecho-publican-libro-sobre-propuesta-de-nueva-constitucion\/\">\n\t\t\t<img loading=\"lazy\" decoding=\"async\" width=\"794\" height=\"452\" src=\"https:\/\/derecho.udd.cl\/cdre\/files\/2022\/08\/Dise\u00f1o-sin-t\u00edtulo-6-680x382.png\" class=\"banner__image lazyload\" alt=\"\" sizes=\"auto, (max-width: 794px) 100vw, 794px\" data-src=\"https:\/\/derecho.udd.cl\/cdre\/files\/2022\/08\/Dise\u00f1o-sin-t\u00edtulo-6.png\" data-srcset=\"https:\/\/derecho.udd.cl\/cdre\/files\/2022\/08\/Dise\u00f1o-sin-t\u00edtulo-6.png 794w, https:\/\/derecho.udd.cl\/cdre\/files\/2022\/08\/Dise\u00f1o-sin-t\u00edtulo-6-300x171.png 300w, https:\/\/derecho.udd.cl\/cdre\/files\/2022\/08\/Dise\u00f1o-sin-t\u00edtulo-6-768x437.png 768w\" \/>\t\t<div class=\"banner__content\">\n\t\t<span class=\"banner__title\">\u00faLTIMAS PUBLICACIONES 2022<\/span>\n\t\t<span class=\"banner__description\">Centro de Justicia Constitucional y Centro de Derecho Regulatorio y Empresa publican libro sobre propuesta de nueva constituci\u00f3n<\/span>\n\t<\/div>\n<\/a>\n<\/section>\n\n\n<!-- WP Block: UDD - Access Cards -->\n<section\n\tid=\"udd-access-cards--1\"\n\tclass=\"wp-block-udd-access-cards\n\t\t\"\n\t\tstyle=\"\n\t\t--udd-blocks-has-columns-number: 3\t\t\"\n\t>\n\t<div class=\"container\">\n\t\t\t\t<div class=\"block__content\">\n\t\t\t<div\n\t\t\t\tclass=\"udd-access-cards\"\n\t\t\t\t\t\t\t>\n\t\t\t<div\n\tdata-index=\"1\"\n\tclass=\"udd-access-card-wrapper udd-access-card-wrapper--has-description\"\n\t>\n\t<a href=\"https:\/\/derecho.udd.cl\/cdre\/category\/analisis-regulatorio\/\" class=\"access-card access-card--profile\" data-url=\"https:\/\/derecho.udd.cl\/cdre\/category\/analisis-regulatorio\/\">\n\t\t\t\t\t\t<h3\n\t\t\tdata-index=\"1\"\n\t\t\tclass=\"access-card__title\"\n\t\t>\n\t\t\tAn\u00e1lisis regulatorio\t\t<\/h3>\n\t\t\t\t<p class=\"access-card__description\">\n\t\t\tUna instancia de an\u00e1lisis y discusi\u00f3n de la regulaci\u00f3n y normativa que rige la actividad econ\u00f3mica, su aplicaci\u00f3n y posibles reformas, en cuanto afecta a la empresa como entidad productiva dentro de la sociedad\t\t<\/p>\n\t\t\t\t<div class=\"access-card__link\">\n\t\t\t<span class=\"access-card__link-text\">Conocer m\u00e1s<\/span>\n\t\t<\/div>\n\t<\/a>\n<\/div>\n<div\n\tdata-index=\"2\"\n\tclass=\"udd-access-card-wrapper udd-access-card-wrapper--has-description\"\n\t>\n\t<a href=\"https:\/\/derecho.udd.cl\/cdre\/category\/estudios\/\" class=\"access-card access-card--profile\" data-url=\"https:\/\/derecho.udd.cl\/cdre\/category\/estudios\/\">\n\t\t\t\t\t\t<h3\n\t\t\tdata-index=\"2\"\n\t\t\tclass=\"access-card__title\"\n\t\t>\n\t\t\tEstudios\t\t<\/h3>\n\t\t\t\t<p class=\"access-card__description\">\n\t\t\t La importancia de contar con alg\u00fan sistema o institucionalidad a trav\u00e9s del cual el Estado pueda realizar, en forma sistem\u00e1tica, evaluaciones ex ante y ex post de la normativa y legislaci\u00f3n\t\t<\/p>\n\t\t\t\t<div class=\"access-card__link\">\n\t\t\t<span class=\"access-card__link-text\">Conocer m\u00e1s<\/span>\n\t\t<\/div>\n\t<\/a>\n<\/div>\n<div\n\tdata-index=\"3\"\n\tclass=\"udd-access-card-wrapper udd-access-card-wrapper--has-description\"\n\t>\n\t<a href=\"https:\/\/derecho.udd.cl\/cdre\/category\/seminarios\/\" class=\"access-card access-card--profile\" data-url=\"https:\/\/derecho.udd.cl\/cdre\/category\/seminarios\/\">\n\t\t\t\t\t\t<h3\n\t\t\tdata-index=\"3\"\n\t\t\tclass=\"access-card__title\"\n\t\t>\n\t\t\tSeminarios\t\t<\/h3>\n\t\t\t\t<p class=\"access-card__description\">\n\t\t\tConoce los seminarios que el Centro Regulatorio  y Empresa pone a disposici\u00f3n del p\u00fablico general de la Universidad \t\t<\/p>\n\t\t\t\t<div class=\"access-card__link\">\n\t\t\t<span class=\"access-card__link-text\">Conocer m\u00e1s<\/span>\n\t\t<\/div>\n\t<\/a>\n<\/div>\n\t\t\t<\/div>\n\t\t<\/div>\n\t<\/div>\n<\/section>\n","protected":false},"excerpt":{"rendered":"","protected":false},"author":30,"featured_media":0,"parent":0,"menu_order":0,"comment_status":"closed","ping_status":"closed","template":"","meta":{"footnotes":""},"class_list":["post-215","page","type-page","status-publish","hentry"],"_links":{"self":[{"href":"https:\/\/derecho.udd.cl\/cdre\/wp-json\/wp\/v2\/pages\/215","targetHints":{"allow":["GET"]}}],"collection":[{"href":"https:\/\/derecho.udd.cl\/cdre\/wp-json\/wp\/v2\/pages"}],"about":[{"href":"https:\/\/derecho.udd.cl\/cdre\/wp-json\/wp\/v2\/types\/page"}],"author":[{"embeddable":true,"href":"https:\/\/derecho.udd.cl\/cdre\/wp-json\/wp\/v2\/users\/30"}],"replies":[{"embeddable":true,"href":"https:\/\/derecho.udd.cl\/cdre\/wp-json\/wp\/v2\/comments?post=215"}],"version-history":[{"count":19,"href":"https:\/\/derecho.udd.cl\/cdre\/wp-json\/wp\/v2\/pages\/215\/revisions"}],"predecessor-version":[{"id":4031,"href":"https:\/\/derecho.udd.cl\/cdre\/wp-json\/wp\/v2\/pages\/215\/revisions\/4031"}],"wp:attachment":[{"href":"https:\/\/derecho.udd.cl\/cdre\/wp-json\/wp\/v2\/media?parent=215"}],"curies":[{"name":"wp","href":"https:\/\/api.w.org\/{rel}","templated":true}]}}