{"id":1763,"date":"2020-05-29T03:11:13","date_gmt":"2020-05-29T03:11:13","guid":{"rendered":"http:\/\/derecho.udd.cl\/cdre\/?page_id=1763"},"modified":"2021-06-04T13:37:12","modified_gmt":"2021-06-04T13:37:12","slug":"contacto","status":"publish","type":"page","link":"https:\/\/derecho.udd.cl\/cdre\/contacto\/","title":{"rendered":"Contacto"},"content":{"rendered":"\n<h2 class=\"wp-block-heading\">UDD Santiago<\/h2>\n\n\n\n<p>Si quieres comunicarte con nosotros tienes o tienes alguna duda, ll\u00e1manos al n\u00famero telef\u00f3nico que aparece a continuaci\u00f3n o escr\u00edbenos a nuestro correo: <\/p>\n\n\n\n<ul class=\"wp-block-list\"><li><strong>N\u00famero<\/strong> (+56-2) 23279197 <\/li><li><strong>Correo<\/strong> <strong>electr\u00f3nico<\/strong>: cdre@udd.cl<\/li><li><strong>Direcci\u00f3n<\/strong>: Avenida Plaza 680, San Carlos de Apoquindo, Las Condes, Santiago.<\/li><\/ul>\n\n\n\n<p><\/p>\n","protected":false},"excerpt":{"rendered":"<p>UDD Santiago Si quieres comunicarte con nosotros tienes o tienes alguna duda, ll\u00e1manos al n\u00famero telef\u00f3nico que aparece a continuaci\u00f3n o escr\u00edbenos a nuestro correo: N\u00famero (+56-2) 23279197 Correo electr\u00f3nico: cdre@udd.cl Direcci\u00f3n: Avenida Plaza 680, San Carlos de Apoquindo, Las Condes, Santiago.<\/p>\n","protected":false},"author":40,"featured_media":0,"parent":0,"menu_order":0,"comment_status":"closed","ping_status":"closed","template":"","meta":{"footnotes":""},"class_list":["post-1763","page","type-page","status-publish","hentry"],"_links":{"self":[{"href":"https:\/\/derecho.udd.cl\/cdre\/wp-json\/wp\/v2\/pages\/1763","targetHints":{"allow":["GET"]}}],"collection":[{"href":"https:\/\/derecho.udd.cl\/cdre\/wp-json\/wp\/v2\/pages"}],"about":[{"href":"https:\/\/derecho.udd.cl\/cdre\/wp-json\/wp\/v2\/types\/page"}],"author":[{"embeddable":true,"href":"https:\/\/derecho.udd.cl\/cdre\/wp-json\/wp\/v2\/users\/40"}],"replies":[{"embeddable":true,"href":"https:\/\/derecho.udd.cl\/cdre\/wp-json\/wp\/v2\/comments?post=1763"}],"version-history":[{"count":4,"href":"https:\/\/derecho.udd.cl\/cdre\/wp-json\/wp\/v2\/pages\/1763\/revisions"}],"predecessor-version":[{"id":2217,"href":"https:\/\/derecho.udd.cl\/cdre\/wp-json\/wp\/v2\/pages\/1763\/revisions\/2217"}],"wp:attachment":[{"href":"https:\/\/derecho.udd.cl\/cdre\/wp-json\/wp\/v2\/media?parent=1763"}],"curies":[{"name":"wp","href":"https:\/\/api.w.org\/{rel}","templated":true}]}}