{"id":15,"date":"2017-06-14T20:18:09","date_gmt":"2017-06-14T20:18:09","guid":{"rendered":"http:\/\/derecho-scl.udd.cl\/cdre\/?page_id=15"},"modified":"2020-02-13T21:03:53","modified_gmt":"2020-02-13T21:03:53","slug":"quienes-somos","status":"publish","type":"page","link":"https:\/\/derecho.udd.cl\/cdre\/quienes-somos\/","title":{"rendered":"Quienes somos"},"content":{"rendered":"\n<p>La idea de crear un Centro de Derecho Regulatorio y Empresa nace en 2017, bajo el alero de la Facultad de Derecho de la Universidad del Desarrollo. Surge con el fin de generar una instancia de an\u00e1lisis de la regulaci\u00f3n y normativa que rige el funcionamiento de los mercados, en materias como libre competencia, protecci\u00f3n de los consumidores, gobiernos corporativos, tributaci\u00f3n, gesti\u00f3n ambiental, buenas pr\u00e1cticas empresariales y sectores regulados.<\/p>\n\n\n\n<p>La regulaci\u00f3n, entendida como&nbsp;la intervenci\u00f3n del Estado en la actividad econ\u00f3mica a trav\u00e9s de la dictaci\u00f3n de normas, exigencias y sanciones, ha tenido varios efectos en el \u00e1mbito del Derecho. Mercados o sectores regulados que llevan al desarrollo de nuevas especialidades; la necesidad del an\u00e1lisis econ\u00f3mico de los efectos de las normas que se imponen a los agentes del mercado y la sociedad; la globalizaci\u00f3n econ\u00f3mica, los impactos en el ambiente, el desarrollo de la tecnolog\u00eda y el intercambio de informaci\u00f3n, desaf\u00edan las regulaciones econ\u00f3micas existentes en pos de reformas que mejoren el desempe\u00f1o de la econom\u00eda y el desarrollo social.<\/p>\n\n\n\n<p>Por otro lado, la libertad econ\u00f3mica, la iniciativa empresarial y el emprendimiento son la base del desarrollo de una sociedad, las que necesitan de reglas que favorezcan su crecimiento y encaucen su aporte al medio en el cual se realizan.<\/p>\n\n\n\n<p>En ese contexto, y siendo uno de los sellos de la Facultad de Derecho de la UDD el Derecho de la Empresa, surge el inter\u00e9s de estudiar y aportar a la discusi\u00f3n de estas tem\u00e1ticas tanto desde el punto de vista de la teor\u00eda como de su aplicaci\u00f3n pr\u00e1ctica, de manera especializada y rigurosa.<\/p>\n\n\n\n<p>El CDRE surge como una plataforma para revitalizar, desde la Facultad de Derecho, los espacios de debate de ideas y an\u00e1lisis en materia de regulaci\u00f3n econ\u00f3mica, promoviendo, a trav\u00e9s del mismo, di\u00e1logos constructivos p\u00fablico-privados y facilitando el intercambio de puntos de vista y el entendimiento sobre temas complejos.<\/p>\n\n\n\n<p>Nuestra misi\u00f3n es contribuir activamente, a trav\u00e9s del an\u00e1lisis de la regulaci\u00f3n y normativa -y del impacto de la misma- en el debate nacional, acad\u00e9mico y empresarial, aportando conocimiento e ideas, y generando instancias de discusi\u00f3n y reflexi\u00f3n al efecto. De esta manera, el CDRE abordar\u00e1 los desaf\u00edos acad\u00e9micos y pr\u00e1cticos asociados al estudio de la regulaci\u00f3n y normativa pertinente, por medio de investigaci\u00f3n especializada, as\u00ed como tambi\u00e9n a trav\u00e9s del aporte y reflexi\u00f3n que efect\u00faen autoridades, empresarios, abogados, expertos y acad\u00e9micos en actividades organizadas para estos fines.<\/p>\n","protected":false},"excerpt":{"rendered":"<p>La idea de crear un Centro de Derecho Regulatorio y Empresa nace en 2017, bajo el alero de la Facultad de Derecho de la Universidad del Desarrollo. Surge con el fin de generar una instancia de an\u00e1lisis de la regulaci\u00f3n y normativa que rige el funcionamiento de los mercados, en materias como libre competencia, protecci\u00f3n [&hellip;]<\/p>\n","protected":false},"author":30,"featured_media":0,"parent":0,"menu_order":0,"comment_status":"closed","ping_status":"closed","template":"","meta":{"footnotes":""},"class_list":["post-15","page","type-page","status-publish","hentry"],"_links":{"self":[{"href":"https:\/\/derecho.udd.cl\/cdre\/wp-json\/wp\/v2\/pages\/15","targetHints":{"allow":["GET"]}}],"collection":[{"href":"https:\/\/derecho.udd.cl\/cdre\/wp-json\/wp\/v2\/pages"}],"about":[{"href":"https:\/\/derecho.udd.cl\/cdre\/wp-json\/wp\/v2\/types\/page"}],"author":[{"embeddable":true,"href":"https:\/\/derecho.udd.cl\/cdre\/wp-json\/wp\/v2\/users\/30"}],"replies":[{"embeddable":true,"href":"https:\/\/derecho.udd.cl\/cdre\/wp-json\/wp\/v2\/comments?post=15"}],"version-history":[{"count":9,"href":"https:\/\/derecho.udd.cl\/cdre\/wp-json\/wp\/v2\/pages\/15\/revisions"}],"predecessor-version":[{"id":1654,"href":"https:\/\/derecho.udd.cl\/cdre\/wp-json\/wp\/v2\/pages\/15\/revisions\/1654"}],"wp:attachment":[{"href":"https:\/\/derecho.udd.cl\/cdre\/wp-json\/wp\/v2\/media?parent=15"}],"curies":[{"name":"wp","href":"https:\/\/api.w.org\/{rel}","templated":true}]}}