{"id":5586,"date":"2025-10-01T02:45:39","date_gmt":"2025-10-01T00:45:39","guid":{"rendered":"https:\/\/derecho.udd.cl\/actualidad-juridica\/?page_id=5586"},"modified":"2025-10-01T02:46:05","modified_gmt":"2025-10-01T00:46:05","slug":"convocatoria","status":"publish","type":"page","link":"https:\/\/derecho.udd.cl\/actualidad-juridica\/convocatoria\/","title":{"rendered":"Convocatoria"},"content":{"rendered":"\n<p>La Revista Actualidad Jur\u00eddica de la Facultad de Derecho de la Universidad del Desarrollo mantiene abierta la convocatoria para la recepci\u00f3n de art\u00edculos acad\u00e9micos. En su\u00a0<strong>edici\u00f3n n.\u00b0 53,\u00a0<\/strong>a publicarse en<strong>\u00a0enero de 2026<\/strong>, el tema central ser\u00e1\u00a0<strong>\u201cDerecho y sostenibilidad\u201d<\/strong>, invitando a investigadores, docentes y profesionales del derecho a presentar contribuciones originales que enriquezcan el debate jur\u00eddico contempor\u00e1neo.<\/p>\n\n\n\n<p>Los art\u00edculos ser\u00e1n sometidos a un proceso de&nbsp;revisi\u00f3n por pares evaluadores&nbsp;y quedar\u00e1n sujetos a la&nbsp;aprobaci\u00f3n del Comit\u00e9 Editorial. Junto con la secci\u00f3n tem\u00e1tica, la revista cuenta con un espacio de&nbsp;miscel\u00e1neos, destinado a trabajos de otras \u00e1reas jur\u00eddicas de inter\u00e9s actual y relevante.<\/p>\n\n\n\n<p>El&nbsp;<strong>plazo de recepci\u00f3n de art\u00edculos vence el 10 de octubre de 2025<\/strong>. Los manuscritos deben enviarse al correo&nbsp;<strong><a href=\"mailto:maria.wigg@udd.cl\">maria.wigg@udd.cl<\/a><\/strong>, cumpliendo estrictamente con las&nbsp;normas editoriales publicadas en la p\u00e1gina web&nbsp;de la revista\u201d<\/p>\n\n\n\n<p><\/p>\n","protected":false},"excerpt":{"rendered":"<p>La Revista Actualidad Jur\u00eddica de la Facultad de Derecho de la Universidad del Desarrollo mantiene abierta la convocatoria para la recepci\u00f3n de art\u00edculos acad\u00e9micos. En su\u00a0edici\u00f3n n.\u00b0 53,\u00a0a publicarse en\u00a0enero de 2026, el tema central ser\u00e1\u00a0\u201cDerecho y sostenibilidad\u201d, invitando a investigadores, docentes y profesionales del derecho a presentar contribuciones originales que enriquezcan el debate jur\u00eddico [&hellip;]<\/p>\n","protected":false},"author":40,"featured_media":5031,"parent":0,"menu_order":0,"comment_status":"closed","ping_status":"closed","template":"","meta":{"footnotes":""},"class_list":["post-5586","page","type-page","status-publish","has-post-thumbnail","hentry"],"yoast_head":"<!-- This site is optimized with the Yoast SEO plugin v26.9 - https:\/\/yoast.com\/product\/yoast-seo-wordpress\/ -->\n<title>Convocatoria - Revista de Derecho UDD<\/title>\n<meta name=\"description\" content=\"se mantiene abierta la convocatoria para la recepci\u00f3n de art\u00edculos acad\u00e9micos para publicar en la revista\" \/>\n<meta name=\"robots\" content=\"index, follow, max-snippet:-1, max-image-preview:large, max-video-preview:-1\" \/>\n<link rel=\"canonical\" href=\"https:\/\/derecho.udd.cl\/actualidad-juridica\/convocatoria\/\" \/>\n<meta property=\"og:locale\" content=\"es_ES\" \/>\n<meta property=\"og:type\" content=\"article\" \/>\n<meta property=\"og:title\" content=\"Convocatoria - Revista de Derecho UDD\" \/>\n<meta property=\"og:description\" content=\"se mantiene abierta la convocatoria para la recepci\u00f3n de art\u00edculos acad\u00e9micos para publicar en la revista\" \/>\n<meta property=\"og:url\" content=\"https:\/\/derecho.udd.cl\/actualidad-juridica\/convocatoria\/\" \/>\n<meta property=\"og:site_name\" content=\"Revista de Derecho UDD\" \/>\n<meta property=\"article:modified_time\" content=\"2025-10-01T00:46:05+00:00\" \/>\n<meta property=\"og:image\" content=\"https:\/\/derecho.udd.cl\/actualidad-juridica\/files\/2023\/10\/cropped-microsoftteams-image-8-scaled-1.jpg\" \/>\n\t<meta property=\"og:image:width\" content=\"1920\" \/>\n\t<meta property=\"og:image:height\" content=\"1080\" \/>\n\t<meta property=\"og:image:type\" content=\"image\/jpeg\" \/>\n<meta name=\"twitter:card\" content=\"summary_large_image\" \/>\n<meta name=\"twitter:label1\" content=\"Tiempo de lectura\" \/>\n\t<meta name=\"twitter:data1\" content=\"1 minuto\" \/>\n<script type=\"application\/ld+json\" class=\"yoast-schema-graph\">{\"@context\":\"https:\/\/schema.org\",\"@graph\":[{\"@type\":\"WebPage\",\"@id\":\"https:\/\/derecho.udd.cl\/actualidad-juridica\/convocatoria\/\",\"url\":\"https:\/\/derecho.udd.cl\/actualidad-juridica\/convocatoria\/\",\"name\":\"Convocatoria - Revista de Derecho UDD\",\"isPartOf\":{\"@id\":\"https:\/\/derecho.udd.cl\/actualidad-juridica\/#website\"},\"primaryImageOfPage\":{\"@id\":\"https:\/\/derecho.udd.cl\/actualidad-juridica\/convocatoria\/#primaryimage\"},\"image\":{\"@id\":\"https:\/\/derecho.udd.cl\/actualidad-juridica\/convocatoria\/#primaryimage\"},\"thumbnailUrl\":\"https:\/\/derecho.udd.cl\/actualidad-juridica\/files\/2023\/10\/cropped-microsoftteams-image-8-scaled-1.jpg\",\"datePublished\":\"2025-10-01T00:45:39+00:00\",\"dateModified\":\"2025-10-01T00:46:05+00:00\",\"description\":\"se mantiene abierta la convocatoria para la recepci\u00f3n de art\u00edculos acad\u00e9micos para publicar en la revista\",\"breadcrumb\":{\"@id\":\"https:\/\/derecho.udd.cl\/actualidad-juridica\/convocatoria\/#breadcrumb\"},\"inLanguage\":\"es\",\"potentialAction\":[{\"@type\":\"ReadAction\",\"target\":[\"https:\/\/derecho.udd.cl\/actualidad-juridica\/convocatoria\/\"]}]},{\"@type\":\"ImageObject\",\"inLanguage\":\"es\",\"@id\":\"https:\/\/derecho.udd.cl\/actualidad-juridica\/convocatoria\/#primaryimage\",\"url\":\"https:\/\/derecho.udd.cl\/actualidad-juridica\/files\/2023\/10\/cropped-microsoftteams-image-8-scaled-1.jpg\",\"contentUrl\":\"https:\/\/derecho.udd.cl\/actualidad-juridica\/files\/2023\/10\/cropped-microsoftteams-image-8-scaled-1.jpg\",\"width\":1920,\"height\":1080},{\"@type\":\"BreadcrumbList\",\"@id\":\"https:\/\/derecho.udd.cl\/actualidad-juridica\/convocatoria\/#breadcrumb\",\"itemListElement\":[{\"@type\":\"ListItem\",\"position\":1,\"name\":\"Portada\",\"item\":\"https:\/\/derecho.udd.cl\/actualidad-juridica\/\"},{\"@type\":\"ListItem\",\"position\":2,\"name\":\"Convocatoria\"}]},{\"@type\":\"WebSite\",\"@id\":\"https:\/\/derecho.udd.cl\/actualidad-juridica\/#website\",\"url\":\"https:\/\/derecho.udd.cl\/actualidad-juridica\/\",\"name\":\"Revista de Derecho UDD\",\"description\":\"Revista Actualidad Jur\u00eddica\",\"inLanguage\":\"es\"}]}<\/script>\n<!-- \/ Yoast SEO plugin. -->","yoast_head_json":{"title":"Convocatoria - Revista de Derecho UDD","description":"se mantiene abierta la convocatoria para la recepci\u00f3n de art\u00edculos acad\u00e9micos para publicar en la revista","robots":{"index":"index","follow":"follow","max-snippet":"max-snippet:-1","max-image-preview":"max-image-preview:large","max-video-preview":"max-video-preview:-1"},"canonical":"https:\/\/derecho.udd.cl\/actualidad-juridica\/convocatoria\/","og_locale":"es_ES","og_type":"article","og_title":"Convocatoria - Revista de Derecho UDD","og_description":"se mantiene abierta la convocatoria para la recepci\u00f3n de art\u00edculos acad\u00e9micos para publicar en la revista","og_url":"https:\/\/derecho.udd.cl\/actualidad-juridica\/convocatoria\/","og_site_name":"Revista de Derecho UDD","article_modified_time":"2025-10-01T00:46:05+00:00","og_image":[{"width":1920,"height":1080,"url":"https:\/\/derecho.udd.cl\/actualidad-juridica\/files\/2023\/10\/cropped-microsoftteams-image-8-scaled-1.jpg","type":"image\/jpeg"}],"twitter_card":"summary_large_image","twitter_misc":{"Tiempo de lectura":"1 minuto"},"schema":{"@context":"https:\/\/schema.org","@graph":[{"@type":"WebPage","@id":"https:\/\/derecho.udd.cl\/actualidad-juridica\/convocatoria\/","url":"https:\/\/derecho.udd.cl\/actualidad-juridica\/convocatoria\/","name":"Convocatoria - Revista de Derecho UDD","isPartOf":{"@id":"https:\/\/derecho.udd.cl\/actualidad-juridica\/#website"},"primaryImageOfPage":{"@id":"https:\/\/derecho.udd.cl\/actualidad-juridica\/convocatoria\/#primaryimage"},"image":{"@id":"https:\/\/derecho.udd.cl\/actualidad-juridica\/convocatoria\/#primaryimage"},"thumbnailUrl":"https:\/\/derecho.udd.cl\/actualidad-juridica\/files\/2023\/10\/cropped-microsoftteams-image-8-scaled-1.jpg","datePublished":"2025-10-01T00:45:39+00:00","dateModified":"2025-10-01T00:46:05+00:00","description":"se mantiene abierta la convocatoria para la recepci\u00f3n de art\u00edculos acad\u00e9micos para publicar en la revista","breadcrumb":{"@id":"https:\/\/derecho.udd.cl\/actualidad-juridica\/convocatoria\/#breadcrumb"},"inLanguage":"es","potentialAction":[{"@type":"ReadAction","target":["https:\/\/derecho.udd.cl\/actualidad-juridica\/convocatoria\/"]}]},{"@type":"ImageObject","inLanguage":"es","@id":"https:\/\/derecho.udd.cl\/actualidad-juridica\/convocatoria\/#primaryimage","url":"https:\/\/derecho.udd.cl\/actualidad-juridica\/files\/2023\/10\/cropped-microsoftteams-image-8-scaled-1.jpg","contentUrl":"https:\/\/derecho.udd.cl\/actualidad-juridica\/files\/2023\/10\/cropped-microsoftteams-image-8-scaled-1.jpg","width":1920,"height":1080},{"@type":"BreadcrumbList","@id":"https:\/\/derecho.udd.cl\/actualidad-juridica\/convocatoria\/#breadcrumb","itemListElement":[{"@type":"ListItem","position":1,"name":"Portada","item":"https:\/\/derecho.udd.cl\/actualidad-juridica\/"},{"@type":"ListItem","position":2,"name":"Convocatoria"}]},{"@type":"WebSite","@id":"https:\/\/derecho.udd.cl\/actualidad-juridica\/#website","url":"https:\/\/derecho.udd.cl\/actualidad-juridica\/","name":"Revista de Derecho UDD","description":"Revista Actualidad Jur\u00eddica","inLanguage":"es"}]}},"_links":{"self":[{"href":"https:\/\/derecho.udd.cl\/actualidad-juridica\/wp-json\/wp\/v2\/pages\/5586","targetHints":{"allow":["GET"]}}],"collection":[{"href":"https:\/\/derecho.udd.cl\/actualidad-juridica\/wp-json\/wp\/v2\/pages"}],"about":[{"href":"https:\/\/derecho.udd.cl\/actualidad-juridica\/wp-json\/wp\/v2\/types\/page"}],"author":[{"embeddable":true,"href":"https:\/\/derecho.udd.cl\/actualidad-juridica\/wp-json\/wp\/v2\/users\/40"}],"replies":[{"embeddable":true,"href":"https:\/\/derecho.udd.cl\/actualidad-juridica\/wp-json\/wp\/v2\/comments?post=5586"}],"version-history":[{"count":2,"href":"https:\/\/derecho.udd.cl\/actualidad-juridica\/wp-json\/wp\/v2\/pages\/5586\/revisions"}],"predecessor-version":[{"id":5588,"href":"https:\/\/derecho.udd.cl\/actualidad-juridica\/wp-json\/wp\/v2\/pages\/5586\/revisions\/5588"}],"wp:featuredmedia":[{"embeddable":true,"href":"https:\/\/derecho.udd.cl\/actualidad-juridica\/wp-json\/wp\/v2\/media\/5031"}],"wp:attachment":[{"href":"https:\/\/derecho.udd.cl\/actualidad-juridica\/wp-json\/wp\/v2\/media?parent=5586"}],"curies":[{"name":"wp","href":"https:\/\/api.w.org\/{rel}","templated":true}]}}