{"id":5049,"date":"2023-12-07T18:23:30","date_gmt":"2023-12-07T17:23:30","guid":{"rendered":"https:\/\/derecho.udd.cl\/actualidad-juridica\/?page_id=5049"},"modified":"2023-12-07T18:29:56","modified_gmt":"2023-12-07T17:29:56","slug":"normas-editoriales","status":"publish","type":"page","link":"https:\/\/derecho.udd.cl\/actualidad-juridica\/normas-editoriales\/","title":{"rendered":"Normas editoriales"},"content":{"rendered":"\n<p>La revista Actualidad Jur\u00eddica es una publicaci\u00f3n de la Facultad de Derecho de la Universidad del Desarrollo, orientada a la divulgaci\u00f3n de temas jur\u00eddicos de actualidad y contingencia nacional e internacional. Asimismo, es un espacio que acoge y promueve la investigaci\u00f3n que destaca el valor intr\u00ednseco del conocimiento jur\u00eddico, independientemente de las coyunturas temporales. Para ello acoge colaboraciones de acad\u00e9micos, abogados, la magistratura nacional y de expertos en diversos asuntos jur\u00eddicos de inter\u00e9s tanto para el foro como la academia.<\/p>\n\n\n<p class=\"wp-block-udd-button text-left\"><a class=\"btn btn-primary btn-lg\" href=\"https:\/\/derecho.udd.cl\/actualidad-juridica\/files\/2023\/12\/normas-editoriales-revista-actualidad-juridica-udd-vff-1.pdf\" data-url=\"https:\/\/derecho.udd.cl\/actualidad-juridica\/files\/2023\/12\/normas-editoriales-revista-actualidad-juridica-udd-vff-1.pdf\" target=\"_blank\" rel=\"noreferrer noopener\"><svg class=\"svg-download-dims\"><use xlink:href='https:\/\/derecho.udd.cl\/actualidad-juridica\/wp-content\/themes\/facultades-2018\/assets\/img\/svg\/dist\/main.svg?version=1695853099#download'><\/use><\/svg> Descargar Normas editoriales <\/a><\/p>\n","protected":false},"excerpt":{"rendered":"<p>La revista Actualidad Jur\u00eddica es una publicaci\u00f3n de la Facultad de Derecho de la Universidad del Desarrollo, orientada a la divulgaci\u00f3n de temas jur\u00eddicos de actualidad y contingencia nacional e internacional. Asimismo, es un espacio que acoge y promueve la investigaci\u00f3n que destaca el valor intr\u00ednseco del conocimiento jur\u00eddico, independientemente de las coyunturas temporales. Para [&hellip;]<\/p>\n","protected":false},"author":40,"featured_media":0,"parent":0,"menu_order":0,"comment_status":"closed","ping_status":"closed","template":"","meta":{"footnotes":""},"class_list":["post-5049","page","type-page","status-publish","hentry"],"yoast_head":"<!-- This site is optimized with the Yoast SEO plugin v26.9 - https:\/\/yoast.com\/product\/yoast-seo-wordpress\/ -->\n<title>Normas editoriales - Revista de Derecho UDD<\/title>\n<meta name=\"robots\" content=\"index, follow, max-snippet:-1, max-image-preview:large, max-video-preview:-1\" \/>\n<link rel=\"canonical\" href=\"https:\/\/derecho.udd.cl\/actualidad-juridica\/normas-editoriales\/\" \/>\n<meta property=\"og:locale\" content=\"es_ES\" \/>\n<meta property=\"og:type\" content=\"article\" \/>\n<meta property=\"og:title\" content=\"Normas editoriales - Revista de Derecho UDD\" \/>\n<meta property=\"og:description\" content=\"La revista Actualidad Jur\u00eddica es una publicaci\u00f3n de la Facultad de Derecho de la Universidad del Desarrollo, orientada a la divulgaci\u00f3n de temas jur\u00eddicos de actualidad y contingencia nacional e internacional. Asimismo, es un espacio que acoge y promueve la investigaci\u00f3n que destaca el valor intr\u00ednseco del conocimiento jur\u00eddico, independientemente de las coyunturas temporales. Para [&hellip;]\" \/>\n<meta property=\"og:url\" content=\"https:\/\/derecho.udd.cl\/actualidad-juridica\/normas-editoriales\/\" \/>\n<meta property=\"og:site_name\" content=\"Revista de Derecho UDD\" \/>\n<meta property=\"article:modified_time\" content=\"2023-12-07T17:29:56+00:00\" \/>\n<meta name=\"twitter:card\" content=\"summary_large_image\" \/>\n<meta name=\"twitter:label1\" content=\"Tiempo de lectura\" \/>\n\t<meta name=\"twitter:data1\" content=\"1 minuto\" \/>\n<script type=\"application\/ld+json\" class=\"yoast-schema-graph\">{\"@context\":\"https:\/\/schema.org\",\"@graph\":[{\"@type\":\"WebPage\",\"@id\":\"https:\/\/derecho.udd.cl\/actualidad-juridica\/normas-editoriales\/\",\"url\":\"https:\/\/derecho.udd.cl\/actualidad-juridica\/normas-editoriales\/\",\"name\":\"Normas editoriales - Revista de Derecho UDD\",\"isPartOf\":{\"@id\":\"https:\/\/derecho.udd.cl\/actualidad-juridica\/#website\"},\"datePublished\":\"2023-12-07T17:23:30+00:00\",\"dateModified\":\"2023-12-07T17:29:56+00:00\",\"breadcrumb\":{\"@id\":\"https:\/\/derecho.udd.cl\/actualidad-juridica\/normas-editoriales\/#breadcrumb\"},\"inLanguage\":\"es\",\"potentialAction\":[{\"@type\":\"ReadAction\",\"target\":[\"https:\/\/derecho.udd.cl\/actualidad-juridica\/normas-editoriales\/\"]}]},{\"@type\":\"BreadcrumbList\",\"@id\":\"https:\/\/derecho.udd.cl\/actualidad-juridica\/normas-editoriales\/#breadcrumb\",\"itemListElement\":[{\"@type\":\"ListItem\",\"position\":1,\"name\":\"Portada\",\"item\":\"https:\/\/derecho.udd.cl\/actualidad-juridica\/\"},{\"@type\":\"ListItem\",\"position\":2,\"name\":\"Normas editoriales\"}]},{\"@type\":\"WebSite\",\"@id\":\"https:\/\/derecho.udd.cl\/actualidad-juridica\/#website\",\"url\":\"https:\/\/derecho.udd.cl\/actualidad-juridica\/\",\"name\":\"Revista de Derecho UDD\",\"description\":\"Revista Actualidad Jur\u00eddica\",\"inLanguage\":\"es\"}]}<\/script>\n<!-- \/ Yoast SEO plugin. -->","yoast_head_json":{"title":"Normas editoriales - Revista de Derecho UDD","robots":{"index":"index","follow":"follow","max-snippet":"max-snippet:-1","max-image-preview":"max-image-preview:large","max-video-preview":"max-video-preview:-1"},"canonical":"https:\/\/derecho.udd.cl\/actualidad-juridica\/normas-editoriales\/","og_locale":"es_ES","og_type":"article","og_title":"Normas editoriales - Revista de Derecho UDD","og_description":"La revista Actualidad Jur\u00eddica es una publicaci\u00f3n de la Facultad de Derecho de la Universidad del Desarrollo, orientada a la divulgaci\u00f3n de temas jur\u00eddicos de actualidad y contingencia nacional e internacional. Asimismo, es un espacio que acoge y promueve la investigaci\u00f3n que destaca el valor intr\u00ednseco del conocimiento jur\u00eddico, independientemente de las coyunturas temporales. Para [&hellip;]","og_url":"https:\/\/derecho.udd.cl\/actualidad-juridica\/normas-editoriales\/","og_site_name":"Revista de Derecho UDD","article_modified_time":"2023-12-07T17:29:56+00:00","twitter_card":"summary_large_image","twitter_misc":{"Tiempo de lectura":"1 minuto"},"schema":{"@context":"https:\/\/schema.org","@graph":[{"@type":"WebPage","@id":"https:\/\/derecho.udd.cl\/actualidad-juridica\/normas-editoriales\/","url":"https:\/\/derecho.udd.cl\/actualidad-juridica\/normas-editoriales\/","name":"Normas editoriales - Revista de Derecho UDD","isPartOf":{"@id":"https:\/\/derecho.udd.cl\/actualidad-juridica\/#website"},"datePublished":"2023-12-07T17:23:30+00:00","dateModified":"2023-12-07T17:29:56+00:00","breadcrumb":{"@id":"https:\/\/derecho.udd.cl\/actualidad-juridica\/normas-editoriales\/#breadcrumb"},"inLanguage":"es","potentialAction":[{"@type":"ReadAction","target":["https:\/\/derecho.udd.cl\/actualidad-juridica\/normas-editoriales\/"]}]},{"@type":"BreadcrumbList","@id":"https:\/\/derecho.udd.cl\/actualidad-juridica\/normas-editoriales\/#breadcrumb","itemListElement":[{"@type":"ListItem","position":1,"name":"Portada","item":"https:\/\/derecho.udd.cl\/actualidad-juridica\/"},{"@type":"ListItem","position":2,"name":"Normas editoriales"}]},{"@type":"WebSite","@id":"https:\/\/derecho.udd.cl\/actualidad-juridica\/#website","url":"https:\/\/derecho.udd.cl\/actualidad-juridica\/","name":"Revista de Derecho UDD","description":"Revista Actualidad Jur\u00eddica","inLanguage":"es"}]}},"_links":{"self":[{"href":"https:\/\/derecho.udd.cl\/actualidad-juridica\/wp-json\/wp\/v2\/pages\/5049","targetHints":{"allow":["GET"]}}],"collection":[{"href":"https:\/\/derecho.udd.cl\/actualidad-juridica\/wp-json\/wp\/v2\/pages"}],"about":[{"href":"https:\/\/derecho.udd.cl\/actualidad-juridica\/wp-json\/wp\/v2\/types\/page"}],"author":[{"embeddable":true,"href":"https:\/\/derecho.udd.cl\/actualidad-juridica\/wp-json\/wp\/v2\/users\/40"}],"replies":[{"embeddable":true,"href":"https:\/\/derecho.udd.cl\/actualidad-juridica\/wp-json\/wp\/v2\/comments?post=5049"}],"version-history":[{"count":3,"href":"https:\/\/derecho.udd.cl\/actualidad-juridica\/wp-json\/wp\/v2\/pages\/5049\/revisions"}],"predecessor-version":[{"id":5056,"href":"https:\/\/derecho.udd.cl\/actualidad-juridica\/wp-json\/wp\/v2\/pages\/5049\/revisions\/5056"}],"wp:attachment":[{"href":"https:\/\/derecho.udd.cl\/actualidad-juridica\/wp-json\/wp\/v2\/media?parent=5049"}],"curies":[{"name":"wp","href":"https:\/\/api.w.org\/{rel}","templated":true}]}}