{"id":43,"date":"2020-12-21T20:00:26","date_gmt":"2020-12-21T19:00:26","guid":{"rendered":"https:\/\/derecho.udd.cl\/actualidad-juridica\/?page_id=43"},"modified":"2025-10-01T14:40:11","modified_gmt":"2025-10-01T12:40:11","slug":"equipo-editorial","status":"publish","type":"page","link":"https:\/\/derecho.udd.cl\/actualidad-juridica\/acerca-de-la-revista\/equipo-editorial\/","title":{"rendered":"Equipo editorial"},"content":{"rendered":"<!-- WP Block: UDD - People -->\n<section class=\"wp-block-udd-people \">\n\t<div class=\"container\">\n\t\t\t\t<header class=\"block__header\">\n\t\t\t\t\t\t\t\n<h2 class=\"wp-block-heading\"><\/h2>\n\t\t\t\t\t\t\t\t<\/header>\n\t\t\t\t<div class=\"people-cards\">\n\t\t\t\t\t<div class=\"person-card\">\n\t<a href=\"https:\/\/derecho.udd.cl\/actualidad-juridica\/persona\/gonzalo-rioseco\/\"\n\t\tclass=\"person-card__inner js-person-modal\"\n\t\tdata-post-id=\"66\"\n\t\tdata-postid=\"66\"\n\t>\n\t\t\t<div class=\"person-card__media\">\n\t\t\t<img loading=\"lazy\" decoding=\"async\" width=\"500\" height=\"500\" src=\"https:\/\/derecho.udd.cl\/actualidad-juridica\/files\/2020\/12\/g.rioseco.byn_-62x62.jpg\" class=\"person-card__image wp-post-image lazyload\" alt=\"\" sizes=\"auto, (max-width: 500px) 100vw, 500px\" data-src=\"https:\/\/derecho.udd.cl\/actualidad-juridica\/files\/2020\/12\/g.rioseco.byn_-500x500.jpg\" data-srcset=\"https:\/\/derecho.udd.cl\/actualidad-juridica\/files\/2020\/12\/g.rioseco.byn_-500x500.jpg 500w, https:\/\/derecho.udd.cl\/actualidad-juridica\/files\/2020\/12\/g.rioseco.byn_-300x300.jpg 300w, https:\/\/derecho.udd.cl\/actualidad-juridica\/files\/2020\/12\/g.rioseco.byn_-1024x1024.jpg 1024w, https:\/\/derecho.udd.cl\/actualidad-juridica\/files\/2020\/12\/g.rioseco.byn_-150x150.jpg 150w, https:\/\/derecho.udd.cl\/actualidad-juridica\/files\/2020\/12\/g.rioseco.byn_-768x768.jpg 768w, https:\/\/derecho.udd.cl\/actualidad-juridica\/files\/2020\/12\/g.rioseco.byn_-62x62.jpg 62w, https:\/\/derecho.udd.cl\/actualidad-juridica\/files\/2020\/12\/g.rioseco.byn_-1536x1536.jpg 1536w, https:\/\/derecho.udd.cl\/actualidad-juridica\/files\/2020\/12\/g.rioseco.byn_-2048x2048.jpg 2048w, https:\/\/derecho.udd.cl\/actualidad-juridica\/files\/2020\/12\/g.rioseco.byn_-750x750.jpg 750w, https:\/\/derecho.udd.cl\/actualidad-juridica\/files\/2020\/12\/g.rioseco.byn_-250x250.jpg 250w, https:\/\/derecho.udd.cl\/actualidad-juridica\/files\/2020\/12\/g.rioseco.byn_-126x126.jpg 126w\" \/>\t\t<\/div>\n\t\t\t<div class=\"person-card__content\">\n\t\t\t<h3 class=\"person-card__name\">Gonzalo  Rioseco Mart\u00ednez<\/h3>\n\t\t\t\t\t<span class=\"person-card__description\">Director<\/span>\n\t\t\t\t\t<span class=\"person-card__cta\">Ver perfil<\/span>\n\t\t<\/div>\n\t<\/a>\n<\/div>\n\t\t\t\t\t<div class=\"person-card\">\n\t<a href=\"https:\/\/derecho.udd.cl\/actualidad-juridica\/persona\/jorge-ogalde\/\"\n\t\tclass=\"person-card__inner js-person-modal\"\n\t\tdata-post-id=\"74\"\n\t\tdata-postid=\"74\"\n\t>\n\t\t\t<div class=\"person-card__media\">\n\t\t\t<img loading=\"lazy\" decoding=\"async\" width=\"500\" height=\"500\" src=\"https:\/\/derecho.udd.cl\/actualidad-juridica\/files\/2020\/12\/jorge.ogalde.byn_-62x62.jpg\" class=\"person-card__image wp-post-image lazyload\" alt=\"\" sizes=\"auto, (max-width: 500px) 100vw, 500px\" data-src=\"https:\/\/derecho.udd.cl\/actualidad-juridica\/files\/2020\/12\/jorge.ogalde.byn_-500x500.jpg\" data-srcset=\"https:\/\/derecho.udd.cl\/actualidad-juridica\/files\/2020\/12\/jorge.ogalde.byn_-500x500.jpg 500w, https:\/\/derecho.udd.cl\/actualidad-juridica\/files\/2020\/12\/jorge.ogalde.byn_-300x300.jpg 300w, https:\/\/derecho.udd.cl\/actualidad-juridica\/files\/2020\/12\/jorge.ogalde.byn_-150x150.jpg 150w, https:\/\/derecho.udd.cl\/actualidad-juridica\/files\/2020\/12\/jorge.ogalde.byn_-62x62.jpg 62w, https:\/\/derecho.udd.cl\/actualidad-juridica\/files\/2020\/12\/jorge.ogalde.byn_-250x250.jpg 250w, https:\/\/derecho.udd.cl\/actualidad-juridica\/files\/2020\/12\/jorge.ogalde.byn_-126x126.jpg 126w, https:\/\/derecho.udd.cl\/actualidad-juridica\/files\/2020\/12\/jorge.ogalde.byn_.jpg 750w\" \/>\t\t<\/div>\n\t\t\t<div class=\"person-card__content\">\n\t\t\t<h3 class=\"person-card__name\">Jorge Ogalde Mu\u00f1oz<\/h3>\n\t\t\t\t\t<span class=\"person-card__description\">Consejero editorial<\/span>\n\t\t\t\t\t<span class=\"person-card__cta\">Ver perfil<\/span>\n\t\t<\/div>\n\t<\/a>\n<\/div>\n\t\t\t\t\t<div class=\"person-card\">\n\t<a href=\"https:\/\/derecho.udd.cl\/actualidad-juridica\/persona\/bruno-caprile-biermann\/\"\n\t\tclass=\"person-card__inner js-person-modal\"\n\t\tdata-post-id=\"75\"\n\t\tdata-postid=\"75\"\n\t>\n\t\t\t<div class=\"person-card__media\">\n\t\t\t<img loading=\"lazy\" decoding=\"async\" width=\"500\" height=\"500\" src=\"https:\/\/derecho.udd.cl\/actualidad-juridica\/files\/2020\/12\/image-62x62.png\" class=\"person-card__image wp-post-image lazyload\" alt=\"\" sizes=\"auto, (max-width: 500px) 100vw, 500px\" data-src=\"https:\/\/derecho.udd.cl\/actualidad-juridica\/files\/2020\/12\/image.png\" data-srcset=\"https:\/\/derecho.udd.cl\/actualidad-juridica\/files\/2020\/12\/image.png 500w, https:\/\/derecho.udd.cl\/actualidad-juridica\/files\/2020\/12\/image-300x300.png 300w, https:\/\/derecho.udd.cl\/actualidad-juridica\/files\/2020\/12\/image-150x150.png 150w, https:\/\/derecho.udd.cl\/actualidad-juridica\/files\/2020\/12\/image-62x62.png 62w, https:\/\/derecho.udd.cl\/actualidad-juridica\/files\/2020\/12\/image-250x250.png 250w, https:\/\/derecho.udd.cl\/actualidad-juridica\/files\/2020\/12\/image-126x126.png 126w\" \/>\t\t<\/div>\n\t\t\t<div class=\"person-card__content\">\n\t\t\t<h3 class=\"person-card__name\">Bruno  Caprile Biermann<\/h3>\n\t\t\t\t\t<span class=\"person-card__description\">Consejero editorial<\/span>\n\t\t\t\t\t<span class=\"person-card__cta\">Ver perfil<\/span>\n\t\t<\/div>\n\t<\/a>\n<\/div>\n\t\t\t\t\t<div class=\"person-card\">\n\t<a href=\"https:\/\/derecho.udd.cl\/actualidad-juridica\/persona\/lilian-san-martin-neira\/\"\n\t\tclass=\"person-card__inner js-person-modal\"\n\t\tdata-post-id=\"5594\"\n\t\tdata-postid=\"5594\"\n\t>\n\t\t\t<div class=\"person-card__media\">\n\t\t\t<img loading=\"lazy\" decoding=\"async\" width=\"500\" height=\"500\" src=\"https:\/\/derecho.udd.cl\/actualidad-juridica\/files\/2025\/10\/img_4810-62x62.jpeg\" class=\"person-card__image wp-post-image lazyload\" alt=\"\" sizes=\"auto, (max-width: 500px) 100vw, 500px\" data-src=\"https:\/\/derecho.udd.cl\/actualidad-juridica\/files\/2025\/10\/img_4810-500x500.jpeg\" data-srcset=\"https:\/\/derecho.udd.cl\/actualidad-juridica\/files\/2025\/10\/img_4810-500x500.jpeg 500w, https:\/\/derecho.udd.cl\/actualidad-juridica\/files\/2025\/10\/img_4810-150x150.jpeg 150w, https:\/\/derecho.udd.cl\/actualidad-juridica\/files\/2025\/10\/img_4810-62x62.jpeg 62w, https:\/\/derecho.udd.cl\/actualidad-juridica\/files\/2025\/10\/img_4810-750x750.jpeg 750w, https:\/\/derecho.udd.cl\/actualidad-juridica\/files\/2025\/10\/img_4810-250x250.jpeg 250w, https:\/\/derecho.udd.cl\/actualidad-juridica\/files\/2025\/10\/img_4810-126x126.jpeg 126w\" \/>\t\t<\/div>\n\t\t\t<div class=\"person-card__content\">\n\t\t\t<h3 class=\"person-card__name\">Lilian San Mart\u00edn Neira<\/h3>\n\t\t\t\t\t<span class=\"person-card__description\">Consejera editorial<\/span>\n\t\t\t\t\t<span class=\"person-card__cta\">Ver perfil<\/span>\n\t\t<\/div>\n\t<\/a>\n<\/div>\n\t\t\t\t\t<div class=\"person-card\">\n\t<a href=\"https:\/\/derecho.udd.cl\/actualidad-juridica\/persona\/sergio-verdugo-ramirez\/\"\n\t\tclass=\"person-card__inner js-person-modal\"\n\t\tdata-post-id=\"76\"\n\t\tdata-postid=\"76\"\n\t>\n\t\t\t<div class=\"person-card__media\">\n\t\t\t<img loading=\"lazy\" decoding=\"async\" width=\"500\" height=\"500\" src=\"https:\/\/derecho.udd.cl\/actualidad-juridica\/files\/2020\/12\/Sergio-verdugo.byn_-62x62.jpg\" class=\"person-card__image wp-post-image lazyload\" alt=\"\" sizes=\"auto, (max-width: 500px) 100vw, 500px\" data-src=\"https:\/\/derecho.udd.cl\/actualidad-juridica\/files\/2020\/12\/Sergio-verdugo.byn_-500x500.jpg\" data-srcset=\"https:\/\/derecho.udd.cl\/actualidad-juridica\/files\/2020\/12\/Sergio-verdugo.byn_-500x500.jpg 500w, https:\/\/derecho.udd.cl\/actualidad-juridica\/files\/2020\/12\/Sergio-verdugo.byn_-150x150.jpg 150w, https:\/\/derecho.udd.cl\/actualidad-juridica\/files\/2020\/12\/Sergio-verdugo.byn_-62x62.jpg 62w, https:\/\/derecho.udd.cl\/actualidad-juridica\/files\/2020\/12\/Sergio-verdugo.byn_-750x750.jpg 750w, https:\/\/derecho.udd.cl\/actualidad-juridica\/files\/2020\/12\/Sergio-verdugo.byn_-250x250.jpg 250w, https:\/\/derecho.udd.cl\/actualidad-juridica\/files\/2020\/12\/Sergio-verdugo.byn_-126x126.jpg 126w\" \/>\t\t<\/div>\n\t\t\t<div class=\"person-card__content\">\n\t\t\t<h3 class=\"person-card__name\">Sergio Verdugo<\/h3>\n\t\t\t\t\t<span class=\"person-card__description\">Consejero editorial<\/span>\n\t\t\t\t\t<span class=\"person-card__cta\">Ver perfil<\/span>\n\t\t<\/div>\n\t<\/a>\n<\/div>\n\t\t\t\t\t<div class=\"person-card\">\n\t<a href=\"https:\/\/derecho.udd.cl\/actualidad-juridica\/persona\/jose-manuel-diaz-de-valdes-julia\/\"\n\t\tclass=\"person-card__inner js-person-modal\"\n\t\tdata-post-id=\"77\"\n\t\tdata-postid=\"77\"\n\t>\n\t\t\t<div class=\"person-card__media\">\n\t\t\t<img loading=\"lazy\" decoding=\"async\" width=\"500\" height=\"500\" src=\"https:\/\/derecho.udd.cl\/actualidad-juridica\/files\/2020\/12\/J.M.DiazdeValdes4.BYN_-62x62.jpg\" class=\"person-card__image wp-post-image lazyload\" alt=\"\" sizes=\"auto, (max-width: 500px) 100vw, 500px\" data-src=\"https:\/\/derecho.udd.cl\/actualidad-juridica\/files\/2020\/12\/J.M.DiazdeValdes4.BYN_-500x500.jpg\" data-srcset=\"https:\/\/derecho.udd.cl\/actualidad-juridica\/files\/2020\/12\/J.M.DiazdeValdes4.BYN_-500x500.jpg 500w, https:\/\/derecho.udd.cl\/actualidad-juridica\/files\/2020\/12\/J.M.DiazdeValdes4.BYN_-300x300.jpg 300w, https:\/\/derecho.udd.cl\/actualidad-juridica\/files\/2020\/12\/J.M.DiazdeValdes4.BYN_-1024x1024.jpg 1024w, https:\/\/derecho.udd.cl\/actualidad-juridica\/files\/2020\/12\/J.M.DiazdeValdes4.BYN_-150x150.jpg 150w, https:\/\/derecho.udd.cl\/actualidad-juridica\/files\/2020\/12\/J.M.DiazdeValdes4.BYN_-768x768.jpg 768w, https:\/\/derecho.udd.cl\/actualidad-juridica\/files\/2020\/12\/J.M.DiazdeValdes4.BYN_-62x62.jpg 62w, https:\/\/derecho.udd.cl\/actualidad-juridica\/files\/2020\/12\/J.M.DiazdeValdes4.BYN_-1536x1536.jpg 1536w, https:\/\/derecho.udd.cl\/actualidad-juridica\/files\/2020\/12\/J.M.DiazdeValdes4.BYN_-2048x2048.jpg 2048w, https:\/\/derecho.udd.cl\/actualidad-juridica\/files\/2020\/12\/J.M.DiazdeValdes4.BYN_-750x750.jpg 750w, https:\/\/derecho.udd.cl\/actualidad-juridica\/files\/2020\/12\/J.M.DiazdeValdes4.BYN_-250x250.jpg 250w, https:\/\/derecho.udd.cl\/actualidad-juridica\/files\/2020\/12\/J.M.DiazdeValdes4.BYN_-126x126.jpg 126w\" \/>\t\t<\/div>\n\t\t\t<div class=\"person-card__content\">\n\t\t\t<h3 class=\"person-card__name\">Jos\u00e9 Manuel D\u00edaz de Vald\u00e9s Juli\u00e1<\/h3>\n\t\t\t\t\t<span class=\"person-card__description\">Consejero editorial<\/span>\n\t\t\t\t\t<span class=\"person-card__cta\">Ver perfil<\/span>\n\t\t<\/div>\n\t<\/a>\n<\/div>\n\t\t\t\t\t<div class=\"person-card\">\n\t<a href=\"https:\/\/derecho.udd.cl\/actualidad-juridica\/persona\/julio-alvear-tellez\/\"\n\t\tclass=\"person-card__inner js-person-modal\"\n\t\tdata-post-id=\"78\"\n\t\tdata-postid=\"78\"\n\t>\n\t\t\t<div class=\"person-card__media\">\n\t\t\t<img loading=\"lazy\" decoding=\"async\" width=\"500\" height=\"500\" src=\"https:\/\/derecho.udd.cl\/actualidad-juridica\/files\/2020\/12\/J.Alvear2.byn_-62x62.jpg\" class=\"person-card__image wp-post-image lazyload\" alt=\"\" sizes=\"auto, (max-width: 500px) 100vw, 500px\" data-src=\"https:\/\/derecho.udd.cl\/actualidad-juridica\/files\/2020\/12\/J.Alvear2.byn_-500x500.jpg\" data-srcset=\"https:\/\/derecho.udd.cl\/actualidad-juridica\/files\/2020\/12\/J.Alvear2.byn_-500x500.jpg 500w, https:\/\/derecho.udd.cl\/actualidad-juridica\/files\/2020\/12\/J.Alvear2.byn_-300x300.jpg 300w, https:\/\/derecho.udd.cl\/actualidad-juridica\/files\/2020\/12\/J.Alvear2.byn_-1024x1024.jpg 1024w, https:\/\/derecho.udd.cl\/actualidad-juridica\/files\/2020\/12\/J.Alvear2.byn_-150x150.jpg 150w, https:\/\/derecho.udd.cl\/actualidad-juridica\/files\/2020\/12\/J.Alvear2.byn_-768x768.jpg 768w, https:\/\/derecho.udd.cl\/actualidad-juridica\/files\/2020\/12\/J.Alvear2.byn_-62x62.jpg 62w, https:\/\/derecho.udd.cl\/actualidad-juridica\/files\/2020\/12\/J.Alvear2.byn_-1536x1536.jpg 1536w, https:\/\/derecho.udd.cl\/actualidad-juridica\/files\/2020\/12\/J.Alvear2.byn_-2048x2048.jpg 2048w, https:\/\/derecho.udd.cl\/actualidad-juridica\/files\/2020\/12\/J.Alvear2.byn_-750x750.jpg 750w, https:\/\/derecho.udd.cl\/actualidad-juridica\/files\/2020\/12\/J.Alvear2.byn_-250x250.jpg 250w, https:\/\/derecho.udd.cl\/actualidad-juridica\/files\/2020\/12\/J.Alvear2.byn_-126x126.jpg 126w\" \/>\t\t<\/div>\n\t\t\t<div class=\"person-card__content\">\n\t\t\t<h3 class=\"person-card__name\">Julio  Alvear T\u00e9llez<\/h3>\n\t\t\t\t\t<span class=\"person-card__description\">Consejero editorial<\/span>\n\t\t\t\t\t<span class=\"person-card__cta\">Ver perfil<\/span>\n\t\t<\/div>\n\t<\/a>\n<\/div>\n\t\t\t\t\t<div class=\"person-card\">\n\t<a href=\"https:\/\/derecho.udd.cl\/actualidad-juridica\/persona\/camila-boettiger-philipps\/\"\n\t\tclass=\"person-card__inner js-person-modal\"\n\t\tdata-post-id=\"79\"\n\t\tdata-postid=\"79\"\n\t>\n\t\t\t<div class=\"person-card__media\">\n\t\t\t<img loading=\"lazy\" decoding=\"async\" width=\"366\" height=\"410\" src=\"https:\/\/derecho.udd.cl\/actualidad-juridica\/files\/2020\/12\/C.-Boettiger-2019-bn-62x62.jpg\" class=\"person-card__image wp-post-image lazyload\" alt=\"\" sizes=\"auto, (max-width: 366px) 100vw, 366px\" data-src=\"https:\/\/derecho.udd.cl\/actualidad-juridica\/files\/2020\/12\/C.-Boettiger-2019-bn.jpg\" data-srcset=\"https:\/\/derecho.udd.cl\/actualidad-juridica\/files\/2020\/12\/C.-Boettiger-2019-bn.jpg 366w, https:\/\/derecho.udd.cl\/actualidad-juridica\/files\/2020\/12\/C.-Boettiger-2019-bn-268x300.jpg 268w\" \/>\t\t<\/div>\n\t\t\t<div class=\"person-card__content\">\n\t\t\t<h3 class=\"person-card__name\">Camila Boettiger Philipps<\/h3>\n\t\t\t\t\t<span class=\"person-card__description\">Consejera editorial<\/span>\n\t\t\t\t\t<span class=\"person-card__cta\">Ver perfil<\/span>\n\t\t<\/div>\n\t<\/a>\n<\/div>\n\t\t\t\t\t<div class=\"person-card\">\n\t<a href=\"https:\/\/derecho.udd.cl\/actualidad-juridica\/persona\/cecilia-alcalde-prieto\/\"\n\t\tclass=\"person-card__inner js-person-modal\"\n\t\tdata-post-id=\"80\"\n\t\tdata-postid=\"80\"\n\t>\n\t\t\t<div class=\"person-card__media\">\n\t\t\t<img loading=\"lazy\" decoding=\"async\" width=\"500\" height=\"500\" src=\"https:\/\/derecho.udd.cl\/actualidad-juridica\/files\/2020\/12\/c.alcalde-2-62x62.jpg\" class=\"person-card__image wp-post-image lazyload\" alt=\"\" sizes=\"auto, (max-width: 500px) 100vw, 500px\" data-src=\"https:\/\/derecho.udd.cl\/actualidad-juridica\/files\/2020\/12\/c.alcalde-2-500x500.jpg\" data-srcset=\"https:\/\/derecho.udd.cl\/actualidad-juridica\/files\/2020\/12\/c.alcalde-2-500x500.jpg 500w, https:\/\/derecho.udd.cl\/actualidad-juridica\/files\/2020\/12\/c.alcalde-2-150x150.jpg 150w, https:\/\/derecho.udd.cl\/actualidad-juridica\/files\/2020\/12\/c.alcalde-2-62x62.jpg 62w, https:\/\/derecho.udd.cl\/actualidad-juridica\/files\/2020\/12\/c.alcalde-2-750x750.jpg 750w, https:\/\/derecho.udd.cl\/actualidad-juridica\/files\/2020\/12\/c.alcalde-2-250x250.jpg 250w, https:\/\/derecho.udd.cl\/actualidad-juridica\/files\/2020\/12\/c.alcalde-2-126x126.jpg 126w\" \/>\t\t<\/div>\n\t\t\t<div class=\"person-card__content\">\n\t\t\t<h3 class=\"person-card__name\">Cecilia Alcalde Prieto<\/h3>\n\t\t\t\t\t<span class=\"person-card__description\">Consejera editorial<\/span>\n\t\t\t\t\t<span class=\"person-card__cta\">Ver perfil<\/span>\n\t\t<\/div>\n\t<\/a>\n<\/div>\n\t\t\t\t\t<div class=\"person-card\">\n\t<a href=\"https:\/\/derecho.udd.cl\/actualidad-juridica\/persona\/raul-campusano-droguett\/\"\n\t\tclass=\"person-card__inner js-person-modal\"\n\t\tdata-post-id=\"81\"\n\t\tdata-postid=\"81\"\n\t>\n\t\t\t<div class=\"person-card__media\">\n\t\t\t<img loading=\"lazy\" decoding=\"async\" width=\"500\" height=\"500\" src=\"https:\/\/derecho.udd.cl\/actualidad-juridica\/files\/2020\/12\/foto-raul-campusano-byn-62x62.jpg\" class=\"person-card__image wp-post-image lazyload\" alt=\"\" sizes=\"auto, (max-width: 500px) 100vw, 500px\" data-src=\"https:\/\/derecho.udd.cl\/actualidad-juridica\/files\/2020\/12\/foto-raul-campusano-byn-500x500.jpg\" data-srcset=\"https:\/\/derecho.udd.cl\/actualidad-juridica\/files\/2020\/12\/foto-raul-campusano-byn-500x500.jpg 500w, https:\/\/derecho.udd.cl\/actualidad-juridica\/files\/2020\/12\/foto-raul-campusano-byn-300x300.jpg 300w, https:\/\/derecho.udd.cl\/actualidad-juridica\/files\/2020\/12\/foto-raul-campusano-byn-150x150.jpg 150w, https:\/\/derecho.udd.cl\/actualidad-juridica\/files\/2020\/12\/foto-raul-campusano-byn-768x767.jpg 768w, https:\/\/derecho.udd.cl\/actualidad-juridica\/files\/2020\/12\/foto-raul-campusano-byn-62x62.jpg 62w, https:\/\/derecho.udd.cl\/actualidad-juridica\/files\/2020\/12\/foto-raul-campusano-byn-750x750.jpg 750w, https:\/\/derecho.udd.cl\/actualidad-juridica\/files\/2020\/12\/foto-raul-campusano-byn-250x250.jpg 250w, https:\/\/derecho.udd.cl\/actualidad-juridica\/files\/2020\/12\/foto-raul-campusano-byn-126x126.jpg 126w, https:\/\/derecho.udd.cl\/actualidad-juridica\/files\/2020\/12\/foto-raul-campusano-byn.jpg 891w\" \/>\t\t<\/div>\n\t\t\t<div class=\"person-card__content\">\n\t\t\t<h3 class=\"person-card__name\">Ra\u00fal Campusano Droguett<\/h3>\n\t\t\t\t\t<span class=\"person-card__description\">Consejero editorial<\/span>\n\t\t\t\t\t<span class=\"person-card__cta\">Ver perfil<\/span>\n\t\t<\/div>\n\t<\/a>\n<\/div>\n\t\t\t\t\t<div class=\"person-card\">\n\t<a href=\"https:\/\/derecho.udd.cl\/actualidad-juridica\/persona\/eduardo-andrades-rivas\/\"\n\t\tclass=\"person-card__inner js-person-modal\"\n\t\tdata-post-id=\"220\"\n\t\tdata-postid=\"220\"\n\t>\n\t\t\t<div class=\"person-card__media\">\n\t\t\t<img loading=\"lazy\" decoding=\"async\" width=\"300\" height=\"300\" src=\"https:\/\/derecho.udd.cl\/actualidad-juridica\/files\/2020\/12\/foto-5-300x300-1-62x62.jpg\" class=\"person-card__image wp-post-image lazyload\" alt=\"\" sizes=\"auto, (max-width: 300px) 100vw, 300px\" data-src=\"https:\/\/derecho.udd.cl\/actualidad-juridica\/files\/2020\/12\/foto-5-300x300-1.jpg\" data-srcset=\"https:\/\/derecho.udd.cl\/actualidad-juridica\/files\/2020\/12\/foto-5-300x300-1.jpg 300w, https:\/\/derecho.udd.cl\/actualidad-juridica\/files\/2020\/12\/foto-5-300x300-1-150x150.jpg 150w, https:\/\/derecho.udd.cl\/actualidad-juridica\/files\/2020\/12\/foto-5-300x300-1-62x62.jpg 62w, https:\/\/derecho.udd.cl\/actualidad-juridica\/files\/2020\/12\/foto-5-300x300-1-250x250.jpg 250w, https:\/\/derecho.udd.cl\/actualidad-juridica\/files\/2020\/12\/foto-5-300x300-1-126x126.jpg 126w\" \/>\t\t<\/div>\n\t\t\t<div class=\"person-card__content\">\n\t\t\t<h3 class=\"person-card__name\">Eduardo Andrades Rivas<\/h3>\n\t\t\t\t\t<span class=\"person-card__description\">Consejero editorial<\/span>\n\t\t\t\t\t<span class=\"person-card__cta\">Ver perfil<\/span>\n\t\t<\/div>\n\t<\/a>\n<\/div>\n\t\t\t\t\t<div class=\"person-card\">\n\t<a href=\"https:\/\/derecho.udd.cl\/actualidad-juridica\/persona\/isabel-wigg-sotomayor\/\"\n\t\tclass=\"person-card__inner js-person-modal\"\n\t\tdata-post-id=\"5043\"\n\t\tdata-postid=\"5043\"\n\t>\n\t\t\t<div class=\"person-card__media\">\n\t\t\t<img loading=\"lazy\" decoding=\"async\" width=\"500\" height=\"500\" src=\"https:\/\/derecho.udd.cl\/actualidad-juridica\/files\/2023\/11\/maria-isabel-wigg-62x62.png\" class=\"person-card__image wp-post-image lazyload\" alt=\"\" sizes=\"auto, (max-width: 500px) 100vw, 500px\" data-src=\"https:\/\/derecho.udd.cl\/actualidad-juridica\/files\/2023\/11\/maria-isabel-wigg-500x500.png\" data-srcset=\"https:\/\/derecho.udd.cl\/actualidad-juridica\/files\/2023\/11\/maria-isabel-wigg-500x500.png 500w, https:\/\/derecho.udd.cl\/actualidad-juridica\/files\/2023\/11\/maria-isabel-wigg-300x300.png 300w, https:\/\/derecho.udd.cl\/actualidad-juridica\/files\/2023\/11\/maria-isabel-wigg-150x150.png 150w, https:\/\/derecho.udd.cl\/actualidad-juridica\/files\/2023\/11\/maria-isabel-wigg-768x770.png 768w, https:\/\/derecho.udd.cl\/actualidad-juridica\/files\/2023\/11\/maria-isabel-wigg-62x62.png 62w, https:\/\/derecho.udd.cl\/actualidad-juridica\/files\/2023\/11\/maria-isabel-wigg-750x750.png 750w, https:\/\/derecho.udd.cl\/actualidad-juridica\/files\/2023\/11\/maria-isabel-wigg-250x250.png 250w, https:\/\/derecho.udd.cl\/actualidad-juridica\/files\/2023\/11\/maria-isabel-wigg-126x126.png 126w, https:\/\/derecho.udd.cl\/actualidad-juridica\/files\/2023\/11\/maria-isabel-wigg.png 926w\" \/>\t\t<\/div>\n\t\t\t<div class=\"person-card__content\">\n\t\t\t<h3 class=\"person-card__name\">Isabel  Wigg Sotomayor<\/h3>\n\t\t\t\t\t<span class=\"person-card__description\">Secretaria de redacci\u00f3n<\/span>\n\t\t\t\t\t<span class=\"person-card__cta\">Ver perfil<\/span>\n\t\t<\/div>\n\t<\/a>\n<\/div>\n\t\t\t\t<\/div>\n\t<\/div>\n<\/section>\n","protected":false},"excerpt":{"rendered":"","protected":false},"author":51,"featured_media":0,"parent":20,"menu_order":0,"comment_status":"closed","ping_status":"closed","template":"","meta":{"footnotes":""},"class_list":["post-43","page","type-page","status-publish","hentry"],"yoast_head":"<!-- This site is optimized with the Yoast SEO plugin v26.9 - https:\/\/yoast.com\/product\/yoast-seo-wordpress\/ -->\n<title>Equipo editorial - Revista de Derecho UDD<\/title>\n<meta name=\"robots\" content=\"index, follow, max-snippet:-1, max-image-preview:large, max-video-preview:-1\" \/>\n<link rel=\"canonical\" href=\"https:\/\/derecho.udd.cl\/actualidad-juridica\/acerca-de-la-revista\/equipo-editorial\/\" \/>\n<meta property=\"og:locale\" content=\"es_ES\" \/>\n<meta property=\"og:type\" content=\"article\" \/>\n<meta property=\"og:title\" content=\"Equipo editorial - Revista de Derecho UDD\" \/>\n<meta property=\"og:url\" content=\"https:\/\/derecho.udd.cl\/actualidad-juridica\/acerca-de-la-revista\/equipo-editorial\/\" \/>\n<meta property=\"og:site_name\" content=\"Revista de Derecho UDD\" \/>\n<meta property=\"article:modified_time\" content=\"2025-10-01T12:40:11+00:00\" \/>\n<meta name=\"twitter:card\" content=\"summary_large_image\" \/>\n<script type=\"application\/ld+json\" class=\"yoast-schema-graph\">{\"@context\":\"https:\/\/schema.org\",\"@graph\":[{\"@type\":\"WebPage\",\"@id\":\"https:\/\/derecho.udd.cl\/actualidad-juridica\/acerca-de-la-revista\/equipo-editorial\/\",\"url\":\"https:\/\/derecho.udd.cl\/actualidad-juridica\/acerca-de-la-revista\/equipo-editorial\/\",\"name\":\"Equipo editorial - Revista de Derecho UDD\",\"isPartOf\":{\"@id\":\"https:\/\/derecho.udd.cl\/actualidad-juridica\/#website\"},\"datePublished\":\"2020-12-21T19:00:26+00:00\",\"dateModified\":\"2025-10-01T12:40:11+00:00\",\"breadcrumb\":{\"@id\":\"https:\/\/derecho.udd.cl\/actualidad-juridica\/acerca-de-la-revista\/equipo-editorial\/#breadcrumb\"},\"inLanguage\":\"es\",\"potentialAction\":[{\"@type\":\"ReadAction\",\"target\":[\"https:\/\/derecho.udd.cl\/actualidad-juridica\/acerca-de-la-revista\/equipo-editorial\/\"]}]},{\"@type\":\"BreadcrumbList\",\"@id\":\"https:\/\/derecho.udd.cl\/actualidad-juridica\/acerca-de-la-revista\/equipo-editorial\/#breadcrumb\",\"itemListElement\":[{\"@type\":\"ListItem\",\"position\":1,\"name\":\"Portada\",\"item\":\"https:\/\/derecho.udd.cl\/actualidad-juridica\/\"},{\"@type\":\"ListItem\",\"position\":2,\"name\":\"Acerca de la revista\",\"item\":\"https:\/\/derecho.udd.cl\/actualidad-juridica\/acerca-de-la-revista\/\"},{\"@type\":\"ListItem\",\"position\":3,\"name\":\"Equipo editorial\"}]},{\"@type\":\"WebSite\",\"@id\":\"https:\/\/derecho.udd.cl\/actualidad-juridica\/#website\",\"url\":\"https:\/\/derecho.udd.cl\/actualidad-juridica\/\",\"name\":\"Revista de Derecho UDD\",\"description\":\"Revista Actualidad Jur\u00eddica\",\"inLanguage\":\"es\"}]}<\/script>\n<!-- \/ Yoast SEO plugin. -->","yoast_head_json":{"title":"Equipo editorial - Revista de Derecho UDD","robots":{"index":"index","follow":"follow","max-snippet":"max-snippet:-1","max-image-preview":"max-image-preview:large","max-video-preview":"max-video-preview:-1"},"canonical":"https:\/\/derecho.udd.cl\/actualidad-juridica\/acerca-de-la-revista\/equipo-editorial\/","og_locale":"es_ES","og_type":"article","og_title":"Equipo editorial - Revista de Derecho UDD","og_url":"https:\/\/derecho.udd.cl\/actualidad-juridica\/acerca-de-la-revista\/equipo-editorial\/","og_site_name":"Revista de Derecho UDD","article_modified_time":"2025-10-01T12:40:11+00:00","twitter_card":"summary_large_image","schema":{"@context":"https:\/\/schema.org","@graph":[{"@type":"WebPage","@id":"https:\/\/derecho.udd.cl\/actualidad-juridica\/acerca-de-la-revista\/equipo-editorial\/","url":"https:\/\/derecho.udd.cl\/actualidad-juridica\/acerca-de-la-revista\/equipo-editorial\/","name":"Equipo editorial - Revista de Derecho UDD","isPartOf":{"@id":"https:\/\/derecho.udd.cl\/actualidad-juridica\/#website"},"datePublished":"2020-12-21T19:00:26+00:00","dateModified":"2025-10-01T12:40:11+00:00","breadcrumb":{"@id":"https:\/\/derecho.udd.cl\/actualidad-juridica\/acerca-de-la-revista\/equipo-editorial\/#breadcrumb"},"inLanguage":"es","potentialAction":[{"@type":"ReadAction","target":["https:\/\/derecho.udd.cl\/actualidad-juridica\/acerca-de-la-revista\/equipo-editorial\/"]}]},{"@type":"BreadcrumbList","@id":"https:\/\/derecho.udd.cl\/actualidad-juridica\/acerca-de-la-revista\/equipo-editorial\/#breadcrumb","itemListElement":[{"@type":"ListItem","position":1,"name":"Portada","item":"https:\/\/derecho.udd.cl\/actualidad-juridica\/"},{"@type":"ListItem","position":2,"name":"Acerca de la revista","item":"https:\/\/derecho.udd.cl\/actualidad-juridica\/acerca-de-la-revista\/"},{"@type":"ListItem","position":3,"name":"Equipo editorial"}]},{"@type":"WebSite","@id":"https:\/\/derecho.udd.cl\/actualidad-juridica\/#website","url":"https:\/\/derecho.udd.cl\/actualidad-juridica\/","name":"Revista de Derecho UDD","description":"Revista Actualidad Jur\u00eddica","inLanguage":"es"}]}},"_links":{"self":[{"href":"https:\/\/derecho.udd.cl\/actualidad-juridica\/wp-json\/wp\/v2\/pages\/43","targetHints":{"allow":["GET"]}}],"collection":[{"href":"https:\/\/derecho.udd.cl\/actualidad-juridica\/wp-json\/wp\/v2\/pages"}],"about":[{"href":"https:\/\/derecho.udd.cl\/actualidad-juridica\/wp-json\/wp\/v2\/types\/page"}],"author":[{"embeddable":true,"href":"https:\/\/derecho.udd.cl\/actualidad-juridica\/wp-json\/wp\/v2\/users\/51"}],"replies":[{"embeddable":true,"href":"https:\/\/derecho.udd.cl\/actualidad-juridica\/wp-json\/wp\/v2\/comments?post=43"}],"version-history":[{"count":9,"href":"https:\/\/derecho.udd.cl\/actualidad-juridica\/wp-json\/wp\/v2\/pages\/43\/revisions"}],"predecessor-version":[{"id":5597,"href":"https:\/\/derecho.udd.cl\/actualidad-juridica\/wp-json\/wp\/v2\/pages\/43\/revisions\/5597"}],"up":[{"embeddable":true,"href":"https:\/\/derecho.udd.cl\/actualidad-juridica\/wp-json\/wp\/v2\/pages\/20"}],"wp:attachment":[{"href":"https:\/\/derecho.udd.cl\/actualidad-juridica\/wp-json\/wp\/v2\/media?parent=43"}],"curies":[{"name":"wp","href":"https:\/\/api.w.org\/{rel}","templated":true}]}}