{"id":42,"date":"2020-12-21T20:00:26","date_gmt":"2020-12-21T19:00:26","guid":{"rendered":"https:\/\/derecho.udd.cl\/actualidad-juridica\/?page_id=42"},"modified":"2020-12-21T21:49:22","modified_gmt":"2020-12-21T20:49:22","slug":"palabras-del-director","status":"publish","type":"page","link":"https:\/\/derecho.udd.cl\/actualidad-juridica\/acerca-de-la-revista\/palabras-del-director\/","title":{"rendered":"Palabras del Director"},"content":{"rendered":"\n<p>Estimados Lectores:<\/p>\n\n\n\n<div class=\"wp-block-image\"><figure class=\"alignright size-medium\"><img loading=\"lazy\" decoding=\"async\" width=\"273\" height=\"300\" src=\"https:\/\/derecho.udd.cl\/actualidad-juridica\/files\/2020\/12\/Foto-Decano-273x300.jpg\" alt=\"\" class=\"wp-image-51\" srcset=\"https:\/\/derecho.udd.cl\/actualidad-juridica\/files\/2020\/12\/Foto-Decano-273x300.jpg 273w, https:\/\/derecho.udd.cl\/actualidad-juridica\/files\/2020\/12\/Foto-Decano.jpg 758w\" sizes=\"auto, (max-width: 273px) 100vw, 273px\" \/><figcaption>Gonzalo Rioseco Mart\u00ednez<\/figcaption><\/figure><\/div>\n\n\n\n<p>Actualidad Jur\u00eddica es una revista de divulgaci\u00f3n de temas jur\u00eddicos de relevancia presente y constituye una iniciativa que re\u00fane los esfuerzos de los acad\u00e9micos, profesores y colaboradores de la Facultad en materias de reflexi\u00f3n, difusi\u00f3n e investigaci\u00f3n de nuestras ciencias como tambi\u00e9n aporta con una visi\u00f3n cr\u00edtica a la realidad nacional, con su sello permanente de seriedad y an\u00e1lisis ponderado de la misma, siendo su misi\u00f3n aportar a la sociedad chilena, dentro del sello de la responsabilidad p\u00fablica que distingue a la Facultad de Derecho como parte de la Universidad del Desarrollo. <\/p>\n\n\n\n<p>Es pol\u00edtica editorial de la revista que en cada n\u00famero se examine un tema central de actualidad con un dossier de art\u00edculos sobre el mismo y, adem\u00e1s, se aborden trabajos y ensayos sobre otras tem\u00e1ticas jur\u00eddicas como, asimismo, se inserten permanentemente secciones dedicadas al an\u00e1lisis de jurisprudencia y a la recensi\u00f3n de publicaciones. <\/p>\n\n\n\n<p>Espero que la revisi\u00f3n de los contenidos de la revista resulte de su inter\u00e9s.<\/p>\n\n\n\n<p>Gonzalo Rioseco Mart\u00ednez<\/p>\n","protected":false},"excerpt":{"rendered":"<p>Estimados Lectores: Actualidad Jur\u00eddica es una revista de divulgaci\u00f3n de temas jur\u00eddicos de relevancia presente y constituye una iniciativa que re\u00fane los esfuerzos de los acad\u00e9micos, profesores y colaboradores de la Facultad en materias de reflexi\u00f3n, difusi\u00f3n e investigaci\u00f3n de nuestras ciencias como tambi\u00e9n aporta con una visi\u00f3n cr\u00edtica a la realidad nacional, con su [&hellip;]<\/p>\n","protected":false},"author":51,"featured_media":0,"parent":20,"menu_order":0,"comment_status":"closed","ping_status":"closed","template":"","meta":{"footnotes":""},"class_list":["post-42","page","type-page","status-publish","hentry"],"yoast_head":"<!-- This site is optimized with the Yoast SEO plugin v26.9 - https:\/\/yoast.com\/product\/yoast-seo-wordpress\/ -->\n<title>Palabras del Director - Revista de Derecho UDD<\/title>\n<meta name=\"robots\" content=\"index, follow, max-snippet:-1, max-image-preview:large, max-video-preview:-1\" \/>\n<link rel=\"canonical\" href=\"https:\/\/derecho.udd.cl\/actualidad-juridica\/acerca-de-la-revista\/palabras-del-director\/\" \/>\n<meta property=\"og:locale\" content=\"es_ES\" \/>\n<meta property=\"og:type\" content=\"article\" \/>\n<meta property=\"og:title\" content=\"Palabras del Director - Revista de Derecho UDD\" \/>\n<meta property=\"og:description\" content=\"Estimados Lectores: Actualidad Jur\u00eddica es una revista de divulgaci\u00f3n de temas jur\u00eddicos de relevancia presente y constituye una iniciativa que re\u00fane los esfuerzos de los acad\u00e9micos, profesores y colaboradores de la Facultad en materias de reflexi\u00f3n, difusi\u00f3n e investigaci\u00f3n de nuestras ciencias como tambi\u00e9n aporta con una visi\u00f3n cr\u00edtica a la realidad nacional, con su [&hellip;]\" \/>\n<meta property=\"og:url\" content=\"https:\/\/derecho.udd.cl\/actualidad-juridica\/acerca-de-la-revista\/palabras-del-director\/\" \/>\n<meta property=\"og:site_name\" content=\"Revista de Derecho UDD\" \/>\n<meta property=\"article:modified_time\" content=\"2020-12-21T20:49:22+00:00\" \/>\n<meta property=\"og:image\" content=\"https:\/\/derecho.udd.cl\/actualidad-juridica\/files\/2020\/12\/Foto-Decano-273x300.jpg\" \/>\n<meta name=\"twitter:card\" content=\"summary_large_image\" \/>\n<meta name=\"twitter:label1\" content=\"Tiempo de lectura\" \/>\n\t<meta name=\"twitter:data1\" content=\"1 minuto\" \/>\n<script type=\"application\/ld+json\" class=\"yoast-schema-graph\">{\"@context\":\"https:\/\/schema.org\",\"@graph\":[{\"@type\":\"WebPage\",\"@id\":\"https:\/\/derecho.udd.cl\/actualidad-juridica\/acerca-de-la-revista\/palabras-del-director\/\",\"url\":\"https:\/\/derecho.udd.cl\/actualidad-juridica\/acerca-de-la-revista\/palabras-del-director\/\",\"name\":\"Palabras del Director - Revista de Derecho UDD\",\"isPartOf\":{\"@id\":\"https:\/\/derecho.udd.cl\/actualidad-juridica\/#website\"},\"primaryImageOfPage\":{\"@id\":\"https:\/\/derecho.udd.cl\/actualidad-juridica\/acerca-de-la-revista\/palabras-del-director\/#primaryimage\"},\"image\":{\"@id\":\"https:\/\/derecho.udd.cl\/actualidad-juridica\/acerca-de-la-revista\/palabras-del-director\/#primaryimage\"},\"thumbnailUrl\":\"https:\/\/derecho.udd.cl\/actualidad-juridica\/files\/2020\/12\/Foto-Decano-273x300.jpg\",\"datePublished\":\"2020-12-21T19:00:26+00:00\",\"dateModified\":\"2020-12-21T20:49:22+00:00\",\"breadcrumb\":{\"@id\":\"https:\/\/derecho.udd.cl\/actualidad-juridica\/acerca-de-la-revista\/palabras-del-director\/#breadcrumb\"},\"inLanguage\":\"es\",\"potentialAction\":[{\"@type\":\"ReadAction\",\"target\":[\"https:\/\/derecho.udd.cl\/actualidad-juridica\/acerca-de-la-revista\/palabras-del-director\/\"]}]},{\"@type\":\"ImageObject\",\"inLanguage\":\"es\",\"@id\":\"https:\/\/derecho.udd.cl\/actualidad-juridica\/acerca-de-la-revista\/palabras-del-director\/#primaryimage\",\"url\":\"https:\/\/derecho.udd.cl\/actualidad-juridica\/files\/2020\/12\/Foto-Decano.jpg\",\"contentUrl\":\"https:\/\/derecho.udd.cl\/actualidad-juridica\/files\/2020\/12\/Foto-Decano.jpg\",\"width\":758,\"height\":832},{\"@type\":\"BreadcrumbList\",\"@id\":\"https:\/\/derecho.udd.cl\/actualidad-juridica\/acerca-de-la-revista\/palabras-del-director\/#breadcrumb\",\"itemListElement\":[{\"@type\":\"ListItem\",\"position\":1,\"name\":\"Portada\",\"item\":\"https:\/\/derecho.udd.cl\/actualidad-juridica\/\"},{\"@type\":\"ListItem\",\"position\":2,\"name\":\"Acerca de la revista\",\"item\":\"https:\/\/derecho.udd.cl\/actualidad-juridica\/acerca-de-la-revista\/\"},{\"@type\":\"ListItem\",\"position\":3,\"name\":\"Palabras del Director\"}]},{\"@type\":\"WebSite\",\"@id\":\"https:\/\/derecho.udd.cl\/actualidad-juridica\/#website\",\"url\":\"https:\/\/derecho.udd.cl\/actualidad-juridica\/\",\"name\":\"Revista de Derecho UDD\",\"description\":\"Revista Actualidad Jur\u00eddica\",\"inLanguage\":\"es\"}]}<\/script>\n<!-- \/ Yoast SEO plugin. -->","yoast_head_json":{"title":"Palabras del Director - Revista de Derecho UDD","robots":{"index":"index","follow":"follow","max-snippet":"max-snippet:-1","max-image-preview":"max-image-preview:large","max-video-preview":"max-video-preview:-1"},"canonical":"https:\/\/derecho.udd.cl\/actualidad-juridica\/acerca-de-la-revista\/palabras-del-director\/","og_locale":"es_ES","og_type":"article","og_title":"Palabras del Director - Revista de Derecho UDD","og_description":"Estimados Lectores: Actualidad Jur\u00eddica es una revista de divulgaci\u00f3n de temas jur\u00eddicos de relevancia presente y constituye una iniciativa que re\u00fane los esfuerzos de los acad\u00e9micos, profesores y colaboradores de la Facultad en materias de reflexi\u00f3n, difusi\u00f3n e investigaci\u00f3n de nuestras ciencias como tambi\u00e9n aporta con una visi\u00f3n cr\u00edtica a la realidad nacional, con su [&hellip;]","og_url":"https:\/\/derecho.udd.cl\/actualidad-juridica\/acerca-de-la-revista\/palabras-del-director\/","og_site_name":"Revista de Derecho UDD","article_modified_time":"2020-12-21T20:49:22+00:00","og_image":[{"url":"https:\/\/derecho.udd.cl\/actualidad-juridica\/files\/2020\/12\/Foto-Decano-273x300.jpg","type":"","width":"","height":""}],"twitter_card":"summary_large_image","twitter_misc":{"Tiempo de lectura":"1 minuto"},"schema":{"@context":"https:\/\/schema.org","@graph":[{"@type":"WebPage","@id":"https:\/\/derecho.udd.cl\/actualidad-juridica\/acerca-de-la-revista\/palabras-del-director\/","url":"https:\/\/derecho.udd.cl\/actualidad-juridica\/acerca-de-la-revista\/palabras-del-director\/","name":"Palabras del Director - Revista de Derecho UDD","isPartOf":{"@id":"https:\/\/derecho.udd.cl\/actualidad-juridica\/#website"},"primaryImageOfPage":{"@id":"https:\/\/derecho.udd.cl\/actualidad-juridica\/acerca-de-la-revista\/palabras-del-director\/#primaryimage"},"image":{"@id":"https:\/\/derecho.udd.cl\/actualidad-juridica\/acerca-de-la-revista\/palabras-del-director\/#primaryimage"},"thumbnailUrl":"https:\/\/derecho.udd.cl\/actualidad-juridica\/files\/2020\/12\/Foto-Decano-273x300.jpg","datePublished":"2020-12-21T19:00:26+00:00","dateModified":"2020-12-21T20:49:22+00:00","breadcrumb":{"@id":"https:\/\/derecho.udd.cl\/actualidad-juridica\/acerca-de-la-revista\/palabras-del-director\/#breadcrumb"},"inLanguage":"es","potentialAction":[{"@type":"ReadAction","target":["https:\/\/derecho.udd.cl\/actualidad-juridica\/acerca-de-la-revista\/palabras-del-director\/"]}]},{"@type":"ImageObject","inLanguage":"es","@id":"https:\/\/derecho.udd.cl\/actualidad-juridica\/acerca-de-la-revista\/palabras-del-director\/#primaryimage","url":"https:\/\/derecho.udd.cl\/actualidad-juridica\/files\/2020\/12\/Foto-Decano.jpg","contentUrl":"https:\/\/derecho.udd.cl\/actualidad-juridica\/files\/2020\/12\/Foto-Decano.jpg","width":758,"height":832},{"@type":"BreadcrumbList","@id":"https:\/\/derecho.udd.cl\/actualidad-juridica\/acerca-de-la-revista\/palabras-del-director\/#breadcrumb","itemListElement":[{"@type":"ListItem","position":1,"name":"Portada","item":"https:\/\/derecho.udd.cl\/actualidad-juridica\/"},{"@type":"ListItem","position":2,"name":"Acerca de la revista","item":"https:\/\/derecho.udd.cl\/actualidad-juridica\/acerca-de-la-revista\/"},{"@type":"ListItem","position":3,"name":"Palabras del Director"}]},{"@type":"WebSite","@id":"https:\/\/derecho.udd.cl\/actualidad-juridica\/#website","url":"https:\/\/derecho.udd.cl\/actualidad-juridica\/","name":"Revista de Derecho UDD","description":"Revista Actualidad Jur\u00eddica","inLanguage":"es"}]}},"_links":{"self":[{"href":"https:\/\/derecho.udd.cl\/actualidad-juridica\/wp-json\/wp\/v2\/pages\/42","targetHints":{"allow":["GET"]}}],"collection":[{"href":"https:\/\/derecho.udd.cl\/actualidad-juridica\/wp-json\/wp\/v2\/pages"}],"about":[{"href":"https:\/\/derecho.udd.cl\/actualidad-juridica\/wp-json\/wp\/v2\/types\/page"}],"author":[{"embeddable":true,"href":"https:\/\/derecho.udd.cl\/actualidad-juridica\/wp-json\/wp\/v2\/users\/51"}],"replies":[{"embeddable":true,"href":"https:\/\/derecho.udd.cl\/actualidad-juridica\/wp-json\/wp\/v2\/comments?post=42"}],"version-history":[{"count":12,"href":"https:\/\/derecho.udd.cl\/actualidad-juridica\/wp-json\/wp\/v2\/pages\/42\/revisions"}],"predecessor-version":[{"id":63,"href":"https:\/\/derecho.udd.cl\/actualidad-juridica\/wp-json\/wp\/v2\/pages\/42\/revisions\/63"}],"up":[{"embeddable":true,"href":"https:\/\/derecho.udd.cl\/actualidad-juridica\/wp-json\/wp\/v2\/pages\/20"}],"wp:attachment":[{"href":"https:\/\/derecho.udd.cl\/actualidad-juridica\/wp-json\/wp\/v2\/media?parent=42"}],"curies":[{"name":"wp","href":"https:\/\/api.w.org\/{rel}","templated":true}]}}